{"id":1076,"date":"2022-02-23T12:45:44","date_gmt":"2022-02-23T15:45:44","guid":{"rendered":"https:\/\/grupoican.com.br\/?page_id=1076"},"modified":"2022-02-23T12:45:47","modified_gmt":"2022-02-23T15:45:47","slug":"barril-de-petroleo","status":"publish","type":"page","link":"https:\/\/grupoican.com.br\/ar\/barril-de-petroleo\/","title":{"rendered":"\u0628\u0631\u0645\u064a\u0644 \u0632\u064a\u062a"},"content":{"rendered":"<div data-elementor-type=\"wp-page\" data-elementor-id=\"1076\" class=\"elementor elementor-1076\" data-elementor-post-type=\"page\">\n\t\t\t\t\t\t<section class=\"elementor-section elementor-top-section elementor-element elementor-element-14718212 elementor-section-boxed elementor-section-height-default elementor-section-height-default\" data-id=\"14718212\" data-element_type=\"section\">\n\t\t\t\t\t\t<div class=\"elementor-container elementor-column-gap-default\">\n\t\t\t\t\t<div class=\"elementor-column elementor-col-100 elementor-top-column elementor-element elementor-element-3f92b0c5\" data-id=\"3f92b0c5\" data-element_type=\"column\">\n\t\t\t<div class=\"elementor-widget-wrap elementor-element-populated\">\n\t\t\t\t\t\t<div class=\"elementor-element elementor-element-3cc8e3e elementor-widget elementor-widget-text-editor\" data-id=\"3cc8e3e\" data-element_type=\"widget\" data-widget_type=\"text-editor.default\">\n\t\t\t\t<div class=\"elementor-widget-container\">\n\t\t\t\t\t\t\t\t\t<p><\/p>\n<p>\u0645\u062e\u0637\u0637 \u0623\u0633\u0639\u0627\u0631 \u0627\u0644\u0646\u0641\u0637:<\/p>\n<p>\u0633\u0639\u0631 \u0628\u0631\u0645\u064a\u0644 \u0646\u0641\u0637 \u0628\u0631\u0646\u062a.<\/p>\n<p><\/p>\t\t\t\t\t\t\t\t<\/div>\n\t\t\t\t<\/div>\n\t\t\t\t\t<\/div>\n\t\t<\/div>\n\t\t\t\t\t<\/div>\n\t\t<\/section>\n\t\t\t\t<section class=\"elementor-section elementor-top-section elementor-element elementor-element-ec41d58 elementor-section-boxed elementor-section-height-default elementor-section-height-default\" data-id=\"ec41d58\" data-element_type=\"section\">\n\t\t\t\t\t\t<div class=\"elementor-container elementor-column-gap-default\">\n\t\t\t\t\t<div class=\"elementor-column elementor-col-100 elementor-top-column elementor-element elementor-element-dcceb7d\" data-id=\"dcceb7d\" data-element_type=\"column\">\n\t\t\t<div class=\"elementor-widget-wrap elementor-element-populated\">\n\t\t\t\t\t\t<div class=\"elementor-element elementor-element-9815e83 elementor-widget elementor-widget-shortcode\" data-id=\"9815e83\" data-element_type=\"widget\" data-widget_type=\"shortcode.default\">\n\t\t\t\t<div class=\"elementor-widget-container\">\n\t\t\t\t\t\t\t<div class=\"elementor-shortcode\"><iframe height=\"480\" width=\"650\" src=\"https:\/\/ssltvc.investing.com\/?pair_ID=8849&height=480&width=650&interval=86400&plotStyle=area&domain_ID=1&lang_ID=1&timezone_ID=10\"><\/iframe><\/div>\n\t\t\t\t\t\t<\/div>\n\t\t\t\t<\/div>\n\t\t\t\t\t<\/div>\n\t\t<\/div>\n\t\t\t\t\t<\/div>\n\t\t<\/section>\n\t\t\t\t<\/div>","protected":false},"excerpt":{"rendered":"<p>\u00c9 permitido o uso de spray de pimenta no Brasil?O que levar na bolsa para defesa pessoal? Pre\u00e7o Petr\u00f3leo Gr\u00e1fico: Cota\u00e7\u00e3o barril petr\u00f3leo brent.<\/p>","protected":false},"author":1,"featured_media":0,"parent":0,"menu_order":0,"comment_status":"closed","ping_status":"closed","template":"","meta":{"neve_meta_sidebar":"","neve_meta_container":"","neve_meta_enable_content_width":"","neve_meta_content_width":0,"neve_meta_title_alignment":"","neve_meta_author_avatar":"","neve_post_elements_order":"","neve_meta_disable_header":"","neve_meta_disable_footer":"","neve_meta_disable_title":"","neve_meta_reading_time":"","_joinchat":[],"footnotes":""},"class_list":["post-1076","page","type-page","status-publish","hentry"],"yoast_head":"<!-- This site is optimized with the Yoast SEO Premium plugin v22.5 (Yoast SEO v24.5) - https:\/\/yoast.com\/wordpress\/plugins\/seo\/ -->\n<title>Barril de Petr\u00f3leo \u3010Gr\u00e1fico\u3011\u3010HOJE\u3011 \u3010CLIQUE AQUI\u3011<\/title>\n<meta name=\"description\" content=\"Pre\u00e7o Petr\u00f3leo Gr\u00e1fico | Veja cota\u00e7\u00e3o em tempo real do Barril de Petr\u00f3leo | Gr\u00e1ficos \u3010Gr\u00e1fico\u3011\u3010CLIQUE AQUI\u3011\" \/>\n<meta name=\"robots\" content=\"index, follow, max-snippet:-1, max-image-preview:large, max-video-preview:-1\" \/>\n<link rel=\"canonical\" href=\"https:\/\/grupoican.com.br\/ar\/barril-de-petroleo\/\" \/>\n<meta property=\"og:locale\" content=\"ar_AR\" \/>\n<meta property=\"og:type\" content=\"article\" \/>\n<meta property=\"og:title\" content=\"Barril de Petr\u00f3leo\" \/>\n<meta property=\"og:description\" content=\"Pre\u00e7o Petr\u00f3leo Gr\u00e1fico | Veja cota\u00e7\u00e3o em tempo real do Barril de Petr\u00f3leo | Gr\u00e1ficos \u3010Gr\u00e1fico\u3011\u3010CLIQUE AQUI\u3011\" \/>\n<meta property=\"og:url\" content=\"https:\/\/grupoican.com.br\/ar\/barril-de-petroleo\/\" \/>\n<meta property=\"og:site_name\" content=\"GrupoIcan\" \/>\n<meta property=\"article:modified_time\" content=\"2022-02-23T15:45:47+00:00\" \/>\n<meta name=\"twitter:card\" content=\"summary_large_image\" \/>\n<meta name=\"twitter:label1\" content=\"\u0648\u0642\u062a \u0627\u0644\u0642\u0631\u0627\u0621\u0629 \u0627\u0644\u0645\u064f\u0642\u062f\u0651\u0631\" \/>\n\t<meta name=\"twitter:data1\" content=\"\u062f\u0642\u064a\u0642\u0629 \u0648\u0627\u062d\u062f\u0629\" \/>\n<script type=\"application\/ld+json\" class=\"yoast-schema-graph\">{\"@context\":\"https:\/\/schema.org\",\"@graph\":[{\"@type\":\"WebPage\",\"@id\":\"https:\/\/grupoican.com.br\/barril-de-petroleo\/\",\"url\":\"https:\/\/grupoican.com.br\/barril-de-petroleo\/\",\"name\":\"Barril de Petr\u00f3leo \u3010Gr\u00e1fico\u3011\u3010HOJE\u3011 \u3010CLIQUE AQUI\u3011\",\"isPartOf\":{\"@id\":\"https:\/\/grupoican.com.br\/#website\"},\"datePublished\":\"2022-02-23T15:45:44+00:00\",\"dateModified\":\"2022-02-23T15:45:47+00:00\",\"description\":\"Pre\u00e7o Petr\u00f3leo Gr\u00e1fico | Veja cota\u00e7\u00e3o em tempo real do Barril de Petr\u00f3leo | Gr\u00e1ficos \u3010Gr\u00e1fico\u3011\u3010CLIQUE AQUI\u3011\",\"breadcrumb\":{\"@id\":\"https:\/\/grupoican.com.br\/barril-de-petroleo\/#breadcrumb\"},\"inLanguage\":\"ar\",\"potentialAction\":[{\"@type\":\"ReadAction\",\"target\":[\"https:\/\/grupoican.com.br\/barril-de-petroleo\/\"]}]},{\"@type\":\"BreadcrumbList\",\"@id\":\"https:\/\/grupoican.com.br\/barril-de-petroleo\/#breadcrumb\",\"itemListElement\":[{\"@type\":\"ListItem\",\"position\":1,\"name\":\"In\u00edcio\",\"item\":\"https:\/\/grupoican.com.br\/\"},{\"@type\":\"ListItem\",\"position\":2,\"name\":\"Barril de Petr\u00f3leo\"}]},{\"@type\":\"WebSite\",\"@id\":\"https:\/\/grupoican.com.br\/#website\",\"url\":\"https:\/\/grupoican.com.br\/\",\"name\":\"GrupoIcan\",\"description\":\"Consultoria especializada em gest\u00e3o empresarial e \u00e1rea de petr\u00f3leo e g\u00e1s.\",\"publisher\":{\"@id\":\"https:\/\/grupoican.com.br\/#organization\"},\"potentialAction\":[{\"@type\":\"SearchAction\",\"target\":{\"@type\":\"EntryPoint\",\"urlTemplate\":\"https:\/\/grupoican.com.br\/?s={search_term_string}\"},\"query-input\":{\"@type\":\"PropertyValueSpecification\",\"valueRequired\":true,\"valueName\":\"search_term_string\"}}],\"inLanguage\":\"ar\"},{\"@type\":\"Organization\",\"@id\":\"https:\/\/grupoican.com.br\/#organization\",\"name\":\"GrupoIcan\",\"url\":\"https:\/\/grupoican.com.br\/\",\"logo\":{\"@type\":\"ImageObject\",\"inLanguage\":\"ar\",\"@id\":\"https:\/\/grupoican.com.br\/#\/schema\/logo\/image\/\",\"url\":\"https:\/\/grupoican.com.br\/wp-content\/uploads\/2021\/09\/logo-icanbe.png\",\"contentUrl\":\"https:\/\/grupoican.com.br\/wp-content\/uploads\/2021\/09\/logo-icanbe.png\",\"width\":1855,\"height\":1573,\"caption\":\"GrupoIcan\"},\"image\":{\"@id\":\"https:\/\/grupoican.com.br\/#\/schema\/logo\/image\/\"}}]}<\/script>\n<!-- \/ Yoast SEO Premium plugin. -->","yoast_head_json":{"title":"Barril de Petr\u00f3leo \u3010Gr\u00e1fico\u3011\u3010HOJE\u3011 \u3010CLIQUE AQUI\u3011","description":"Pre\u00e7o Petr\u00f3leo Gr\u00e1fico | Veja cota\u00e7\u00e3o em tempo real do Barril de Petr\u00f3leo | Gr\u00e1ficos \u3010Gr\u00e1fico\u3011\u3010CLIQUE AQUI\u3011","robots":{"index":"index","follow":"follow","max-snippet":"max-snippet:-1","max-image-preview":"max-image-preview:large","max-video-preview":"max-video-preview:-1"},"canonical":"https:\/\/grupoican.com.br\/ar\/barril-de-petroleo\/","og_locale":"ar_AR","og_type":"article","og_title":"Barril de Petr\u00f3leo","og_description":"Pre\u00e7o Petr\u00f3leo Gr\u00e1fico | Veja cota\u00e7\u00e3o em tempo real do Barril de Petr\u00f3leo | Gr\u00e1ficos \u3010Gr\u00e1fico\u3011\u3010CLIQUE AQUI\u3011","og_url":"https:\/\/grupoican.com.br\/ar\/barril-de-petroleo\/","og_site_name":"GrupoIcan","article_modified_time":"2022-02-23T15:45:47+00:00","twitter_card":"summary_large_image","twitter_misc":{"\u0648\u0642\u062a \u0627\u0644\u0642\u0631\u0627\u0621\u0629 \u0627\u0644\u0645\u064f\u0642\u062f\u0651\u0631":"\u062f\u0642\u064a\u0642\u0629 \u0648\u0627\u062d\u062f\u0629"},"schema":{"@context":"https:\/\/schema.org","@graph":[{"@type":"WebPage","@id":"https:\/\/grupoican.com.br\/barril-de-petroleo\/","url":"https:\/\/grupoican.com.br\/barril-de-petroleo\/","name":"Barril de Petr\u00f3leo \u3010Gr\u00e1fico\u3011\u3010HOJE\u3011 \u3010CLIQUE AQUI\u3011","isPartOf":{"@id":"https:\/\/grupoican.com.br\/#website"},"datePublished":"2022-02-23T15:45:44+00:00","dateModified":"2022-02-23T15:45:47+00:00","description":"Pre\u00e7o Petr\u00f3leo Gr\u00e1fico | Veja cota\u00e7\u00e3o em tempo real do Barril de Petr\u00f3leo | Gr\u00e1ficos \u3010Gr\u00e1fico\u3011\u3010CLIQUE AQUI\u3011","breadcrumb":{"@id":"https:\/\/grupoican.com.br\/barril-de-petroleo\/#breadcrumb"},"inLanguage":"ar","potentialAction":[{"@type":"ReadAction","target":["https:\/\/grupoican.com.br\/barril-de-petroleo\/"]}]},{"@type":"BreadcrumbList","@id":"https:\/\/grupoican.com.br\/barril-de-petroleo\/#breadcrumb","itemListElement":[{"@type":"ListItem","position":1,"name":"In\u00edcio","item":"https:\/\/grupoican.com.br\/"},{"@type":"ListItem","position":2,"name":"Barril de Petr\u00f3leo"}]},{"@type":"WebSite","@id":"https:\/\/grupoican.com.br\/#website","url":"https:\/\/grupoican.com.br\/","name":"GrupoIcan","description":"Consultoria especializada em gest\u00e3o empresarial e \u00e1rea de petr\u00f3leo e g\u00e1s.","publisher":{"@id":"https:\/\/grupoican.com.br\/#organization"},"potentialAction":[{"@type":"SearchAction","target":{"@type":"EntryPoint","urlTemplate":"https:\/\/grupoican.com.br\/?s={search_term_string}"},"query-input":{"@type":"PropertyValueSpecification","valueRequired":true,"valueName":"search_term_string"}}],"inLanguage":"ar"},{"@type":"Organization","@id":"https:\/\/grupoican.com.br\/#organization","name":"GrupoIcan","url":"https:\/\/grupoican.com.br\/","logo":{"@type":"ImageObject","inLanguage":"ar","@id":"https:\/\/grupoican.com.br\/#\/schema\/logo\/image\/","url":"https:\/\/grupoican.com.br\/wp-content\/uploads\/2021\/09\/logo-icanbe.png","contentUrl":"https:\/\/grupoican.com.br\/wp-content\/uploads\/2021\/09\/logo-icanbe.png","width":1855,"height":1573,"caption":"GrupoIcan"},"image":{"@id":"https:\/\/grupoican.com.br\/#\/schema\/logo\/image\/"}}]}},"amp_enabled":true,"_links":{"self":[{"href":"https:\/\/grupoican.com.br\/ar\/wp-json\/wp\/v2\/pages\/1076","targetHints":{"allow":["GET"]}}],"collection":[{"href":"https:\/\/grupoican.com.br\/ar\/wp-json\/wp\/v2\/pages"}],"about":[{"href":"https:\/\/grupoican.com.br\/ar\/wp-json\/wp\/v2\/types\/page"}],"author":[{"embeddable":true,"href":"https:\/\/grupoican.com.br\/ar\/wp-json\/wp\/v2\/users\/1"}],"replies":[{"embeddable":true,"href":"https:\/\/grupoican.com.br\/ar\/wp-json\/wp\/v2\/comments?post=1076"}],"version-history":[{"count":0,"href":"https:\/\/grupoican.com.br\/ar\/wp-json\/wp\/v2\/pages\/1076\/revisions"}],"wp:attachment":[{"href":"https:\/\/grupoican.com.br\/ar\/wp-json\/wp\/v2\/media?parent=1076"}],"curies":[{"name":"wp","href":"https:\/\/api.w.org\/{rel}","templated":true}]}}