{"id":15418,"date":"2025-01-29T00:56:40","date_gmt":"2025-01-29T03:56:40","guid":{"rendered":"https:\/\/grupoican.com.br\/?page_id=15418"},"modified":"2025-01-29T00:56:41","modified_gmt":"2025-01-29T03:56:41","slug":"canal-de-denuncias-anonimas","status":"publish","type":"page","link":"https:\/\/grupoican.com.br\/ar\/canal-de-denuncias-anonimas\/","title":{"rendered":"Canal de Den\u00fancias An\u00f4nimas"},"content":{"rendered":"<p>A seguran\u00e7a e a integridade s\u00e3o pilares fundamentais do Grupo I Can. Para garantir um ambiente transparente e \u00e9tico, criamos este canal exclusivo para que voc\u00ea possa reportar, de forma 100% an\u00f4nima, qualquer situa\u00e7\u00e3o que viole nossos princ\u00edpios ou coloque em risco a seguran\u00e7a e o bem-estar da empresa e de seus colaboradores.<\/p>\n\n\n\n<h2 class=\"wp-block-heading\" id=\"h-sua-denuncia-sera-tratada-com-total-sigilo\"><strong>Sua den\u00fancia ser\u00e1 tratada com total sigilo<\/strong><\/h2>\n\n\n\n<p>\ud83d\udd12 <strong>Anonimato Garantido<\/strong> \u2013 N\u00e3o coletamos nenhuma informa\u00e7\u00e3o que possa identificar voc\u00ea.<br>\u26a1 <strong>Envio Direto \u00e0 CEO<\/strong> \u2013 Sua mensagem ser\u00e1 analisada pessoalmente pela CEO do Grupo I Can.<br>\u2705 <strong>A\u00e7\u00e3o Imediata<\/strong> \u2013 Todas as den\u00fancias ser\u00e3o tratadas com seriedade e responsabilidade.<\/p>\n\n\n\n<p>Seja uma atitude anti\u00e9tica, fraude, ass\u00e9dio ou qualquer outra irregularidade, sua voz pode fazer a diferen\u00e7a. Denuncie com seguran\u00e7a e ajude a construir um ambiente melhor para todos.<\/p>\n\n\n\n<p>\ud83d\udce9 Preencha o formul\u00e1rio abaixo e envie sua mensagem.<\/p>\n\n\n\n<p>E vamos juntos construir um Grupo I Can ainda mais forte e \u00edntegro!<\/p>\n\n\n<div class=\"wpforms-container wpforms-container-full wpforms-block wpforms-block-9962e711-d648-49ae-9699-c5952787cf8a\" id=\"wpforms-15415\"><form id=\"wpforms-form-15415\" class=\"wpforms-validate wpforms-form wpforms-ajax-form\" data-formid=\"15415\" method=\"post\" enctype=\"multipart\/form-data\" action=\"\/ar\/wp-json\/wp\/v2\/pages\/15418?wpforms_form_id=15415\" data-token=\"9f7014f66464a49bc1a0c9a681e1ef43\" data-trp-original-action=\"\/ar\/wp-json\/wp\/v2\/pages\/15418?wpforms_form_id=15415\"><noscript class=\"wpforms-error-noscript\">Please enable JavaScript in your browser to complete this form.<\/noscript><div class=\"wpforms-field-container\"><div id=\"wpforms-15415-field_1-container\" class=\"wpforms-field wpforms-field-name\" data-field-id=\"1\"><label class=\"wpforms-field-label\" for=\"wpforms-15415-field_1\">Nome<\/label><div class=\"wpforms-field-row wpforms-field-medium\"><div class=\"wpforms-field-row-block wpforms-first wpforms-one-half\"><input type=\"text\" id=\"wpforms-15415-field_1\" class=\"wpforms-field-name-first\" name=\"wpforms[fields][1][first]\" ><label for=\"wpforms-15415-field_1\" class=\"wpforms-field-sublabel after\">First<\/label><\/div><div class=\"wpforms-field-row-block wpforms-one-half\"><input type=\"text\" id=\"wpforms-15415-field_1-last\" class=\"wpforms-field-name-last\" name=\"wpforms[fields][1][last]\" ><label for=\"wpforms-15415-field_1-last\" class=\"wpforms-field-sublabel after\">Last<\/label><\/div><\/div><\/div><div id=\"wpforms-15415-field_2-container\" class=\"wpforms-field wpforms-field-email\" data-field-id=\"2\"><label class=\"wpforms-field-label\" for=\"wpforms-15415-field_2\">\u0628\u0631\u064a\u062f \u0625\u0644\u0643\u062a\u0631\u0648\u0646\u064a<\/label><input type=\"email\" id=\"wpforms-15415-field_2\" class=\"wpforms-field-medium\" name=\"wpforms[fields][2]\" spellcheck=\"false\" ><\/div><div id=\"wpforms-15415-field_3-container\" class=\"wpforms-field wpforms-field-textarea\" data-field-id=\"3\"><label class=\"wpforms-field-label\" for=\"wpforms-15415-field_3\">Fa\u00e7a sua den\u00fancia. Descreva com detalhes: <span class=\"wpforms-required-label\">*<\/span><\/label><textarea id=\"wpforms-15415-field_3\" class=\"wpforms-field-medium wpforms-field-required\" name=\"wpforms[fields][3]\" required><\/textarea><div class=\"wpforms-field-description\">Descreva com detalhes. Suas informa\u00e7\u00f5es est\u00e3o em sigilo.<\/div><\/div><div id=\"wpforms-15415-field_4-container\" class=\"wpforms-field wpforms-field-file-upload\" data-field-id=\"4\"><label class=\"wpforms-field-label\" for=\"wpforms-15415-field_4\">Envio de arquivo<\/label><div\n\t\tclass=\"wpforms-uploader\"\n\t\tdata-field-id=\"4\"\n\t\tdata-form-id=\"15415\"\n\t\tdata-input-name=\"wpforms_15415_4\"\n\t\tdata-extensions=\"jpg,jpeg,jpe,gif,png,bmp,tiff,tif,webp,avif,ico,heic,heif,heics,heifs,asf,asx,wmv,wmx,wm,avi,divx,mov,qt,mpeg,mpg,mpe,mp4,m4v,ogv,webm,mkv,3gp,3gpp,3g2,3gp2,txt,asc,c,cc,h,srt,csv,tsv,ics,rtx,css,vtt,mp3,m4a,m4b,aac,ra,ram,wav,x-wav,ogg,oga,flac,mid,midi,wma,wax,mka,rtf,pdf,class,tar,zip,gz,gzip,rar,7z,psd,xcf,doc,pot,pps,ppt,wri,xla,xls,xlt,xlw,mpp,docx,docm,dotx,dotm,xlsx,xlsm,xlsb,xltx,xltm,xlam,pptx,pptm,ppsx,ppsm,potx,potm,ppam,sldx,sldm,onetoc,onetoc2,onepkg,oxps,xps,odt,odp,ods,odg,odc,odb,odf,wp,wpd,key,numbers,pages\"\n\t\tdata-max-size=\"3221225472\"\n\t\tdata-max-file-number=\"1\"\n\t\tdata-post-max-size=\"3221225472\"\n\t\tdata-max-parallel-uploads=\"4\"\n\t\tdata-parallel-uploads=\"true\"\n\t\tdata-file-chunk-size=\"2097152\">\n\t<div class=\"dz-message\">\n\t\t<svg viewbox=\"0 0 1024 1024\" focusable=\"false\" data-icon=\"inbox\" width=\"50px\" height=\"50px\" fill=\"currentColor\" aria-hidden=\"true\">\n\t\t\t<path d=\"M885.2 446.3l-.2-.8-112.2-285.1c-5-16.1-19.9-27.2-36.8-27.2H281.2c-17 0-32.1 11.3-36.9 27.6L139.4 443l-.3.7-.2.8c-1.3 4.9-1.7 9.9-1 14.8-.1 1.6-.2 3.2-.2 4.8V830a60.9 60.9 0 0 0 60.8 60.8h627.2c33.5 0 60.8-27.3 60.9-60.8V464.1c0-1.3 0-2.6-.1-3.7.4-4.9 0-9.6-1.3-14.1zm-295.8-43l-.3 15.7c-.8 44.9-31.8 75.1-77.1 75.1-22.1 0-41.1-7.1-54.8-20.6S436 441.2 435.6 419l-.3-15.7H229.5L309 210h399.2l81.7 193.3H589.4zm-375 76.8h157.3c24.3 57.1 76 90.8 140.4 90.8 33.7 0 65-9.4 90.3-27.2 22.2-15.6 39.5-37.4 50.7-63.6h156.5V814H214.4V480.1z\"><\/path>\n\t\t<\/svg>\n\t\t<span class=\"modern-title\">Click or drag a file to this area to upload.<\/span>\n\n\t\t\t<\/div>\n<\/div>\n<input\n\t\ttype=\"text\"\n\t\tautocomplete=\"off\"\n\t\tclass=\"dropzone-input\"\n\t\tstyle=\"position:absolute!important;clip:rect(0,0,0,0)!important;height:1px!important;width:1px!important;border:0!important;overflow:hidden!important;padding:0!important;margin:0!important;\"\n\t\tid=\"wpforms-15415-field_4\"\n\t\tname=\"wpforms_15415_4\" \t\tvalue=\"\">\n<\/div><\/div><!-- .wpforms-field-container --><div class=\"wpforms-submit-container\" ><input type=\"hidden\" name=\"wpforms[id]\" value=\"15415\"><input type=\"hidden\" name=\"wpforms[author]\" value=\"1\"><button type=\"submit\" name=\"wpforms[submit]\" id=\"wpforms-submit-15415\" class=\"wpforms-submit\" data-alt-text=\"Enviando\u2026\" data-submit-text=\"Enviar\" aria-live=\"assertive\" value=\"wpforms-submit\">Enviar<\/button><img decoding=\"async\" src=\"https:\/\/grupoican.com.br\/wp-content\/plugins\/wpforms\/assets\/images\/submit-spin.svg\" class=\"wpforms-submit-spinner\" style=\"display: none;\" width=\"26\" height=\"26\" alt=\"Loading\"><\/div><input type=\"hidden\" name=\"trp-form-language\" value=\"ar\"\/><\/form><\/div>  <!-- .wpforms-container -->","protected":false},"excerpt":{"rendered":"<p>A seguran\u00e7a e a integridade s\u00e3o pilares fundamentais do Grupo I Can. Para garantir um ambiente transparente e \u00e9tico, criamos este canal exclusivo para que voc\u00ea possa reportar, de forma 100% an\u00f4nima, qualquer situa\u00e7\u00e3o que viole nossos princ\u00edpios ou coloque em risco a seguran\u00e7a e o bem-estar da empresa e de seus colaboradores. Sua den\u00fancia&hellip;&nbsp;<a href=\"https:\/\/grupoican.com.br\/ar\/canal-de-denuncias-anonimas\/\" rel=\"bookmark\">Read More &raquo;<span class=\"screen-reader-text\">Canal de Den\u00fancias An\u00f4nimas<\/span><\/a><\/p>","protected":false},"author":1,"featured_media":0,"parent":0,"menu_order":0,"comment_status":"closed","ping_status":"closed","template":"","meta":{"neve_meta_sidebar":"","neve_meta_container":"","neve_meta_enable_content_width":"","neve_meta_content_width":0,"neve_meta_title_alignment":"","neve_meta_author_avatar":"","neve_post_elements_order":"","neve_meta_disable_header":"","neve_meta_disable_footer":"","neve_meta_disable_title":"","neve_meta_reading_time":"","_joinchat":[],"footnotes":""},"class_list":["post-15418","page","type-page","status-publish","hentry"],"yoast_head":"<!-- This site is optimized with the Yoast SEO Premium plugin v22.5 (Yoast SEO v24.5) - https:\/\/yoast.com\/wordpress\/plugins\/seo\/ -->\n<title>Canal de Den\u00fancias An\u00f4nimas - GrupoIcan<\/title>\n<meta name=\"robots\" content=\"index, follow, max-snippet:-1, max-image-preview:large, max-video-preview:-1\" \/>\n<link rel=\"canonical\" href=\"https:\/\/grupoican.com.br\/ar\/canal-de-denuncias-anonimas\/\" \/>\n<meta property=\"og:locale\" content=\"ar_AR\" \/>\n<meta property=\"og:type\" content=\"article\" \/>\n<meta property=\"og:title\" content=\"Canal de Den\u00fancias An\u00f4nimas\" \/>\n<meta property=\"og:description\" content=\"A seguran\u00e7a e a integridade s\u00e3o pilares fundamentais do Grupo I Can. Para garantir um ambiente transparente e \u00e9tico, criamos este canal exclusivo para que voc\u00ea possa reportar, de forma 100% an\u00f4nima, qualquer situa\u00e7\u00e3o que viole nossos princ\u00edpios ou coloque em risco a seguran\u00e7a e o bem-estar da empresa e de seus colaboradores. Sua den\u00fancia&hellip;&nbsp;Read More &raquo;Canal de Den\u00fancias An\u00f4nimas\" \/>\n<meta property=\"og:url\" content=\"https:\/\/grupoican.com.br\/ar\/canal-de-denuncias-anonimas\/\" \/>\n<meta property=\"og:site_name\" content=\"GrupoIcan\" \/>\n<meta property=\"article:modified_time\" content=\"2025-01-29T03:56:41+00:00\" \/>\n<meta name=\"twitter:card\" content=\"summary_large_image\" \/>\n<meta name=\"twitter:label1\" content=\"\u0648\u0642\u062a \u0627\u0644\u0642\u0631\u0627\u0621\u0629 \u0627\u0644\u0645\u064f\u0642\u062f\u0651\u0631\" \/>\n\t<meta name=\"twitter:data1\" content=\"\u062f\u0642\u064a\u0642\u0629 \u0648\u0627\u062d\u062f\u0629\" \/>\n<script type=\"application\/ld+json\" class=\"yoast-schema-graph\">{\"@context\":\"https:\/\/schema.org\",\"@graph\":[{\"@type\":\"WebPage\",\"@id\":\"https:\/\/grupoican.com.br\/canal-de-denuncias-anonimas\/\",\"url\":\"https:\/\/grupoican.com.br\/canal-de-denuncias-anonimas\/\",\"name\":\"Canal de Den\u00fancias An\u00f4nimas - GrupoIcan\",\"isPartOf\":{\"@id\":\"https:\/\/grupoican.com.br\/#website\"},\"datePublished\":\"2025-01-29T03:56:40+00:00\",\"dateModified\":\"2025-01-29T03:56:41+00:00\",\"breadcrumb\":{\"@id\":\"https:\/\/grupoican.com.br\/canal-de-denuncias-anonimas\/#breadcrumb\"},\"inLanguage\":\"ar\",\"potentialAction\":[{\"@type\":\"ReadAction\",\"target\":[\"https:\/\/grupoican.com.br\/canal-de-denuncias-anonimas\/\"]}]},{\"@type\":\"BreadcrumbList\",\"@id\":\"https:\/\/grupoican.com.br\/canal-de-denuncias-anonimas\/#breadcrumb\",\"itemListElement\":[{\"@type\":\"ListItem\",\"position\":1,\"name\":\"In\u00edcio\",\"item\":\"https:\/\/grupoican.com.br\/\"},{\"@type\":\"ListItem\",\"position\":2,\"name\":\"Canal de Den\u00fancias An\u00f4nimas\"}]},{\"@type\":\"WebSite\",\"@id\":\"https:\/\/grupoican.com.br\/#website\",\"url\":\"https:\/\/grupoican.com.br\/\",\"name\":\"GrupoIcan\",\"description\":\"Consultoria especializada em gest\u00e3o empresarial e \u00e1rea de petr\u00f3leo e g\u00e1s.\",\"publisher\":{\"@id\":\"https:\/\/grupoican.com.br\/#organization\"},\"potentialAction\":[{\"@type\":\"SearchAction\",\"target\":{\"@type\":\"EntryPoint\",\"urlTemplate\":\"https:\/\/grupoican.com.br\/?s={search_term_string}\"},\"query-input\":{\"@type\":\"PropertyValueSpecification\",\"valueRequired\":true,\"valueName\":\"search_term_string\"}}],\"inLanguage\":\"ar\"},{\"@type\":\"Organization\",\"@id\":\"https:\/\/grupoican.com.br\/#organization\",\"name\":\"GrupoIcan\",\"url\":\"https:\/\/grupoican.com.br\/\",\"logo\":{\"@type\":\"ImageObject\",\"inLanguage\":\"ar\",\"@id\":\"https:\/\/grupoican.com.br\/#\/schema\/logo\/image\/\",\"url\":\"https:\/\/grupoican.com.br\/wp-content\/uploads\/2021\/09\/logo-icanbe.png\",\"contentUrl\":\"https:\/\/grupoican.com.br\/wp-content\/uploads\/2021\/09\/logo-icanbe.png\",\"width\":1855,\"height\":1573,\"caption\":\"GrupoIcan\"},\"image\":{\"@id\":\"https:\/\/grupoican.com.br\/#\/schema\/logo\/image\/\"}}]}<\/script>\n<!-- \/ Yoast SEO Premium plugin. -->","yoast_head_json":{"title":"Canal de Den\u00fancias An\u00f4nimas - GrupoIcan","robots":{"index":"index","follow":"follow","max-snippet":"max-snippet:-1","max-image-preview":"max-image-preview:large","max-video-preview":"max-video-preview:-1"},"canonical":"https:\/\/grupoican.com.br\/ar\/canal-de-denuncias-anonimas\/","og_locale":"ar_AR","og_type":"article","og_title":"Canal de Den\u00fancias An\u00f4nimas","og_description":"A seguran\u00e7a e a integridade s\u00e3o pilares fundamentais do Grupo I Can. Para garantir um ambiente transparente e \u00e9tico, criamos este canal exclusivo para que voc\u00ea possa reportar, de forma 100% an\u00f4nima, qualquer situa\u00e7\u00e3o que viole nossos princ\u00edpios ou coloque em risco a seguran\u00e7a e o bem-estar da empresa e de seus colaboradores. Sua den\u00fancia&hellip;&nbsp;Read More &raquo;Canal de Den\u00fancias An\u00f4nimas","og_url":"https:\/\/grupoican.com.br\/ar\/canal-de-denuncias-anonimas\/","og_site_name":"GrupoIcan","article_modified_time":"2025-01-29T03:56:41+00:00","twitter_card":"summary_large_image","twitter_misc":{"\u0648\u0642\u062a \u0627\u0644\u0642\u0631\u0627\u0621\u0629 \u0627\u0644\u0645\u064f\u0642\u062f\u0651\u0631":"\u062f\u0642\u064a\u0642\u0629 \u0648\u0627\u062d\u062f\u0629"},"schema":{"@context":"https:\/\/schema.org","@graph":[{"@type":"WebPage","@id":"https:\/\/grupoican.com.br\/canal-de-denuncias-anonimas\/","url":"https:\/\/grupoican.com.br\/canal-de-denuncias-anonimas\/","name":"Canal de Den\u00fancias An\u00f4nimas - GrupoIcan","isPartOf":{"@id":"https:\/\/grupoican.com.br\/#website"},"datePublished":"2025-01-29T03:56:40+00:00","dateModified":"2025-01-29T03:56:41+00:00","breadcrumb":{"@id":"https:\/\/grupoican.com.br\/canal-de-denuncias-anonimas\/#breadcrumb"},"inLanguage":"ar","potentialAction":[{"@type":"ReadAction","target":["https:\/\/grupoican.com.br\/canal-de-denuncias-anonimas\/"]}]},{"@type":"BreadcrumbList","@id":"https:\/\/grupoican.com.br\/canal-de-denuncias-anonimas\/#breadcrumb","itemListElement":[{"@type":"ListItem","position":1,"name":"In\u00edcio","item":"https:\/\/grupoican.com.br\/"},{"@type":"ListItem","position":2,"name":"Canal de Den\u00fancias An\u00f4nimas"}]},{"@type":"WebSite","@id":"https:\/\/grupoican.com.br\/#website","url":"https:\/\/grupoican.com.br\/","name":"GrupoIcan","description":"Consultoria especializada em gest\u00e3o empresarial e \u00e1rea de petr\u00f3leo e g\u00e1s.","publisher":{"@id":"https:\/\/grupoican.com.br\/#organization"},"potentialAction":[{"@type":"SearchAction","target":{"@type":"EntryPoint","urlTemplate":"https:\/\/grupoican.com.br\/?s={search_term_string}"},"query-input":{"@type":"PropertyValueSpecification","valueRequired":true,"valueName":"search_term_string"}}],"inLanguage":"ar"},{"@type":"Organization","@id":"https:\/\/grupoican.com.br\/#organization","name":"GrupoIcan","url":"https:\/\/grupoican.com.br\/","logo":{"@type":"ImageObject","inLanguage":"ar","@id":"https:\/\/grupoican.com.br\/#\/schema\/logo\/image\/","url":"https:\/\/grupoican.com.br\/wp-content\/uploads\/2021\/09\/logo-icanbe.png","contentUrl":"https:\/\/grupoican.com.br\/wp-content\/uploads\/2021\/09\/logo-icanbe.png","width":1855,"height":1573,"caption":"GrupoIcan"},"image":{"@id":"https:\/\/grupoican.com.br\/#\/schema\/logo\/image\/"}}]}},"amp_enabled":true,"_links":{"self":[{"href":"https:\/\/grupoican.com.br\/ar\/wp-json\/wp\/v2\/pages\/15418","targetHints":{"allow":["GET"]}}],"collection":[{"href":"https:\/\/grupoican.com.br\/ar\/wp-json\/wp\/v2\/pages"}],"about":[{"href":"https:\/\/grupoican.com.br\/ar\/wp-json\/wp\/v2\/types\/page"}],"author":[{"embeddable":true,"href":"https:\/\/grupoican.com.br\/ar\/wp-json\/wp\/v2\/users\/1"}],"replies":[{"embeddable":true,"href":"https:\/\/grupoican.com.br\/ar\/wp-json\/wp\/v2\/comments?post=15418"}],"version-history":[{"count":1,"href":"https:\/\/grupoican.com.br\/ar\/wp-json\/wp\/v2\/pages\/15418\/revisions"}],"predecessor-version":[{"id":15420,"href":"https:\/\/grupoican.com.br\/ar\/wp-json\/wp\/v2\/pages\/15418\/revisions\/15420"}],"wp:attachment":[{"href":"https:\/\/grupoican.com.br\/ar\/wp-json\/wp\/v2\/media?parent=15418"}],"curies":[{"name":"wp","href":"https:\/\/api.w.org\/{rel}","templated":true}]}}