{"id":2168,"date":"2022-08-06T11:11:38","date_gmt":"2022-08-06T14:11:38","guid":{"rendered":"https:\/\/grupoican.com.br\/?page_id=2168"},"modified":"2022-08-06T11:13:54","modified_gmt":"2022-08-06T14:13:54","slug":"qual-e-a-norma-iso-9001","status":"publish","type":"page","link":"https:\/\/grupoican.com.br\/ar\/qual-e-a-norma-iso-9001\/","title":{"rendered":"\u0645\u0627 \u0647\u0648 \u0645\u0639\u064a\u0627\u0631 ISO 9001\u061f"},"content":{"rendered":"<div data-elementor-type=\"wp-page\" data-elementor-id=\"2168\" class=\"elementor elementor-2168\" data-elementor-post-type=\"page\">\n\t\t\t\t\t\t<section class=\"elementor-section elementor-top-section elementor-element elementor-element-6c8e80a0 elementor-section-boxed elementor-section-height-default elementor-section-height-default\" data-id=\"6c8e80a0\" data-element_type=\"section\">\n\t\t\t\t\t\t<div class=\"elementor-container elementor-column-gap-default\">\n\t\t\t\t\t<div class=\"elementor-column elementor-col-100 elementor-top-column elementor-element elementor-element-4a6e62ed\" data-id=\"4a6e62ed\" data-element_type=\"column\">\n\t\t\t<div class=\"elementor-widget-wrap elementor-element-populated\">\n\t\t\t\t\t\t<div class=\"elementor-element elementor-element-426f3ada elementor-widget elementor-widget-text-editor\" data-id=\"426f3ada\" data-element_type=\"widget\" data-widget_type=\"text-editor.default\">\n\t\t\t\t<div class=\"elementor-widget-container\">\n\t\t\t\t\t\t\t\t\t\n<p>ISO 9001 \u0647\u0648 \u0646\u0638\u0627\u0645 \u0625\u062f\u0627\u0631\u0629 \u064a\u0647\u062f\u0641 \u0625\u0644\u0649 \u0636\u0645\u0627\u0646 \u062a\u062d\u0633\u064a\u0646 \u0627\u0644\u0639\u0645\u0644\u064a\u0627\u062a \u060c \u0648\u0632\u064a\u0627\u062f\u0629 \u0627\u0644\u0645\u0631\u0648\u0646\u0629 \u0641\u064a \u062a\u0637\u0648\u064a\u0631 \u0627\u0644\u0645\u0646\u062a\u062c\u0627\u062a \u0648\u0627\u0644\u0625\u0646\u062a\u0627\u062c \u0627\u0644\u0623\u0643\u062b\u0631 \u0645\u0631\u0648\u0646\u0629 \u0645\u0646 \u0623\u062c\u0644 \u0625\u0631\u0636\u0627\u0621 \u0627\u0644\u0639\u0645\u0644\u0627\u0621 \u0648\u062a\u062d\u0642\u064a\u0642 \u0627\u0644\u0646\u062c\u0627\u062d \u0627\u0644\u0645\u0633\u062a\u062f\u0627\u0645.<\/p>\n\n\n\n<p>\u064a\u0639\u0645\u0644 \u0646\u0638\u0627\u0645 \u0625\u062f\u0627\u0631\u0629 \u0627\u0644\u062c\u0648\u062f\u0629 (QMS) \u0643\u0623\u062f\u0627\u0629 \u0644\u0645\u0633\u0627\u0639\u062f\u0629 \u0627\u0644\u0645\u062f\u064a\u0631 \u0639\u0644\u0649 \u0625\u064a\u062c\u0627\u062f \u0648\u062a\u0635\u062d\u064a\u062d \u0627\u0644\u0639\u0645\u0644\u064a\u0627\u062a \u063a\u064a\u0631 \u0627\u0644\u0641\u0639\u0627\u0644\u0629 \u062f\u0627\u062e\u0644 \u0627\u0644\u0645\u0646\u0638\u0645\u0629. \u0628\u0627\u0644\u0625\u0636\u0627\u0641\u0629 \u0625\u0644\u0649 \u0630\u0644\u0643 \u060c \u0641\u0647\u064a \u0637\u0631\u064a\u0642\u0629 \u0644\u062a\u0648\u062b\u064a\u0642 \u062b\u0642\u0627\u0641\u0629 \u0627\u0644\u0645\u0646\u0638\u0645\u0629 \u060c \u0645\u0645\u0627 \u064a\u0633\u0645\u062d \u0644\u0644\u0623\u0639\u0645\u0627\u0644 \u0627\u0644\u062a\u062c\u0627\u0631\u064a\u0629 \u0628\u0627\u0644\u0646\u0645\u0648 \u0645\u0639 \u0627\u0644\u062d\u0641\u0627\u0638 \u0639\u0644\u0649 \u062c\u0648\u062f\u0629 \u0627\u0644\u0633\u0644\u0639 \u0648\u0627\u0644\u062e\u062f\u0645\u0627\u062a \u0627\u0644\u0645\u0642\u062f\u0645\u0629.<\/p>\n\n\n\n<p>&quot;ISO 9001 \u0647\u0648 \u0646\u0638\u0627\u0645 \u0625\u062f\u0627\u0631\u0629 \u062c\u0648\u062f\u0629 \u0645\u0635\u0645\u0645 \u0644\u0644\u0634\u0631\u0643\u0627\u062a \u0644\u062a\u062d\u0633\u064a\u0646 \u0623\u062f\u0627\u0626\u0647\u0627.&quot;<\/p>\n\n\n\n<p>\u0644\u0623\u0646\u0647 \u0646\u0638\u0627\u0645 \u062f\u0648\u0644\u064a \u062a\u0645 \u0625\u0646\u0634\u0627\u0624\u0647 \u0628\u0648\u0627\u0633\u0637\u0629 ISO (\u0627\u0644\u0645\u0646\u0638\u0645\u0629 \u0627\u0644\u062f\u0648\u0644\u064a\u0629 \u0644\u0644\u062a\u0648\u062d\u064a\u062f \u0627\u0644\u0642\u064a\u0627\u0633\u064a) \u060c \u0648\u0647\u064a \u0645\u0646\u0638\u0645\u0629 \u062a\u0623\u0633\u0633\u062a \u0639\u0627\u0645 1946 \u0648\u0645\u0642\u0631\u0647\u0627 \u0641\u064a \u062c\u0646\u064a\u0641 \u060c \u0633\u0648\u064a\u0633\u0631\u0627 \u0628\u0647\u062f\u0641 \u062a\u0637\u0648\u064a\u0631 \u0648\u062a\u0639\u0632\u064a\u0632 \u0627\u0644\u0645\u0639\u0627\u064a\u064a\u0631 \u0627\u0644\u062a\u064a \u064a\u0645\u0643\u0646 \u0627\u0633\u062a\u062e\u062f\u0627\u0645\u0647\u0627 \u0645\u0646 \u0642\u0628\u0644 \u062c\u0645\u064a\u0639 \u062f\u0648\u0644 \u0627\u0644\u0639\u0627\u0644\u0645 \u060c \u0623\u062f\u0627\u0629 \u064a\u0645\u0643\u0646 \u0623\u0646 \u062a\u062a\u0628\u0646\u0627\u0647\u0627 \u0623\u064a \u0634\u0631\u0643\u0629 \u060c \u0645\u0647\u0645\u0627 \u0643\u0627\u0646 \u062d\u062c\u0645\u0647\u0627 \u060c \u0648\u0647\u0630\u0627 \u0647\u0648 \u0627\u0644\u0633\u0628\u0628 \u0641\u064a \u0623\u0646\u0647\u0627 \u0623\u0641\u0636\u0644 \u0645\u0639\u064a\u0627\u0631 \u0645\u0639\u0631\u0648\u0641 \u062a\u062a\u0628\u0646\u0627\u0647 \u0627\u0644\u0634\u0631\u0643\u0627\u062a \u0627\u0644\u0646\u0627\u062c\u062d\u0629 \u0641\u064a \u062c\u0645\u064a\u0639 \u0623\u0646\u062d\u0627\u0621 \u0627\u0644\u0639\u0627\u0644\u0645.<\/p>\n\n\n\n<p>\u0645\u0627 \u0647\u0648 \u0645\u0639\u064a\u0627\u0631 ISO 9001<\/p>\n\t\t\t\t\t\t\t\t<\/div>\n\t\t\t\t<\/div>\n\t\t\t\t\t<\/div>\n\t\t<\/div>\n\t\t\t\t\t<\/div>\n\t\t<\/section>\n\t\t\t\t<\/div>","protected":false},"excerpt":{"rendered":"<p>A ISO 9001 \u00e9 um sistema de gest\u00e3o com o intuito de garantir a otimiza\u00e7\u00e3o de processos, maior agilidade no desenvolvimento de produtos e produ\u00e7\u00e3o mais \u00e1gil a fim de satisfazer os clientes e alcan\u00e7ar o sucesso sustentado. O Sistema de Gest\u00e3o da Qualidade (SGQ) funciona como um instrumento para ajudar o gestor a encontrar&hellip;&nbsp;<a href=\"https:\/\/grupoican.com.br\/ar\/qual-e-a-norma-iso-9001\/\" rel=\"bookmark\">Read More &raquo;<span class=\"screen-reader-text\">\u0645\u0627 \u0647\u0648 \u0645\u0639\u064a\u0627\u0631 ISO 9001\u061f<\/span><\/a><\/p>","protected":false},"author":1,"featured_media":0,"parent":0,"menu_order":0,"comment_status":"closed","ping_status":"closed","template":"","meta":{"neve_meta_sidebar":"","neve_meta_container":"","neve_meta_enable_content_width":"","neve_meta_content_width":0,"neve_meta_title_alignment":"","neve_meta_author_avatar":"","neve_post_elements_order":"","neve_meta_disable_header":"","neve_meta_disable_footer":"","neve_meta_disable_title":"","neve_meta_reading_time":"","_joinchat":[],"footnotes":""},"class_list":["post-2168","page","type-page","status-publish","hentry"],"yoast_head":"<!-- This site is optimized with the Yoast SEO Premium plugin v22.5 (Yoast SEO v24.5) - https:\/\/yoast.com\/wordpress\/plugins\/seo\/ -->\n<title>Qual \u00e9 a norma ISO 9001? \u3010Melhor Resposta\u3011<\/title>\n<meta name=\"description\" content=\"Qual \u00e9 a norma ISO 9001? O que a sua empresa ganha com isso? Saiba tudo sobre a norma ISO 9001. \u3010CLIQUE AQUI\u3011\" \/>\n<meta name=\"robots\" content=\"index, follow, max-snippet:-1, max-image-preview:large, max-video-preview:-1\" \/>\n<link rel=\"canonical\" href=\"https:\/\/grupoican.com.br\/ar\/qual-e-a-norma-iso-9001\/\" \/>\n<meta property=\"og:locale\" content=\"ar_AR\" \/>\n<meta property=\"og:type\" content=\"article\" \/>\n<meta property=\"og:title\" content=\"Qual \u00e9 a norma ISO 9001?\" \/>\n<meta property=\"og:description\" content=\"Qual \u00e9 a norma ISO 9001? O que a sua empresa ganha com isso? Saiba tudo sobre a norma ISO 9001. \u3010CLIQUE AQUI\u3011\" \/>\n<meta property=\"og:url\" content=\"https:\/\/grupoican.com.br\/ar\/qual-e-a-norma-iso-9001\/\" \/>\n<meta property=\"og:site_name\" content=\"GrupoIcan\" \/>\n<meta property=\"article:modified_time\" content=\"2022-08-06T14:13:54+00:00\" \/>\n<meta name=\"twitter:card\" content=\"summary_large_image\" \/>\n<meta name=\"twitter:label1\" content=\"\u0648\u0642\u062a \u0627\u0644\u0642\u0631\u0627\u0621\u0629 \u0627\u0644\u0645\u064f\u0642\u062f\u0651\u0631\" \/>\n\t<meta name=\"twitter:data1\" content=\"\u062f\u0642\u064a\u0642\u062a\u0627\u0646\" \/>\n<script type=\"application\/ld+json\" class=\"yoast-schema-graph\">{\"@context\":\"https:\/\/schema.org\",\"@graph\":[{\"@type\":\"WebPage\",\"@id\":\"https:\/\/grupoican.com.br\/qual-e-a-norma-iso-9001\/\",\"url\":\"https:\/\/grupoican.com.br\/qual-e-a-norma-iso-9001\/\",\"name\":\"Qual \u00e9 a norma ISO 9001? \u3010Melhor Resposta\u3011\",\"isPartOf\":{\"@id\":\"https:\/\/grupoican.com.br\/#website\"},\"datePublished\":\"2022-08-06T14:11:38+00:00\",\"dateModified\":\"2022-08-06T14:13:54+00:00\",\"description\":\"Qual \u00e9 a norma ISO 9001? O que a sua empresa ganha com isso? Saiba tudo sobre a norma ISO 9001. \u3010CLIQUE AQUI\u3011\",\"breadcrumb\":{\"@id\":\"https:\/\/grupoican.com.br\/qual-e-a-norma-iso-9001\/#breadcrumb\"},\"inLanguage\":\"ar\",\"potentialAction\":[{\"@type\":\"ReadAction\",\"target\":[\"https:\/\/grupoican.com.br\/qual-e-a-norma-iso-9001\/\"]}]},{\"@type\":\"BreadcrumbList\",\"@id\":\"https:\/\/grupoican.com.br\/qual-e-a-norma-iso-9001\/#breadcrumb\",\"itemListElement\":[{\"@type\":\"ListItem\",\"position\":1,\"name\":\"In\u00edcio\",\"item\":\"https:\/\/grupoican.com.br\/\"},{\"@type\":\"ListItem\",\"position\":2,\"name\":\"Qual \u00e9 a norma ISO 9001?\"}]},{\"@type\":\"WebSite\",\"@id\":\"https:\/\/grupoican.com.br\/#website\",\"url\":\"https:\/\/grupoican.com.br\/\",\"name\":\"GrupoIcan\",\"description\":\"Consultoria especializada em gest\u00e3o empresarial e \u00e1rea de petr\u00f3leo e g\u00e1s.\",\"publisher\":{\"@id\":\"https:\/\/grupoican.com.br\/#organization\"},\"potentialAction\":[{\"@type\":\"SearchAction\",\"target\":{\"@type\":\"EntryPoint\",\"urlTemplate\":\"https:\/\/grupoican.com.br\/?s={search_term_string}\"},\"query-input\":{\"@type\":\"PropertyValueSpecification\",\"valueRequired\":true,\"valueName\":\"search_term_string\"}}],\"inLanguage\":\"ar\"},{\"@type\":\"Organization\",\"@id\":\"https:\/\/grupoican.com.br\/#organization\",\"name\":\"GrupoIcan\",\"url\":\"https:\/\/grupoican.com.br\/\",\"logo\":{\"@type\":\"ImageObject\",\"inLanguage\":\"ar\",\"@id\":\"https:\/\/grupoican.com.br\/#\/schema\/logo\/image\/\",\"url\":\"https:\/\/grupoican.com.br\/wp-content\/uploads\/2021\/09\/logo-icanbe.png\",\"contentUrl\":\"https:\/\/grupoican.com.br\/wp-content\/uploads\/2021\/09\/logo-icanbe.png\",\"width\":1855,\"height\":1573,\"caption\":\"GrupoIcan\"},\"image\":{\"@id\":\"https:\/\/grupoican.com.br\/#\/schema\/logo\/image\/\"}}]}<\/script>\n<!-- \/ Yoast SEO Premium plugin. -->","yoast_head_json":{"title":"Qual \u00e9 a norma ISO 9001? \u3010Melhor Resposta\u3011","description":"Qual \u00e9 a norma ISO 9001? O que a sua empresa ganha com isso? Saiba tudo sobre a norma ISO 9001. \u3010CLIQUE AQUI\u3011","robots":{"index":"index","follow":"follow","max-snippet":"max-snippet:-1","max-image-preview":"max-image-preview:large","max-video-preview":"max-video-preview:-1"},"canonical":"https:\/\/grupoican.com.br\/ar\/qual-e-a-norma-iso-9001\/","og_locale":"ar_AR","og_type":"article","og_title":"Qual \u00e9 a norma ISO 9001?","og_description":"Qual \u00e9 a norma ISO 9001? O que a sua empresa ganha com isso? Saiba tudo sobre a norma ISO 9001. \u3010CLIQUE AQUI\u3011","og_url":"https:\/\/grupoican.com.br\/ar\/qual-e-a-norma-iso-9001\/","og_site_name":"GrupoIcan","article_modified_time":"2022-08-06T14:13:54+00:00","twitter_card":"summary_large_image","twitter_misc":{"\u0648\u0642\u062a \u0627\u0644\u0642\u0631\u0627\u0621\u0629 \u0627\u0644\u0645\u064f\u0642\u062f\u0651\u0631":"\u062f\u0642\u064a\u0642\u062a\u0627\u0646"},"schema":{"@context":"https:\/\/schema.org","@graph":[{"@type":"WebPage","@id":"https:\/\/grupoican.com.br\/qual-e-a-norma-iso-9001\/","url":"https:\/\/grupoican.com.br\/qual-e-a-norma-iso-9001\/","name":"Qual \u00e9 a norma ISO 9001? \u3010Melhor Resposta\u3011","isPartOf":{"@id":"https:\/\/grupoican.com.br\/#website"},"datePublished":"2022-08-06T14:11:38+00:00","dateModified":"2022-08-06T14:13:54+00:00","description":"Qual \u00e9 a norma ISO 9001? O que a sua empresa ganha com isso? Saiba tudo sobre a norma ISO 9001. \u3010CLIQUE AQUI\u3011","breadcrumb":{"@id":"https:\/\/grupoican.com.br\/qual-e-a-norma-iso-9001\/#breadcrumb"},"inLanguage":"ar","potentialAction":[{"@type":"ReadAction","target":["https:\/\/grupoican.com.br\/qual-e-a-norma-iso-9001\/"]}]},{"@type":"BreadcrumbList","@id":"https:\/\/grupoican.com.br\/qual-e-a-norma-iso-9001\/#breadcrumb","itemListElement":[{"@type":"ListItem","position":1,"name":"In\u00edcio","item":"https:\/\/grupoican.com.br\/"},{"@type":"ListItem","position":2,"name":"Qual \u00e9 a norma ISO 9001?"}]},{"@type":"WebSite","@id":"https:\/\/grupoican.com.br\/#website","url":"https:\/\/grupoican.com.br\/","name":"GrupoIcan","description":"Consultoria especializada em gest\u00e3o empresarial e \u00e1rea de petr\u00f3leo e g\u00e1s.","publisher":{"@id":"https:\/\/grupoican.com.br\/#organization"},"potentialAction":[{"@type":"SearchAction","target":{"@type":"EntryPoint","urlTemplate":"https:\/\/grupoican.com.br\/?s={search_term_string}"},"query-input":{"@type":"PropertyValueSpecification","valueRequired":true,"valueName":"search_term_string"}}],"inLanguage":"ar"},{"@type":"Organization","@id":"https:\/\/grupoican.com.br\/#organization","name":"GrupoIcan","url":"https:\/\/grupoican.com.br\/","logo":{"@type":"ImageObject","inLanguage":"ar","@id":"https:\/\/grupoican.com.br\/#\/schema\/logo\/image\/","url":"https:\/\/grupoican.com.br\/wp-content\/uploads\/2021\/09\/logo-icanbe.png","contentUrl":"https:\/\/grupoican.com.br\/wp-content\/uploads\/2021\/09\/logo-icanbe.png","width":1855,"height":1573,"caption":"GrupoIcan"},"image":{"@id":"https:\/\/grupoican.com.br\/#\/schema\/logo\/image\/"}}]}},"amp_enabled":true,"_links":{"self":[{"href":"https:\/\/grupoican.com.br\/ar\/wp-json\/wp\/v2\/pages\/2168","targetHints":{"allow":["GET"]}}],"collection":[{"href":"https:\/\/grupoican.com.br\/ar\/wp-json\/wp\/v2\/pages"}],"about":[{"href":"https:\/\/grupoican.com.br\/ar\/wp-json\/wp\/v2\/types\/page"}],"author":[{"embeddable":true,"href":"https:\/\/grupoican.com.br\/ar\/wp-json\/wp\/v2\/users\/1"}],"replies":[{"embeddable":true,"href":"https:\/\/grupoican.com.br\/ar\/wp-json\/wp\/v2\/comments?post=2168"}],"version-history":[{"count":0,"href":"https:\/\/grupoican.com.br\/ar\/wp-json\/wp\/v2\/pages\/2168\/revisions"}],"wp:attachment":[{"href":"https:\/\/grupoican.com.br\/ar\/wp-json\/wp\/v2\/media?parent=2168"}],"curies":[{"name":"wp","href":"https:\/\/api.w.org\/{rel}","templated":true}]}}