{"id":239,"date":"2021-09-14T14:24:11","date_gmt":"2021-09-14T17:24:11","guid":{"rendered":"https:\/\/grupoican.com.br\/?page_id=239"},"modified":"2022-08-03T11:09:23","modified_gmt":"2022-08-03T14:09:23","slug":"quem-somos-2","status":"publish","type":"page","link":"https:\/\/grupoican.com.br\/ar\/quem-somos-2\/","title":{"rendered":"\u0645\u0646 \u0646\u062d\u0646"},"content":{"rendered":"<div data-elementor-type=\"wp-page\" data-elementor-id=\"239\" class=\"elementor elementor-239\" data-elementor-post-type=\"page\">\n\t\t\t\t\t\t<section class=\"elementor-section elementor-top-section elementor-element elementor-element-a110a6a elementor-section-boxed elementor-section-height-default elementor-section-height-default\" data-id=\"a110a6a\" data-element_type=\"section\">\n\t\t\t\t\t\t<div class=\"elementor-container elementor-column-gap-default\">\n\t\t\t\t\t<div class=\"elementor-column elementor-col-100 elementor-top-column elementor-element elementor-element-4aeb3e6\" data-id=\"4aeb3e6\" data-element_type=\"column\">\n\t\t\t<div class=\"elementor-widget-wrap elementor-element-populated\">\n\t\t\t\t\t\t<div class=\"elementor-element elementor-element-b037163 elementor-widget elementor-widget-spacer\" data-id=\"b037163\" data-element_type=\"widget\" data-widget_type=\"spacer.default\">\n\t\t\t\t<div class=\"elementor-widget-container\">\n\t\t\t\t\t\t\t<div class=\"elementor-spacer\">\n\t\t\t<div class=\"elementor-spacer-inner\"><\/div>\n\t\t<\/div>\n\t\t\t\t\t\t<\/div>\n\t\t\t\t<\/div>\n\t\t\t\t\t<\/div>\n\t\t<\/div>\n\t\t\t\t\t<\/div>\n\t\t<\/section>\n\t\t\t\t<section class=\"elementor-section elementor-top-section elementor-element elementor-element-e6129d5 elementor-section-boxed elementor-section-height-default elementor-section-height-default\" data-id=\"e6129d5\" data-element_type=\"section\" data-settings=\"{&quot;background_background&quot;:&quot;classic&quot;}\">\n\t\t\t\t\t\t<div class=\"elementor-container elementor-column-gap-default\">\n\t\t\t\t\t<div class=\"elementor-column elementor-col-100 elementor-top-column elementor-element elementor-element-2cad50c\" data-id=\"2cad50c\" data-element_type=\"column\">\n\t\t\t<div class=\"elementor-widget-wrap elementor-element-populated\">\n\t\t\t\t\t\t<div class=\"elementor-element elementor-element-de3ed82 elementor-invisible elementor-widget elementor-widget-heading\" data-id=\"de3ed82\" data-element_type=\"widget\" data-settings=\"{&quot;_animation&quot;:&quot;slideInRight&quot;}\" data-widget_type=\"heading.default\">\n\t\t\t\t<div class=\"elementor-widget-container\">\n\t\t\t\t\t<h2 class=\"elementor-heading-title elementor-size-default\">\u0645\u0646 \u0646\u062d\u0646<\/h2>\t\t\t\t<\/div>\n\t\t\t\t<\/div>\n\t\t\t\t\t<\/div>\n\t\t<\/div>\n\t\t\t\t\t<\/div>\n\t\t<\/section>\n\t\t\t\t<section class=\"elementor-section elementor-top-section elementor-element elementor-element-66470b21 elementor-section-boxed elementor-section-height-default elementor-section-height-default\" data-id=\"66470b21\" data-element_type=\"section\">\n\t\t\t\t\t\t<div class=\"elementor-container elementor-column-gap-default\">\n\t\t\t\t\t<div class=\"elementor-column elementor-col-100 elementor-top-column elementor-element elementor-element-1f0bd5fd\" data-id=\"1f0bd5fd\" data-element_type=\"column\">\n\t\t\t<div class=\"elementor-widget-wrap elementor-element-populated\">\n\t\t\t\t\t\t<div class=\"elementor-element elementor-element-7d227c2a elementor-widget elementor-widget-text-editor\" data-id=\"7d227c2a\" data-element_type=\"widget\" data-widget_type=\"text-editor.default\">\n\t\t\t\t<div class=\"elementor-widget-container\">\n\t\t\t\t\t\t\t\t\t<p><\/p>\n<p>\u0646\u062d\u0646 \u0645\u062a\u062d\u0645\u0633\u0648\u0646 \u0644\u0644\u0646\u0627\u0633 \u0648\u0627\u0644\u0639\u0645\u0644\u064a\u0627\u062a \u0648\u0627\u0644\u0623\u0639\u0645\u0627\u0644 \u0627\u0644\u0645\u0633\u062a\u062f\u0627\u0645\u0629 \u060c \u0646\u062d\u0646 \u0645\u062c\u0645\u0648\u0639\u0629 \u0645\u0646 \u0627\u0644\u0645\u0647\u0646\u064a\u064a\u0646 \u0630\u0648\u064a \u0627\u0644\u062e\u0644\u0641\u064a\u0629 \u0627\u0644\u0645\u062a\u0639\u062f\u062f\u0629 \u0627\u0644\u062a\u062e\u0635\u0635\u0627\u062a \u0641\u064a \u0645\u0631\u0627\u062d\u0644 \u0645\u062e\u062a\u0644\u0641\u0629 \u0645\u0646 \u062d\u064a\u0627\u062a\u0647\u0645 \u0627\u0644\u0645\u0647\u0646\u064a\u0629 \u0627\u0644\u0630\u064a\u0646 \u062a\u0628\u0646\u0648\u0627 \u062a\u0646\u0641\u064a\u0630 \u0648\u0625\u062f\u0627\u0631\u0629 \u0645\u062c\u0645\u0648\u0639\u0629 I Can.<\/p>\n<p><\/p>\n<p>\u0646\u0631\u064a\u062f \u062a\u0642\u062f\u064a\u0645 \u062d\u0644\u0648\u0644 \u0648\u062e\u062f\u0645\u0627\u062a \u0639\u0627\u0644\u064a\u0629 \u0627\u0644\u062c\u0648\u062f\u0629 \u0644\u0644\u0639\u0645\u0644\u0627\u0621 \u060c \u0648\u0646\u0633\u0639\u0649 \u062f\u0627\u0626\u0645\u064b\u0627 \u0625\u0644\u0649 \u0627\u0644\u0635\u062f\u0642 \u0648\u0627\u0644\u0634\u0641\u0627\u0641\u064a\u0629 \u060c \u0648\u0627\u0644\u0639\u0645\u0644 \u0644\u0635\u0627\u0644\u062d \u0627\u0644\u062a\u0646\u0648\u0639.<\/p>\n<p><\/p>\n<p>\u0646\u062d\u0646 \u0645\u0642\u062a\u0646\u0639\u0648\u0646 \u0628\u0623\u0646 \u0627\u0644\u0627\u0628\u062a\u0643\u0627\u0631 \u0648\u0627\u0633\u062a\u062e\u062f\u0627\u0645 \u0627\u0644\u062a\u0642\u0646\u064a\u0627\u062a \u0627\u0644\u0645\u062a\u0642\u062f\u0645\u0629 \u0647\u0645\u0627 \u0645\u0646 \u0623\u062f\u0648\u0627\u062a \u0627\u0644\u0625\u062f\u0627\u0631\u0629 \u0627\u0644\u062a\u064a \u0644\u0627 \u063a\u0646\u0649 \u0639\u0646\u0647\u0627 \u0641\u064a \u0627\u0644\u0633\u0648\u0642 \u0627\u0644\u0645\u0639\u0648\u0644\u0645 \u0628\u0634\u0643\u0644 \u0645\u062a\u0632\u0627\u064a\u062f \u0648\u0641\u064a \u0627\u0644\u0639\u0627\u0644\u0645 \u0627\u0644\u0631\u0642\u0645\u064a.<\/p>\n<p><\/p>\n<p>\u0645\u0639 \u062d\u0644\u0648\u0644\u0646\u0627 \u0648\u062e\u062f\u0645\u0627\u062a\u0646\u0627 \u060c \u064a\u0645\u0643\u0646\u0643!<\/p>\n<p><\/p>\n<p>\u2022 \u062a\u062d\u0633\u064a\u0646 \u0645\u0624\u0634\u0631\u0627\u062a \u0627\u0644\u0623\u062f\u0627\u0621 (OKRs \u060c KPIs \u060c KRIs) \u061b<br \/>\u2022 \u062a\u062d\u0633\u064a\u0646 \u0627\u0644\u0639\u0645\u0644\u064a\u0627\u062a.<br \/>\u2022 \u062a\u062d\u0633\u064a\u0646 \u0627\u0644\u0645\u0648\u0627\u0631\u062f \u0648\u0623\u062a\u0645\u062a\u0629 \u0627\u0644\u0639\u0645\u0644\u064a\u0627\u062a.<br \/>\u2022 \u0627\u0628\u062a\u0643\u0627\u0631.<br \/>\u2022 \u0642\u064a\u0627\u062f\u0629 \u0634\u0631\u0643\u062a\u0643 \u0646\u062d\u0648 \u0627\u0644\u062a\u0645\u064a\u0632 \u0627\u0644\u0625\u062f\u0627\u0631\u064a.<br \/>\u2022 \u0625\u062f\u0627\u0631\u0629 \u0627\u0644\u0645\u062e\u0627\u0637\u0631.<br \/>\u2022 \u062a\u0644\u0628\u064a\u0629 \u0645\u062a\u0637\u0644\u0628\u0627\u062a ESG (\u0627\u0644\u0628\u064a\u0626\u064a\u0629 \u0648\u0627\u0644\u0627\u062c\u062a\u0645\u0627\u0639\u064a\u0629 \u0648\u062d\u0648\u0643\u0645\u0629 \u0627\u0644\u0634\u0631\u0643\u0627\u062a).<br \/>\u2022 \u0625\u062f\u0627\u0631\u0629 \u062d\u0627\u0644\u0627\u062a \u0627\u0644\u0637\u0648\u0627\u0631\u0626 \u0648\u0627\u0644\u0623\u0632\u0645\u0627\u062a.<\/p>\n<p><\/p>\n<p>\u2022 \u0627\u0644\u062a\u0631\u062d\u064a\u0628 \u0628\u0627\u0644\u0645\u0648\u0627\u0647\u0628 \u0648\u0625\u0634\u0631\u0627\u0643\u0647\u0627 \u0648\u062a\u062d\u0648\u064a\u0644\u0647\u0627.<br \/>\u2022 \u0627\u0644\u062a\u062e\u0637\u064a\u0637 \u0628\u0634\u0643\u0644 \u062d\u0627\u0632\u0645 \u0623\u0643\u062b\u0631 \u0641\u0623\u0643\u062b\u0631.<br \/>\u2022 \u0625\u0633\u0639\u0627\u062f \u0639\u0645\u0644\u0627\u0626\u0643!<br \/>\u2022 \u062f\u0641\u0639 \u0639\u0645\u0644\u0643 \u0646\u062d\u0648 \u0627\u0644\u0627\u0633\u062a\u062f\u0627\u0645\u0629!<\/p>\n<p><\/p>\t\t\t\t\t\t\t\t<\/div>\n\t\t\t\t<\/div>\n\t\t\t\t\t<\/div>\n\t\t<\/div>\n\t\t\t\t\t<\/div>\n\t\t<\/section>\n\t\t\t\t<\/div>","protected":false},"excerpt":{"rendered":"<p>Quem somos Apaixonados por Pessoas, Processos e Neg\u00f3cios Sustent\u00e1veis, somos um grupo de profissionais de forma\u00e7\u00e3o multidisciplinar em diferentes fases da carreira que abra\u00e7ou a implanta\u00e7\u00e3o e a gest\u00e3o do Grupo I Can. Queremos oferecer\u00a0Solu\u00e7\u00f5es e Servi\u00e7os\u00a0de qualidade aos clientes, sempre prezando pela sinceridade e transpar\u00eancia, atuando em prol da diversidade. Temos por convic\u00e7\u00e3o que&hellip;&nbsp;<a href=\"https:\/\/grupoican.com.br\/ar\/quem-somos-2\/\" rel=\"bookmark\">Read More &raquo;<span class=\"screen-reader-text\">\u0645\u0646 \u0646\u062d\u0646<\/span><\/a><\/p>","protected":false},"author":1,"featured_media":0,"parent":0,"menu_order":0,"comment_status":"closed","ping_status":"open","template":"","meta":{"neve_meta_sidebar":"","neve_meta_container":"","neve_meta_enable_content_width":"","neve_meta_content_width":0,"neve_meta_title_alignment":"","neve_meta_author_avatar":"","neve_post_elements_order":"","neve_meta_disable_header":"","neve_meta_disable_footer":"","neve_meta_disable_title":"on","neve_meta_reading_time":"","_joinchat":[],"footnotes":""},"class_list":["post-239","page","type-page","status-publish","hentry"],"yoast_head":"<!-- This site is optimized with the Yoast SEO Premium plugin v22.5 (Yoast SEO v24.5) - https:\/\/yoast.com\/wordpress\/plugins\/seo\/ -->\n<title>Quem somos - GrupoIcan<\/title>\n<meta name=\"robots\" content=\"index, follow, max-snippet:-1, max-image-preview:large, max-video-preview:-1\" \/>\n<link rel=\"canonical\" href=\"https:\/\/grupoican.com.br\/ar\/quem-somos-2\/\" \/>\n<meta property=\"og:locale\" content=\"ar_AR\" \/>\n<meta property=\"og:type\" content=\"article\" \/>\n<meta property=\"og:title\" content=\"Quem somos\" \/>\n<meta property=\"og:description\" content=\"Quem somos Apaixonados por Pessoas, Processos e Neg\u00f3cios Sustent\u00e1veis, somos um grupo de profissionais de forma\u00e7\u00e3o multidisciplinar em diferentes fases da carreira que abra\u00e7ou a implanta\u00e7\u00e3o e a gest\u00e3o do Grupo I Can. Queremos oferecer\u00a0Solu\u00e7\u00f5es e Servi\u00e7os\u00a0de qualidade aos clientes, sempre prezando pela sinceridade e transpar\u00eancia, atuando em prol da diversidade. Temos por convic\u00e7\u00e3o que&hellip;&nbsp;Read More &raquo;Quem somos\" \/>\n<meta property=\"og:url\" content=\"https:\/\/grupoican.com.br\/ar\/quem-somos-2\/\" \/>\n<meta property=\"og:site_name\" content=\"GrupoIcan\" \/>\n<meta property=\"article:modified_time\" content=\"2022-08-03T14:09:23+00:00\" \/>\n<meta name=\"twitter:card\" content=\"summary_large_image\" \/>\n<meta name=\"twitter:label1\" content=\"\u0648\u0642\u062a \u0627\u0644\u0642\u0631\u0627\u0621\u0629 \u0627\u0644\u0645\u064f\u0642\u062f\u0651\u0631\" \/>\n\t<meta name=\"twitter:data1\" content=\"\u062f\u0642\u064a\u0642\u0629 \u0648\u0627\u062d\u062f\u0629\" \/>\n<script type=\"application\/ld+json\" class=\"yoast-schema-graph\">{\"@context\":\"https:\/\/schema.org\",\"@graph\":[{\"@type\":\"WebPage\",\"@id\":\"https:\/\/grupoican.com.br\/quem-somos-2\/\",\"url\":\"https:\/\/grupoican.com.br\/quem-somos-2\/\",\"name\":\"Quem somos - GrupoIcan\",\"isPartOf\":{\"@id\":\"https:\/\/grupoican.com.br\/#website\"},\"datePublished\":\"2021-09-14T17:24:11+00:00\",\"dateModified\":\"2022-08-03T14:09:23+00:00\",\"breadcrumb\":{\"@id\":\"https:\/\/grupoican.com.br\/quem-somos-2\/#breadcrumb\"},\"inLanguage\":\"ar\",\"potentialAction\":[{\"@type\":\"ReadAction\",\"target\":[\"https:\/\/grupoican.com.br\/quem-somos-2\/\"]}]},{\"@type\":\"BreadcrumbList\",\"@id\":\"https:\/\/grupoican.com.br\/quem-somos-2\/#breadcrumb\",\"itemListElement\":[{\"@type\":\"ListItem\",\"position\":1,\"name\":\"In\u00edcio\",\"item\":\"https:\/\/grupoican.com.br\/\"},{\"@type\":\"ListItem\",\"position\":2,\"name\":\"Quem somos\"}]},{\"@type\":\"WebSite\",\"@id\":\"https:\/\/grupoican.com.br\/#website\",\"url\":\"https:\/\/grupoican.com.br\/\",\"name\":\"GrupoIcan\",\"description\":\"Consultoria especializada em gest\u00e3o empresarial e \u00e1rea de petr\u00f3leo e g\u00e1s.\",\"publisher\":{\"@id\":\"https:\/\/grupoican.com.br\/#organization\"},\"potentialAction\":[{\"@type\":\"SearchAction\",\"target\":{\"@type\":\"EntryPoint\",\"urlTemplate\":\"https:\/\/grupoican.com.br\/?s={search_term_string}\"},\"query-input\":{\"@type\":\"PropertyValueSpecification\",\"valueRequired\":true,\"valueName\":\"search_term_string\"}}],\"inLanguage\":\"ar\"},{\"@type\":\"Organization\",\"@id\":\"https:\/\/grupoican.com.br\/#organization\",\"name\":\"GrupoIcan\",\"url\":\"https:\/\/grupoican.com.br\/\",\"logo\":{\"@type\":\"ImageObject\",\"inLanguage\":\"ar\",\"@id\":\"https:\/\/grupoican.com.br\/#\/schema\/logo\/image\/\",\"url\":\"https:\/\/grupoican.com.br\/wp-content\/uploads\/2021\/09\/logo-icanbe.png\",\"contentUrl\":\"https:\/\/grupoican.com.br\/wp-content\/uploads\/2021\/09\/logo-icanbe.png\",\"width\":1855,\"height\":1573,\"caption\":\"GrupoIcan\"},\"image\":{\"@id\":\"https:\/\/grupoican.com.br\/#\/schema\/logo\/image\/\"}}]}<\/script>\n<!-- \/ Yoast SEO Premium plugin. -->","yoast_head_json":{"title":"Quem somos - GrupoIcan","robots":{"index":"index","follow":"follow","max-snippet":"max-snippet:-1","max-image-preview":"max-image-preview:large","max-video-preview":"max-video-preview:-1"},"canonical":"https:\/\/grupoican.com.br\/ar\/quem-somos-2\/","og_locale":"ar_AR","og_type":"article","og_title":"Quem somos","og_description":"Quem somos Apaixonados por Pessoas, Processos e Neg\u00f3cios Sustent\u00e1veis, somos um grupo de profissionais de forma\u00e7\u00e3o multidisciplinar em diferentes fases da carreira que abra\u00e7ou a implanta\u00e7\u00e3o e a gest\u00e3o do Grupo I Can. Queremos oferecer\u00a0Solu\u00e7\u00f5es e Servi\u00e7os\u00a0de qualidade aos clientes, sempre prezando pela sinceridade e transpar\u00eancia, atuando em prol da diversidade. Temos por convic\u00e7\u00e3o que&hellip;&nbsp;Read More &raquo;Quem somos","og_url":"https:\/\/grupoican.com.br\/ar\/quem-somos-2\/","og_site_name":"GrupoIcan","article_modified_time":"2022-08-03T14:09:23+00:00","twitter_card":"summary_large_image","twitter_misc":{"\u0648\u0642\u062a \u0627\u0644\u0642\u0631\u0627\u0621\u0629 \u0627\u0644\u0645\u064f\u0642\u062f\u0651\u0631":"\u062f\u0642\u064a\u0642\u0629 \u0648\u0627\u062d\u062f\u0629"},"schema":{"@context":"https:\/\/schema.org","@graph":[{"@type":"WebPage","@id":"https:\/\/grupoican.com.br\/quem-somos-2\/","url":"https:\/\/grupoican.com.br\/quem-somos-2\/","name":"Quem somos - GrupoIcan","isPartOf":{"@id":"https:\/\/grupoican.com.br\/#website"},"datePublished":"2021-09-14T17:24:11+00:00","dateModified":"2022-08-03T14:09:23+00:00","breadcrumb":{"@id":"https:\/\/grupoican.com.br\/quem-somos-2\/#breadcrumb"},"inLanguage":"ar","potentialAction":[{"@type":"ReadAction","target":["https:\/\/grupoican.com.br\/quem-somos-2\/"]}]},{"@type":"BreadcrumbList","@id":"https:\/\/grupoican.com.br\/quem-somos-2\/#breadcrumb","itemListElement":[{"@type":"ListItem","position":1,"name":"In\u00edcio","item":"https:\/\/grupoican.com.br\/"},{"@type":"ListItem","position":2,"name":"Quem somos"}]},{"@type":"WebSite","@id":"https:\/\/grupoican.com.br\/#website","url":"https:\/\/grupoican.com.br\/","name":"GrupoIcan","description":"Consultoria especializada em gest\u00e3o empresarial e \u00e1rea de petr\u00f3leo e g\u00e1s.","publisher":{"@id":"https:\/\/grupoican.com.br\/#organization"},"potentialAction":[{"@type":"SearchAction","target":{"@type":"EntryPoint","urlTemplate":"https:\/\/grupoican.com.br\/?s={search_term_string}"},"query-input":{"@type":"PropertyValueSpecification","valueRequired":true,"valueName":"search_term_string"}}],"inLanguage":"ar"},{"@type":"Organization","@id":"https:\/\/grupoican.com.br\/#organization","name":"GrupoIcan","url":"https:\/\/grupoican.com.br\/","logo":{"@type":"ImageObject","inLanguage":"ar","@id":"https:\/\/grupoican.com.br\/#\/schema\/logo\/image\/","url":"https:\/\/grupoican.com.br\/wp-content\/uploads\/2021\/09\/logo-icanbe.png","contentUrl":"https:\/\/grupoican.com.br\/wp-content\/uploads\/2021\/09\/logo-icanbe.png","width":1855,"height":1573,"caption":"GrupoIcan"},"image":{"@id":"https:\/\/grupoican.com.br\/#\/schema\/logo\/image\/"}}]}},"amp_enabled":true,"_links":{"self":[{"href":"https:\/\/grupoican.com.br\/ar\/wp-json\/wp\/v2\/pages\/239","targetHints":{"allow":["GET"]}}],"collection":[{"href":"https:\/\/grupoican.com.br\/ar\/wp-json\/wp\/v2\/pages"}],"about":[{"href":"https:\/\/grupoican.com.br\/ar\/wp-json\/wp\/v2\/types\/page"}],"author":[{"embeddable":true,"href":"https:\/\/grupoican.com.br\/ar\/wp-json\/wp\/v2\/users\/1"}],"replies":[{"embeddable":true,"href":"https:\/\/grupoican.com.br\/ar\/wp-json\/wp\/v2\/comments?post=239"}],"version-history":[{"count":0,"href":"https:\/\/grupoican.com.br\/ar\/wp-json\/wp\/v2\/pages\/239\/revisions"}],"wp:attachment":[{"href":"https:\/\/grupoican.com.br\/ar\/wp-json\/wp\/v2\/media?parent=239"}],"curies":[{"name":"wp","href":"https:\/\/api.w.org\/{rel}","templated":true}]}}