{"id":243,"date":"2021-09-14T14:28:21","date_gmt":"2021-09-14T17:28:21","guid":{"rendered":"https:\/\/grupoican.com.br\/?page_id=243"},"modified":"2022-07-14T13:36:05","modified_gmt":"2022-07-14T16:36:05","slug":"diferenciais-2","status":"publish","type":"page","link":"https:\/\/grupoican.com.br\/ar\/diferenciais-2\/","title":{"rendered":"\u0627\u0644\u062a\u0641\u0627\u0636\u0644"},"content":{"rendered":"<div data-elementor-type=\"wp-page\" data-elementor-id=\"243\" class=\"elementor elementor-243\" data-elementor-post-type=\"page\">\n\t\t\t\t\t\t<section class=\"elementor-section elementor-top-section elementor-element elementor-element-0b5e421 elementor-section-boxed elementor-section-height-default elementor-section-height-default\" data-id=\"0b5e421\" data-element_type=\"section\">\n\t\t\t\t\t\t<div class=\"elementor-container elementor-column-gap-default\">\n\t\t\t\t\t<div class=\"elementor-column elementor-col-100 elementor-top-column elementor-element elementor-element-34f3c91\" data-id=\"34f3c91\" data-element_type=\"column\">\n\t\t\t<div class=\"elementor-widget-wrap elementor-element-populated\">\n\t\t\t\t\t\t<div class=\"elementor-element elementor-element-fabd1b7 elementor-widget elementor-widget-spacer\" data-id=\"fabd1b7\" data-element_type=\"widget\" data-widget_type=\"spacer.default\">\n\t\t\t\t<div class=\"elementor-widget-container\">\n\t\t\t\t\t\t\t<div class=\"elementor-spacer\">\n\t\t\t<div class=\"elementor-spacer-inner\"><\/div>\n\t\t<\/div>\n\t\t\t\t\t\t<\/div>\n\t\t\t\t<\/div>\n\t\t\t\t\t<\/div>\n\t\t<\/div>\n\t\t\t\t\t<\/div>\n\t\t<\/section>\n\t\t\t\t<section class=\"elementor-section elementor-top-section elementor-element elementor-element-d2b7dcf elementor-section-boxed elementor-section-height-default elementor-section-height-default\" data-id=\"d2b7dcf\" data-element_type=\"section\">\n\t\t\t\t\t\t<div class=\"elementor-container elementor-column-gap-default\">\n\t\t\t\t\t<div class=\"elementor-column elementor-col-100 elementor-top-column elementor-element elementor-element-b62dac3\" data-id=\"b62dac3\" data-element_type=\"column\">\n\t\t\t<div class=\"elementor-widget-wrap elementor-element-populated\">\n\t\t\t\t\t\t<div class=\"elementor-element elementor-element-b7bbc1a elementor-invisible elementor-widget elementor-widget-heading\" data-id=\"b7bbc1a\" data-element_type=\"widget\" data-settings=\"{&quot;_animation&quot;:&quot;slideInRight&quot;}\" data-widget_type=\"heading.default\">\n\t\t\t\t<div class=\"elementor-widget-container\">\n\t\t\t\t\t<h2 class=\"elementor-heading-title elementor-size-default\">\u0627\u0644\u062a\u0641\u0627\u0636\u0644<\/h2>\t\t\t\t<\/div>\n\t\t\t\t<\/div>\n\t\t\t\t\t<\/div>\n\t\t<\/div>\n\t\t\t\t\t<\/div>\n\t\t<\/section>\n\t\t\t\t<section class=\"elementor-section elementor-top-section elementor-element elementor-element-9570bb7 elementor-section-boxed elementor-section-height-default elementor-section-height-default\" data-id=\"9570bb7\" data-element_type=\"section\">\n\t\t\t\t\t\t<div class=\"elementor-container elementor-column-gap-default\">\n\t\t\t\t\t<div class=\"elementor-column elementor-col-100 elementor-top-column elementor-element elementor-element-106b2de\" data-id=\"106b2de\" data-element_type=\"column\">\n\t\t\t<div class=\"elementor-widget-wrap elementor-element-populated\">\n\t\t\t\t\t\t<div class=\"elementor-element elementor-element-49008a4 elementor-widget elementor-widget-image\" data-id=\"49008a4\" data-element_type=\"widget\" data-settings=\"{&quot;motion_fx_motion_fx_mouse&quot;:&quot;yes&quot;,&quot;motion_fx_mouseTrack_effect&quot;:&quot;yes&quot;,&quot;motion_fx_tilt_effect&quot;:&quot;yes&quot;,&quot;motion_fx_tilt_direction&quot;:&quot;negative&quot;,&quot;motion_fx_mouseTrack_speed&quot;:{&quot;unit&quot;:&quot;px&quot;,&quot;size&quot;:1,&quot;sizes&quot;:[]},&quot;motion_fx_tilt_speed&quot;:{&quot;unit&quot;:&quot;px&quot;,&quot;size&quot;:4,&quot;sizes&quot;:[]}}\" data-widget_type=\"image.default\">\n\t\t\t\t<div class=\"elementor-widget-container\">\n\t\t\t\t\t\t\t\t\t\t\t\t\t\t\t<img fetchpriority=\"high\" decoding=\"async\" width=\"940\" height=\"1024\" src=\"https:\/\/grupoican.com.br\/wp-content\/uploads\/2021\/09\/Diferenciais-2-scaled-e1653668503607-940x1024.jpg\" class=\"attachment-large size-large wp-image-245\" alt=\"\" srcset=\"https:\/\/grupoican.com.br\/wp-content\/uploads\/2021\/09\/Diferenciais-2-scaled-e1653668503607-940x1024.jpg 940w, https:\/\/grupoican.com.br\/wp-content\/uploads\/2021\/09\/Diferenciais-2-scaled-e1653668503607-275x300.jpg 275w, https:\/\/grupoican.com.br\/wp-content\/uploads\/2021\/09\/Diferenciais-2-scaled-e1653668503607-768x837.jpg 768w, https:\/\/grupoican.com.br\/wp-content\/uploads\/2021\/09\/Diferenciais-2-scaled-e1653668503607.jpg 1075w\" sizes=\"(max-width: 940px) 100vw, 940px\" \/>\t\t\t\t\t\t\t\t\t\t\t\t\t\t\t<\/div>\n\t\t\t\t<\/div>\n\t\t\t\t\t<\/div>\n\t\t<\/div>\n\t\t\t\t\t<\/div>\n\t\t<\/section>\n\t\t\t\t<\/div>","protected":false},"excerpt":{"rendered":"<p>\u0627\u0644\u062a\u0641\u0627\u0636\u0644<\/p>","protected":false},"author":1,"featured_media":0,"parent":0,"menu_order":0,"comment_status":"closed","ping_status":"closed","template":"","meta":{"neve_meta_sidebar":"","neve_meta_container":"","neve_meta_enable_content_width":"","neve_meta_content_width":0,"neve_meta_title_alignment":"","neve_meta_author_avatar":"","neve_post_elements_order":"","neve_meta_disable_header":"","neve_meta_disable_footer":"","neve_meta_disable_title":"on","neve_meta_reading_time":"","_joinchat":[],"footnotes":""},"class_list":["post-243","page","type-page","status-publish","hentry"],"yoast_head":"<!-- This site is optimized with the Yoast SEO Premium plugin v22.5 (Yoast SEO v24.5) - https:\/\/yoast.com\/wordpress\/plugins\/seo\/ -->\n<title>Diferenciais - GrupoIcan<\/title>\n<meta name=\"robots\" content=\"index, follow, max-snippet:-1, max-image-preview:large, max-video-preview:-1\" \/>\n<link rel=\"canonical\" href=\"https:\/\/grupoican.com.br\/ar\/diferenciais-2\/\" \/>\n<meta property=\"og:locale\" content=\"ar_AR\" \/>\n<meta property=\"og:type\" content=\"article\" \/>\n<meta property=\"og:title\" content=\"Diferenciais\" \/>\n<meta property=\"og:description\" content=\"Diferenciais\" \/>\n<meta property=\"og:url\" content=\"https:\/\/grupoican.com.br\/ar\/diferenciais-2\/\" \/>\n<meta property=\"og:site_name\" content=\"GrupoIcan\" \/>\n<meta property=\"article:modified_time\" content=\"2022-07-14T16:36:05+00:00\" \/>\n<meta property=\"og:image\" content=\"http:\/\/grupoican.com.br\/wp-content\/uploads\/2021\/09\/Diferenciais-2-scaled-e1653668503607-940x1024.jpg\" \/>\n<meta name=\"twitter:card\" content=\"summary_large_image\" \/>\n<meta name=\"twitter:label1\" content=\"\u0648\u0642\u062a \u0627\u0644\u0642\u0631\u0627\u0621\u0629 \u0627\u0644\u0645\u064f\u0642\u062f\u0651\u0631\" \/>\n\t<meta name=\"twitter:data1\" content=\"\u062f\u0642\u064a\u0642\u0629 \u0648\u0627\u062d\u062f\u0629\" \/>\n<script type=\"application\/ld+json\" class=\"yoast-schema-graph\">{\"@context\":\"https:\/\/schema.org\",\"@graph\":[{\"@type\":\"WebPage\",\"@id\":\"https:\/\/grupoican.com.br\/diferenciais-2\/\",\"url\":\"https:\/\/grupoican.com.br\/diferenciais-2\/\",\"name\":\"Diferenciais - GrupoIcan\",\"isPartOf\":{\"@id\":\"https:\/\/grupoican.com.br\/#website\"},\"primaryImageOfPage\":{\"@id\":\"https:\/\/grupoican.com.br\/diferenciais-2\/#primaryimage\"},\"image\":{\"@id\":\"https:\/\/grupoican.com.br\/diferenciais-2\/#primaryimage\"},\"thumbnailUrl\":\"http:\/\/grupoican.com.br\/wp-content\/uploads\/2021\/09\/Diferenciais-2-scaled-e1653668503607-940x1024.jpg\",\"datePublished\":\"2021-09-14T17:28:21+00:00\",\"dateModified\":\"2022-07-14T16:36:05+00:00\",\"breadcrumb\":{\"@id\":\"https:\/\/grupoican.com.br\/diferenciais-2\/#breadcrumb\"},\"inLanguage\":\"ar\",\"potentialAction\":[{\"@type\":\"ReadAction\",\"target\":[\"https:\/\/grupoican.com.br\/diferenciais-2\/\"]}]},{\"@type\":\"ImageObject\",\"inLanguage\":\"ar\",\"@id\":\"https:\/\/grupoican.com.br\/diferenciais-2\/#primaryimage\",\"url\":\"http:\/\/grupoican.com.br\/wp-content\/uploads\/2021\/09\/Diferenciais-2-scaled-e1653668503607-940x1024.jpg\",\"contentUrl\":\"http:\/\/grupoican.com.br\/wp-content\/uploads\/2021\/09\/Diferenciais-2-scaled-e1653668503607-940x1024.jpg\"},{\"@type\":\"BreadcrumbList\",\"@id\":\"https:\/\/grupoican.com.br\/diferenciais-2\/#breadcrumb\",\"itemListElement\":[{\"@type\":\"ListItem\",\"position\":1,\"name\":\"In\u00edcio\",\"item\":\"https:\/\/grupoican.com.br\/\"},{\"@type\":\"ListItem\",\"position\":2,\"name\":\"Diferenciais\"}]},{\"@type\":\"WebSite\",\"@id\":\"https:\/\/grupoican.com.br\/#website\",\"url\":\"https:\/\/grupoican.com.br\/\",\"name\":\"GrupoIcan\",\"description\":\"Consultoria especializada em gest\u00e3o empresarial e \u00e1rea de petr\u00f3leo e g\u00e1s.\",\"publisher\":{\"@id\":\"https:\/\/grupoican.com.br\/#organization\"},\"potentialAction\":[{\"@type\":\"SearchAction\",\"target\":{\"@type\":\"EntryPoint\",\"urlTemplate\":\"https:\/\/grupoican.com.br\/?s={search_term_string}\"},\"query-input\":{\"@type\":\"PropertyValueSpecification\",\"valueRequired\":true,\"valueName\":\"search_term_string\"}}],\"inLanguage\":\"ar\"},{\"@type\":\"Organization\",\"@id\":\"https:\/\/grupoican.com.br\/#organization\",\"name\":\"GrupoIcan\",\"url\":\"https:\/\/grupoican.com.br\/\",\"logo\":{\"@type\":\"ImageObject\",\"inLanguage\":\"ar\",\"@id\":\"https:\/\/grupoican.com.br\/#\/schema\/logo\/image\/\",\"url\":\"https:\/\/grupoican.com.br\/wp-content\/uploads\/2021\/09\/logo-icanbe.png\",\"contentUrl\":\"https:\/\/grupoican.com.br\/wp-content\/uploads\/2021\/09\/logo-icanbe.png\",\"width\":1855,\"height\":1573,\"caption\":\"GrupoIcan\"},\"image\":{\"@id\":\"https:\/\/grupoican.com.br\/#\/schema\/logo\/image\/\"}}]}<\/script>\n<!-- \/ Yoast SEO Premium plugin. -->","yoast_head_json":{"title":"Diferenciais - GrupoIcan","robots":{"index":"index","follow":"follow","max-snippet":"max-snippet:-1","max-image-preview":"max-image-preview:large","max-video-preview":"max-video-preview:-1"},"canonical":"https:\/\/grupoican.com.br\/ar\/diferenciais-2\/","og_locale":"ar_AR","og_type":"article","og_title":"Diferenciais","og_description":"Diferenciais","og_url":"https:\/\/grupoican.com.br\/ar\/diferenciais-2\/","og_site_name":"GrupoIcan","article_modified_time":"2022-07-14T16:36:05+00:00","og_image":[{"url":"http:\/\/grupoican.com.br\/wp-content\/uploads\/2021\/09\/Diferenciais-2-scaled-e1653668503607-940x1024.jpg","type":"","width":"","height":""}],"twitter_card":"summary_large_image","twitter_misc":{"\u0648\u0642\u062a \u0627\u0644\u0642\u0631\u0627\u0621\u0629 \u0627\u0644\u0645\u064f\u0642\u062f\u0651\u0631":"\u062f\u0642\u064a\u0642\u0629 \u0648\u0627\u062d\u062f\u0629"},"schema":{"@context":"https:\/\/schema.org","@graph":[{"@type":"WebPage","@id":"https:\/\/grupoican.com.br\/diferenciais-2\/","url":"https:\/\/grupoican.com.br\/diferenciais-2\/","name":"Diferenciais - GrupoIcan","isPartOf":{"@id":"https:\/\/grupoican.com.br\/#website"},"primaryImageOfPage":{"@id":"https:\/\/grupoican.com.br\/diferenciais-2\/#primaryimage"},"image":{"@id":"https:\/\/grupoican.com.br\/diferenciais-2\/#primaryimage"},"thumbnailUrl":"http:\/\/grupoican.com.br\/wp-content\/uploads\/2021\/09\/Diferenciais-2-scaled-e1653668503607-940x1024.jpg","datePublished":"2021-09-14T17:28:21+00:00","dateModified":"2022-07-14T16:36:05+00:00","breadcrumb":{"@id":"https:\/\/grupoican.com.br\/diferenciais-2\/#breadcrumb"},"inLanguage":"ar","potentialAction":[{"@type":"ReadAction","target":["https:\/\/grupoican.com.br\/diferenciais-2\/"]}]},{"@type":"ImageObject","inLanguage":"ar","@id":"https:\/\/grupoican.com.br\/diferenciais-2\/#primaryimage","url":"http:\/\/grupoican.com.br\/wp-content\/uploads\/2021\/09\/Diferenciais-2-scaled-e1653668503607-940x1024.jpg","contentUrl":"http:\/\/grupoican.com.br\/wp-content\/uploads\/2021\/09\/Diferenciais-2-scaled-e1653668503607-940x1024.jpg"},{"@type":"BreadcrumbList","@id":"https:\/\/grupoican.com.br\/diferenciais-2\/#breadcrumb","itemListElement":[{"@type":"ListItem","position":1,"name":"In\u00edcio","item":"https:\/\/grupoican.com.br\/"},{"@type":"ListItem","position":2,"name":"Diferenciais"}]},{"@type":"WebSite","@id":"https:\/\/grupoican.com.br\/#website","url":"https:\/\/grupoican.com.br\/","name":"GrupoIcan","description":"Consultoria especializada em gest\u00e3o empresarial e \u00e1rea de petr\u00f3leo e g\u00e1s.","publisher":{"@id":"https:\/\/grupoican.com.br\/#organization"},"potentialAction":[{"@type":"SearchAction","target":{"@type":"EntryPoint","urlTemplate":"https:\/\/grupoican.com.br\/?s={search_term_string}"},"query-input":{"@type":"PropertyValueSpecification","valueRequired":true,"valueName":"search_term_string"}}],"inLanguage":"ar"},{"@type":"Organization","@id":"https:\/\/grupoican.com.br\/#organization","name":"GrupoIcan","url":"https:\/\/grupoican.com.br\/","logo":{"@type":"ImageObject","inLanguage":"ar","@id":"https:\/\/grupoican.com.br\/#\/schema\/logo\/image\/","url":"https:\/\/grupoican.com.br\/wp-content\/uploads\/2021\/09\/logo-icanbe.png","contentUrl":"https:\/\/grupoican.com.br\/wp-content\/uploads\/2021\/09\/logo-icanbe.png","width":1855,"height":1573,"caption":"GrupoIcan"},"image":{"@id":"https:\/\/grupoican.com.br\/#\/schema\/logo\/image\/"}}]}},"amp_enabled":true,"_links":{"self":[{"href":"https:\/\/grupoican.com.br\/ar\/wp-json\/wp\/v2\/pages\/243","targetHints":{"allow":["GET"]}}],"collection":[{"href":"https:\/\/grupoican.com.br\/ar\/wp-json\/wp\/v2\/pages"}],"about":[{"href":"https:\/\/grupoican.com.br\/ar\/wp-json\/wp\/v2\/types\/page"}],"author":[{"embeddable":true,"href":"https:\/\/grupoican.com.br\/ar\/wp-json\/wp\/v2\/users\/1"}],"replies":[{"embeddable":true,"href":"https:\/\/grupoican.com.br\/ar\/wp-json\/wp\/v2\/comments?post=243"}],"version-history":[{"count":0,"href":"https:\/\/grupoican.com.br\/ar\/wp-json\/wp\/v2\/pages\/243\/revisions"}],"wp:attachment":[{"href":"https:\/\/grupoican.com.br\/ar\/wp-json\/wp\/v2\/media?parent=243"}],"curies":[{"name":"wp","href":"https:\/\/api.w.org\/{rel}","templated":true}]}}