{"id":264,"date":"2021-09-14T14:45:18","date_gmt":"2021-09-14T17:45:18","guid":{"rendered":"https:\/\/grupoican.com.br\/?page_id=264"},"modified":"2022-03-21T20:33:50","modified_gmt":"2022-03-21T23:33:50","slug":"gestao-de-pessoas","status":"publish","type":"page","link":"https:\/\/grupoican.com.br\/ar\/gestao-de-pessoas\/","title":{"rendered":"\u0625\u062f\u0627\u0631\u0629 \u0627\u0644\u0623\u0641\u0631\u0627\u062f"},"content":{"rendered":"<div data-elementor-type=\"wp-page\" data-elementor-id=\"264\" class=\"elementor elementor-264\" data-elementor-post-type=\"page\">\n\t\t\t\t\t\t<section class=\"elementor-section elementor-top-section elementor-element elementor-element-6dd3b46 elementor-section-boxed elementor-section-height-default elementor-section-height-default\" data-id=\"6dd3b46\" data-element_type=\"section\">\n\t\t\t\t\t\t<div class=\"elementor-container elementor-column-gap-default\">\n\t\t\t\t\t<div class=\"elementor-column elementor-col-100 elementor-top-column elementor-element elementor-element-fb3d11c\" data-id=\"fb3d11c\" data-element_type=\"column\">\n\t\t\t<div class=\"elementor-widget-wrap elementor-element-populated\">\n\t\t\t\t\t\t<div class=\"elementor-element elementor-element-c1401fc elementor-widget elementor-widget-spacer\" data-id=\"c1401fc\" data-element_type=\"widget\" data-widget_type=\"spacer.default\">\n\t\t\t\t<div class=\"elementor-widget-container\">\n\t\t\t\t\t\t\t<div class=\"elementor-spacer\">\n\t\t\t<div class=\"elementor-spacer-inner\"><\/div>\n\t\t<\/div>\n\t\t\t\t\t\t<\/div>\n\t\t\t\t<\/div>\n\t\t\t\t\t<\/div>\n\t\t<\/div>\n\t\t\t\t\t<\/div>\n\t\t<\/section>\n\t\t\t\t<section class=\"elementor-section elementor-top-section elementor-element elementor-element-84cac32 elementor-section-boxed elementor-section-height-default elementor-section-height-default\" data-id=\"84cac32\" data-element_type=\"section\">\n\t\t\t\t\t\t<div class=\"elementor-container elementor-column-gap-default\">\n\t\t\t\t\t<div class=\"elementor-column elementor-col-100 elementor-top-column elementor-element elementor-element-2cc553e\" data-id=\"2cc553e\" data-element_type=\"column\">\n\t\t\t<div class=\"elementor-widget-wrap elementor-element-populated\">\n\t\t\t\t\t\t<div class=\"elementor-element elementor-element-753bbfb elementor-invisible elementor-widget elementor-widget-heading\" data-id=\"753bbfb\" data-element_type=\"widget\" data-settings=\"{&quot;_animation&quot;:&quot;slideInRight&quot;}\" data-widget_type=\"heading.default\">\n\t\t\t\t<div class=\"elementor-widget-container\">\n\t\t\t\t\t<h2 class=\"elementor-heading-title elementor-size-default\">\u0625\u062f\u0627\u0631\u0629 \u0627\u0644\u0623\u0641\u0631\u0627\u062f<\/h2>\t\t\t\t<\/div>\n\t\t\t\t<\/div>\n\t\t\t\t\t<\/div>\n\t\t<\/div>\n\t\t\t\t\t<\/div>\n\t\t<\/section>\n\t\t\t\t<section class=\"elementor-section elementor-top-section elementor-element elementor-element-73ea97e8 elementor-section-boxed elementor-section-height-default elementor-section-height-default\" data-id=\"73ea97e8\" data-element_type=\"section\">\n\t\t\t\t\t\t<div class=\"elementor-container elementor-column-gap-default\">\n\t\t\t\t\t<div class=\"elementor-column elementor-col-100 elementor-top-column elementor-element elementor-element-31a27087\" data-id=\"31a27087\" data-element_type=\"column\">\n\t\t\t<div class=\"elementor-widget-wrap elementor-element-populated\">\n\t\t\t\t\t\t<div class=\"elementor-element elementor-element-ff3fc76 elementor-widget elementor-widget-text-editor\" data-id=\"ff3fc76\" data-element_type=\"widget\" data-widget_type=\"text-editor.default\">\n\t\t\t\t<div class=\"elementor-widget-container\">\n\t\t\t\t\t\t\t\t\t\n<p>\u2981 \u0627\u0644\u062a\u0648\u0638\u064a\u0641 \u060c \u0627\u0644\u0627\u062e\u062a\u064a\u0627\u0631 \u060c \u0627\u0644\u0648\u0643\u0627\u0644\u0629 (\u0627\u0644\u0627\u0641\u062a\u0631\u0627\u0636\u064a\u0629 \u060c \u0648\u062c\u0647\u0627\u064b \u0644\u0648\u062c\u0647) \u061b<br \/>\u2981 \u062a\u0637\u0648\u064a\u0631 \u0627\u0644\u0641\u0631\u064a\u0642.<br \/>\u2981 \u062a\u0646\u0645\u064a\u0629 \u0627\u0644\u0642\u064a\u0627\u062f\u0629.<br \/>\u2981 \u0627\u0644\u062a\u0637\u0648\u064a\u0631 \u0627\u0644\u062a\u0646\u0638\u064a\u0645\u064a.<br \/>\u2981 \u0627\u0644\u062a\u062f\u0631\u064a\u0628 \u0627\u0644\u0641\u0631\u062f\u064a \u0648\u0627\u0644\u062c\u0645\u0627\u0639\u064a.<br \/>\u2981 \u0645\u062d\u0627\u0636\u0631\u0627\u062a \u0648\u062a\u062f\u0631\u064a\u0628 (\u062f\u0631\u0648\u0633 \u0648\u062c\u0647\u064b\u0627 \u0644\u0648\u062c\u0647 \u060c \u0639\u0628\u0631 \u0627\u0644\u0625\u0646\u062a\u0631\u0646\u062a \u0648\u0641\u064a\u062f\u064a\u0648) \u061b<br \/>\u2981 \u062a\u0637\u0648\u064a\u0631 \u062d\u0645\u0644\u0627\u062a \u062a\u0648\u0639\u064a\u0629 \u0648\u062a\u0648\u0639\u064a\u0629.<br \/>\u2981 \u062a\u0646\u0641\u064a\u0630 \u0627\u0644\u0645\u0648\u0627\u0631\u062f \u0627\u0644\u0628\u0634\u0631\u064a\u0629 \u0627\u0644\u0627\u0633\u062a\u0631\u0627\u062a\u064a\u062c\u064a\u0629.<br \/>\u2981 \u062a\u0646\u0641\u064a\u0630 \u0625\u062c\u0631\u0627\u0621\u0627\u062a \u0627\u0644\u0645\u0648\u0627\u0631\u062f \u0627\u0644\u0628\u0634\u0631\u064a\u0629 \u0627\u0644\u0642\u0627\u0646\u0648\u0646\u064a\u0629.<br \/>\u2981 \u062a\u0646\u0641\u064a\u0630 \u0625\u062c\u0631\u0627\u0621\u0627\u062a \u062a\u0634\u063a\u064a\u0644 \u0627\u0644\u0645\u0648\u0627\u0631\u062f \u0627\u0644\u0628\u0634\u0631\u064a\u0629.<br \/>\u062a\u0637\u0628\u064a\u0642 \u0646\u0638\u0627\u0645 \u0625\u062f\u0627\u0631\u0629 \u0627\u0644\u0645\u0648\u0627\u0631\u062f \u0627\u0644\u0628\u0634\u0631\u064a\u0629.<br \/>\u2981 \u0645\u0633\u062d \u0627\u0644\u0645\u0646\u0627\u062e.<br \/>\u2981 \u062a\u062d\u0644\u064a\u0644 \u0627\u0644\u0645\u0644\u0641 \u0627\u0644\u0634\u062e\u0635\u064a.<br \/>\u2981 \u0627\u0644\u062a\u0642\u064a\u064a\u0645 \u0627\u0644\u0646\u0641\u0633\u064a.<br \/>\u2981 \u0645\u0631\u0627\u062c\u0639\u0629 \u0627\u0644\u0635\u0646\u062f\u0648\u0642 \u0627\u0644\u062a\u0627\u0633\u0639.<\/p>\n\t\t\t\t\t\t\t\t<\/div>\n\t\t\t\t<\/div>\n\t\t\t\t\t<\/div>\n\t\t<\/div>\n\t\t\t\t\t<\/div>\n\t\t<\/section>\n\t\t\t\t<\/div>","protected":false},"excerpt":{"rendered":"<p>Gest\u00e3o de Pessoas \u2981 Recrutamento, Sele\u00e7\u00e3o, Agenciamento (virtual, presencial);\u2981 Desenvolvimento de Equipes;\u2981 Desenvolvimento de Lideran\u00e7as;\u2981 Desenvolvimento Organizacional;\u2981 Coaching individual e de equipe;\u2981 Palestras e Treinamentos (presenciais, online e videoaulas);\u2981 Desenvolvimento de campanhas de sensibiliza\u00e7\u00e3o e conscientiza\u00e7\u00e3o;\u2981 Implanta\u00e7\u00e3o de RH Estrat\u00e9gico;\u2981 Implanta\u00e7\u00e3o de Rotinas Legais de RH;\u2981 Implanta\u00e7\u00e3o de Rotinas Operacionais de RH;\u2981 Implanta\u00e7\u00e3o de Sistema&hellip;&nbsp;<a href=\"https:\/\/grupoican.com.br\/ar\/gestao-de-pessoas\/\" rel=\"bookmark\">Read More &raquo;<span class=\"screen-reader-text\">\u0625\u062f\u0627\u0631\u0629 \u0627\u0644\u0623\u0641\u0631\u0627\u062f<\/span><\/a><\/p>","protected":false},"author":1,"featured_media":0,"parent":0,"menu_order":0,"comment_status":"closed","ping_status":"closed","template":"","meta":{"neve_meta_sidebar":"","neve_meta_container":"","neve_meta_enable_content_width":"","neve_meta_content_width":0,"neve_meta_title_alignment":"","neve_meta_author_avatar":"","neve_post_elements_order":"","neve_meta_disable_header":"","neve_meta_disable_footer":"","neve_meta_disable_title":"on","neve_meta_reading_time":"","_joinchat":[],"footnotes":""},"class_list":["post-264","page","type-page","status-publish","hentry"],"yoast_head":"<!-- This site is optimized with the Yoast SEO Premium plugin v22.5 (Yoast SEO v24.5) - https:\/\/yoast.com\/wordpress\/plugins\/seo\/ -->\n<title>Gest\u00e3o de Pessoas - GrupoIcan<\/title>\n<meta name=\"robots\" content=\"index, follow, max-snippet:-1, max-image-preview:large, max-video-preview:-1\" \/>\n<link rel=\"canonical\" href=\"https:\/\/grupoican.com.br\/ar\/gestao-de-pessoas\/\" \/>\n<meta property=\"og:locale\" content=\"ar_AR\" \/>\n<meta property=\"og:type\" content=\"article\" \/>\n<meta property=\"og:title\" content=\"Gest\u00e3o de Pessoas\" \/>\n<meta property=\"og:description\" content=\"Gest\u00e3o de Pessoas \u2981 Recrutamento, Sele\u00e7\u00e3o, Agenciamento (virtual, presencial);\u2981 Desenvolvimento de Equipes;\u2981 Desenvolvimento de Lideran\u00e7as;\u2981 Desenvolvimento Organizacional;\u2981 Coaching individual e de equipe;\u2981 Palestras e Treinamentos (presenciais, online e videoaulas);\u2981 Desenvolvimento de campanhas de sensibiliza\u00e7\u00e3o e conscientiza\u00e7\u00e3o;\u2981 Implanta\u00e7\u00e3o de RH Estrat\u00e9gico;\u2981 Implanta\u00e7\u00e3o de Rotinas Legais de RH;\u2981 Implanta\u00e7\u00e3o de Rotinas Operacionais de RH;\u2981 Implanta\u00e7\u00e3o de Sistema&hellip;&nbsp;Read More &raquo;Gest\u00e3o de Pessoas\" \/>\n<meta property=\"og:url\" content=\"https:\/\/grupoican.com.br\/ar\/gestao-de-pessoas\/\" \/>\n<meta property=\"og:site_name\" content=\"GrupoIcan\" \/>\n<meta property=\"article:modified_time\" content=\"2022-03-21T23:33:50+00:00\" \/>\n<meta name=\"twitter:card\" content=\"summary_large_image\" \/>\n<meta name=\"twitter:label1\" content=\"\u0648\u0642\u062a \u0627\u0644\u0642\u0631\u0627\u0621\u0629 \u0627\u0644\u0645\u064f\u0642\u062f\u0651\u0631\" \/>\n\t<meta name=\"twitter:data1\" content=\"\u062f\u0642\u064a\u0642\u0629 \u0648\u0627\u062d\u062f\u0629\" \/>\n<script type=\"application\/ld+json\" class=\"yoast-schema-graph\">{\"@context\":\"https:\/\/schema.org\",\"@graph\":[{\"@type\":\"WebPage\",\"@id\":\"https:\/\/grupoican.com.br\/gestao-de-pessoas\/\",\"url\":\"https:\/\/grupoican.com.br\/gestao-de-pessoas\/\",\"name\":\"Gest\u00e3o de Pessoas - GrupoIcan\",\"isPartOf\":{\"@id\":\"https:\/\/grupoican.com.br\/#website\"},\"datePublished\":\"2021-09-14T17:45:18+00:00\",\"dateModified\":\"2022-03-21T23:33:50+00:00\",\"breadcrumb\":{\"@id\":\"https:\/\/grupoican.com.br\/gestao-de-pessoas\/#breadcrumb\"},\"inLanguage\":\"ar\",\"potentialAction\":[{\"@type\":\"ReadAction\",\"target\":[\"https:\/\/grupoican.com.br\/gestao-de-pessoas\/\"]}]},{\"@type\":\"BreadcrumbList\",\"@id\":\"https:\/\/grupoican.com.br\/gestao-de-pessoas\/#breadcrumb\",\"itemListElement\":[{\"@type\":\"ListItem\",\"position\":1,\"name\":\"In\u00edcio\",\"item\":\"https:\/\/grupoican.com.br\/\"},{\"@type\":\"ListItem\",\"position\":2,\"name\":\"Gest\u00e3o de Pessoas\"}]},{\"@type\":\"WebSite\",\"@id\":\"https:\/\/grupoican.com.br\/#website\",\"url\":\"https:\/\/grupoican.com.br\/\",\"name\":\"GrupoIcan\",\"description\":\"Consultoria especializada em gest\u00e3o empresarial e \u00e1rea de petr\u00f3leo e g\u00e1s.\",\"publisher\":{\"@id\":\"https:\/\/grupoican.com.br\/#organization\"},\"potentialAction\":[{\"@type\":\"SearchAction\",\"target\":{\"@type\":\"EntryPoint\",\"urlTemplate\":\"https:\/\/grupoican.com.br\/?s={search_term_string}\"},\"query-input\":{\"@type\":\"PropertyValueSpecification\",\"valueRequired\":true,\"valueName\":\"search_term_string\"}}],\"inLanguage\":\"ar\"},{\"@type\":\"Organization\",\"@id\":\"https:\/\/grupoican.com.br\/#organization\",\"name\":\"GrupoIcan\",\"url\":\"https:\/\/grupoican.com.br\/\",\"logo\":{\"@type\":\"ImageObject\",\"inLanguage\":\"ar\",\"@id\":\"https:\/\/grupoican.com.br\/#\/schema\/logo\/image\/\",\"url\":\"https:\/\/grupoican.com.br\/wp-content\/uploads\/2021\/09\/logo-icanbe.png\",\"contentUrl\":\"https:\/\/grupoican.com.br\/wp-content\/uploads\/2021\/09\/logo-icanbe.png\",\"width\":1855,\"height\":1573,\"caption\":\"GrupoIcan\"},\"image\":{\"@id\":\"https:\/\/grupoican.com.br\/#\/schema\/logo\/image\/\"}}]}<\/script>\n<!-- \/ Yoast SEO Premium plugin. -->","yoast_head_json":{"title":"Gest\u00e3o de Pessoas - GrupoIcan","robots":{"index":"index","follow":"follow","max-snippet":"max-snippet:-1","max-image-preview":"max-image-preview:large","max-video-preview":"max-video-preview:-1"},"canonical":"https:\/\/grupoican.com.br\/ar\/gestao-de-pessoas\/","og_locale":"ar_AR","og_type":"article","og_title":"Gest\u00e3o de Pessoas","og_description":"Gest\u00e3o de Pessoas \u2981 Recrutamento, Sele\u00e7\u00e3o, Agenciamento (virtual, presencial);\u2981 Desenvolvimento de Equipes;\u2981 Desenvolvimento de Lideran\u00e7as;\u2981 Desenvolvimento Organizacional;\u2981 Coaching individual e de equipe;\u2981 Palestras e Treinamentos (presenciais, online e videoaulas);\u2981 Desenvolvimento de campanhas de sensibiliza\u00e7\u00e3o e conscientiza\u00e7\u00e3o;\u2981 Implanta\u00e7\u00e3o de RH Estrat\u00e9gico;\u2981 Implanta\u00e7\u00e3o de Rotinas Legais de RH;\u2981 Implanta\u00e7\u00e3o de Rotinas Operacionais de RH;\u2981 Implanta\u00e7\u00e3o de Sistema&hellip;&nbsp;Read More &raquo;Gest\u00e3o de Pessoas","og_url":"https:\/\/grupoican.com.br\/ar\/gestao-de-pessoas\/","og_site_name":"GrupoIcan","article_modified_time":"2022-03-21T23:33:50+00:00","twitter_card":"summary_large_image","twitter_misc":{"\u0648\u0642\u062a \u0627\u0644\u0642\u0631\u0627\u0621\u0629 \u0627\u0644\u0645\u064f\u0642\u062f\u0651\u0631":"\u062f\u0642\u064a\u0642\u0629 \u0648\u0627\u062d\u062f\u0629"},"schema":{"@context":"https:\/\/schema.org","@graph":[{"@type":"WebPage","@id":"https:\/\/grupoican.com.br\/gestao-de-pessoas\/","url":"https:\/\/grupoican.com.br\/gestao-de-pessoas\/","name":"Gest\u00e3o de Pessoas - GrupoIcan","isPartOf":{"@id":"https:\/\/grupoican.com.br\/#website"},"datePublished":"2021-09-14T17:45:18+00:00","dateModified":"2022-03-21T23:33:50+00:00","breadcrumb":{"@id":"https:\/\/grupoican.com.br\/gestao-de-pessoas\/#breadcrumb"},"inLanguage":"ar","potentialAction":[{"@type":"ReadAction","target":["https:\/\/grupoican.com.br\/gestao-de-pessoas\/"]}]},{"@type":"BreadcrumbList","@id":"https:\/\/grupoican.com.br\/gestao-de-pessoas\/#breadcrumb","itemListElement":[{"@type":"ListItem","position":1,"name":"In\u00edcio","item":"https:\/\/grupoican.com.br\/"},{"@type":"ListItem","position":2,"name":"Gest\u00e3o de Pessoas"}]},{"@type":"WebSite","@id":"https:\/\/grupoican.com.br\/#website","url":"https:\/\/grupoican.com.br\/","name":"GrupoIcan","description":"Consultoria especializada em gest\u00e3o empresarial e \u00e1rea de petr\u00f3leo e g\u00e1s.","publisher":{"@id":"https:\/\/grupoican.com.br\/#organization"},"potentialAction":[{"@type":"SearchAction","target":{"@type":"EntryPoint","urlTemplate":"https:\/\/grupoican.com.br\/?s={search_term_string}"},"query-input":{"@type":"PropertyValueSpecification","valueRequired":true,"valueName":"search_term_string"}}],"inLanguage":"ar"},{"@type":"Organization","@id":"https:\/\/grupoican.com.br\/#organization","name":"GrupoIcan","url":"https:\/\/grupoican.com.br\/","logo":{"@type":"ImageObject","inLanguage":"ar","@id":"https:\/\/grupoican.com.br\/#\/schema\/logo\/image\/","url":"https:\/\/grupoican.com.br\/wp-content\/uploads\/2021\/09\/logo-icanbe.png","contentUrl":"https:\/\/grupoican.com.br\/wp-content\/uploads\/2021\/09\/logo-icanbe.png","width":1855,"height":1573,"caption":"GrupoIcan"},"image":{"@id":"https:\/\/grupoican.com.br\/#\/schema\/logo\/image\/"}}]}},"amp_enabled":true,"_links":{"self":[{"href":"https:\/\/grupoican.com.br\/ar\/wp-json\/wp\/v2\/pages\/264","targetHints":{"allow":["GET"]}}],"collection":[{"href":"https:\/\/grupoican.com.br\/ar\/wp-json\/wp\/v2\/pages"}],"about":[{"href":"https:\/\/grupoican.com.br\/ar\/wp-json\/wp\/v2\/types\/page"}],"author":[{"embeddable":true,"href":"https:\/\/grupoican.com.br\/ar\/wp-json\/wp\/v2\/users\/1"}],"replies":[{"embeddable":true,"href":"https:\/\/grupoican.com.br\/ar\/wp-json\/wp\/v2\/comments?post=264"}],"version-history":[{"count":0,"href":"https:\/\/grupoican.com.br\/ar\/wp-json\/wp\/v2\/pages\/264\/revisions"}],"wp:attachment":[{"href":"https:\/\/grupoican.com.br\/ar\/wp-json\/wp\/v2\/media?parent=264"}],"curies":[{"name":"wp","href":"https:\/\/api.w.org\/{rel}","templated":true}]}}