{"id":269,"date":"2021-09-14T14:47:09","date_gmt":"2021-09-14T17:47:09","guid":{"rendered":"https:\/\/grupoican.com.br\/?page_id=269"},"modified":"2022-07-26T11:23:04","modified_gmt":"2022-07-26T14:23:04","slug":"area-tecnica-e-industrial-petroleo-e-gas","status":"publish","type":"page","link":"https:\/\/grupoican.com.br\/ar\/area-tecnica-e-industrial-petroleo-e-gas\/","title":{"rendered":"\u0627\u0644\u0645\u062c\u0627\u0644 \u0627\u0644\u0641\u0646\u064a \u0648\u0627\u0644\u0635\u0646\u0627\u0639\u064a (\u0627\u0644\u0646\u0641\u0637 \u0648\u0627\u0644\u063a\u0627\u0632)"},"content":{"rendered":"<div data-elementor-type=\"wp-page\" data-elementor-id=\"269\" class=\"elementor elementor-269\" data-elementor-post-type=\"page\">\n\t\t\t\t\t\t<section class=\"elementor-section elementor-top-section elementor-element elementor-element-3870227 elementor-section-boxed elementor-section-height-default elementor-section-height-default\" data-id=\"3870227\" data-element_type=\"section\">\n\t\t\t\t\t\t<div class=\"elementor-container elementor-column-gap-default\">\n\t\t\t\t\t<div class=\"elementor-column elementor-col-100 elementor-top-column elementor-element elementor-element-eacbf45\" data-id=\"eacbf45\" data-element_type=\"column\">\n\t\t\t<div class=\"elementor-widget-wrap elementor-element-populated\">\n\t\t\t\t\t\t<div class=\"elementor-element elementor-element-0f11d94 elementor-widget elementor-widget-spacer\" data-id=\"0f11d94\" data-element_type=\"widget\" data-widget_type=\"spacer.default\">\n\t\t\t\t<div class=\"elementor-widget-container\">\n\t\t\t\t\t\t\t<div class=\"elementor-spacer\">\n\t\t\t<div class=\"elementor-spacer-inner\"><\/div>\n\t\t<\/div>\n\t\t\t\t\t\t<\/div>\n\t\t\t\t<\/div>\n\t\t\t\t\t<\/div>\n\t\t<\/div>\n\t\t\t\t\t<\/div>\n\t\t<\/section>\n\t\t\t\t<section class=\"elementor-section elementor-top-section elementor-element elementor-element-fb43755 elementor-section-boxed elementor-section-height-default elementor-section-height-default elementor-invisible\" data-id=\"fb43755\" data-element_type=\"section\" data-settings=\"{&quot;animation&quot;:&quot;slideInRight&quot;}\">\n\t\t\t\t\t\t<div class=\"elementor-container elementor-column-gap-default\">\n\t\t\t\t\t<div class=\"elementor-column elementor-col-100 elementor-top-column elementor-element elementor-element-8b4329d\" data-id=\"8b4329d\" data-element_type=\"column\">\n\t\t\t<div class=\"elementor-widget-wrap elementor-element-populated\">\n\t\t\t\t\t\t<div class=\"elementor-element elementor-element-d061a74 elementor-widget elementor-widget-heading\" data-id=\"d061a74\" data-element_type=\"widget\" data-widget_type=\"heading.default\">\n\t\t\t\t<div class=\"elementor-widget-container\">\n\t\t\t\t\t<h2 class=\"elementor-heading-title elementor-size-default\">\u0627\u0644\u0645\u062c\u0627\u0644 \u0627\u0644\u0641\u0646\u064a \u0648\u0627\u0644\u0635\u0646\u0627\u0639\u064a (\u0627\u0644\u0646\u0641\u0637 \u0648\u0627\u0644\u063a\u0627\u0632)<\/h2>\t\t\t\t<\/div>\n\t\t\t\t<\/div>\n\t\t\t\t\t<\/div>\n\t\t<\/div>\n\t\t\t\t\t<\/div>\n\t\t<\/section>\n\t\t\t\t<section class=\"elementor-section elementor-top-section elementor-element elementor-element-3c24789b elementor-section-boxed elementor-section-height-default elementor-section-height-default\" data-id=\"3c24789b\" data-element_type=\"section\">\n\t\t\t\t\t\t<div class=\"elementor-container elementor-column-gap-default\">\n\t\t\t\t\t<div class=\"elementor-column elementor-col-100 elementor-top-column elementor-element elementor-element-5fff4b59\" data-id=\"5fff4b59\" data-element_type=\"column\">\n\t\t\t<div class=\"elementor-widget-wrap elementor-element-populated\">\n\t\t\t\t\t\t<div class=\"elementor-element elementor-element-567e0830 elementor-invisible elementor-widget elementor-widget-text-editor\" data-id=\"567e0830\" data-element_type=\"widget\" data-settings=\"{&quot;_animation&quot;:&quot;fadeIn&quot;}\" data-widget_type=\"text-editor.default\">\n\t\t\t\t<div class=\"elementor-widget-container\">\n\t\t\t\t\t\t\t\t\t<p><\/p>\n<p>\u062a\u0634\u063a\u064a\u0644 \u0627\u0644\u0645\u0631\u0627\u0641\u0642 (\u0627\u0644\u062e\u0632\u0627\u0646\u0627\u062a \u060c \u0627\u0644\u0623\u0646\u0627\u0628\u064a\u0628 \u060c \u0627\u0644\u0645\u0639\u062f\u0627\u062a) \u061b<\/p>\n<p>\u2981 \u0625\u064a\u0642\u0627\u0641 \u062a\u0634\u063a\u064a\u0644 \u0627\u0644\u0645\u0631\u0627\u0641\u0642 (\u0627\u0644\u062e\u0632\u0627\u0646\u0627\u062a \u060c \u0627\u0644\u0623\u0646\u0627\u0628\u064a\u0628 \u060c \u0627\u0644\u0645\u0639\u062f\u0627\u062a) \u061b<\/p>\n<p>\u2981 \u0627\u0644\u062a\u0634\u063a\u064a\u0644 \u0627\u0644\u0645\u0633\u0628\u0642 \u0644\u0644\u062e\u0632\u0627\u0646\u0627\u062a \u0648\u062e\u0637\u0648\u0637 \u0627\u0644\u0623\u0646\u0627\u0628\u064a\u0628 \u0648\u0627\u0644\u0645\u0639\u062f\u0627\u062a \u061b<\/p>\n<p>\u2981 \u062a\u0634\u063a\u064a\u0644 \u0627\u0644\u062e\u0632\u0627\u0646\u0627\u062a \u0648\u062e\u0637\u0648\u0637 \u0627\u0644\u0623\u0646\u0627\u0628\u064a\u0628 \u0648\u0627\u0644\u0645\u0639\u062f\u0627\u062a \u061b<\/p>\n<p>\u2981 \u0627\u0644\u062a\u062e\u0637\u064a\u0637 \u0644\u062a\u0639\u0637\u0644 \u0627\u0644\u0635\u064a\u0627\u0646\u0629.<\/p>\n<p>\u2981 \u0627\u0644\u0639\u0645\u0644\u064a\u0627\u062a \u0627\u0644\u062e\u0627\u0635\u0629: \u0625\u0639\u0627\u062f\u0629 \u0627\u0644\u0634\u062d\u0646 \u060c \u062d\u0631\u0643\u0629 \u0627\u0644\u0645\u0646\u062a\u062c \u061b<\/p>\n<p>\u2981 \u0625\u0639\u062f\u0627\u062f \/ \u0645\u0631\u0627\u062c\u0639\u0629 \u0627\u0644\u0643\u062a\u064a\u0628\u0627\u062a \u0648\u0627\u0644\u062e\u0637\u0637 \u0648\u0627\u0644\u0625\u062c\u0631\u0627\u0621\u0627\u062a \u0627\u0644\u062a\u0634\u063a\u064a\u0644\u064a\u0629 \u0648\u062e\u0637\u0637 \u0627\u0644\u0637\u0648\u0627\u0631\u0626.<\/p>\n<p>\u2981 \u062a\u062f\u0631\u064a\u0628 \u0641\u0631\u064a\u0642 \u062a\u0634\u063a\u064a\u0644 \u0627\u0644\u0645\u0631\u0627\u0641\u0642 \u061b<\/p>\n<p>\u2981 \u0627\u0644\u062a\u062f\u0631\u064a\u0628 \u0627\u0644\u0641\u0646\u064a: \u0633\u0644\u0627\u0645\u0629 \u0627\u0644\u0639\u0645\u0644\u064a\u0627\u062a \u060c \u062a\u0635\u0631\u064a\u062d \u0627\u0644\u0639\u0645\u0644 \u060c NR<\/p>\n<p>\u2981 \u0639\u0645\u0644\u064a\u0627\u062a \u0627\u0644\u062a\u0641\u062a\u064a\u0634 \u0639\u0628\u0631 \u0627\u0644\u0631\u0633\u0627\u0626\u0644 \u0627\u0644\u0642\u0635\u064a\u0631\u0629 \u061b<\/p>\n<p>\u2981 \u0639\u0645\u0644\u064a\u0627\u062a \u0627\u0644\u062a\u0641\u062a\u064a\u0634 \u0639\u0644\u0649 \u0627\u0644\u0623\u0639\u0645\u0627\u0644 \u0627\u0644\u0645\u062a\u0639\u0644\u0642\u0629 \u0628\u0627\u0644\u0635\u062d\u0629 \u0648\u0627\u0644\u0633\u0644\u0627\u0645\u0629 \u0648\u0627\u0644\u0628\u064a\u0626\u0629 \u061b<\/p>\n<p>\u2981 \u0627\u0644\u062a\u0641\u062a\u064a\u0634 \u0639\u0644\u0649 \u0627\u0644\u0623\u0639\u0645\u0627\u0644 \u0627\u0644\u0645\u0631\u062a\u0641\u0639\u0629.<\/p>\n<p>\u2981 \u062a\u0641\u062a\u064a\u0634 \u0627\u0644\u0639\u0645\u0644 \u0641\u064a \u0627\u0644\u0623\u0645\u0627\u0643\u0646 \u0627\u0644\u0636\u064a\u0642\u0629.<\/p>\n<p>\u2981 \u062f\u0631\u0627\u0633\u0627\u062a \u0627\u0644\u0645\u062e\u0627\u0637\u0631 \u0648\u062f\u0631\u0627\u0633\u0627\u062a \u0627\u0644\u062d\u0648\u0627\u062f\u062b \u0627\u0644\u0645\u0633\u0628\u0628\u0629<span style=\"font-family: var( --e-global-typography-text-font-family ), Sans-serif; font-weight: var( --e-global-typography-text-font-weight ); background-color: var(--nv-site-bg); font-size: var(--bodyFontSize); letter-spacing: var(--bodyLetterSpacing); text-transform: var(--bodyTextTransform);\">;<\/span><\/p>\n<p><span style=\"font-family: var( --e-global-typography-text-font-family ), Sans-serif; font-weight: var( --e-global-typography-text-font-weight ); background-color: var(--nv-site-bg); font-size: var(--bodyFontSize); letter-spacing: var(--bodyLetterSpacing); text-transform: var(--bodyTextTransform);\">\u2981 \u062a\u0634\u062e\u064a\u0635 \u0648\u062a\u0642\u064a\u064a\u0645 \u0625\u062f\u0627\u0631\u0629 \u0627\u0644\u0623\u0635\u0648\u0644<\/span><span style=\"font-family: var( --e-global-typography-text-font-family ), Sans-serif; font-weight: var( --e-global-typography-text-font-weight ); background-color: var(--nv-site-bg); font-size: var(--bodyFontSize); letter-spacing: var(--bodyLetterSpacing); text-transform: var(--bodyTextTransform);\">;<\/span><\/p>\n<p><span style=\"font-family: var( --e-global-typography-text-font-family ), Sans-serif; font-weight: var( --e-global-typography-text-font-weight ); background-color: var(--nv-site-bg); font-size: var(--bodyFontSize); letter-spacing: var(--bodyLetterSpacing); text-transform: var(--bodyTextTransform);\">\u062a\u0646\u0641\u064a\u0630 \u0648\u062a\u0642\u064a\u064a\u0645 PEOTRAM (\u0627\u0644\u0628\u062d\u0631 \u0648\u0627\u0644\u062c\u0648)<\/span><span style=\"font-family: var( --e-global-typography-text-font-family ), Sans-serif; font-weight: var( --e-global-typography-text-font-weight ); background-color: var(--nv-site-bg); font-size: var(--bodyFontSize); letter-spacing: var(--bodyLetterSpacing); text-transform: var(--bodyTextTransform);\">;<\/span><\/p>\n<p><\/p>\t\t\t\t\t\t\t\t<\/div>\n\t\t\t\t<\/div>\n\t\t\t\t\t<\/div>\n\t\t<\/div>\n\t\t\t\t\t<\/div>\n\t\t<\/section>\n\t\t\t\t<\/div>","protected":false},"excerpt":{"rendered":"<p>\u00c1rea t\u00e9cnica e industrial (Petr\u00f3leo e G\u00e1s) \u2981 Comissionamento de instala\u00e7\u00f5es (tanques, dutos, equipamentos); \u2981 Descomissionamento de instala\u00e7\u00f5es (tanques, dutos, equipamentos); \u2981 Pr\u00e9-opera\u00e7\u00e3o de tanques, dutos, equipamentos; \u2981 Opera\u00e7\u00e3o de tanques, dutos, equipamentos; \u2981 Planejamento de paradas para manuten\u00e7\u00e3o; \u2981 Opera\u00e7\u00f5es especiais: transbordos, movimenta\u00e7\u00e3o de produtos; \u2981 Elabora\u00e7\u00e3o\/revis\u00e3o de manuais, planos e procedimentos operacionais e&hellip;&nbsp;<a href=\"https:\/\/grupoican.com.br\/ar\/area-tecnica-e-industrial-petroleo-e-gas\/\" rel=\"bookmark\">Read More &raquo;<span class=\"screen-reader-text\">\u0627\u0644\u0645\u062c\u0627\u0644 \u0627\u0644\u0641\u0646\u064a \u0648\u0627\u0644\u0635\u0646\u0627\u0639\u064a (\u0627\u0644\u0646\u0641\u0637 \u0648\u0627\u0644\u063a\u0627\u0632)<\/span><\/a><\/p>","protected":false},"author":1,"featured_media":0,"parent":0,"menu_order":0,"comment_status":"closed","ping_status":"closed","template":"","meta":{"neve_meta_sidebar":"","neve_meta_container":"","neve_meta_enable_content_width":"","neve_meta_content_width":0,"neve_meta_title_alignment":"","neve_meta_author_avatar":"","neve_post_elements_order":"","neve_meta_disable_header":"","neve_meta_disable_footer":"","neve_meta_disable_title":"on","neve_meta_reading_time":"","_joinchat":[],"footnotes":""},"class_list":["post-269","page","type-page","status-publish","hentry"],"yoast_head":"<!-- This site is optimized with the Yoast SEO Premium plugin v22.5 (Yoast SEO v24.5) - https:\/\/yoast.com\/wordpress\/plugins\/seo\/ -->\n<title>\u00c1rea t\u00e9cnica e industrial (Petr\u00f3leo e G\u00e1s) - GrupoIcan<\/title>\n<meta name=\"robots\" content=\"index, follow, max-snippet:-1, max-image-preview:large, max-video-preview:-1\" \/>\n<link rel=\"canonical\" href=\"https:\/\/grupoican.com.br\/ar\/area-tecnica-e-industrial-petroleo-e-gas\/\" \/>\n<meta property=\"og:locale\" content=\"ar_AR\" \/>\n<meta property=\"og:type\" content=\"article\" \/>\n<meta property=\"og:title\" content=\"\u00c1rea t\u00e9cnica e industrial (Petr\u00f3leo e G\u00e1s)\" \/>\n<meta property=\"og:description\" content=\"\u00c1rea t\u00e9cnica e industrial (Petr\u00f3leo e G\u00e1s) \u2981 Comissionamento de instala\u00e7\u00f5es (tanques, dutos, equipamentos); \u2981 Descomissionamento de instala\u00e7\u00f5es (tanques, dutos, equipamentos); \u2981 Pr\u00e9-opera\u00e7\u00e3o de tanques, dutos, equipamentos; \u2981 Opera\u00e7\u00e3o de tanques, dutos, equipamentos; \u2981 Planejamento de paradas para manuten\u00e7\u00e3o; \u2981 Opera\u00e7\u00f5es especiais: transbordos, movimenta\u00e7\u00e3o de produtos; \u2981 Elabora\u00e7\u00e3o\/revis\u00e3o de manuais, planos e procedimentos operacionais e&hellip;&nbsp;Read More &raquo;\u00c1rea t\u00e9cnica e industrial (Petr\u00f3leo e G\u00e1s)\" \/>\n<meta property=\"og:url\" content=\"https:\/\/grupoican.com.br\/ar\/area-tecnica-e-industrial-petroleo-e-gas\/\" \/>\n<meta property=\"og:site_name\" content=\"GrupoIcan\" \/>\n<meta property=\"article:modified_time\" content=\"2022-07-26T14:23:04+00:00\" \/>\n<meta name=\"twitter:card\" content=\"summary_large_image\" \/>\n<meta name=\"twitter:label1\" content=\"\u0648\u0642\u062a \u0627\u0644\u0642\u0631\u0627\u0621\u0629 \u0627\u0644\u0645\u064f\u0642\u062f\u0651\u0631\" \/>\n\t<meta name=\"twitter:data1\" content=\"\u062f\u0642\u064a\u0642\u0629 \u0648\u0627\u062d\u062f\u0629\" \/>\n<script type=\"application\/ld+json\" class=\"yoast-schema-graph\">{\"@context\":\"https:\/\/schema.org\",\"@graph\":[{\"@type\":\"WebPage\",\"@id\":\"https:\/\/grupoican.com.br\/area-tecnica-e-industrial-petroleo-e-gas\/\",\"url\":\"https:\/\/grupoican.com.br\/area-tecnica-e-industrial-petroleo-e-gas\/\",\"name\":\"\u00c1rea t\u00e9cnica e industrial (Petr\u00f3leo e G\u00e1s) - GrupoIcan\",\"isPartOf\":{\"@id\":\"https:\/\/grupoican.com.br\/#website\"},\"datePublished\":\"2021-09-14T17:47:09+00:00\",\"dateModified\":\"2022-07-26T14:23:04+00:00\",\"breadcrumb\":{\"@id\":\"https:\/\/grupoican.com.br\/area-tecnica-e-industrial-petroleo-e-gas\/#breadcrumb\"},\"inLanguage\":\"ar\",\"potentialAction\":[{\"@type\":\"ReadAction\",\"target\":[\"https:\/\/grupoican.com.br\/area-tecnica-e-industrial-petroleo-e-gas\/\"]}]},{\"@type\":\"BreadcrumbList\",\"@id\":\"https:\/\/grupoican.com.br\/area-tecnica-e-industrial-petroleo-e-gas\/#breadcrumb\",\"itemListElement\":[{\"@type\":\"ListItem\",\"position\":1,\"name\":\"In\u00edcio\",\"item\":\"https:\/\/grupoican.com.br\/\"},{\"@type\":\"ListItem\",\"position\":2,\"name\":\"\u00c1rea t\u00e9cnica e industrial (Petr\u00f3leo e G\u00e1s)\"}]},{\"@type\":\"WebSite\",\"@id\":\"https:\/\/grupoican.com.br\/#website\",\"url\":\"https:\/\/grupoican.com.br\/\",\"name\":\"GrupoIcan\",\"description\":\"Consultoria especializada em gest\u00e3o empresarial e \u00e1rea de petr\u00f3leo e g\u00e1s.\",\"publisher\":{\"@id\":\"https:\/\/grupoican.com.br\/#organization\"},\"potentialAction\":[{\"@type\":\"SearchAction\",\"target\":{\"@type\":\"EntryPoint\",\"urlTemplate\":\"https:\/\/grupoican.com.br\/?s={search_term_string}\"},\"query-input\":{\"@type\":\"PropertyValueSpecification\",\"valueRequired\":true,\"valueName\":\"search_term_string\"}}],\"inLanguage\":\"ar\"},{\"@type\":\"Organization\",\"@id\":\"https:\/\/grupoican.com.br\/#organization\",\"name\":\"GrupoIcan\",\"url\":\"https:\/\/grupoican.com.br\/\",\"logo\":{\"@type\":\"ImageObject\",\"inLanguage\":\"ar\",\"@id\":\"https:\/\/grupoican.com.br\/#\/schema\/logo\/image\/\",\"url\":\"https:\/\/grupoican.com.br\/wp-content\/uploads\/2021\/09\/logo-icanbe.png\",\"contentUrl\":\"https:\/\/grupoican.com.br\/wp-content\/uploads\/2021\/09\/logo-icanbe.png\",\"width\":1855,\"height\":1573,\"caption\":\"GrupoIcan\"},\"image\":{\"@id\":\"https:\/\/grupoican.com.br\/#\/schema\/logo\/image\/\"}}]}<\/script>\n<!-- \/ Yoast SEO Premium plugin. -->","yoast_head_json":{"title":"\u00c1rea t\u00e9cnica e industrial (Petr\u00f3leo e G\u00e1s) - GrupoIcan","robots":{"index":"index","follow":"follow","max-snippet":"max-snippet:-1","max-image-preview":"max-image-preview:large","max-video-preview":"max-video-preview:-1"},"canonical":"https:\/\/grupoican.com.br\/ar\/area-tecnica-e-industrial-petroleo-e-gas\/","og_locale":"ar_AR","og_type":"article","og_title":"\u00c1rea t\u00e9cnica e industrial (Petr\u00f3leo e G\u00e1s)","og_description":"\u00c1rea t\u00e9cnica e industrial (Petr\u00f3leo e G\u00e1s) \u2981 Comissionamento de instala\u00e7\u00f5es (tanques, dutos, equipamentos); \u2981 Descomissionamento de instala\u00e7\u00f5es (tanques, dutos, equipamentos); \u2981 Pr\u00e9-opera\u00e7\u00e3o de tanques, dutos, equipamentos; \u2981 Opera\u00e7\u00e3o de tanques, dutos, equipamentos; \u2981 Planejamento de paradas para manuten\u00e7\u00e3o; \u2981 Opera\u00e7\u00f5es especiais: transbordos, movimenta\u00e7\u00e3o de produtos; \u2981 Elabora\u00e7\u00e3o\/revis\u00e3o de manuais, planos e procedimentos operacionais e&hellip;&nbsp;Read More &raquo;\u00c1rea t\u00e9cnica e industrial (Petr\u00f3leo e G\u00e1s)","og_url":"https:\/\/grupoican.com.br\/ar\/area-tecnica-e-industrial-petroleo-e-gas\/","og_site_name":"GrupoIcan","article_modified_time":"2022-07-26T14:23:04+00:00","twitter_card":"summary_large_image","twitter_misc":{"\u0648\u0642\u062a \u0627\u0644\u0642\u0631\u0627\u0621\u0629 \u0627\u0644\u0645\u064f\u0642\u062f\u0651\u0631":"\u062f\u0642\u064a\u0642\u0629 \u0648\u0627\u062d\u062f\u0629"},"schema":{"@context":"https:\/\/schema.org","@graph":[{"@type":"WebPage","@id":"https:\/\/grupoican.com.br\/area-tecnica-e-industrial-petroleo-e-gas\/","url":"https:\/\/grupoican.com.br\/area-tecnica-e-industrial-petroleo-e-gas\/","name":"\u00c1rea t\u00e9cnica e industrial (Petr\u00f3leo e G\u00e1s) - GrupoIcan","isPartOf":{"@id":"https:\/\/grupoican.com.br\/#website"},"datePublished":"2021-09-14T17:47:09+00:00","dateModified":"2022-07-26T14:23:04+00:00","breadcrumb":{"@id":"https:\/\/grupoican.com.br\/area-tecnica-e-industrial-petroleo-e-gas\/#breadcrumb"},"inLanguage":"ar","potentialAction":[{"@type":"ReadAction","target":["https:\/\/grupoican.com.br\/area-tecnica-e-industrial-petroleo-e-gas\/"]}]},{"@type":"BreadcrumbList","@id":"https:\/\/grupoican.com.br\/area-tecnica-e-industrial-petroleo-e-gas\/#breadcrumb","itemListElement":[{"@type":"ListItem","position":1,"name":"In\u00edcio","item":"https:\/\/grupoican.com.br\/"},{"@type":"ListItem","position":2,"name":"\u00c1rea t\u00e9cnica e industrial (Petr\u00f3leo e G\u00e1s)"}]},{"@type":"WebSite","@id":"https:\/\/grupoican.com.br\/#website","url":"https:\/\/grupoican.com.br\/","name":"GrupoIcan","description":"Consultoria especializada em gest\u00e3o empresarial e \u00e1rea de petr\u00f3leo e g\u00e1s.","publisher":{"@id":"https:\/\/grupoican.com.br\/#organization"},"potentialAction":[{"@type":"SearchAction","target":{"@type":"EntryPoint","urlTemplate":"https:\/\/grupoican.com.br\/?s={search_term_string}"},"query-input":{"@type":"PropertyValueSpecification","valueRequired":true,"valueName":"search_term_string"}}],"inLanguage":"ar"},{"@type":"Organization","@id":"https:\/\/grupoican.com.br\/#organization","name":"GrupoIcan","url":"https:\/\/grupoican.com.br\/","logo":{"@type":"ImageObject","inLanguage":"ar","@id":"https:\/\/grupoican.com.br\/#\/schema\/logo\/image\/","url":"https:\/\/grupoican.com.br\/wp-content\/uploads\/2021\/09\/logo-icanbe.png","contentUrl":"https:\/\/grupoican.com.br\/wp-content\/uploads\/2021\/09\/logo-icanbe.png","width":1855,"height":1573,"caption":"GrupoIcan"},"image":{"@id":"https:\/\/grupoican.com.br\/#\/schema\/logo\/image\/"}}]}},"amp_enabled":true,"_links":{"self":[{"href":"https:\/\/grupoican.com.br\/ar\/wp-json\/wp\/v2\/pages\/269","targetHints":{"allow":["GET"]}}],"collection":[{"href":"https:\/\/grupoican.com.br\/ar\/wp-json\/wp\/v2\/pages"}],"about":[{"href":"https:\/\/grupoican.com.br\/ar\/wp-json\/wp\/v2\/types\/page"}],"author":[{"embeddable":true,"href":"https:\/\/grupoican.com.br\/ar\/wp-json\/wp\/v2\/users\/1"}],"replies":[{"embeddable":true,"href":"https:\/\/grupoican.com.br\/ar\/wp-json\/wp\/v2\/comments?post=269"}],"version-history":[{"count":0,"href":"https:\/\/grupoican.com.br\/ar\/wp-json\/wp\/v2\/pages\/269\/revisions"}],"wp:attachment":[{"href":"https:\/\/grupoican.com.br\/ar\/wp-json\/wp\/v2\/media?parent=269"}],"curies":[{"name":"wp","href":"https:\/\/api.w.org\/{rel}","templated":true}]}}