{"id":274,"date":"2021-09-14T14:48:37","date_gmt":"2021-09-14T17:48:37","guid":{"rendered":"https:\/\/grupoican.com.br\/?page_id=274"},"modified":"2022-03-21T20:33:33","modified_gmt":"2022-03-21T23:33:33","slug":"seguranca-meio-ambiente-e-saude-sms","status":"publish","type":"page","link":"https:\/\/grupoican.com.br\/ar\/seguranca-meio-ambiente-e-saude-sms\/","title":{"rendered":"\u0627\u0644\u0633\u0644\u0627\u0645\u0629 \u0648\u0627\u0644\u0628\u064a\u0626\u0629 \u0648\u0627\u0644\u0635\u062d\u0629 (HSE)"},"content":{"rendered":"<div data-elementor-type=\"wp-page\" data-elementor-id=\"274\" class=\"elementor elementor-274\" data-elementor-post-type=\"page\">\n\t\t\t\t\t\t<section class=\"elementor-section elementor-top-section elementor-element elementor-element-80843a5 elementor-section-boxed elementor-section-height-default elementor-section-height-default\" data-id=\"80843a5\" data-element_type=\"section\">\n\t\t\t\t\t\t<div class=\"elementor-container elementor-column-gap-default\">\n\t\t\t\t\t<div class=\"elementor-column elementor-col-100 elementor-top-column elementor-element elementor-element-86272b0\" data-id=\"86272b0\" data-element_type=\"column\">\n\t\t\t<div class=\"elementor-widget-wrap elementor-element-populated\">\n\t\t\t\t\t\t<div class=\"elementor-element elementor-element-80c83d5 elementor-widget elementor-widget-spacer\" data-id=\"80c83d5\" data-element_type=\"widget\" data-widget_type=\"spacer.default\">\n\t\t\t\t<div class=\"elementor-widget-container\">\n\t\t\t\t\t\t\t<div class=\"elementor-spacer\">\n\t\t\t<div class=\"elementor-spacer-inner\"><\/div>\n\t\t<\/div>\n\t\t\t\t\t\t<\/div>\n\t\t\t\t<\/div>\n\t\t\t\t\t<\/div>\n\t\t<\/div>\n\t\t\t\t\t<\/div>\n\t\t<\/section>\n\t\t\t\t<section class=\"elementor-section elementor-top-section elementor-element elementor-element-25f383a elementor-section-boxed elementor-section-height-default elementor-section-height-default\" data-id=\"25f383a\" data-element_type=\"section\">\n\t\t\t\t\t\t<div class=\"elementor-container elementor-column-gap-default\">\n\t\t\t\t\t<div class=\"elementor-column elementor-col-100 elementor-top-column elementor-element elementor-element-2c62a33\" data-id=\"2c62a33\" data-element_type=\"column\">\n\t\t\t<div class=\"elementor-widget-wrap elementor-element-populated\">\n\t\t\t\t\t\t<div class=\"elementor-element elementor-element-87e38b1 elementor-invisible elementor-widget elementor-widget-heading\" data-id=\"87e38b1\" data-element_type=\"widget\" data-settings=\"{&quot;_animation&quot;:&quot;slideInRight&quot;}\" data-widget_type=\"heading.default\">\n\t\t\t\t<div class=\"elementor-widget-container\">\n\t\t\t\t\t<h2 class=\"elementor-heading-title elementor-size-default\">\u0627\u0644\u0633\u0644\u0627\u0645\u0629 \u0648\u0627\u0644\u0628\u064a\u0626\u0629 \u0648\u0627\u0644\u0635\u062d\u0629 (HSE)<\/h2>\t\t\t\t<\/div>\n\t\t\t\t<\/div>\n\t\t\t\t\t<\/div>\n\t\t<\/div>\n\t\t\t\t\t<\/div>\n\t\t<\/section>\n\t\t\t\t<section class=\"elementor-section elementor-top-section elementor-element elementor-element-2074efae elementor-section-boxed elementor-section-height-default elementor-section-height-default\" data-id=\"2074efae\" data-element_type=\"section\">\n\t\t\t\t\t\t<div class=\"elementor-container elementor-column-gap-default\">\n\t\t\t\t\t<div class=\"elementor-column elementor-col-100 elementor-top-column elementor-element elementor-element-23cb214a\" data-id=\"23cb214a\" data-element_type=\"column\">\n\t\t\t<div class=\"elementor-widget-wrap elementor-element-populated\">\n\t\t\t\t\t\t<div class=\"elementor-element elementor-element-2d38ff4 elementor-widget elementor-widget-text-editor\" data-id=\"2d38ff4\" data-element_type=\"widget\" data-widget_type=\"text-editor.default\">\n\t\t\t\t<div class=\"elementor-widget-container\">\n\t\t\t\t\t\t\t\t\t\n<p>\u00a0<\/p>\n<p>\u2981 \u062a\u0642\u064a\u064a\u0645 \u0627\u0644\u0645\u062e\u0627\u0637\u0631.<br \/>\u2981 \u0627\u0644\u062a\u062d\u0644\u064a\u0644 \u0627\u0644\u0623\u0648\u0644\u064a \u0644\u0644\u0645\u062e\u0627\u0637\u0631 (APR) \u061b<br \/>\u2981 \u0627\u0644\u062a\u0641\u062a\u064a\u0634 \u0639\u0644\u0649 \u0627\u0644\u0633\u0644\u0627\u0645\u0629 \u0648\u0627\u0644\u0628\u064a\u0626\u0629 \u0648\u0627\u0644\u0635\u062d\u0629.<br \/>\u2981 \u062a\u062f\u0642\u064a\u0642 \u0633\u0644\u0648\u0643 \u0637\u0631\u0641 \u062b\u0627\u0644\u062b \u061b<br \/>\u2981 \u062a\u062f\u0642\u064a\u0642 PEOTRAM (\u0628\u0631\u0646\u0627\u0645\u062c Petrobras \u0644\u0644\u062a\u0645\u064a\u0632 \u0627\u0644\u062a\u0634\u063a\u064a\u0644\u064a \u0641\u064a \u0627\u0644\u0646\u0642\u0644 \u0627\u0644\u0628\u062d\u0631\u064a)<br \/>\u2981 \u0645\u0631\u0627\u0642\u0628\u0629 \u0645\u0627 \u0642\u0628\u0644 \u0627\u0644\u0634\u062d\u0646 \u0648\u0646\u0632\u0648\u0644 \u0627\u0644\u0628\u062d\u0627\u0631\u0629 \u061b<br \/>\u062a\u062d\u062f\u064a\u062f \u0627\u0644\u0633\u064a\u0646\u0627\u0631\u064a\u0648 \u060c \u0648\u0627\u0644\u0627\u0633\u062a\u0639\u062f\u0627\u062f \u0644\u0644\u0637\u0648\u0627\u0631\u0626 \u0648\u0627\u0633\u062a\u0631\u0627\u062a\u064a\u062c\u064a\u0627\u062a \u0627\u0644\u0627\u0633\u062a\u062c\u0627\u0628\u0629 \u060c \u0648\u0627\u0644\u062a\u062f\u0631\u064a\u0628 \/ \u0627\u0644\u0645\u062d\u0627\u0643\u0627\u0629 \/ \u0623\u0639\u0644\u0649 \u0627\u0644\u062c\u062f\u0648\u0644 (\u0637\u0631\u064a\u0642\u0629 \u0646\u0638\u0627\u0645 \u0642\u064a\u0627\u062f\u0629 \u0627\u0644\u062d\u0648\u0627\u062f\u062b ICS) \u061b<br \/>\u2981 \u0648\u0636\u0639 \u0648\u062a\u062d\u0633\u064a\u0646 \u062e\u0637\u0637 \u0627\u0644\u0637\u0648\u0627\u0631\u0626.<br \/>\u0627\u0644\u062a\u062d\u0642\u064a\u0642 \u0641\u064a \u0623\u0633\u0628\u0627\u0628 \u0627\u0644\u062d\u0648\u0627\u062f\u062b.<br \/>\u2981 \u0625\u062f\u0627\u0631\u0629 \u0627\u0644\u0646\u0641\u0627\u064a\u0627\u062a \u0648\u062e\u0637\u0629 \u0627\u0644\u062a\u062f\u0631\u064a\u0628.<br \/>\u2981 \u0628\u0631\u0646\u0627\u0645\u062c \u0633\u0644\u0627\u0645\u0629 \u0627\u0644\u0639\u0645\u0644\u064a\u0627\u062a.<br \/>\u2981 \u0627\u0644\u062a\u062f\u0642\u064a\u0642 \u0639\u0644\u0649 \u0623\u0633\u0627\u0633 &quot;RBPS&quot; (\u0625\u062f\u0627\u0631\u0629 \u0633\u0644\u0627\u0645\u0629 \u0627\u0644\u0639\u0645\u0644\u064a\u0627\u062a \u0627\u0644\u0642\u0627\u0626\u0645\u0629 \u0639\u0644\u0649 \u0627\u0644\u0645\u062e\u0627\u0637\u0631) \u061b<br \/>\u2981 \u062a\u062f\u0642\u064a\u0642 &quot;\u0646\u0638\u0627\u0645 \u0625\u062f\u0627\u0631\u0629 \u0627\u0644\u0633\u0644\u0627\u0645\u0629 \u0627\u0644\u062a\u0634\u063a\u064a\u0644\u064a\u0629 \u060c \u0645\u0631\u0633\u0648\u0645 \u0627\u0644\u0648\u0643\u0627\u0644\u0629 \u0627\u0644\u0648\u0637\u0646\u064a\u0629 \u0644\u0644\u0645\u0648\u0627\u0646\u0626&quot;.<br \/>\u2981 \u062a\u062f\u0642\u064a\u0642 RTDT (\u0627\u0644\u062a\u0646\u0638\u064a\u0645 \u0627\u0644\u0641\u0646\u064a \u0644\u062e\u0637\u0648\u0637 \u0627\u0644\u0623\u0646\u0627\u0628\u064a\u0628 \u0648\u0627\u0644\u0645\u062d\u0637\u0627\u062a) \u0644\u0640 ANP \u061b<br \/>\u2981 \u062f\u0639\u0645 \u0627\u0644\u062a\u0631\u0627\u062e\u064a\u0635 \u0627\u0644\u0628\u064a\u0626\u064a\u0629 \u0648\u0627\u0644\u0642\u0627\u0646\u0648\u0646\u064a\u0629 - \u0625\u0639\u062f\u0627\u062f \u062a\u0642\u064a\u064a\u0645 \u0627\u0644\u0623\u062b\u0631 \u0627\u0644\u0628\u064a\u0626\u064a EIA RIMA.<br \/>\u2981 \u0627\u0644\u062a\u0641\u062a\u064a\u0634 \u0639\u0644\u0649 \u0627\u0644\u0623\u0639\u0645\u0627\u0644 \u0644\u0623\u063a\u0631\u0627\u0636 \u0627\u0644\u062a\u0641\u062a\u064a\u0634.<br \/>- \u0627\u0644\u062a\u0641\u062a\u064a\u0634 \u0648\u0627\u0644\u062a\u0642\u0627\u0631\u064a\u0631 \u0627\u0644\u0641\u0646\u064a\u0629 \u0644\u0644\u0638\u0631\u0648\u0641 \u063a\u064a\u0631 \u0627\u0644\u0635\u062d\u064a\u0629 \u0648\u0627\u0644\u062e\u0637\u064a\u0631\u0629.<\/p>\n\t\t\t\t\t\t\t\t<\/div>\n\t\t\t\t<\/div>\n\t\t\t\t\t<\/div>\n\t\t<\/div>\n\t\t\t\t\t<\/div>\n\t\t<\/section>\n\t\t\t\t<\/div>","protected":false},"excerpt":{"rendered":"<p>Seguran\u00e7a, Meio Ambiente e Sa\u00fade (SMS) \u00a0 \u2981 Avalia\u00e7\u00e3o de Riscos;\u2981 An\u00e1lise Preliminar de Riscos (APR);\u2981 Inspe\u00e7\u00e3o de Seguran\u00e7a, Meio Ambiente e Sa\u00fade;\u2981 Auditoria comportamental de 3\u00aa parte;\u2981 Auditoria do PEOTRAM (Programa de Excel\u00eancia Operacional no Transporte Mar\u00edtimo da Petrobras)\u2981 Acompanhamento de pr\u00e9-embarques e desembarques de mar\u00edtimos;\u2981 Identifica\u00e7\u00e3o de cen\u00e1rios, estrat\u00e9gias de prepara\u00e7\u00e3o e resposta&hellip;&nbsp;<a href=\"https:\/\/grupoican.com.br\/ar\/seguranca-meio-ambiente-e-saude-sms\/\" rel=\"bookmark\">Read More &raquo;<span class=\"screen-reader-text\">\u0627\u0644\u0633\u0644\u0627\u0645\u0629 \u0648\u0627\u0644\u0628\u064a\u0626\u0629 \u0648\u0627\u0644\u0635\u062d\u0629 (HSE)<\/span><\/a><\/p>","protected":false},"author":1,"featured_media":0,"parent":0,"menu_order":0,"comment_status":"closed","ping_status":"closed","template":"","meta":{"neve_meta_sidebar":"","neve_meta_container":"","neve_meta_enable_content_width":"","neve_meta_content_width":0,"neve_meta_title_alignment":"","neve_meta_author_avatar":"","neve_post_elements_order":"","neve_meta_disable_header":"","neve_meta_disable_footer":"","neve_meta_disable_title":"on","neve_meta_reading_time":"","_joinchat":[],"footnotes":""},"class_list":["post-274","page","type-page","status-publish","hentry"],"yoast_head":"<!-- This site is optimized with the Yoast SEO Premium plugin v22.5 (Yoast SEO v24.5) - https:\/\/yoast.com\/wordpress\/plugins\/seo\/ -->\n<title>Seguran\u00e7a, Meio Ambiente e Sa\u00fade (SMS) - GrupoIcan<\/title>\n<meta name=\"robots\" content=\"index, follow, max-snippet:-1, max-image-preview:large, max-video-preview:-1\" \/>\n<link rel=\"canonical\" href=\"https:\/\/grupoican.com.br\/ar\/seguranca-meio-ambiente-e-saude-sms\/\" \/>\n<meta property=\"og:locale\" content=\"ar_AR\" \/>\n<meta property=\"og:type\" content=\"article\" \/>\n<meta property=\"og:title\" content=\"Seguran\u00e7a, Meio Ambiente e Sa\u00fade (SMS)\" \/>\n<meta property=\"og:description\" content=\"Seguran\u00e7a, Meio Ambiente e Sa\u00fade (SMS) \u00a0 \u2981 Avalia\u00e7\u00e3o de Riscos;\u2981 An\u00e1lise Preliminar de Riscos (APR);\u2981 Inspe\u00e7\u00e3o de Seguran\u00e7a, Meio Ambiente e Sa\u00fade;\u2981 Auditoria comportamental de 3\u00aa parte;\u2981 Auditoria do PEOTRAM (Programa de Excel\u00eancia Operacional no Transporte Mar\u00edtimo da Petrobras)\u2981 Acompanhamento de pr\u00e9-embarques e desembarques de mar\u00edtimos;\u2981 Identifica\u00e7\u00e3o de cen\u00e1rios, estrat\u00e9gias de prepara\u00e7\u00e3o e resposta&hellip;&nbsp;Read More &raquo;Seguran\u00e7a, Meio Ambiente e Sa\u00fade (SMS)\" \/>\n<meta property=\"og:url\" content=\"https:\/\/grupoican.com.br\/ar\/seguranca-meio-ambiente-e-saude-sms\/\" \/>\n<meta property=\"og:site_name\" content=\"GrupoIcan\" \/>\n<meta property=\"article:modified_time\" content=\"2022-03-21T23:33:33+00:00\" \/>\n<meta name=\"twitter:card\" content=\"summary_large_image\" \/>\n<meta name=\"twitter:label1\" content=\"\u0648\u0642\u062a \u0627\u0644\u0642\u0631\u0627\u0621\u0629 \u0627\u0644\u0645\u064f\u0642\u062f\u0651\u0631\" \/>\n\t<meta name=\"twitter:data1\" content=\"\u062f\u0642\u064a\u0642\u0629 \u0648\u0627\u062d\u062f\u0629\" \/>\n<script type=\"application\/ld+json\" class=\"yoast-schema-graph\">{\"@context\":\"https:\/\/schema.org\",\"@graph\":[{\"@type\":\"WebPage\",\"@id\":\"https:\/\/grupoican.com.br\/seguranca-meio-ambiente-e-saude-sms\/\",\"url\":\"https:\/\/grupoican.com.br\/seguranca-meio-ambiente-e-saude-sms\/\",\"name\":\"Seguran\u00e7a, Meio Ambiente e Sa\u00fade (SMS) - GrupoIcan\",\"isPartOf\":{\"@id\":\"https:\/\/grupoican.com.br\/#website\"},\"datePublished\":\"2021-09-14T17:48:37+00:00\",\"dateModified\":\"2022-03-21T23:33:33+00:00\",\"breadcrumb\":{\"@id\":\"https:\/\/grupoican.com.br\/seguranca-meio-ambiente-e-saude-sms\/#breadcrumb\"},\"inLanguage\":\"ar\",\"potentialAction\":[{\"@type\":\"ReadAction\",\"target\":[\"https:\/\/grupoican.com.br\/seguranca-meio-ambiente-e-saude-sms\/\"]}]},{\"@type\":\"BreadcrumbList\",\"@id\":\"https:\/\/grupoican.com.br\/seguranca-meio-ambiente-e-saude-sms\/#breadcrumb\",\"itemListElement\":[{\"@type\":\"ListItem\",\"position\":1,\"name\":\"In\u00edcio\",\"item\":\"https:\/\/grupoican.com.br\/\"},{\"@type\":\"ListItem\",\"position\":2,\"name\":\"Seguran\u00e7a, Meio Ambiente e Sa\u00fade (SMS)\"}]},{\"@type\":\"WebSite\",\"@id\":\"https:\/\/grupoican.com.br\/#website\",\"url\":\"https:\/\/grupoican.com.br\/\",\"name\":\"GrupoIcan\",\"description\":\"Consultoria especializada em gest\u00e3o empresarial e \u00e1rea de petr\u00f3leo e g\u00e1s.\",\"publisher\":{\"@id\":\"https:\/\/grupoican.com.br\/#organization\"},\"potentialAction\":[{\"@type\":\"SearchAction\",\"target\":{\"@type\":\"EntryPoint\",\"urlTemplate\":\"https:\/\/grupoican.com.br\/?s={search_term_string}\"},\"query-input\":{\"@type\":\"PropertyValueSpecification\",\"valueRequired\":true,\"valueName\":\"search_term_string\"}}],\"inLanguage\":\"ar\"},{\"@type\":\"Organization\",\"@id\":\"https:\/\/grupoican.com.br\/#organization\",\"name\":\"GrupoIcan\",\"url\":\"https:\/\/grupoican.com.br\/\",\"logo\":{\"@type\":\"ImageObject\",\"inLanguage\":\"ar\",\"@id\":\"https:\/\/grupoican.com.br\/#\/schema\/logo\/image\/\",\"url\":\"https:\/\/grupoican.com.br\/wp-content\/uploads\/2021\/09\/logo-icanbe.png\",\"contentUrl\":\"https:\/\/grupoican.com.br\/wp-content\/uploads\/2021\/09\/logo-icanbe.png\",\"width\":1855,\"height\":1573,\"caption\":\"GrupoIcan\"},\"image\":{\"@id\":\"https:\/\/grupoican.com.br\/#\/schema\/logo\/image\/\"}}]}<\/script>\n<!-- \/ Yoast SEO Premium plugin. -->","yoast_head_json":{"title":"Seguran\u00e7a, Meio Ambiente e Sa\u00fade (SMS) - GrupoIcan","robots":{"index":"index","follow":"follow","max-snippet":"max-snippet:-1","max-image-preview":"max-image-preview:large","max-video-preview":"max-video-preview:-1"},"canonical":"https:\/\/grupoican.com.br\/ar\/seguranca-meio-ambiente-e-saude-sms\/","og_locale":"ar_AR","og_type":"article","og_title":"Seguran\u00e7a, Meio Ambiente e Sa\u00fade (SMS)","og_description":"Seguran\u00e7a, Meio Ambiente e Sa\u00fade (SMS) \u00a0 \u2981 Avalia\u00e7\u00e3o de Riscos;\u2981 An\u00e1lise Preliminar de Riscos (APR);\u2981 Inspe\u00e7\u00e3o de Seguran\u00e7a, Meio Ambiente e Sa\u00fade;\u2981 Auditoria comportamental de 3\u00aa parte;\u2981 Auditoria do PEOTRAM (Programa de Excel\u00eancia Operacional no Transporte Mar\u00edtimo da Petrobras)\u2981 Acompanhamento de pr\u00e9-embarques e desembarques de mar\u00edtimos;\u2981 Identifica\u00e7\u00e3o de cen\u00e1rios, estrat\u00e9gias de prepara\u00e7\u00e3o e resposta&hellip;&nbsp;Read More &raquo;Seguran\u00e7a, Meio Ambiente e Sa\u00fade (SMS)","og_url":"https:\/\/grupoican.com.br\/ar\/seguranca-meio-ambiente-e-saude-sms\/","og_site_name":"GrupoIcan","article_modified_time":"2022-03-21T23:33:33+00:00","twitter_card":"summary_large_image","twitter_misc":{"\u0648\u0642\u062a \u0627\u0644\u0642\u0631\u0627\u0621\u0629 \u0627\u0644\u0645\u064f\u0642\u062f\u0651\u0631":"\u062f\u0642\u064a\u0642\u0629 \u0648\u0627\u062d\u062f\u0629"},"schema":{"@context":"https:\/\/schema.org","@graph":[{"@type":"WebPage","@id":"https:\/\/grupoican.com.br\/seguranca-meio-ambiente-e-saude-sms\/","url":"https:\/\/grupoican.com.br\/seguranca-meio-ambiente-e-saude-sms\/","name":"Seguran\u00e7a, Meio Ambiente e Sa\u00fade (SMS) - GrupoIcan","isPartOf":{"@id":"https:\/\/grupoican.com.br\/#website"},"datePublished":"2021-09-14T17:48:37+00:00","dateModified":"2022-03-21T23:33:33+00:00","breadcrumb":{"@id":"https:\/\/grupoican.com.br\/seguranca-meio-ambiente-e-saude-sms\/#breadcrumb"},"inLanguage":"ar","potentialAction":[{"@type":"ReadAction","target":["https:\/\/grupoican.com.br\/seguranca-meio-ambiente-e-saude-sms\/"]}]},{"@type":"BreadcrumbList","@id":"https:\/\/grupoican.com.br\/seguranca-meio-ambiente-e-saude-sms\/#breadcrumb","itemListElement":[{"@type":"ListItem","position":1,"name":"In\u00edcio","item":"https:\/\/grupoican.com.br\/"},{"@type":"ListItem","position":2,"name":"Seguran\u00e7a, Meio Ambiente e Sa\u00fade (SMS)"}]},{"@type":"WebSite","@id":"https:\/\/grupoican.com.br\/#website","url":"https:\/\/grupoican.com.br\/","name":"GrupoIcan","description":"Consultoria especializada em gest\u00e3o empresarial e \u00e1rea de petr\u00f3leo e g\u00e1s.","publisher":{"@id":"https:\/\/grupoican.com.br\/#organization"},"potentialAction":[{"@type":"SearchAction","target":{"@type":"EntryPoint","urlTemplate":"https:\/\/grupoican.com.br\/?s={search_term_string}"},"query-input":{"@type":"PropertyValueSpecification","valueRequired":true,"valueName":"search_term_string"}}],"inLanguage":"ar"},{"@type":"Organization","@id":"https:\/\/grupoican.com.br\/#organization","name":"GrupoIcan","url":"https:\/\/grupoican.com.br\/","logo":{"@type":"ImageObject","inLanguage":"ar","@id":"https:\/\/grupoican.com.br\/#\/schema\/logo\/image\/","url":"https:\/\/grupoican.com.br\/wp-content\/uploads\/2021\/09\/logo-icanbe.png","contentUrl":"https:\/\/grupoican.com.br\/wp-content\/uploads\/2021\/09\/logo-icanbe.png","width":1855,"height":1573,"caption":"GrupoIcan"},"image":{"@id":"https:\/\/grupoican.com.br\/#\/schema\/logo\/image\/"}}]}},"amp_enabled":true,"_links":{"self":[{"href":"https:\/\/grupoican.com.br\/ar\/wp-json\/wp\/v2\/pages\/274","targetHints":{"allow":["GET"]}}],"collection":[{"href":"https:\/\/grupoican.com.br\/ar\/wp-json\/wp\/v2\/pages"}],"about":[{"href":"https:\/\/grupoican.com.br\/ar\/wp-json\/wp\/v2\/types\/page"}],"author":[{"embeddable":true,"href":"https:\/\/grupoican.com.br\/ar\/wp-json\/wp\/v2\/users\/1"}],"replies":[{"embeddable":true,"href":"https:\/\/grupoican.com.br\/ar\/wp-json\/wp\/v2\/comments?post=274"}],"version-history":[{"count":0,"href":"https:\/\/grupoican.com.br\/ar\/wp-json\/wp\/v2\/pages\/274\/revisions"}],"wp:attachment":[{"href":"https:\/\/grupoican.com.br\/ar\/wp-json\/wp\/v2\/media?parent=274"}],"curies":[{"name":"wp","href":"https:\/\/api.w.org\/{rel}","templated":true}]}}