{"id":967,"date":"2021-11-30T10:19:10","date_gmt":"2021-11-30T13:19:10","guid":{"rendered":"https:\/\/grupoican.com.br\/?page_id=967"},"modified":"2022-03-21T20:37:11","modified_gmt":"2022-03-21T23:37:11","slug":"consultoria-em-ti-desenvolvimento-de-sistemas-e-sites","status":"publish","type":"page","link":"https:\/\/grupoican.com.br\/ar\/consultoria-em-ti-desenvolvimento-de-sistemas-e-sites\/","title":{"rendered":"Consultoria em TI &#8211; Desenvolvimento de Sistemas e Sites"},"content":{"rendered":"<div data-elementor-type=\"wp-page\" data-elementor-id=\"967\" class=\"elementor elementor-967\" data-elementor-post-type=\"page\">\n\t\t\t\t\t\t<section class=\"elementor-section elementor-top-section elementor-element elementor-element-3870227 elementor-section-boxed elementor-section-height-default elementor-section-height-default\" data-id=\"3870227\" data-element_type=\"section\">\n\t\t\t\t\t\t<div class=\"elementor-container elementor-column-gap-default\">\n\t\t\t\t\t<div class=\"elementor-column elementor-col-100 elementor-top-column elementor-element elementor-element-eacbf45\" data-id=\"eacbf45\" data-element_type=\"column\">\n\t\t\t<div class=\"elementor-widget-wrap elementor-element-populated\">\n\t\t\t\t\t\t<div class=\"elementor-element elementor-element-0f11d94 elementor-widget elementor-widget-spacer\" data-id=\"0f11d94\" data-element_type=\"widget\" data-widget_type=\"spacer.default\">\n\t\t\t\t<div class=\"elementor-widget-container\">\n\t\t\t\t\t\t\t<div class=\"elementor-spacer\">\n\t\t\t<div class=\"elementor-spacer-inner\"><\/div>\n\t\t<\/div>\n\t\t\t\t\t\t<\/div>\n\t\t\t\t<\/div>\n\t\t\t\t\t<\/div>\n\t\t<\/div>\n\t\t\t\t\t<\/div>\n\t\t<\/section>\n\t\t\t\t<section class=\"elementor-section elementor-top-section elementor-element elementor-element-fb43755 elementor-section-boxed elementor-section-height-default elementor-section-height-default elementor-invisible\" data-id=\"fb43755\" data-element_type=\"section\" data-settings=\"{&quot;animation&quot;:&quot;slideInRight&quot;}\">\n\t\t\t\t\t\t<div class=\"elementor-container elementor-column-gap-default\">\n\t\t\t\t\t<div class=\"elementor-column elementor-col-100 elementor-top-column elementor-element elementor-element-8b4329d\" data-id=\"8b4329d\" data-element_type=\"column\">\n\t\t\t<div class=\"elementor-widget-wrap elementor-element-populated\">\n\t\t\t\t\t\t<div class=\"elementor-element elementor-element-d061a74 elementor-invisible elementor-widget elementor-widget-heading\" data-id=\"d061a74\" data-element_type=\"widget\" data-settings=\"{&quot;_animation&quot;:&quot;slideInRight&quot;}\" data-widget_type=\"heading.default\">\n\t\t\t\t<div class=\"elementor-widget-container\">\n\t\t\t\t\t<h2 class=\"elementor-heading-title elementor-size-default\">\u0627\u0633\u062a\u0634\u0627\u0631\u0627\u062a \u062a\u0643\u0646\u0648\u0644\u0648\u062c\u064a\u0627 \u0627\u0644\u0645\u0639\u0644\u0648\u0645\u0627\u062a - \u062a\u0637\u0648\u064a\u0631 \u0627\u0644\u0623\u0646\u0638\u0645\u0629 \u0648\u0627\u0644\u0645\u0648\u0627\u0642\u0639 <\/h2>\t\t\t\t<\/div>\n\t\t\t\t<\/div>\n\t\t\t\t\t<\/div>\n\t\t<\/div>\n\t\t\t\t\t<\/div>\n\t\t<\/section>\n\t\t\t\t<section class=\"elementor-section elementor-top-section elementor-element elementor-element-3c24789b elementor-section-boxed elementor-section-height-default elementor-section-height-default\" data-id=\"3c24789b\" data-element_type=\"section\">\n\t\t\t\t\t\t<div class=\"elementor-container elementor-column-gap-default\">\n\t\t\t\t\t<div class=\"elementor-column elementor-col-100 elementor-top-column elementor-element elementor-element-5fff4b59\" data-id=\"5fff4b59\" data-element_type=\"column\">\n\t\t\t<div class=\"elementor-widget-wrap elementor-element-populated\">\n\t\t\t\t\t\t<div class=\"elementor-element elementor-element-567e0830 elementor-invisible elementor-widget elementor-widget-text-editor\" data-id=\"567e0830\" data-element_type=\"widget\" data-settings=\"{&quot;_animation&quot;:&quot;fadeIn&quot;}\" data-widget_type=\"text-editor.default\">\n\t\t\t\t<div class=\"elementor-widget-container\">\n\t\t\t\t\t\t\t\t\t<p><strong>\u0627\u0633\u062a\u0634\u0627\u0631\u0627\u062a \u062a\u0643\u0646\u0648\u0644\u0648\u062c\u064a\u0627 \u0627\u0644\u0645\u0639\u0644\u0648\u0645\u0627\u062a<\/strong><\/p>\n<p>\u0627\u0639\u062a\u0645\u062f \u0639\u0644\u0649 \u0645\u062c\u0645\u0648\u0639\u0629 \u0645\u0646 \u0627\u0644\u062e\u062f\u0645\u0627\u062a \u0627\u0644\u0641\u0646\u064a\u0629 \u0639\u0627\u0644\u064a\u0629 \u0627\u0644\u0645\u0633\u062a\u0648\u0649 \u0627\u0644\u062a\u064a \u062a\u0631\u0643\u0632 \u0639\u0644\u0649 \u062d\u0644\u0648\u0644 \u062a\u0643\u0646\u0648\u0644\u0648\u062c\u064a\u0627 \u0627\u0644\u0645\u0639\u0644\u0648\u0645\u0627\u062a \u060c \u0648\u0627\u0644\u062a\u064a \u064a\u0642\u062f\u0645\u0647\u0627 \u0641\u0631\u064a\u0642 \u0627\u0633\u062a\u0634\u0627\u0631\u064a \u064a\u062a\u0645\u062a\u0639 \u0628\u062e\u0628\u0631\u0629 \u0648\u0627\u0633\u0639\u0629.<\/p>\n<p><strong>\u0628\u0631\u0627\u0645\u062c \u0645\u062e\u0635\u0635\u0629<\/strong><\/p>\n<p>\u0644\u062f\u064a\u0646\u0627 \u0641\u0631\u064a\u0642 \u0642\u0627\u062f\u0631 \u0639\u0644\u0649 \u0631\u0633\u0645 \u062e\u0631\u0627\u0626\u0637 \u0627\u0644\u0639\u0645\u0644\u064a\u0627\u062a \u0641\u064a \u0623\u064a \u0645\u062c\u0627\u0644 \u0639\u0645\u0644 \u060c \u0648\u0628\u0627\u0644\u062a\u0627\u0644\u064a \u062a\u0637\u0648\u064a\u0631 \u0628\u0631\u0627\u0645\u062c \u0645\u0635\u0645\u0645\u0629 \u062e\u0635\u064a\u0635\u064b\u0627 \u0628\u062f\u0642\u0629 \u0648\u0645\u0648\u0636\u0648\u0639\u064a\u0629 \u0623\u0643\u0628\u0631 \u060c \u0645\u0645\u0627 \u064a\u0632\u064a\u062f \u0645\u0646 \u0645\u0633\u062a\u0648\u0649 \u062a\u0645\u064a\u0632 \u0627\u0644\u0634\u0631\u0643\u0629.<\/p>\n<p><strong>\u062a\u0637\u0628\u064a\u0642\u0627\u062a \u0627\u0644\u0648\u064a\u0628<\/strong><\/p>\n<p>\u062a\u0633\u0645\u062d \u062a\u0637\u0628\u064a\u0642\u0627\u062a \u0627\u0644\u0648\u064a\u0628 \u0628\u0623\u062a\u0645\u062a\u0629 \u0627\u0644\u0639\u0645\u0644\u064a\u0627\u062a \u0627\u0644\u062a\u062c\u0627\u0631\u064a\u0629 \u0627\u0644\u0645\u062e\u062a\u0644\u0641\u0629 \u0648\u0645\u0631\u0643\u0632\u064a\u0629 \u062c\u0645\u064a\u0639 \u0627\u0644\u0645\u0639\u0644\u0648\u0645\u0627\u062a \u060c \u0648\u0627\u0644\u062a\u064a \u064a\u0645\u0643\u0646 \u0627\u0644\u0648\u0635\u0648\u0644 \u0625\u0644\u064a\u0647\u0627 \u0628\u0623\u0645\u0627\u0646 \u0648\u062e\u0635\u0648\u0635\u064a\u0629 \u0645\u0646 \u0623\u064a \u062c\u0647\u0627\u0632 \u0643\u0645\u0628\u064a\u0648\u062a\u0631 \u0623\u0648 \u0647\u0627\u062a\u0641 \u0630\u0643\u064a \u0645\u062a\u0635\u0644 \u0628\u0627\u0644\u0625\u0646\u062a\u0631\u0646\u062a.<\/p>\n<p><strong>\u0627\u0644\u062a\u0633\u0648\u064a\u0642 \u0627\u0644\u0631\u0642\u0645\u064a<\/strong><\/p>\n<p>\u0646\u062d\u0646 \u0645\u062a\u062e\u0635\u0635\u0648\u0646 \u0641\u064a \u0627\u0644\u062a\u0633\u0648\u064a\u0642 \u0627\u0644\u0631\u0642\u0645\u064a \u060c \u0646\u0633\u062a\u062e\u062f\u0645 \u0627\u0644\u062e\u0637\u0637 \u0648\u0627\u0644\u0627\u0633\u062a\u0631\u0627\u062a\u064a\u062c\u064a\u0627\u062a \u0639\u0628\u0631 \u0627\u0644\u0648\u0633\u064a\u0644\u0629 \u0627\u0644\u0631\u0642\u0645\u064a\u0629 \u0644\u0632\u064a\u0627\u062f\u0629 \u062a\u0648\u0627\u062c\u062f \u0639\u0644\u0627\u0645\u062a\u0643 \u0627\u0644\u062a\u062c\u0627\u0631\u064a\u0629 \u0639\u0644\u0649 \u0627\u0644\u0625\u0646\u062a\u0631\u0646\u062a \u060c \u0648\u0628\u0627\u0644\u062a\u0627\u0644\u064a \u0632\u064a\u0627\u062f\u0629 \u0628\u064a\u0639 \u0645\u0646\u062a\u062c\u0627\u062a\u0643 \u0623\u0648 \u062e\u062f\u0645\u0627\u062a\u0643.<\/p>\n<p><strong>\u0625\u0646\u0634\u0627\u0621 \u0645\u0648\u0642\u0639<\/strong><\/p>\n<p>\u0625\u0646\u0634\u0627\u0621 \u0645\u0648\u0627\u0642\u0639 \u0648\u064a\u0628 \u0645\u062e\u0635\u0635\u0629 \u0648\u0633\u0631\u064a\u0639\u0629 \u0627\u0644\u0627\u0633\u062a\u062c\u0627\u0628\u0629 \u062a\u062a\u0643\u064a\u0641 \u062a\u0644\u0642\u0627\u0626\u064a\u064b\u0627 \u0645\u0639 \u0623\u0646\u0648\u0627\u0639 \u0645\u062e\u062a\u0644\u0641\u0629 \u0645\u0646 \u0627\u0644\u0634\u0627\u0634\u0627\u062a. \u0644\u062f\u064a\u0646\u0627 \u0639\u062f\u0629 \u0623\u0646\u0648\u0627\u0639 \u0645\u0646 \u0627\u0644\u062d\u0632\u0645 \u0627\u0644\u062a\u064a \u062a\u0646\u0627\u0633\u0628 \u0645\u0644\u0641 \u0634\u0631\u0643\u062a\u0643.<\/p>\t\t\t\t\t\t\t\t<\/div>\n\t\t\t\t<\/div>\n\t\t\t\t\t<\/div>\n\t\t<\/div>\n\t\t\t\t\t<\/div>\n\t\t<\/section>\n\t\t\t\t<\/div>","protected":false},"excerpt":{"rendered":"<p>Consultoria em TI \u2013 Desenvolvimento de Sistemas e Sites Consultoria em TI Conte com um conjunto de servi\u00e7os de alto n\u00edvel t\u00e9cnico focado em solu\u00e7\u00f5es de TI, oferecidos por uma equipe de consultoria com larga experi\u00eancia. Softwares sob Medida Temos uma equipe capaz de mapear os processos de qualquer \u00e1rea de neg\u00f3cio, desenvolvendo assim um&hellip;&nbsp;<a href=\"https:\/\/grupoican.com.br\/ar\/consultoria-em-ti-desenvolvimento-de-sistemas-e-sites\/\" rel=\"bookmark\">Read More &raquo;<span class=\"screen-reader-text\">Consultoria em TI &#8211; Desenvolvimento de Sistemas e Sites<\/span><\/a><\/p>","protected":false},"author":1,"featured_media":0,"parent":0,"menu_order":0,"comment_status":"closed","ping_status":"closed","template":"","meta":{"neve_meta_sidebar":"","neve_meta_container":"","neve_meta_enable_content_width":"","neve_meta_content_width":0,"neve_meta_title_alignment":"","neve_meta_author_avatar":"","neve_post_elements_order":"","neve_meta_disable_header":"","neve_meta_disable_footer":"","neve_meta_disable_title":"on","neve_meta_reading_time":"","_joinchat":[],"footnotes":""},"class_list":["post-967","page","type-page","status-publish","hentry"],"yoast_head":"<!-- This site is optimized with the Yoast SEO Premium plugin v22.5 (Yoast SEO v24.5) - https:\/\/yoast.com\/wordpress\/plugins\/seo\/ -->\n<title>Consultoria em TI - Desenvolvimento de Sistemas e Sites - GrupoIcan<\/title>\n<meta name=\"robots\" content=\"index, follow, max-snippet:-1, max-image-preview:large, max-video-preview:-1\" \/>\n<link rel=\"canonical\" href=\"https:\/\/grupoican.com.br\/ar\/consultoria-em-ti-desenvolvimento-de-sistemas-e-sites\/\" \/>\n<meta property=\"og:locale\" content=\"ar_AR\" \/>\n<meta property=\"og:type\" content=\"article\" \/>\n<meta property=\"og:title\" content=\"Consultoria em TI - Desenvolvimento de Sistemas e Sites\" \/>\n<meta property=\"og:description\" content=\"Consultoria em TI \u2013 Desenvolvimento de Sistemas e Sites Consultoria em TI Conte com um conjunto de servi\u00e7os de alto n\u00edvel t\u00e9cnico focado em solu\u00e7\u00f5es de TI, oferecidos por uma equipe de consultoria com larga experi\u00eancia. Softwares sob Medida Temos uma equipe capaz de mapear os processos de qualquer \u00e1rea de neg\u00f3cio, desenvolvendo assim um&hellip;&nbsp;Read More &raquo;Consultoria em TI &#8211; Desenvolvimento de Sistemas e Sites\" \/>\n<meta property=\"og:url\" content=\"https:\/\/grupoican.com.br\/ar\/consultoria-em-ti-desenvolvimento-de-sistemas-e-sites\/\" \/>\n<meta property=\"og:site_name\" content=\"GrupoIcan\" \/>\n<meta property=\"article:modified_time\" content=\"2022-03-21T23:37:11+00:00\" \/>\n<meta name=\"twitter:card\" content=\"summary_large_image\" \/>\n<meta name=\"twitter:label1\" content=\"\u0648\u0642\u062a \u0627\u0644\u0642\u0631\u0627\u0621\u0629 \u0627\u0644\u0645\u064f\u0642\u062f\u0651\u0631\" \/>\n\t<meta name=\"twitter:data1\" content=\"\u062f\u0642\u064a\u0642\u0629 \u0648\u0627\u062d\u062f\u0629\" \/>\n<script type=\"application\/ld+json\" class=\"yoast-schema-graph\">{\"@context\":\"https:\/\/schema.org\",\"@graph\":[{\"@type\":\"WebPage\",\"@id\":\"https:\/\/grupoican.com.br\/consultoria-em-ti-desenvolvimento-de-sistemas-e-sites\/\",\"url\":\"https:\/\/grupoican.com.br\/consultoria-em-ti-desenvolvimento-de-sistemas-e-sites\/\",\"name\":\"Consultoria em TI - Desenvolvimento de Sistemas e Sites - GrupoIcan\",\"isPartOf\":{\"@id\":\"https:\/\/grupoican.com.br\/#website\"},\"datePublished\":\"2021-11-30T13:19:10+00:00\",\"dateModified\":\"2022-03-21T23:37:11+00:00\",\"breadcrumb\":{\"@id\":\"https:\/\/grupoican.com.br\/consultoria-em-ti-desenvolvimento-de-sistemas-e-sites\/#breadcrumb\"},\"inLanguage\":\"ar\",\"potentialAction\":[{\"@type\":\"ReadAction\",\"target\":[\"https:\/\/grupoican.com.br\/consultoria-em-ti-desenvolvimento-de-sistemas-e-sites\/\"]}]},{\"@type\":\"BreadcrumbList\",\"@id\":\"https:\/\/grupoican.com.br\/consultoria-em-ti-desenvolvimento-de-sistemas-e-sites\/#breadcrumb\",\"itemListElement\":[{\"@type\":\"ListItem\",\"position\":1,\"name\":\"In\u00edcio\",\"item\":\"https:\/\/grupoican.com.br\/\"},{\"@type\":\"ListItem\",\"position\":2,\"name\":\"Consultoria em TI &#8211; Desenvolvimento de Sistemas e Sites\"}]},{\"@type\":\"WebSite\",\"@id\":\"https:\/\/grupoican.com.br\/#website\",\"url\":\"https:\/\/grupoican.com.br\/\",\"name\":\"GrupoIcan\",\"description\":\"Consultoria especializada em gest\u00e3o empresarial e \u00e1rea de petr\u00f3leo e g\u00e1s.\",\"publisher\":{\"@id\":\"https:\/\/grupoican.com.br\/#organization\"},\"potentialAction\":[{\"@type\":\"SearchAction\",\"target\":{\"@type\":\"EntryPoint\",\"urlTemplate\":\"https:\/\/grupoican.com.br\/?s={search_term_string}\"},\"query-input\":{\"@type\":\"PropertyValueSpecification\",\"valueRequired\":true,\"valueName\":\"search_term_string\"}}],\"inLanguage\":\"ar\"},{\"@type\":\"Organization\",\"@id\":\"https:\/\/grupoican.com.br\/#organization\",\"name\":\"GrupoIcan\",\"url\":\"https:\/\/grupoican.com.br\/\",\"logo\":{\"@type\":\"ImageObject\",\"inLanguage\":\"ar\",\"@id\":\"https:\/\/grupoican.com.br\/#\/schema\/logo\/image\/\",\"url\":\"https:\/\/grupoican.com.br\/wp-content\/uploads\/2021\/09\/logo-icanbe.png\",\"contentUrl\":\"https:\/\/grupoican.com.br\/wp-content\/uploads\/2021\/09\/logo-icanbe.png\",\"width\":1855,\"height\":1573,\"caption\":\"GrupoIcan\"},\"image\":{\"@id\":\"https:\/\/grupoican.com.br\/#\/schema\/logo\/image\/\"}}]}<\/script>\n<!-- \/ Yoast SEO Premium plugin. -->","yoast_head_json":{"title":"Consultoria em TI - Desenvolvimento de Sistemas e Sites - GrupoIcan","robots":{"index":"index","follow":"follow","max-snippet":"max-snippet:-1","max-image-preview":"max-image-preview:large","max-video-preview":"max-video-preview:-1"},"canonical":"https:\/\/grupoican.com.br\/ar\/consultoria-em-ti-desenvolvimento-de-sistemas-e-sites\/","og_locale":"ar_AR","og_type":"article","og_title":"Consultoria em TI - Desenvolvimento de Sistemas e Sites","og_description":"Consultoria em TI \u2013 Desenvolvimento de Sistemas e Sites Consultoria em TI Conte com um conjunto de servi\u00e7os de alto n\u00edvel t\u00e9cnico focado em solu\u00e7\u00f5es de TI, oferecidos por uma equipe de consultoria com larga experi\u00eancia. Softwares sob Medida Temos uma equipe capaz de mapear os processos de qualquer \u00e1rea de neg\u00f3cio, desenvolvendo assim um&hellip;&nbsp;Read More &raquo;Consultoria em TI &#8211; Desenvolvimento de Sistemas e Sites","og_url":"https:\/\/grupoican.com.br\/ar\/consultoria-em-ti-desenvolvimento-de-sistemas-e-sites\/","og_site_name":"GrupoIcan","article_modified_time":"2022-03-21T23:37:11+00:00","twitter_card":"summary_large_image","twitter_misc":{"\u0648\u0642\u062a \u0627\u0644\u0642\u0631\u0627\u0621\u0629 \u0627\u0644\u0645\u064f\u0642\u062f\u0651\u0631":"\u062f\u0642\u064a\u0642\u0629 \u0648\u0627\u062d\u062f\u0629"},"schema":{"@context":"https:\/\/schema.org","@graph":[{"@type":"WebPage","@id":"https:\/\/grupoican.com.br\/consultoria-em-ti-desenvolvimento-de-sistemas-e-sites\/","url":"https:\/\/grupoican.com.br\/consultoria-em-ti-desenvolvimento-de-sistemas-e-sites\/","name":"Consultoria em TI - Desenvolvimento de Sistemas e Sites - GrupoIcan","isPartOf":{"@id":"https:\/\/grupoican.com.br\/#website"},"datePublished":"2021-11-30T13:19:10+00:00","dateModified":"2022-03-21T23:37:11+00:00","breadcrumb":{"@id":"https:\/\/grupoican.com.br\/consultoria-em-ti-desenvolvimento-de-sistemas-e-sites\/#breadcrumb"},"inLanguage":"ar","potentialAction":[{"@type":"ReadAction","target":["https:\/\/grupoican.com.br\/consultoria-em-ti-desenvolvimento-de-sistemas-e-sites\/"]}]},{"@type":"BreadcrumbList","@id":"https:\/\/grupoican.com.br\/consultoria-em-ti-desenvolvimento-de-sistemas-e-sites\/#breadcrumb","itemListElement":[{"@type":"ListItem","position":1,"name":"In\u00edcio","item":"https:\/\/grupoican.com.br\/"},{"@type":"ListItem","position":2,"name":"Consultoria em TI &#8211; Desenvolvimento de Sistemas e Sites"}]},{"@type":"WebSite","@id":"https:\/\/grupoican.com.br\/#website","url":"https:\/\/grupoican.com.br\/","name":"GrupoIcan","description":"Consultoria especializada em gest\u00e3o empresarial e \u00e1rea de petr\u00f3leo e g\u00e1s.","publisher":{"@id":"https:\/\/grupoican.com.br\/#organization"},"potentialAction":[{"@type":"SearchAction","target":{"@type":"EntryPoint","urlTemplate":"https:\/\/grupoican.com.br\/?s={search_term_string}"},"query-input":{"@type":"PropertyValueSpecification","valueRequired":true,"valueName":"search_term_string"}}],"inLanguage":"ar"},{"@type":"Organization","@id":"https:\/\/grupoican.com.br\/#organization","name":"GrupoIcan","url":"https:\/\/grupoican.com.br\/","logo":{"@type":"ImageObject","inLanguage":"ar","@id":"https:\/\/grupoican.com.br\/#\/schema\/logo\/image\/","url":"https:\/\/grupoican.com.br\/wp-content\/uploads\/2021\/09\/logo-icanbe.png","contentUrl":"https:\/\/grupoican.com.br\/wp-content\/uploads\/2021\/09\/logo-icanbe.png","width":1855,"height":1573,"caption":"GrupoIcan"},"image":{"@id":"https:\/\/grupoican.com.br\/#\/schema\/logo\/image\/"}}]}},"amp_enabled":true,"_links":{"self":[{"href":"https:\/\/grupoican.com.br\/ar\/wp-json\/wp\/v2\/pages\/967","targetHints":{"allow":["GET"]}}],"collection":[{"href":"https:\/\/grupoican.com.br\/ar\/wp-json\/wp\/v2\/pages"}],"about":[{"href":"https:\/\/grupoican.com.br\/ar\/wp-json\/wp\/v2\/types\/page"}],"author":[{"embeddable":true,"href":"https:\/\/grupoican.com.br\/ar\/wp-json\/wp\/v2\/users\/1"}],"replies":[{"embeddable":true,"href":"https:\/\/grupoican.com.br\/ar\/wp-json\/wp\/v2\/comments?post=967"}],"version-history":[{"count":0,"href":"https:\/\/grupoican.com.br\/ar\/wp-json\/wp\/v2\/pages\/967\/revisions"}],"wp:attachment":[{"href":"https:\/\/grupoican.com.br\/ar\/wp-json\/wp\/v2\/media?parent=967"}],"curies":[{"name":"wp","href":"https:\/\/api.w.org\/{rel}","templated":true}]}}