{"id":15524,"date":"2025-03-26T11:17:03","date_gmt":"2025-03-26T14:17:03","guid":{"rendered":"https:\/\/grupoican.com.br\/?page_id=15524"},"modified":"2025-03-26T11:51:04","modified_gmt":"2025-03-26T14:51:04","slug":"fornecer-para-petrobras","status":"publish","type":"page","link":"https:\/\/grupoican.com.br\/de\/fornecer-para-petrobras\/","title":{"rendered":"Fornecer para Petrobras"},"content":{"rendered":"<div data-elementor-type=\"wp-page\" data-elementor-id=\"15524\" class=\"elementor elementor-15524\" data-elementor-post-type=\"page\">\n\t\t\t\t\t\t<section class=\"elementor-section elementor-top-section elementor-element elementor-element-1a5672a elementor-section-boxed elementor-section-height-default elementor-section-height-default\" data-id=\"1a5672a\" data-element_type=\"section\">\n\t\t\t\t\t\t<div class=\"elementor-container elementor-column-gap-default\">\n\t\t\t\t\t<div class=\"elementor-column elementor-col-100 elementor-top-column elementor-element elementor-element-36cd979\" data-id=\"36cd979\" data-element_type=\"column\">\n\t\t\t<div class=\"elementor-widget-wrap elementor-element-populated\">\n\t\t\t\t\t\t<div class=\"elementor-element elementor-element-ec124be elementor-widget elementor-widget-spacer\" data-id=\"ec124be\" data-element_type=\"widget\" data-widget_type=\"spacer.default\">\n\t\t\t\t<div class=\"elementor-widget-container\">\n\t\t\t\t\t\t\t<div class=\"elementor-spacer\">\n\t\t\t<div class=\"elementor-spacer-inner\"><\/div>\n\t\t<\/div>\n\t\t\t\t\t\t<\/div>\n\t\t\t\t<\/div>\n\t\t\t\t\t<\/div>\n\t\t<\/div>\n\t\t\t\t\t<\/div>\n\t\t<\/section>\n\t\t\t\t<section class=\"elementor-section elementor-top-section elementor-element elementor-element-7c16b17c elementor-section-boxed elementor-section-height-default elementor-section-height-default\" data-id=\"7c16b17c\" data-element_type=\"section\">\n\t\t\t\t\t\t<div class=\"elementor-container elementor-column-gap-default\">\n\t\t\t\t\t<div class=\"elementor-column elementor-col-100 elementor-top-column elementor-element elementor-element-16765a88\" data-id=\"16765a88\" data-element_type=\"column\">\n\t\t\t<div class=\"elementor-widget-wrap elementor-element-populated\">\n\t\t\t\t\t\t<div class=\"elementor-element elementor-element-7bb8f047 elementor-widget elementor-widget-text-editor\" data-id=\"7bb8f047\" data-element_type=\"widget\" data-widget_type=\"text-editor.default\">\n\t\t\t\t<div class=\"elementor-widget-container\">\n\t\t\t\t\t\t\t\t\t\n<h1 id=\"h-quer-fornecer-para-a-petrobras-o-grupo-i-can-conecta-sua-empresa-ao-mercado-offshore\" class=\"wp-block-heading\"><strong>\ud83d\udce2 Quer Fornecer para a Petrobras? O Grupo I Can Conecta Sua Empresa ao Mercado Offshore!<\/strong><\/h1>\n\n<h2 id=\"h-conquiste-oportunidades-no-setor-de-petroleo-e-gas\" class=\"wp-block-heading\"><strong>Conquiste Oportunidades no Setor de Petr\u00f3leo e G\u00e1s<\/strong><\/h2>\n\n<p>Se sua empresa deseja fornecer produtos ou servi\u00e7os para a <strong>Petrobras e grandes players do setor offshore<\/strong>, \u00e9 essencial estar preparada para os desafios e exig\u00eancias do mercado. O <strong>Gruppe I kann<\/strong> \u00e9 especialista em conectar fornecedores \u00e0s melhores oportunidades no segmento de \u00f3leo e g\u00e1s.<\/p>\n\n<h2 id=\"h-como-podemos-ajudar-sua-empresa\" class=\"wp-block-heading\"><strong>Como Podemos Ajudar Sua Empresa?<\/strong><\/h2>\n\n<p>\ud83d\ude80 <strong>Assessoria para Cadastro e Certifica\u00e7\u00f5es<\/strong> \u2192 Suporte para CRC Petrobras e requisitos de qualifica\u00e7\u00e3o<br \/>\ud83d\udd0e <strong>Identifica\u00e7\u00e3o de Oportunidades<\/strong> \u2192 Mapeamos demandas do setor para fornecedores estrat\u00e9gicos<br \/>\ud83d\udcd1 <strong>Consultoria Especializada<\/strong> \u2192 Orienta\u00e7\u00e3o sobre compliance, contratos e exig\u00eancias do setor<br \/>\ud83e\udd1d <strong>Conex\u00e3o com Empresas do Setor<\/strong> \u2192 Networking com compradores e parceiros da ind\u00fastria<\/p>\n\n<h2 id=\"h-quem-pode-se-beneficiar\" class=\"wp-block-heading\"><strong>Quem Pode Se Beneficiar?<\/strong><\/h2>\n\n<p>\ud83d\udd39 Empresas de pequeno e m\u00e9dio porte que desejam fornecer para a Petrobras<br \/>\ud83d\udd39 Prestadores de servi\u00e7os industriais, log\u00edsticos e operacionais<br \/>\ud83d\udd39 Fabricantes e distribuidores de insumos, EPIs e equipamentos<br \/>\ud83d\udd39 Qualquer empresa interessada em expandir sua atua\u00e7\u00e3o no setor offshore<\/p>\n\n<h2 id=\"h-por-que-contar-com-o-grupo-i-can\" class=\"wp-block-heading\"><strong>Por Que Contar com o Grupo I Can?<\/strong><\/h2>\n\n<p>\u2705 Experi\u00eancia consolidada no mercado de petr\u00f3leo e g\u00e1s<br \/>\u2705 Suporte especializado para fornecedores em todas as etapas<br \/>\u2705 Parcerias estrat\u00e9gicas para facilitar sua entrada no setor<br \/>\u2705 Conex\u00e3o com oportunidades reais de neg\u00f3cios<\/p>\n\n<h3 id=\"h-quer-saber-como-fornecer-para-a-petrobras-agende-uma-reuniao-e-fale-com-um-especialista\" class=\"wp-block-heading\"><strong>\ud83d\udd39 Quer saber como fornecer para a Petrobras? Agende uma reuni\u00e3o e fale com um especialista!<\/strong><\/h3>\n\t\t\t\t\t\t\t\t<\/div>\n\t\t\t\t<\/div>\n\t\t\t\t\t<\/div>\n\t\t<\/div>\n\t\t\t\t\t<\/div>\n\t\t<\/section>\n\t\t\t\t<section class=\"elementor-section elementor-top-section elementor-element elementor-element-c54a26c elementor-section-boxed elementor-section-height-default elementor-section-height-default\" data-id=\"c54a26c\" data-element_type=\"section\">\n\t\t\t\t\t\t<div class=\"elementor-container elementor-column-gap-default\">\n\t\t\t\t\t<div class=\"elementor-column elementor-col-100 elementor-top-column elementor-element elementor-element-06a79a7\" data-id=\"06a79a7\" data-element_type=\"column\">\n\t\t\t<div class=\"elementor-widget-wrap elementor-element-populated\">\n\t\t\t\t\t\t<div class=\"elementor-element elementor-element-ac64c62 elementor-align-center elementor-invisible elementor-widget elementor-widget-button\" data-id=\"ac64c62\" data-element_type=\"widget\" data-settings=\"{&quot;_animation&quot;:&quot;headShake&quot;}\" data-widget_type=\"button.default\">\n\t\t\t\t<div class=\"elementor-widget-container\">\n\t\t\t\t\t\t\t\t\t<div class=\"elementor-button-wrapper\">\n\t\t\t\t\t<a class=\"elementor-button elementor-button-link elementor-size-sm\" href=\"https:\/\/grupoican.com.br\/de\/agendar-reuniao\/\">\n\t\t\t\t\t\t<span class=\"elementor-button-content-wrapper\">\n\t\t\t\t\t\t\t\t\t<span class=\"elementor-button-text\">Agendar reuni\u00e3o agora<\/span>\n\t\t\t\t\t<\/span>\n\t\t\t\t\t<\/a>\n\t\t\t\t<\/div>\n\t\t\t\t\t\t\t\t<\/div>\n\t\t\t\t<\/div>\n\t\t\t\t\t<\/div>\n\t\t<\/div>\n\t\t\t\t\t<\/div>\n\t\t<\/section>\n\t\t\t\t<section class=\"elementor-section elementor-top-section elementor-element elementor-element-1965bb5 elementor-section-boxed elementor-section-height-default elementor-section-height-default\" data-id=\"1965bb5\" data-element_type=\"section\">\n\t\t\t\t\t\t<div class=\"elementor-container elementor-column-gap-default\">\n\t\t\t\t\t<div class=\"elementor-column elementor-col-100 elementor-top-column elementor-element elementor-element-50c3171\" data-id=\"50c3171\" data-element_type=\"column\">\n\t\t\t<div class=\"elementor-widget-wrap elementor-element-populated\">\n\t\t\t\t\t\t<div class=\"elementor-element elementor-element-b855256 elementor-widget elementor-widget-spacer\" data-id=\"b855256\" data-element_type=\"widget\" data-widget_type=\"spacer.default\">\n\t\t\t\t<div class=\"elementor-widget-container\">\n\t\t\t\t\t\t\t<div class=\"elementor-spacer\">\n\t\t\t<div class=\"elementor-spacer-inner\"><\/div>\n\t\t<\/div>\n\t\t\t\t\t\t<\/div>\n\t\t\t\t<\/div>\n\t\t\t\t\t<\/div>\n\t\t<\/div>\n\t\t\t\t\t<\/div>\n\t\t<\/section>\n\t\t\t\t<\/div>","protected":false},"excerpt":{"rendered":"<p>\ud83d\udce2 Quer Fornecer para a Petrobras? O Grupo I Can Conecta Sua Empresa ao Mercado Offshore! Conquiste Oportunidades no Setor de Petr\u00f3leo e G\u00e1s Se sua empresa deseja fornecer produtos ou servi\u00e7os para a Petrobras e grandes players do setor offshore, \u00e9 essencial estar preparada para os desafios e exig\u00eancias do mercado. O Grupo I&hellip;&nbsp;<a href=\"https:\/\/grupoican.com.br\/de\/fornecer-para-petrobras\/\" rel=\"bookmark\">Read More &raquo;<span class=\"screen-reader-text\">Fornecer para Petrobras<\/span><\/a><\/p>","protected":false},"author":1,"featured_media":0,"parent":0,"menu_order":0,"comment_status":"closed","ping_status":"closed","template":"","meta":{"neve_meta_sidebar":"","neve_meta_container":"","neve_meta_enable_content_width":"","neve_meta_content_width":0,"neve_meta_title_alignment":"","neve_meta_author_avatar":"","neve_post_elements_order":"","neve_meta_disable_header":"","neve_meta_disable_footer":"","neve_meta_disable_title":"on","neve_meta_reading_time":"","_joinchat":[],"footnotes":""},"class_list":["post-15524","page","type-page","status-publish","hentry"],"yoast_head":"<!-- This site is optimized with the Yoast SEO Premium plugin v22.5 (Yoast SEO v24.5) - https:\/\/yoast.com\/wordpress\/plugins\/seo\/ -->\n<title>Fornecer para Petrobras - GrupoIcan<\/title>\n<meta name=\"robots\" content=\"index, follow, max-snippet:-1, max-image-preview:large, max-video-preview:-1\" \/>\n<link rel=\"canonical\" href=\"https:\/\/grupoican.com.br\/de\/fornecer-para-petrobras\/\" \/>\n<meta property=\"og:locale\" content=\"de_DE\" \/>\n<meta property=\"og:type\" content=\"article\" \/>\n<meta property=\"og:title\" content=\"Fornecer para Petrobras\" \/>\n<meta property=\"og:description\" content=\"\ud83d\udce2 Quer Fornecer para a Petrobras? O Grupo I Can Conecta Sua Empresa ao Mercado Offshore! Conquiste Oportunidades no Setor de Petr\u00f3leo e G\u00e1s Se sua empresa deseja fornecer produtos ou servi\u00e7os para a Petrobras e grandes players do setor offshore, \u00e9 essencial estar preparada para os desafios e exig\u00eancias do mercado. O Grupo I&hellip;&nbsp;Read More &raquo;Fornecer para Petrobras\" \/>\n<meta property=\"og:url\" content=\"https:\/\/grupoican.com.br\/de\/fornecer-para-petrobras\/\" \/>\n<meta property=\"og:site_name\" content=\"GrupoIcan\" \/>\n<meta property=\"article:modified_time\" content=\"2025-03-26T14:51:04+00:00\" \/>\n<meta name=\"twitter:card\" content=\"summary_large_image\" \/>\n<meta name=\"twitter:label1\" content=\"Gesch\u00e4tzte Lesezeit\" \/>\n\t<meta name=\"twitter:data1\" content=\"4\u00a0Minuten\" \/>\n<script type=\"application\/ld+json\" class=\"yoast-schema-graph\">{\"@context\":\"https:\/\/schema.org\",\"@graph\":[{\"@type\":\"WebPage\",\"@id\":\"https:\/\/grupoican.com.br\/fornecer-para-petrobras\/\",\"url\":\"https:\/\/grupoican.com.br\/fornecer-para-petrobras\/\",\"name\":\"Fornecer para Petrobras - GrupoIcan\",\"isPartOf\":{\"@id\":\"https:\/\/grupoican.com.br\/#website\"},\"datePublished\":\"2025-03-26T14:17:03+00:00\",\"dateModified\":\"2025-03-26T14:51:04+00:00\",\"breadcrumb\":{\"@id\":\"https:\/\/grupoican.com.br\/fornecer-para-petrobras\/#breadcrumb\"},\"inLanguage\":\"de-CH\",\"potentialAction\":[{\"@type\":\"ReadAction\",\"target\":[\"https:\/\/grupoican.com.br\/fornecer-para-petrobras\/\"]}]},{\"@type\":\"BreadcrumbList\",\"@id\":\"https:\/\/grupoican.com.br\/fornecer-para-petrobras\/#breadcrumb\",\"itemListElement\":[{\"@type\":\"ListItem\",\"position\":1,\"name\":\"In\u00edcio\",\"item\":\"https:\/\/grupoican.com.br\/\"},{\"@type\":\"ListItem\",\"position\":2,\"name\":\"Fornecer para Petrobras\"}]},{\"@type\":\"WebSite\",\"@id\":\"https:\/\/grupoican.com.br\/#website\",\"url\":\"https:\/\/grupoican.com.br\/\",\"name\":\"GrupoIcan\",\"description\":\"Consultoria especializada em gest\u00e3o empresarial e \u00e1rea de petr\u00f3leo e g\u00e1s.\",\"publisher\":{\"@id\":\"https:\/\/grupoican.com.br\/#organization\"},\"potentialAction\":[{\"@type\":\"SearchAction\",\"target\":{\"@type\":\"EntryPoint\",\"urlTemplate\":\"https:\/\/grupoican.com.br\/?s={search_term_string}\"},\"query-input\":{\"@type\":\"PropertyValueSpecification\",\"valueRequired\":true,\"valueName\":\"search_term_string\"}}],\"inLanguage\":\"de-CH\"},{\"@type\":\"Organization\",\"@id\":\"https:\/\/grupoican.com.br\/#organization\",\"name\":\"GrupoIcan\",\"url\":\"https:\/\/grupoican.com.br\/\",\"logo\":{\"@type\":\"ImageObject\",\"inLanguage\":\"de-CH\",\"@id\":\"https:\/\/grupoican.com.br\/#\/schema\/logo\/image\/\",\"url\":\"https:\/\/grupoican.com.br\/wp-content\/uploads\/2021\/09\/logo-icanbe.png\",\"contentUrl\":\"https:\/\/grupoican.com.br\/wp-content\/uploads\/2021\/09\/logo-icanbe.png\",\"width\":1855,\"height\":1573,\"caption\":\"GrupoIcan\"},\"image\":{\"@id\":\"https:\/\/grupoican.com.br\/#\/schema\/logo\/image\/\"}}]}<\/script>\n<!-- \/ Yoast SEO Premium plugin. -->","yoast_head_json":{"title":"Fornecer para Petrobras - GrupoIcan","robots":{"index":"index","follow":"follow","max-snippet":"max-snippet:-1","max-image-preview":"max-image-preview:large","max-video-preview":"max-video-preview:-1"},"canonical":"https:\/\/grupoican.com.br\/de\/fornecer-para-petrobras\/","og_locale":"de_DE","og_type":"article","og_title":"Fornecer para Petrobras","og_description":"\ud83d\udce2 Quer Fornecer para a Petrobras? O Grupo I Can Conecta Sua Empresa ao Mercado Offshore! Conquiste Oportunidades no Setor de Petr\u00f3leo e G\u00e1s Se sua empresa deseja fornecer produtos ou servi\u00e7os para a Petrobras e grandes players do setor offshore, \u00e9 essencial estar preparada para os desafios e exig\u00eancias do mercado. O Grupo I&hellip;&nbsp;Read More &raquo;Fornecer para Petrobras","og_url":"https:\/\/grupoican.com.br\/de\/fornecer-para-petrobras\/","og_site_name":"GrupoIcan","article_modified_time":"2025-03-26T14:51:04+00:00","twitter_card":"summary_large_image","twitter_misc":{"Gesch\u00e4tzte Lesezeit":"4\u00a0Minuten"},"schema":{"@context":"https:\/\/schema.org","@graph":[{"@type":"WebPage","@id":"https:\/\/grupoican.com.br\/fornecer-para-petrobras\/","url":"https:\/\/grupoican.com.br\/fornecer-para-petrobras\/","name":"Fornecer para Petrobras - GrupoIcan","isPartOf":{"@id":"https:\/\/grupoican.com.br\/#website"},"datePublished":"2025-03-26T14:17:03+00:00","dateModified":"2025-03-26T14:51:04+00:00","breadcrumb":{"@id":"https:\/\/grupoican.com.br\/fornecer-para-petrobras\/#breadcrumb"},"inLanguage":"de-CH","potentialAction":[{"@type":"ReadAction","target":["https:\/\/grupoican.com.br\/fornecer-para-petrobras\/"]}]},{"@type":"BreadcrumbList","@id":"https:\/\/grupoican.com.br\/fornecer-para-petrobras\/#breadcrumb","itemListElement":[{"@type":"ListItem","position":1,"name":"In\u00edcio","item":"https:\/\/grupoican.com.br\/"},{"@type":"ListItem","position":2,"name":"Fornecer para Petrobras"}]},{"@type":"WebSite","@id":"https:\/\/grupoican.com.br\/#website","url":"https:\/\/grupoican.com.br\/","name":"GrupoIcan","description":"Consultoria especializada em gest\u00e3o empresarial e \u00e1rea de petr\u00f3leo e g\u00e1s.","publisher":{"@id":"https:\/\/grupoican.com.br\/#organization"},"potentialAction":[{"@type":"SearchAction","target":{"@type":"EntryPoint","urlTemplate":"https:\/\/grupoican.com.br\/?s={search_term_string}"},"query-input":{"@type":"PropertyValueSpecification","valueRequired":true,"valueName":"search_term_string"}}],"inLanguage":"de-CH"},{"@type":"Organization","@id":"https:\/\/grupoican.com.br\/#organization","name":"GrupoIcan","url":"https:\/\/grupoican.com.br\/","logo":{"@type":"ImageObject","inLanguage":"de-CH","@id":"https:\/\/grupoican.com.br\/#\/schema\/logo\/image\/","url":"https:\/\/grupoican.com.br\/wp-content\/uploads\/2021\/09\/logo-icanbe.png","contentUrl":"https:\/\/grupoican.com.br\/wp-content\/uploads\/2021\/09\/logo-icanbe.png","width":1855,"height":1573,"caption":"GrupoIcan"},"image":{"@id":"https:\/\/grupoican.com.br\/#\/schema\/logo\/image\/"}}]}},"amp_enabled":true,"_links":{"self":[{"href":"https:\/\/grupoican.com.br\/de\/wp-json\/wp\/v2\/pages\/15524","targetHints":{"allow":["GET"]}}],"collection":[{"href":"https:\/\/grupoican.com.br\/de\/wp-json\/wp\/v2\/pages"}],"about":[{"href":"https:\/\/grupoican.com.br\/de\/wp-json\/wp\/v2\/types\/page"}],"author":[{"embeddable":true,"href":"https:\/\/grupoican.com.br\/de\/wp-json\/wp\/v2\/users\/1"}],"replies":[{"embeddable":true,"href":"https:\/\/grupoican.com.br\/de\/wp-json\/wp\/v2\/comments?post=15524"}],"version-history":[{"count":11,"href":"https:\/\/grupoican.com.br\/de\/wp-json\/wp\/v2\/pages\/15524\/revisions"}],"predecessor-version":[{"id":15538,"href":"https:\/\/grupoican.com.br\/de\/wp-json\/wp\/v2\/pages\/15524\/revisions\/15538"}],"wp:attachment":[{"href":"https:\/\/grupoican.com.br\/de\/wp-json\/wp\/v2\/media?parent=15524"}],"curies":[{"name":"wp","href":"https:\/\/api.w.org\/{rel}","templated":true}]}}