{"id":1814,"date":"2022-06-22T15:24:07","date_gmt":"2022-06-22T18:24:07","guid":{"rendered":"https:\/\/grupoican.com.br\/?page_id=1814"},"modified":"2024-09-04T15:14:34","modified_gmt":"2024-09-04T18:14:34","slug":"patrocinios","status":"publish","type":"page","link":"https:\/\/grupoican.com.br\/de\/patrocinios\/","title":{"rendered":"Sponsoring"},"content":{"rendered":"<div data-elementor-type=\"wp-page\" data-elementor-id=\"1814\" class=\"elementor elementor-1814\" data-elementor-post-type=\"page\">\n\t\t\t\t\t\t<section class=\"elementor-section elementor-top-section elementor-element elementor-element-f5b39cd elementor-section-boxed elementor-section-height-default elementor-section-height-default\" data-id=\"f5b39cd\" data-element_type=\"section\">\n\t\t\t\t\t\t<div class=\"elementor-container elementor-column-gap-default\">\n\t\t\t\t\t<div class=\"elementor-column elementor-col-100 elementor-top-column elementor-element elementor-element-7062132\" data-id=\"7062132\" data-element_type=\"column\">\n\t\t\t<div class=\"elementor-widget-wrap elementor-element-populated\">\n\t\t\t\t\t\t<div class=\"elementor-element elementor-element-de499b1 elementor-widget elementor-widget-spacer\" data-id=\"de499b1\" data-element_type=\"widget\" data-widget_type=\"spacer.default\">\n\t\t\t\t<div class=\"elementor-widget-container\">\n\t\t\t\t\t\t\t<div class=\"elementor-spacer\">\n\t\t\t<div class=\"elementor-spacer-inner\"><\/div>\n\t\t<\/div>\n\t\t\t\t\t\t<\/div>\n\t\t\t\t<\/div>\n\t\t\t\t\t<\/div>\n\t\t<\/div>\n\t\t\t\t\t<\/div>\n\t\t<\/section>\n\t\t\t\t<section class=\"elementor-section elementor-top-section elementor-element elementor-element-8ca69a8 elementor-section-boxed elementor-section-height-default elementor-section-height-default\" data-id=\"8ca69a8\" data-element_type=\"section\">\n\t\t\t\t\t\t<div class=\"elementor-container elementor-column-gap-default\">\n\t\t\t\t\t<div class=\"elementor-column elementor-col-100 elementor-top-column elementor-element elementor-element-15c83df\" data-id=\"15c83df\" data-element_type=\"column\">\n\t\t\t<div class=\"elementor-widget-wrap elementor-element-populated\">\n\t\t\t\t\t\t<div class=\"elementor-element elementor-element-6cd939f elementor-invisible elementor-widget elementor-widget-heading\" data-id=\"6cd939f\" data-element_type=\"widget\" data-settings=\"{&quot;_animation&quot;:&quot;slideInRight&quot;}\" data-widget_type=\"heading.default\">\n\t\t\t\t<div class=\"elementor-widget-container\">\n\t\t\t\t\t<h2 class=\"elementor-heading-title elementor-size-default\">Patenschaften <\/h2>\t\t\t\t<\/div>\n\t\t\t\t<\/div>\n\t\t\t\t\t<\/div>\n\t\t<\/div>\n\t\t\t\t\t<\/div>\n\t\t<\/section>\n\t\t\t\t<section class=\"elementor-section elementor-top-section elementor-element elementor-element-e44e1f9 elementor-section-boxed elementor-section-height-default elementor-section-height-default\" data-id=\"e44e1f9\" data-element_type=\"section\">\n\t\t\t\t\t\t<div class=\"elementor-container elementor-column-gap-default\">\n\t\t\t\t\t<div class=\"elementor-column elementor-col-100 elementor-top-column elementor-element elementor-element-a996c72\" data-id=\"a996c72\" data-element_type=\"column\">\n\t\t\t<div class=\"elementor-widget-wrap elementor-element-populated\">\n\t\t\t\t\t\t<div class=\"elementor-element elementor-element-b726495 elementor-widget-divider--view-line elementor-widget elementor-widget-divider\" data-id=\"b726495\" data-element_type=\"widget\" data-widget_type=\"divider.default\">\n\t\t\t\t<div class=\"elementor-widget-container\">\n\t\t\t\t\t\t\t<div class=\"elementor-divider\">\n\t\t\t<span class=\"elementor-divider-separator\">\n\t\t\t\t\t\t<\/span>\n\t\t<\/div>\n\t\t\t\t\t\t<\/div>\n\t\t\t\t<\/div>\n\t\t\t\t\t<\/div>\n\t\t<\/div>\n\t\t\t\t\t<\/div>\n\t\t<\/section>\n\t\t\t\t<section class=\"elementor-section elementor-top-section elementor-element elementor-element-6ab2dc08 elementor-section-boxed elementor-section-height-default elementor-section-height-default\" data-id=\"6ab2dc08\" data-element_type=\"section\">\n\t\t\t\t\t\t<div class=\"elementor-container elementor-column-gap-default\">\n\t\t\t\t\t<div class=\"elementor-column elementor-col-100 elementor-top-column elementor-element elementor-element-6b092032\" data-id=\"6b092032\" data-element_type=\"column\">\n\t\t\t<div class=\"elementor-widget-wrap elementor-element-populated\">\n\t\t\t\t\t\t<div class=\"elementor-element elementor-element-3206d9e7 elementor-widget elementor-widget-text-editor\" data-id=\"3206d9e7\" data-element_type=\"widget\" data-widget_type=\"text-editor.default\">\n\t\t\t\t<div class=\"elementor-widget-container\">\n\t\t\t\t\t\t\t\t\t<p><\/p>\n<h2 class=\"wp-block-heading\">Grupo I can ist der Gold-Sponsor der Veranstaltung:<\/h2>\n<h2>Ged\u00e4chtnis modernisieren&nbsp; &nbsp;<\/h2>\n<p><\/p>\n<p>Das Szenario gro\u00dfer digitaler und gesellschaftlicher Transformationen fordert Reflexionen und Aktionen aus Erinnerungsr\u00e4umen heraus. Die heutige Zeit erfordert ein immer moderneres und effizienteres Management, das mehr Durchsetzungsverm\u00f6gen und Qualit\u00e4t bei der Ausf\u00fchrung von Dienstleistungen und Aktivit\u00e4ten bietet, die R\u00e4ume anbieten, und sich stets auf Zugang, F\u00f6rderung, Verbreitung und Bewahrung von Erinnerung und Erbe konzentriert.<\/p>\n<p><span style=\"background-color: var(--nv-site-bg);\">Es wird 05 Veranstaltungstage geben: vom 19. bis 23. Juli 100% online und live mit viel Inhalt und Interaktion zur Modernisierung von Erinnerungsr\u00e4umen mit den Schwerpunkten Management, Fundraising und Projektmanagement<\/span><\/p>\n<p><\/p>\n<p><\/p>\t\t\t\t\t\t\t\t<\/div>\n\t\t\t\t<\/div>\n\t\t\t\t\t<\/div>\n\t\t<\/div>\n\t\t\t\t\t<\/div>\n\t\t<\/section>\n\t\t\t\t<section class=\"elementor-section elementor-top-section elementor-element elementor-element-0cdb88d elementor-section-boxed elementor-section-height-default elementor-section-height-default\" data-id=\"0cdb88d\" data-element_type=\"section\">\n\t\t\t\t\t\t<div class=\"elementor-container elementor-column-gap-default\">\n\t\t\t\t\t<div class=\"elementor-column elementor-col-100 elementor-top-column elementor-element elementor-element-08b383c\" data-id=\"08b383c\" data-element_type=\"column\">\n\t\t\t<div class=\"elementor-widget-wrap elementor-element-populated\">\n\t\t\t\t\t\t<div class=\"elementor-element elementor-element-6799efa elementor-invisible elementor-widget elementor-widget-text-editor\" data-id=\"6799efa\" data-element_type=\"widget\" data-settings=\"{&quot;_animation&quot;:&quot;bounceInLeft&quot;}\" data-widget_type=\"text-editor.default\">\n\t\t\t\t<div class=\"elementor-widget-container\">\n\t\t\t\t\t\t\t\t\t<p>Zugriff auf die Website: <a href=\"https:\/\/modernizamemoria.com.br\/\">https:\/\/modernizamemoria.com.br\/<\/a><\/p>\t\t\t\t\t\t\t\t<\/div>\n\t\t\t\t<\/div>\n\t\t\t\t\t<\/div>\n\t\t<\/div>\n\t\t\t\t\t<\/div>\n\t\t<\/section>\n\t\t\t\t<\/div>","protected":false},"excerpt":{"rendered":"<p>Patroc\u00ednios Grupo I can \u00e9 Patrocinador Ouro do evento: Moderniza Mem\u00f3ria&nbsp; &nbsp; O cen\u00e1rio de grandes transforma\u00e7\u00f5es digitais e sociais demandam reflex\u00f5es e a\u00e7\u00f5es dos espa\u00e7os de mem\u00f3ria. Os tempos atuais exigem uma gest\u00e3o cada vez mais moderna e eficiente, proporcionando mais assertividade e qualidade na execu\u00e7\u00e3o de servi\u00e7os e atividades \u00e0s quais os espa\u00e7os&hellip;&nbsp;<a href=\"https:\/\/grupoican.com.br\/de\/patrocinios\/\" rel=\"bookmark\">Read More &raquo;<span class=\"screen-reader-text\">Sponsoring<\/span><\/a><\/p>","protected":false},"author":1,"featured_media":0,"parent":0,"menu_order":0,"comment_status":"closed","ping_status":"closed","template":"elementor_theme","meta":{"neve_meta_sidebar":"","neve_meta_container":"","neve_meta_enable_content_width":"","neve_meta_content_width":0,"neve_meta_title_alignment":"","neve_meta_author_avatar":"","neve_post_elements_order":"","neve_meta_disable_header":"off","neve_meta_disable_footer":"","neve_meta_disable_title":"on","neve_meta_reading_time":"","_joinchat":[],"footnotes":""},"class_list":["post-1814","page","type-page","status-publish","hentry"],"yoast_head":"<!-- This site is optimized with the Yoast SEO Premium plugin v22.5 (Yoast SEO v24.5) - https:\/\/yoast.com\/wordpress\/plugins\/seo\/ -->\n<title>Patroc\u00ednios \u200b - GrupoIcan<\/title>\n<meta name=\"robots\" content=\"index, follow, max-snippet:-1, max-image-preview:large, max-video-preview:-1\" \/>\n<link rel=\"canonical\" href=\"https:\/\/grupoican.com.br\/de\/patrocinios\/\" \/>\n<meta property=\"og:locale\" content=\"de_DE\" \/>\n<meta property=\"og:type\" content=\"article\" \/>\n<meta property=\"og:title\" content=\"Patroc\u00ednios \u200b\" \/>\n<meta property=\"og:description\" content=\"Patroc\u00ednios Grupo I can \u00e9 Patrocinador Ouro do evento: Moderniza Mem\u00f3ria&nbsp; &nbsp; O cen\u00e1rio de grandes transforma\u00e7\u00f5es digitais e sociais demandam reflex\u00f5es e a\u00e7\u00f5es dos espa\u00e7os de mem\u00f3ria. Os tempos atuais exigem uma gest\u00e3o cada vez mais moderna e eficiente, proporcionando mais assertividade e qualidade na execu\u00e7\u00e3o de servi\u00e7os e atividades \u00e0s quais os espa\u00e7os&hellip;&nbsp;Read More &raquo;Patroc\u00ednios \u200b\" \/>\n<meta property=\"og:url\" content=\"https:\/\/grupoican.com.br\/de\/patrocinios\/\" \/>\n<meta property=\"og:site_name\" content=\"GrupoIcan\" \/>\n<meta property=\"article:modified_time\" content=\"2024-09-04T18:14:34+00:00\" \/>\n<meta name=\"twitter:card\" content=\"summary_large_image\" \/>\n<meta name=\"twitter:label1\" content=\"Gesch\u00e4tzte Lesezeit\" \/>\n\t<meta name=\"twitter:data1\" content=\"1\u00a0Minute\" \/>\n<script type=\"application\/ld+json\" class=\"yoast-schema-graph\">{\"@context\":\"https:\/\/schema.org\",\"@graph\":[{\"@type\":\"WebPage\",\"@id\":\"https:\/\/grupoican.com.br\/patrocinios\/\",\"url\":\"https:\/\/grupoican.com.br\/patrocinios\/\",\"name\":\"Patroc\u00ednios \u200b - GrupoIcan\",\"isPartOf\":{\"@id\":\"https:\/\/grupoican.com.br\/#website\"},\"datePublished\":\"2022-06-22T18:24:07+00:00\",\"dateModified\":\"2024-09-04T18:14:34+00:00\",\"breadcrumb\":{\"@id\":\"https:\/\/grupoican.com.br\/patrocinios\/#breadcrumb\"},\"inLanguage\":\"de-CH\",\"potentialAction\":[{\"@type\":\"ReadAction\",\"target\":[\"https:\/\/grupoican.com.br\/patrocinios\/\"]}]},{\"@type\":\"BreadcrumbList\",\"@id\":\"https:\/\/grupoican.com.br\/patrocinios\/#breadcrumb\",\"itemListElement\":[{\"@type\":\"ListItem\",\"position\":1,\"name\":\"In\u00edcio\",\"item\":\"https:\/\/grupoican.com.br\/\"},{\"@type\":\"ListItem\",\"position\":2,\"name\":\"Patroc\u00ednios \u200b\"}]},{\"@type\":\"WebSite\",\"@id\":\"https:\/\/grupoican.com.br\/#website\",\"url\":\"https:\/\/grupoican.com.br\/\",\"name\":\"GrupoIcan\",\"description\":\"Consultoria especializada em gest\u00e3o empresarial e \u00e1rea de petr\u00f3leo e g\u00e1s.\",\"publisher\":{\"@id\":\"https:\/\/grupoican.com.br\/#organization\"},\"potentialAction\":[{\"@type\":\"SearchAction\",\"target\":{\"@type\":\"EntryPoint\",\"urlTemplate\":\"https:\/\/grupoican.com.br\/?s={search_term_string}\"},\"query-input\":{\"@type\":\"PropertyValueSpecification\",\"valueRequired\":true,\"valueName\":\"search_term_string\"}}],\"inLanguage\":\"de-CH\"},{\"@type\":\"Organization\",\"@id\":\"https:\/\/grupoican.com.br\/#organization\",\"name\":\"GrupoIcan\",\"url\":\"https:\/\/grupoican.com.br\/\",\"logo\":{\"@type\":\"ImageObject\",\"inLanguage\":\"de-CH\",\"@id\":\"https:\/\/grupoican.com.br\/#\/schema\/logo\/image\/\",\"url\":\"https:\/\/grupoican.com.br\/wp-content\/uploads\/2021\/09\/logo-icanbe.png\",\"contentUrl\":\"https:\/\/grupoican.com.br\/wp-content\/uploads\/2021\/09\/logo-icanbe.png\",\"width\":1855,\"height\":1573,\"caption\":\"GrupoIcan\"},\"image\":{\"@id\":\"https:\/\/grupoican.com.br\/#\/schema\/logo\/image\/\"}}]}<\/script>\n<!-- \/ Yoast SEO Premium plugin. -->","yoast_head_json":{"title":"Patroc\u00ednios \u200b - GrupoIcan","robots":{"index":"index","follow":"follow","max-snippet":"max-snippet:-1","max-image-preview":"max-image-preview:large","max-video-preview":"max-video-preview:-1"},"canonical":"https:\/\/grupoican.com.br\/de\/patrocinios\/","og_locale":"de_DE","og_type":"article","og_title":"Patroc\u00ednios \u200b","og_description":"Patroc\u00ednios Grupo I can \u00e9 Patrocinador Ouro do evento: Moderniza Mem\u00f3ria&nbsp; &nbsp; O cen\u00e1rio de grandes transforma\u00e7\u00f5es digitais e sociais demandam reflex\u00f5es e a\u00e7\u00f5es dos espa\u00e7os de mem\u00f3ria. Os tempos atuais exigem uma gest\u00e3o cada vez mais moderna e eficiente, proporcionando mais assertividade e qualidade na execu\u00e7\u00e3o de servi\u00e7os e atividades \u00e0s quais os espa\u00e7os&hellip;&nbsp;Read More &raquo;Patroc\u00ednios \u200b","og_url":"https:\/\/grupoican.com.br\/de\/patrocinios\/","og_site_name":"GrupoIcan","article_modified_time":"2024-09-04T18:14:34+00:00","twitter_card":"summary_large_image","twitter_misc":{"Gesch\u00e4tzte Lesezeit":"1\u00a0Minute"},"schema":{"@context":"https:\/\/schema.org","@graph":[{"@type":"WebPage","@id":"https:\/\/grupoican.com.br\/patrocinios\/","url":"https:\/\/grupoican.com.br\/patrocinios\/","name":"Patroc\u00ednios \u200b - GrupoIcan","isPartOf":{"@id":"https:\/\/grupoican.com.br\/#website"},"datePublished":"2022-06-22T18:24:07+00:00","dateModified":"2024-09-04T18:14:34+00:00","breadcrumb":{"@id":"https:\/\/grupoican.com.br\/patrocinios\/#breadcrumb"},"inLanguage":"de-CH","potentialAction":[{"@type":"ReadAction","target":["https:\/\/grupoican.com.br\/patrocinios\/"]}]},{"@type":"BreadcrumbList","@id":"https:\/\/grupoican.com.br\/patrocinios\/#breadcrumb","itemListElement":[{"@type":"ListItem","position":1,"name":"In\u00edcio","item":"https:\/\/grupoican.com.br\/"},{"@type":"ListItem","position":2,"name":"Patroc\u00ednios \u200b"}]},{"@type":"WebSite","@id":"https:\/\/grupoican.com.br\/#website","url":"https:\/\/grupoican.com.br\/","name":"GrupoIcan","description":"Consultoria especializada em gest\u00e3o empresarial e \u00e1rea de petr\u00f3leo e g\u00e1s.","publisher":{"@id":"https:\/\/grupoican.com.br\/#organization"},"potentialAction":[{"@type":"SearchAction","target":{"@type":"EntryPoint","urlTemplate":"https:\/\/grupoican.com.br\/?s={search_term_string}"},"query-input":{"@type":"PropertyValueSpecification","valueRequired":true,"valueName":"search_term_string"}}],"inLanguage":"de-CH"},{"@type":"Organization","@id":"https:\/\/grupoican.com.br\/#organization","name":"GrupoIcan","url":"https:\/\/grupoican.com.br\/","logo":{"@type":"ImageObject","inLanguage":"de-CH","@id":"https:\/\/grupoican.com.br\/#\/schema\/logo\/image\/","url":"https:\/\/grupoican.com.br\/wp-content\/uploads\/2021\/09\/logo-icanbe.png","contentUrl":"https:\/\/grupoican.com.br\/wp-content\/uploads\/2021\/09\/logo-icanbe.png","width":1855,"height":1573,"caption":"GrupoIcan"},"image":{"@id":"https:\/\/grupoican.com.br\/#\/schema\/logo\/image\/"}}]}},"amp_enabled":true,"_links":{"self":[{"href":"https:\/\/grupoican.com.br\/de\/wp-json\/wp\/v2\/pages\/1814","targetHints":{"allow":["GET"]}}],"collection":[{"href":"https:\/\/grupoican.com.br\/de\/wp-json\/wp\/v2\/pages"}],"about":[{"href":"https:\/\/grupoican.com.br\/de\/wp-json\/wp\/v2\/types\/page"}],"author":[{"embeddable":true,"href":"https:\/\/grupoican.com.br\/de\/wp-json\/wp\/v2\/users\/1"}],"replies":[{"embeddable":true,"href":"https:\/\/grupoican.com.br\/de\/wp-json\/wp\/v2\/comments?post=1814"}],"version-history":[{"count":4,"href":"https:\/\/grupoican.com.br\/de\/wp-json\/wp\/v2\/pages\/1814\/revisions"}],"predecessor-version":[{"id":15076,"href":"https:\/\/grupoican.com.br\/de\/wp-json\/wp\/v2\/pages\/1814\/revisions\/15076"}],"wp:attachment":[{"href":"https:\/\/grupoican.com.br\/de\/wp-json\/wp\/v2\/media?parent=1814"}],"curies":[{"name":"wp","href":"https:\/\/api.w.org\/{rel}","templated":true}]}}