{"id":224,"date":"2021-09-14T14:07:08","date_gmt":"2021-09-14T17:07:08","guid":{"rendered":"https:\/\/grupoican.com.br\/?page_id=224"},"modified":"2022-08-04T11:56:06","modified_gmt":"2022-08-04T14:56:06","slug":"politica-de-gestao-e-de-anticorrupcao","status":"publish","type":"page","link":"https:\/\/grupoican.com.br\/de\/politica-de-gestao-e-de-anticorrupcao\/","title":{"rendered":"Management- und Antikorruptionsrichtlinie"},"content":{"rendered":"<div data-elementor-type=\"wp-page\" data-elementor-id=\"224\" class=\"elementor elementor-224\" data-elementor-post-type=\"page\">\n\t\t\t\t\t\t<section class=\"elementor-section elementor-top-section elementor-element elementor-element-6cd3c01 elementor-section-boxed elementor-section-height-default elementor-section-height-default\" data-id=\"6cd3c01\" data-element_type=\"section\">\n\t\t\t\t\t\t<div class=\"elementor-container elementor-column-gap-default\">\n\t\t\t\t\t<div class=\"elementor-column elementor-col-100 elementor-top-column elementor-element elementor-element-0fc18fd\" data-id=\"0fc18fd\" data-element_type=\"column\">\n\t\t\t<div class=\"elementor-widget-wrap elementor-element-populated\">\n\t\t\t\t\t\t<div class=\"elementor-element elementor-element-5bfbb39 elementor-widget elementor-widget-spacer\" data-id=\"5bfbb39\" data-element_type=\"widget\" data-widget_type=\"spacer.default\">\n\t\t\t\t<div class=\"elementor-widget-container\">\n\t\t\t\t\t\t\t<div class=\"elementor-spacer\">\n\t\t\t<div class=\"elementor-spacer-inner\"><\/div>\n\t\t<\/div>\n\t\t\t\t\t\t<\/div>\n\t\t\t\t<\/div>\n\t\t\t\t\t<\/div>\n\t\t<\/div>\n\t\t\t\t\t<\/div>\n\t\t<\/section>\n\t\t\t\t<section class=\"elementor-section elementor-top-section elementor-element elementor-element-3ba320e elementor-section-boxed elementor-section-height-default elementor-section-height-default\" data-id=\"3ba320e\" data-element_type=\"section\" data-settings=\"{&quot;background_background&quot;:&quot;classic&quot;}\">\n\t\t\t\t\t\t<div class=\"elementor-container elementor-column-gap-default\">\n\t\t\t\t\t<div class=\"elementor-column elementor-col-100 elementor-top-column elementor-element elementor-element-eff47bb\" data-id=\"eff47bb\" data-element_type=\"column\">\n\t\t\t<div class=\"elementor-widget-wrap elementor-element-populated\">\n\t\t\t\t\t\t<div class=\"elementor-element elementor-element-8f59a0b elementor-invisible elementor-widget elementor-widget-heading\" data-id=\"8f59a0b\" data-element_type=\"widget\" data-settings=\"{&quot;_animation&quot;:&quot;slideInRight&quot;}\" data-widget_type=\"heading.default\">\n\t\t\t\t<div class=\"elementor-widget-container\">\n\t\t\t\t\t<h2 class=\"elementor-heading-title elementor-size-default\">Management- und Antikorruptionsrichtlinie<\/h2>\t\t\t\t<\/div>\n\t\t\t\t<\/div>\n\t\t\t\t<div class=\"elementor-element elementor-element-20a4350 elementor-invisible elementor-widget elementor-widget-heading\" data-id=\"20a4350\" data-element_type=\"widget\" data-settings=\"{&quot;_animation&quot;:&quot;slideInRight&quot;}\" data-widget_type=\"heading.default\">\n\t\t\t\t<div class=\"elementor-widget-container\">\n\t\t\t\t\t<h4 class=\"elementor-heading-title elementor-size-default\">Organigramm Revision A, 26.08.2021<\/h4>\t\t\t\t<\/div>\n\t\t\t\t<\/div>\n\t\t\t\t\t<\/div>\n\t\t<\/div>\n\t\t\t\t\t<\/div>\n\t\t<\/section>\n\t\t\t\t<section class=\"elementor-section elementor-top-section elementor-element elementor-element-32844799 elementor-section-boxed elementor-section-height-default elementor-section-height-default\" data-id=\"32844799\" data-element_type=\"section\">\n\t\t\t\t\t\t<div class=\"elementor-container elementor-column-gap-default\">\n\t\t\t\t\t<div class=\"elementor-column elementor-col-100 elementor-top-column elementor-element elementor-element-6455ac9a\" data-id=\"6455ac9a\" data-element_type=\"column\">\n\t\t\t<div class=\"elementor-widget-wrap elementor-element-populated\">\n\t\t\t\t\t\t<div class=\"elementor-element elementor-element-44199e27 elementor-widget elementor-widget-text-editor\" data-id=\"44199e27\" data-element_type=\"widget\" data-widget_type=\"text-editor.default\">\n\t\t\t\t<div class=\"elementor-widget-container\">\n\t\t\t\t\t\t\t\t\t<p><\/p>\n<p>Die I Can Group, die in Brasilien im Bereich der Rekrutierung und Auswahl von Mitarbeitern t\u00e4tig ist,<br>Entwicklung von Projekten und Unternehmensberatung, bei der Erbringung dieser Dienstleistungen unterh\u00e4lt<br>eine Managementpolitik (Qualit\u00e4t, Sicherheit, Umwelt, Gesundheit, Verantwortung<br>Soziales und Anti-Korruption) mit folgenden Schwerpunkten:<\/p>\n<p><strong>Qualit\u00e4t:<\/strong><\/p>\n<p>\u2022 Unser Team versteht, dass Kunden unser Daseinsgrund sind;<\/p>\n<p>\u2022 Wir verpflichten uns, die Erwartungen unserer Kunden weit \u00fcber das hinaus zu \u00fcbertreffen, was bisher war<br>im Vertrag vereinbart;<\/p>\n<p>\u2022 Wir praktizieren unter Marktpreisen;<\/p>\n<p>\u2022 Wir wahren die Sicherheit von Informationen und Daten; \u2022 Wir halten Lieferfristen strikt ein;<\/p>\n<p>\u2022 Wir arbeiten daran, Prozesse, das System und Management sowie die Beziehung zu verbessern<br>interessierte Teile;<\/p>\n<p>\u2022 Wir stellen f\u00fcr die durchgef\u00fchrten Arbeiten ein Technical Responsibility Certificate aus und<br>wir wenden die einschl\u00e4gigen Rechtsvorschriften an;<\/p>\n<p>\u2022 Wir garantieren technische Hilfeleistung gem\u00e4\u00df dem Vertrag mit dem Kunden;<\/p>\n<p>\u2022 Wir f\u00f6rdern die Risikomentalit\u00e4t und zielen auf die Umsetzung von Pr\u00e4ventionsma\u00dfnahmen ab<br>von m\u00f6glichen Anomalien und deren Auswirkungen.<\/p>\n<p><\/p>\n<p><b>Sicherheit, Umwelt und Gesundheit:<\/b><\/p>\n<p>\u2022 Wir engagieren uns f\u00fcr den Schutz der Umwelt und die Vermeidung von Umweltverschmutzung,<br>Bewertung positiver Praktiken der Ressourcennachhaltigkeit und des Schutzes von<br>Biodiversit\u00e4t und \u00d6kosysteme;<\/p>\n<p>\u2022 Wir systematisieren Initiativen zur Kontrolle der m\u00f6glichen Umweltauswirkungen unserer<br>Verwaltungst\u00e4tigkeiten;<\/p>\n<p>\u2022 Wir halten uns an die Kunden- und Lieferantenmanagementrichtlinien, wenn unser Team<br>arbeitet auf seinem Gel\u00e4nde;<\/p>\n<p>\u2022 Wir k\u00fcmmern uns um Unfallverh\u00fctung und die Gesundheit der Menschen<br>Sensibilisierungsprogramme, Schulungen, Bereitstellung der erforderlichen Ressourcen<br>Gesundheit und Sicherheit der Mitarbeiter;<\/p>\n<p>\u2022 Wir erf\u00fcllen die gesetzlichen Anforderungen und andere Anforderungen in Bezug auf bestimmte Aspekte<br>Umwelt- und Gesundheits- und Sicherheitsrisiken.<\/p>\n<p><\/p>\n<p><b>Soziale Verantwortung:<\/b><\/p>\n<p>\u2022 Wir verpflichten uns zur Einhaltung der Kundenhaftungsrichtlinien und -bedingungen und<br>Lieferanten und andere interessierte Parteien im Zusammenhang mit sozialer Verantwortung;<\/p>\n<p>\u2022 Wir verpflichten uns, zur Erf\u00fcllung der 10 Prinzipien des Paktes beizutragen<br>Insgesamt n\u00e4mlich:<\/p>\n<p><\/p>\n<ol class=\"wp-block-list\">\n<li>Unternehmen m\u00fcssen den Schutz der anerkannten Menschenrechte unterst\u00fctzen und respektieren<br>international;<\/li>\n<li>Sicherstellen, dass Sie sich nicht an Verletzungen dieser Rechte beteiligen;<\/li>\n<li>Unternehmen sollten die Vereinigungsfreiheit und deren wirksame Anerkennung unterst\u00fctzen<br>Recht auf Tarifverhandlungen;<\/li>\n<li>Die Beseitigung aller Formen von Zwangs- oder Pflichtarbeit;<\/li>\n<li>Die effektive Abschaffung der Kinderarbeit;<\/li>\n<li>Diskriminierung am Arbeitsplatz beseitigen;<\/li>\n<li>Unternehmen sollten einen vorsorgenden Ansatz im Umgang mit Umweltproblemen unterst\u00fctzen;<\/li>\n<li>Initiativen entwickeln, um ein gr\u00f6\u00dferes Verantwortungsbewusstsein f\u00fcr die Umwelt zu f\u00f6rdern;<\/li>\n<li>F\u00f6rderung der Entwicklung und Verbreitung umweltfreundlicher Technologien;<\/li>\n<li>Unternehmen m\u00fcssen Korruption in all ihren Formen, einschlie\u00dflich Erpressung, bek\u00e4mpfen<br>und bestechen.<\/li>\n<\/ol>\n<p><\/p>\n<p><strong>Korruptionsbek\u00e4mpfung:<\/strong><\/p>\n<p><\/p>\n<p><b>Es ist verboten:<\/b><\/p>\n<p>\u2022 Geschenke, Zuwendungen, Bewirtungen, unangemessene Vorteile, jede Art von Zahlung anbieten, geben oder annehmen,<br>Vorteil oder Bestechung einer interessierten Partei (einschlie\u00dflich Regierung oder ausl\u00e4ndischer Beh\u00f6rden) zu<br>Gesch\u00e4fte oder Gesch\u00e4ftsvorteile erhalten oder behalten;<\/p>\n<p>\u2022 Nachweislich die Aus\u00fcbung von Handlungen finanzieren, finanzieren oder sponsern oder in irgendeiner Weise subventionieren<br>rechtswidrige Handlungen, einschlie\u00dflich in \u00f6ffentlichen Ausschreibungsverfahren und Vertr\u00e4gen, oder die Verwendung einer zwischengeschalteten Person oder<br>legal, seine wahren Interessen oder die Identit\u00e4t der Beg\u00fcnstigten der durchgef\u00fchrten Handlungen zu verbergen oder zu verschleiern;<\/p>\n<p>\u2022 Frustration, Betrug, Behinderung oder St\u00f6rung eines \u00f6ffentlichen Ausschreibungsverfahrens oder Vertrages;<\/p>\n<p>\u2022 die Ermittlungs- oder Inspektionst\u00e4tigkeit \u00f6ffentlicher Stellen, K\u00f6rperschaften oder Beauftragten behindern oder in deren eingreifen<br>Ma\u00dfnahmen, auch im Rahmen von Regulierungsbeh\u00f6rden und Aufsichtsbeh\u00f6rden des Finanzsystems<br>National.<\/p>\n<p><\/p>\n<p><b>Es ist erlaubt:<\/b><\/p>\n<p>\u2022 Empfangen Sie Aufmerksamkeiten von Kunden, Lieferanten und anderen interessierten Parteien, wie z. B.: Kaffee, Saft, Mittagessen,<br>Abendessen, solange es nie gewohnheitsm\u00e4\u00dfig und dauerhaft ist.<\/p>\n<p>\u2022 Machen Sie seitdem eine Spende und\/oder einen Beitrag f\u00fcr Wohlt\u00e4tigkeitsorganisationen, soziale Programme oder politische Parteien<br>wenn von der Gesch\u00e4ftsleitung genehmigt und in \u00dcbereinstimmung mit der Gesetzgebung.<\/p>\n<p><\/p>\n<p><strong>Wir werden es behalten:<\/strong><\/p>\n<p>\u2022 Kommunikationskan\u00e4le, die das Senden von Beschwerden erm\u00f6glichen \u2013 contato@grupoican.com.br und Telefonnummern auf der Website<br>von der Firma www.grupoican.com.br;<\/p>\n<p>\u2022 Personalmanagementrichtlinie, Verhaltenskodex und Disziplinarverfahren sowie Sicherheitsrichtlinie f\u00fcr<br>Informationen und Datenschutz f\u00fcr unsere Mitarbeiter und Interessenten;<\/p>\n<p>\u2022 \u00dcberwachung von Prozessen und Due Diligence mit interessierten Parteien.<\/p>\n<p><\/p>\n<p><strong>Genehmigung und Offenlegung der Richtlinie: <\/strong><\/p>\n<p>\u2022 Diese Richtlinie wurde an diesem Tag w\u00e4hrend einer au\u00dferordentlichen Sitzung der Gesch\u00e4ftsleitung genehmigt<br>14.08.2021.<br>Offenlegung:<\/p>\n<p>\u2022 Website des Unternehmens www.grupoican.com.br;<\/p>\n<p>\u2022 f\u00fcr neu eingestellte Mitarbeiter, wenn die Einf\u00fchrungsvorlesung stattfand;<\/p>\n<p>\u2022 F\u00fcr Interessenten bei der Durchf\u00fchrung von Tagungen, Veranstaltungen.<\/p>\n<p><\/p>\n<p><b>Referenz- oder erg\u00e4nzende Dokumente:<\/b><\/p>\n<p>\u2022 Gesetz Nr. 12.846\/2013 \u2013 Antikorruptionsgesetz<\/p>\n<p>\u2022 Dekret 8.420\/2015 \u2013 Dekret regelt das Antikorruptionsgesetz<\/p>\n<p>\u2022 Gesetz Nr. 13.709\/2018 \u2013 LGPD<\/p>\n<p>\u2022 Gruppe I kann Personalpolitik<\/p>\n<p>\u2022 Informationssicherheits- und Datenschutzrichtlinie<\/p>\n<p>\u2022 Gruppe I kann IMS-Handbuch<\/p>\n<p>\u2022 Grupo I can Finanz- und Verwaltungshandbuch<\/p>\n<p>\u2022 Gruppe I kann \u2013 PG 21 Lenkung fehlerhafter Produkte, Korrekturma\u00dfnahmen<\/p>\n<p>\u2022 Gruppe I kann \u2013 PG 22 \u2013 Audits<\/p>\n<p><\/p>\n<p><b>Gemeinsam k\u00f6nnen wir mehr!<\/b><\/p>\n<p><\/p>\n<p>Teresa Soares<br>CEO Grupo ICH KANN<br>Gesammeltes Wissen seit 1940.<br>Ein 2014 gegr\u00fcndetes Unternehmen.<\/p>\n<p><\/p>\t\t\t\t\t\t\t\t<\/div>\n\t\t\t\t<\/div>\n\t\t\t\t\t<\/div>\n\t\t<\/div>\n\t\t\t\t\t<\/div>\n\t\t<\/section>\n\t\t\t\t<\/div>","protected":false},"excerpt":{"rendered":"<p>Pol\u00edtica de Gest\u00e3o e de Anticorrup\u00e7\u00e3o Organograma revis\u00e3o A, 26.08.2021 O Grupo I Can atuando no Brasil no neg\u00f3cio de recrutamento e sele\u00e7\u00e3o de pessoas,desenvolvimento de projetos e consultoria empresarial, na presta\u00e7\u00e3o desses servi\u00e7os mant\u00e9muma Pol\u00edtica de Gest\u00e3o (Qualidade, Seguran\u00e7a, Meio Ambiente, Sa\u00fade, ResponsabilidadeSocial e Anticorrup\u00e7\u00e3o), com os seguintes focos: Qualidade: \u2022 Nossa equipe compreende&hellip;&nbsp;<a href=\"https:\/\/grupoican.com.br\/de\/politica-de-gestao-e-de-anticorrupcao\/\" rel=\"bookmark\">Read More &raquo;<span class=\"screen-reader-text\">Management- und Antikorruptionsrichtlinie<\/span><\/a><\/p>","protected":false},"author":1,"featured_media":0,"parent":0,"menu_order":0,"comment_status":"closed","ping_status":"open","template":"","meta":{"neve_meta_sidebar":"","neve_meta_container":"","neve_meta_enable_content_width":"","neve_meta_content_width":0,"neve_meta_title_alignment":"","neve_meta_author_avatar":"","neve_post_elements_order":"","neve_meta_disable_header":"","neve_meta_disable_footer":"","neve_meta_disable_title":"on","neve_meta_reading_time":"","_joinchat":[],"footnotes":""},"class_list":["post-224","page","type-page","status-publish","hentry"],"yoast_head":"<!-- This site is optimized with the Yoast SEO Premium plugin v22.5 (Yoast SEO v24.5) - https:\/\/yoast.com\/wordpress\/plugins\/seo\/ -->\n<title>Pol\u00edtica de Gest\u00e3o e de Anticorrup\u00e7\u00e3o - GrupoIcan<\/title>\n<meta name=\"robots\" content=\"index, follow, max-snippet:-1, max-image-preview:large, max-video-preview:-1\" \/>\n<link rel=\"canonical\" href=\"https:\/\/grupoican.com.br\/de\/politica-de-gestao-e-de-anticorrupcao\/\" \/>\n<meta property=\"og:locale\" content=\"de_DE\" \/>\n<meta property=\"og:type\" content=\"article\" \/>\n<meta property=\"og:title\" content=\"Pol\u00edtica de Gest\u00e3o e de Anticorrup\u00e7\u00e3o\" \/>\n<meta property=\"og:description\" content=\"Pol\u00edtica de Gest\u00e3o e de Anticorrup\u00e7\u00e3o Organograma revis\u00e3o A, 26.08.2021 O Grupo I Can atuando no Brasil no neg\u00f3cio de recrutamento e sele\u00e7\u00e3o de pessoas,desenvolvimento de projetos e consultoria empresarial, na presta\u00e7\u00e3o desses servi\u00e7os mant\u00e9muma Pol\u00edtica de Gest\u00e3o (Qualidade, Seguran\u00e7a, Meio Ambiente, Sa\u00fade, ResponsabilidadeSocial e Anticorrup\u00e7\u00e3o), com os seguintes focos: Qualidade: \u2022 Nossa equipe compreende&hellip;&nbsp;Read More &raquo;Pol\u00edtica de Gest\u00e3o e de Anticorrup\u00e7\u00e3o\" \/>\n<meta property=\"og:url\" content=\"https:\/\/grupoican.com.br\/de\/politica-de-gestao-e-de-anticorrupcao\/\" \/>\n<meta property=\"og:site_name\" content=\"GrupoIcan\" \/>\n<meta property=\"article:modified_time\" content=\"2022-08-04T14:56:06+00:00\" \/>\n<meta name=\"twitter:card\" content=\"summary_large_image\" \/>\n<meta name=\"twitter:label1\" content=\"Gesch\u00e4tzte Lesezeit\" \/>\n\t<meta name=\"twitter:data1\" content=\"5\u00a0Minuten\" \/>\n<script type=\"application\/ld+json\" class=\"yoast-schema-graph\">{\"@context\":\"https:\/\/schema.org\",\"@graph\":[{\"@type\":\"WebPage\",\"@id\":\"https:\/\/grupoican.com.br\/politica-de-gestao-e-de-anticorrupcao\/\",\"url\":\"https:\/\/grupoican.com.br\/politica-de-gestao-e-de-anticorrupcao\/\",\"name\":\"Pol\u00edtica de Gest\u00e3o e de Anticorrup\u00e7\u00e3o - GrupoIcan\",\"isPartOf\":{\"@id\":\"https:\/\/grupoican.com.br\/#website\"},\"datePublished\":\"2021-09-14T17:07:08+00:00\",\"dateModified\":\"2022-08-04T14:56:06+00:00\",\"breadcrumb\":{\"@id\":\"https:\/\/grupoican.com.br\/politica-de-gestao-e-de-anticorrupcao\/#breadcrumb\"},\"inLanguage\":\"de-CH\",\"potentialAction\":[{\"@type\":\"ReadAction\",\"target\":[\"https:\/\/grupoican.com.br\/politica-de-gestao-e-de-anticorrupcao\/\"]}]},{\"@type\":\"BreadcrumbList\",\"@id\":\"https:\/\/grupoican.com.br\/politica-de-gestao-e-de-anticorrupcao\/#breadcrumb\",\"itemListElement\":[{\"@type\":\"ListItem\",\"position\":1,\"name\":\"In\u00edcio\",\"item\":\"https:\/\/grupoican.com.br\/\"},{\"@type\":\"ListItem\",\"position\":2,\"name\":\"Pol\u00edtica de Gest\u00e3o e de Anticorrup\u00e7\u00e3o\"}]},{\"@type\":\"WebSite\",\"@id\":\"https:\/\/grupoican.com.br\/#website\",\"url\":\"https:\/\/grupoican.com.br\/\",\"name\":\"GrupoIcan\",\"description\":\"Consultoria especializada em gest\u00e3o empresarial e \u00e1rea de petr\u00f3leo e g\u00e1s.\",\"publisher\":{\"@id\":\"https:\/\/grupoican.com.br\/#organization\"},\"potentialAction\":[{\"@type\":\"SearchAction\",\"target\":{\"@type\":\"EntryPoint\",\"urlTemplate\":\"https:\/\/grupoican.com.br\/?s={search_term_string}\"},\"query-input\":{\"@type\":\"PropertyValueSpecification\",\"valueRequired\":true,\"valueName\":\"search_term_string\"}}],\"inLanguage\":\"de-CH\"},{\"@type\":\"Organization\",\"@id\":\"https:\/\/grupoican.com.br\/#organization\",\"name\":\"GrupoIcan\",\"url\":\"https:\/\/grupoican.com.br\/\",\"logo\":{\"@type\":\"ImageObject\",\"inLanguage\":\"de-CH\",\"@id\":\"https:\/\/grupoican.com.br\/#\/schema\/logo\/image\/\",\"url\":\"https:\/\/grupoican.com.br\/wp-content\/uploads\/2021\/09\/logo-icanbe.png\",\"contentUrl\":\"https:\/\/grupoican.com.br\/wp-content\/uploads\/2021\/09\/logo-icanbe.png\",\"width\":1855,\"height\":1573,\"caption\":\"GrupoIcan\"},\"image\":{\"@id\":\"https:\/\/grupoican.com.br\/#\/schema\/logo\/image\/\"}}]}<\/script>\n<!-- \/ Yoast SEO Premium plugin. -->","yoast_head_json":{"title":"Pol\u00edtica de Gest\u00e3o e de Anticorrup\u00e7\u00e3o - GrupoIcan","robots":{"index":"index","follow":"follow","max-snippet":"max-snippet:-1","max-image-preview":"max-image-preview:large","max-video-preview":"max-video-preview:-1"},"canonical":"https:\/\/grupoican.com.br\/de\/politica-de-gestao-e-de-anticorrupcao\/","og_locale":"de_DE","og_type":"article","og_title":"Pol\u00edtica de Gest\u00e3o e de Anticorrup\u00e7\u00e3o","og_description":"Pol\u00edtica de Gest\u00e3o e de Anticorrup\u00e7\u00e3o Organograma revis\u00e3o A, 26.08.2021 O Grupo I Can atuando no Brasil no neg\u00f3cio de recrutamento e sele\u00e7\u00e3o de pessoas,desenvolvimento de projetos e consultoria empresarial, na presta\u00e7\u00e3o desses servi\u00e7os mant\u00e9muma Pol\u00edtica de Gest\u00e3o (Qualidade, Seguran\u00e7a, Meio Ambiente, Sa\u00fade, ResponsabilidadeSocial e Anticorrup\u00e7\u00e3o), com os seguintes focos: Qualidade: \u2022 Nossa equipe compreende&hellip;&nbsp;Read More &raquo;Pol\u00edtica de Gest\u00e3o e de Anticorrup\u00e7\u00e3o","og_url":"https:\/\/grupoican.com.br\/de\/politica-de-gestao-e-de-anticorrupcao\/","og_site_name":"GrupoIcan","article_modified_time":"2022-08-04T14:56:06+00:00","twitter_card":"summary_large_image","twitter_misc":{"Gesch\u00e4tzte Lesezeit":"5\u00a0Minuten"},"schema":{"@context":"https:\/\/schema.org","@graph":[{"@type":"WebPage","@id":"https:\/\/grupoican.com.br\/politica-de-gestao-e-de-anticorrupcao\/","url":"https:\/\/grupoican.com.br\/politica-de-gestao-e-de-anticorrupcao\/","name":"Pol\u00edtica de Gest\u00e3o e de Anticorrup\u00e7\u00e3o - GrupoIcan","isPartOf":{"@id":"https:\/\/grupoican.com.br\/#website"},"datePublished":"2021-09-14T17:07:08+00:00","dateModified":"2022-08-04T14:56:06+00:00","breadcrumb":{"@id":"https:\/\/grupoican.com.br\/politica-de-gestao-e-de-anticorrupcao\/#breadcrumb"},"inLanguage":"de-CH","potentialAction":[{"@type":"ReadAction","target":["https:\/\/grupoican.com.br\/politica-de-gestao-e-de-anticorrupcao\/"]}]},{"@type":"BreadcrumbList","@id":"https:\/\/grupoican.com.br\/politica-de-gestao-e-de-anticorrupcao\/#breadcrumb","itemListElement":[{"@type":"ListItem","position":1,"name":"In\u00edcio","item":"https:\/\/grupoican.com.br\/"},{"@type":"ListItem","position":2,"name":"Pol\u00edtica de Gest\u00e3o e de Anticorrup\u00e7\u00e3o"}]},{"@type":"WebSite","@id":"https:\/\/grupoican.com.br\/#website","url":"https:\/\/grupoican.com.br\/","name":"GrupoIcan","description":"Consultoria especializada em gest\u00e3o empresarial e \u00e1rea de petr\u00f3leo e g\u00e1s.","publisher":{"@id":"https:\/\/grupoican.com.br\/#organization"},"potentialAction":[{"@type":"SearchAction","target":{"@type":"EntryPoint","urlTemplate":"https:\/\/grupoican.com.br\/?s={search_term_string}"},"query-input":{"@type":"PropertyValueSpecification","valueRequired":true,"valueName":"search_term_string"}}],"inLanguage":"de-CH"},{"@type":"Organization","@id":"https:\/\/grupoican.com.br\/#organization","name":"GrupoIcan","url":"https:\/\/grupoican.com.br\/","logo":{"@type":"ImageObject","inLanguage":"de-CH","@id":"https:\/\/grupoican.com.br\/#\/schema\/logo\/image\/","url":"https:\/\/grupoican.com.br\/wp-content\/uploads\/2021\/09\/logo-icanbe.png","contentUrl":"https:\/\/grupoican.com.br\/wp-content\/uploads\/2021\/09\/logo-icanbe.png","width":1855,"height":1573,"caption":"GrupoIcan"},"image":{"@id":"https:\/\/grupoican.com.br\/#\/schema\/logo\/image\/"}}]}},"amp_enabled":true,"_links":{"self":[{"href":"https:\/\/grupoican.com.br\/de\/wp-json\/wp\/v2\/pages\/224","targetHints":{"allow":["GET"]}}],"collection":[{"href":"https:\/\/grupoican.com.br\/de\/wp-json\/wp\/v2\/pages"}],"about":[{"href":"https:\/\/grupoican.com.br\/de\/wp-json\/wp\/v2\/types\/page"}],"author":[{"embeddable":true,"href":"https:\/\/grupoican.com.br\/de\/wp-json\/wp\/v2\/users\/1"}],"replies":[{"embeddable":true,"href":"https:\/\/grupoican.com.br\/de\/wp-json\/wp\/v2\/comments?post=224"}],"version-history":[{"count":0,"href":"https:\/\/grupoican.com.br\/de\/wp-json\/wp\/v2\/pages\/224\/revisions"}],"wp:attachment":[{"href":"https:\/\/grupoican.com.br\/de\/wp-json\/wp\/v2\/media?parent=224"}],"curies":[{"name":"wp","href":"https:\/\/api.w.org\/{rel}","templated":true}]}}