{"id":3051,"date":"2023-05-25T00:19:43","date_gmt":"2023-05-25T03:19:43","guid":{"rendered":"https:\/\/grupoican.com.br\/?page_id=3051"},"modified":"2023-05-25T00:40:24","modified_gmt":"2023-05-25T03:40:24","slug":"cursos","status":"publish","type":"page","link":"https:\/\/grupoican.com.br\/de\/cursos\/","title":{"rendered":"Kurse"},"content":{"rendered":"<div data-elementor-type=\"wp-page\" data-elementor-id=\"3051\" class=\"elementor elementor-3051\" data-elementor-post-type=\"page\">\n\t\t\t\t\t\t<section class=\"elementor-section elementor-top-section elementor-element elementor-element-124c40c elementor-section-boxed elementor-section-height-default elementor-section-height-default\" data-id=\"124c40c\" data-element_type=\"section\">\n\t\t\t\t\t\t<div class=\"elementor-container elementor-column-gap-default\">\n\t\t\t\t\t<div class=\"elementor-column elementor-col-100 elementor-top-column elementor-element elementor-element-d0120ac\" data-id=\"d0120ac\" data-element_type=\"column\">\n\t\t\t<div class=\"elementor-widget-wrap elementor-element-populated\">\n\t\t\t\t\t\t<div class=\"elementor-element elementor-element-e805059 elementor-widget elementor-widget-spacer\" data-id=\"e805059\" data-element_type=\"widget\" data-widget_type=\"spacer.default\">\n\t\t\t\t<div class=\"elementor-widget-container\">\n\t\t\t\t\t\t\t<div class=\"elementor-spacer\">\n\t\t\t<div class=\"elementor-spacer-inner\"><\/div>\n\t\t<\/div>\n\t\t\t\t\t\t<\/div>\n\t\t\t\t<\/div>\n\t\t\t\t\t<\/div>\n\t\t<\/div>\n\t\t\t\t\t<\/div>\n\t\t<\/section>\n\t\t\t\t<section class=\"elementor-section elementor-top-section elementor-element elementor-element-f84ae6a elementor-section-boxed elementor-section-height-default elementor-section-height-default\" data-id=\"f84ae6a\" data-element_type=\"section\">\n\t\t\t\t\t\t<div class=\"elementor-container elementor-column-gap-default\">\n\t\t\t\t\t<div class=\"elementor-column elementor-col-100 elementor-top-column elementor-element elementor-element-e7b7bab\" data-id=\"e7b7bab\" data-element_type=\"column\">\n\t\t\t<div class=\"elementor-widget-wrap elementor-element-populated\">\n\t\t\t\t\t\t<div class=\"elementor-element elementor-element-924895f elementor-invisible elementor-widget elementor-widget-heading\" data-id=\"924895f\" data-element_type=\"widget\" data-settings=\"{&quot;_animation&quot;:&quot;bounceInRight&quot;}\" data-widget_type=\"heading.default\">\n\t\t\t\t<div class=\"elementor-widget-container\">\n\t\t\t\t\t<h2 class=\"elementor-heading-title elementor-size-default\">Kurse <\/h2>\t\t\t\t<\/div>\n\t\t\t\t<\/div>\n\t\t\t\t\t<\/div>\n\t\t<\/div>\n\t\t\t\t\t<\/div>\n\t\t<\/section>\n\t\t\t\t<section class=\"elementor-section elementor-top-section elementor-element elementor-element-7190385 elementor-section-boxed elementor-section-height-default elementor-section-height-default\" data-id=\"7190385\" data-element_type=\"section\">\n\t\t\t\t\t\t<div class=\"elementor-container elementor-column-gap-default\">\n\t\t\t\t\t<div class=\"elementor-column elementor-col-100 elementor-top-column elementor-element elementor-element-ce79af4\" data-id=\"ce79af4\" data-element_type=\"column\">\n\t\t\t<div class=\"elementor-widget-wrap elementor-element-populated\">\n\t\t\t\t\t\t<div class=\"elementor-element elementor-element-512ce9e elementor-widget elementor-widget-text-editor\" data-id=\"512ce9e\" data-element_type=\"widget\" data-widget_type=\"text-editor.default\">\n\t\t\t\t<div class=\"elementor-widget-container\">\n\t\t\t\t\t\t\t\t\t<p>Die I Can Group bietet auch F\u00fchrungs- und Managementkurse an. Wir bieten eine Vielzahl spezialisierter Programme an, um Ihre F\u00e4higkeiten und Kenntnisse in diesen wichtigen Bereichen zu verbessern. Wenn Sie auf der Suche nach einer beruflichen Weiterentwicklung auf hohem Niveau sind und sich als F\u00fchrungskraft hervortun m\u00f6chten, ist unsere sorgf\u00e4ltig zusammengestellte Auswahl an Kursen genau das Richtige f\u00fcr Sie.<\/p>\n<p><b>F\u00fchrung und Management:<\/b><\/p>\n<ul>\n<li>F\u00fchrung und Management in der Praxis<\/li>\n<li>QHSE und Prozesssicherheit: Seminar f\u00fcr F\u00fchrungskr\u00e4fte<\/li>\n<li>QHSE und Prozesssicherheit in der Praxis<\/li>\n<li>Die Bedeutung der Standardisierung<\/li>\n<li>Prozess-Mapping-Workshop<\/li>\n<li>Implementierung eines integrierten Managementsystems (ISO 9001, ISO 14001, ISS 45001, ISO 31000)<\/li>\n<li>Interner Auditor f\u00fcr integriertes Managementsystem (ISO 19011)<\/li>\n<li>Implementierung von Change Management<\/li>\n<li>Strukturierung und Umsetzung des Krisenstabes<\/li>\n<\/ul>\n<p>Leistungskennzahl:<\/p>\n<p><b>Management-Tools:<\/b><\/p>\n<ul>\n<li>Vorl\u00e4ufige Risikoanalyse in der Praxis<\/li>\n<li>So implementieren, \u00fcberwachen und verbessern Sie:\n<ul>\n<li>Musterzykluspr\u00fcfung (PCV)<\/li>\n<li>SMS-Inspektionen<\/li>\n<li>Verzeichnis der Versicherungsgesetze (IAS)<\/li>\n<li>Verhaltensaudit<\/li>\n<\/ul>\n<\/li>\n<\/ul>\n<p><b style=\"font-family: var( --e-global-typography-text-font-family ), Sans-serif; background-color: var(--nv-site-bg); font-size: var(--bodyfontsize); letter-spacing: var(--bodyletterspacing); text-transform: var(--bodytexttransform);\"><br><\/b><\/p><p><b style=\"font-family: var( --e-global-typography-text-font-family ), Sans-serif; background-color: var(--nv-site-bg); font-size: var(--bodyfontsize); letter-spacing: var(--bodyletterspacing); text-transform: var(--bodytexttransform);\">Vertragsmanagement:<\/b><br><\/p>\n<ul>\n<li>Vertragsmanagement und -\u00fcberwachung<\/li>\n<li>Verhandlung<\/li>\n<\/ul>\n<div><br><\/div>\n<p><b>Wartungsverwaltung:<\/b><\/p>\n<ul>\n<li>Wartungsplanung und -steuerung<\/li>\n<li>Wartungsplanung und -kontrolle f\u00fcr Vorgesetzte<\/li>\n<li>Wartungsplanung und -steuerung f\u00fcr Manager und Ingenieure<\/li>\n<li>ISO 55001 Asset Management f\u00fcr F\u00fchrungskr\u00e4fte und Ingenieure<\/li>\n<\/ul>\n<p><br><\/p>\n<p>Unsere Kurse decken ein breites Spektrum an Themen ab, die f\u00fcr erfolgreiche F\u00fchrungskr\u00e4fte und Manager relevant sind. Sie haben die M\u00f6glichkeit, sich mit bew\u00e4hrten Praktiken, effektiven Managementinstrumenten und wirkungsvollen F\u00fchrungsstrategien auseinanderzusetzen. Ganz gleich, wo Sie sich in Ihrer Karriere befinden, wir haben Optionen, die Ihren spezifischen Bed\u00fcrfnissen entsprechen.<\/p>\n<p>Sie m\u00f6chten Ihre F\u00fchrungs- und Managementkompetenzen in der Praxis st\u00e4rken? Unsere Kurse befassen sich mit realen Problemen und bieten praktische Einblicke und fachkundige Anleitung. Sie lernen, Teams souver\u00e4n zu f\u00fchren, strategische Entscheidungen zu treffen, effiziente Prozesse umzusetzen und au\u00dfergew\u00f6hnliche Ergebnisse zu erzielen.<\/p>\n<p>Dar\u00fcber hinaus erkennen wir die Bedeutung von Themen wie Qualit\u00e4t, Gesundheit, Sicherheit und Umwelt (QHSE), Standardisierung, \u00c4nderungsmanagement und vielem mehr. Unsere Kurse decken diese kritischen Bereiche ab, damit Sie Ihr Fachwissen vertiefen und auf aktuelle und zuk\u00fcnftige Herausforderungen vorbereitet sein k\u00f6nnen.<\/p>\n<p>Unser Team aus hochqualifizierten Ausbildern besteht aus erfahrenen Fachleuten, die ihr Wissen mit Leidenschaft weitergeben und Sie bei Ihrer beruflichen Weiterentwicklung begleiten. Sie sind bereit, Ihnen dabei zu helfen, die F\u00e4higkeiten zu erwerben, die Sie ben\u00f6tigen, um die Herausforderungen der sich st\u00e4ndig ver\u00e4ndernden Gesch\u00e4ftswelt zu meistern.<\/p>\n<p>Ganz gleich, ob Sie eine aufstrebende F\u00fchrungskraft, ein erfahrener Manager oder ein Fachmann auf der Suche nach aktuellem Wissen sind: Unsere Kurse geben Ihnen den n\u00f6tigen Schub, um Ihre Karriere voranzutreiben. Investieren Sie in sich selbst und werden Sie eine au\u00dfergew\u00f6hnlich effektive F\u00fchrungskraft und ein herausragender Manager.<\/p>\t\t\t\t\t\t\t\t<\/div>\n\t\t\t\t<\/div>\n\t\t\t\t\t<\/div>\n\t\t<\/div>\n\t\t\t\t\t<\/div>\n\t\t<\/section>\n\t\t\t\t<section class=\"elementor-section elementor-top-section elementor-element elementor-element-efd7831 elementor-section-boxed elementor-section-height-default elementor-section-height-default\" data-id=\"efd7831\" data-element_type=\"section\">\n\t\t\t\t\t\t<div class=\"elementor-container elementor-column-gap-default\">\n\t\t\t\t\t<div class=\"elementor-column elementor-col-100 elementor-top-column elementor-element elementor-element-a65fdde\" data-id=\"a65fdde\" data-element_type=\"column\">\n\t\t\t<div class=\"elementor-widget-wrap elementor-element-populated\">\n\t\t\t\t\t\t<div class=\"elementor-element elementor-element-94b6bc5 elementor-widget elementor-widget-text-editor\" data-id=\"94b6bc5\" data-element_type=\"widget\" data-widget_type=\"text-editor.default\">\n\t\t\t\t<div class=\"elementor-widget-container\">\n\t\t\t\t\t\t\t\t\t<p>Sind Sie bereit, Ihre F\u00fchrung und Ihr Management auf ein neues Niveau zu heben? Kontaktieren Sie uns jetzt, um einen Termin zu vereinbaren und den ersten Schritt zu Ihrem Erfolg zu machen! Wir freuen uns darauf, Sie bei der Verwirklichung Ihrer Ziele zu unterst\u00fctzen. Kontaktieren Sie uns \u00fcber unsere Website oder per WhatsApp.<\/p>\t\t\t\t\t\t\t\t<\/div>\n\t\t\t\t<\/div>\n\t\t\t\t\t<\/div>\n\t\t<\/div>\n\t\t\t\t\t<\/div>\n\t\t<\/section>\n\t\t\t\t<section class=\"elementor-section elementor-top-section elementor-element elementor-element-26459d1 elementor-section-boxed elementor-section-height-default elementor-section-height-default\" data-id=\"26459d1\" data-element_type=\"section\">\n\t\t\t\t\t\t<div class=\"elementor-container elementor-column-gap-default\">\n\t\t\t\t\t<div class=\"elementor-column elementor-col-100 elementor-top-column elementor-element elementor-element-f245512\" data-id=\"f245512\" data-element_type=\"column\">\n\t\t\t<div class=\"elementor-widget-wrap elementor-element-populated\">\n\t\t\t\t\t\t<div class=\"elementor-element elementor-element-0b6d518 elementor-align-center elementor-widget elementor-widget-button\" data-id=\"0b6d518\" data-element_type=\"widget\" data-widget_type=\"button.default\">\n\t\t\t\t<div class=\"elementor-widget-container\">\n\t\t\t\t\t\t\t\t\t<div class=\"elementor-button-wrapper\">\n\t\t\t\t\t<a class=\"elementor-button elementor-button-link elementor-size-sm\" href=\"https:\/\/grupoican.com.br\/de\/agendar-reuniao\/\">\n\t\t\t\t\t\t<span class=\"elementor-button-content-wrapper\">\n\t\t\t\t\t\t\t\t\t<span class=\"elementor-button-text\">Meeting online planen<\/span>\n\t\t\t\t\t<\/span>\n\t\t\t\t\t<\/a>\n\t\t\t\t<\/div>\n\t\t\t\t\t\t\t\t<\/div>\n\t\t\t\t<\/div>\n\t\t\t\t\t<\/div>\n\t\t<\/div>\n\t\t\t\t\t<\/div>\n\t\t<\/section>\n\t\t\t\t<section class=\"elementor-section elementor-top-section elementor-element elementor-element-078d16a elementor-section-boxed elementor-section-height-default elementor-section-height-default\" data-id=\"078d16a\" data-element_type=\"section\">\n\t\t\t\t\t\t<div class=\"elementor-container elementor-column-gap-default\">\n\t\t\t\t\t<div class=\"elementor-column elementor-col-100 elementor-top-column elementor-element elementor-element-820627d\" data-id=\"820627d\" data-element_type=\"column\">\n\t\t\t<div class=\"elementor-widget-wrap elementor-element-populated\">\n\t\t\t\t\t\t<div class=\"elementor-element elementor-element-95cad80 elementor-widget elementor-widget-spacer\" data-id=\"95cad80\" data-element_type=\"widget\" data-widget_type=\"spacer.default\">\n\t\t\t\t<div class=\"elementor-widget-container\">\n\t\t\t\t\t\t\t<div class=\"elementor-spacer\">\n\t\t\t<div class=\"elementor-spacer-inner\"><\/div>\n\t\t<\/div>\n\t\t\t\t\t\t<\/div>\n\t\t\t\t<\/div>\n\t\t\t\t\t<\/div>\n\t\t<\/div>\n\t\t\t\t\t<\/div>\n\t\t<\/section>\n\t\t\t\t<\/div>","protected":false},"excerpt":{"rendered":"<p>Cursos O Grupo I Can tamb\u00e9m atua em&nbsp; Cursos de Lideran\u00e7a e Gest\u00e3o. Oferecemos uma variedade de programas especializados para aprimorar suas habilidades e conhecimentos nessas \u00e1reas essenciais. Se voc\u00ea est\u00e1 em busca de um desenvolvimento profissional de alto n\u00edvel e deseja se destacar como l\u00edder, nossa sele\u00e7\u00e3o cuidadosamente elaborada de cursos \u00e9 perfeita para&hellip;&nbsp;<a href=\"https:\/\/grupoican.com.br\/de\/cursos\/\" rel=\"bookmark\">Read More &raquo;<span class=\"screen-reader-text\">Kurse<\/span><\/a><\/p>","protected":false},"author":1,"featured_media":0,"parent":0,"menu_order":0,"comment_status":"closed","ping_status":"closed","template":"page-templates\/template-pagebuilder-full-width.php","meta":{"neve_meta_sidebar":"","neve_meta_container":"","neve_meta_enable_content_width":"","neve_meta_content_width":0,"neve_meta_title_alignment":"","neve_meta_author_avatar":"","neve_post_elements_order":"","neve_meta_disable_header":"","neve_meta_disable_footer":"","neve_meta_disable_title":"","neve_meta_reading_time":"","_joinchat":[],"footnotes":""},"class_list":["post-3051","page","type-page","status-publish","hentry"],"yoast_head":"<!-- This site is optimized with the Yoast SEO Premium plugin v22.5 (Yoast SEO v24.5) - https:\/\/yoast.com\/wordpress\/plugins\/seo\/ -->\n<title>Cursos - GrupoIcan<\/title>\n<meta name=\"robots\" content=\"index, follow, max-snippet:-1, max-image-preview:large, max-video-preview:-1\" \/>\n<link rel=\"canonical\" href=\"https:\/\/grupoican.com.br\/de\/cursos\/\" \/>\n<meta property=\"og:locale\" content=\"de_DE\" \/>\n<meta property=\"og:type\" content=\"article\" \/>\n<meta property=\"og:title\" content=\"Cursos\" \/>\n<meta property=\"og:description\" content=\"Cursos O Grupo I Can tamb\u00e9m atua em&nbsp; Cursos de Lideran\u00e7a e Gest\u00e3o. Oferecemos uma variedade de programas especializados para aprimorar suas habilidades e conhecimentos nessas \u00e1reas essenciais. Se voc\u00ea est\u00e1 em busca de um desenvolvimento profissional de alto n\u00edvel e deseja se destacar como l\u00edder, nossa sele\u00e7\u00e3o cuidadosamente elaborada de cursos \u00e9 perfeita para&hellip;&nbsp;Read More &raquo;Cursos\" \/>\n<meta property=\"og:url\" content=\"https:\/\/grupoican.com.br\/de\/cursos\/\" \/>\n<meta property=\"og:site_name\" content=\"GrupoIcan\" \/>\n<meta property=\"article:modified_time\" content=\"2023-05-25T03:40:24+00:00\" \/>\n<meta name=\"twitter:card\" content=\"summary_large_image\" \/>\n<meta name=\"twitter:label1\" content=\"Gesch\u00e4tzte Lesezeit\" \/>\n\t<meta name=\"twitter:data1\" content=\"3\u00a0Minuten\" \/>\n<script type=\"application\/ld+json\" class=\"yoast-schema-graph\">{\"@context\":\"https:\/\/schema.org\",\"@graph\":[{\"@type\":\"WebPage\",\"@id\":\"https:\/\/grupoican.com.br\/cursos\/\",\"url\":\"https:\/\/grupoican.com.br\/cursos\/\",\"name\":\"Cursos - GrupoIcan\",\"isPartOf\":{\"@id\":\"https:\/\/grupoican.com.br\/#website\"},\"datePublished\":\"2023-05-25T03:19:43+00:00\",\"dateModified\":\"2023-05-25T03:40:24+00:00\",\"breadcrumb\":{\"@id\":\"https:\/\/grupoican.com.br\/cursos\/#breadcrumb\"},\"inLanguage\":\"de-CH\",\"potentialAction\":[{\"@type\":\"ReadAction\",\"target\":[\"https:\/\/grupoican.com.br\/cursos\/\"]}]},{\"@type\":\"BreadcrumbList\",\"@id\":\"https:\/\/grupoican.com.br\/cursos\/#breadcrumb\",\"itemListElement\":[{\"@type\":\"ListItem\",\"position\":1,\"name\":\"In\u00edcio\",\"item\":\"https:\/\/grupoican.com.br\/\"},{\"@type\":\"ListItem\",\"position\":2,\"name\":\"Cursos\"}]},{\"@type\":\"WebSite\",\"@id\":\"https:\/\/grupoican.com.br\/#website\",\"url\":\"https:\/\/grupoican.com.br\/\",\"name\":\"GrupoIcan\",\"description\":\"Consultoria especializada em gest\u00e3o empresarial e \u00e1rea de petr\u00f3leo e g\u00e1s.\",\"publisher\":{\"@id\":\"https:\/\/grupoican.com.br\/#organization\"},\"potentialAction\":[{\"@type\":\"SearchAction\",\"target\":{\"@type\":\"EntryPoint\",\"urlTemplate\":\"https:\/\/grupoican.com.br\/?s={search_term_string}\"},\"query-input\":{\"@type\":\"PropertyValueSpecification\",\"valueRequired\":true,\"valueName\":\"search_term_string\"}}],\"inLanguage\":\"de-CH\"},{\"@type\":\"Organization\",\"@id\":\"https:\/\/grupoican.com.br\/#organization\",\"name\":\"GrupoIcan\",\"url\":\"https:\/\/grupoican.com.br\/\",\"logo\":{\"@type\":\"ImageObject\",\"inLanguage\":\"de-CH\",\"@id\":\"https:\/\/grupoican.com.br\/#\/schema\/logo\/image\/\",\"url\":\"https:\/\/grupoican.com.br\/wp-content\/uploads\/2021\/09\/logo-icanbe.png\",\"contentUrl\":\"https:\/\/grupoican.com.br\/wp-content\/uploads\/2021\/09\/logo-icanbe.png\",\"width\":1855,\"height\":1573,\"caption\":\"GrupoIcan\"},\"image\":{\"@id\":\"https:\/\/grupoican.com.br\/#\/schema\/logo\/image\/\"}}]}<\/script>\n<!-- \/ Yoast SEO Premium plugin. -->","yoast_head_json":{"title":"Cursos - GrupoIcan","robots":{"index":"index","follow":"follow","max-snippet":"max-snippet:-1","max-image-preview":"max-image-preview:large","max-video-preview":"max-video-preview:-1"},"canonical":"https:\/\/grupoican.com.br\/de\/cursos\/","og_locale":"de_DE","og_type":"article","og_title":"Cursos","og_description":"Cursos O Grupo I Can tamb\u00e9m atua em&nbsp; Cursos de Lideran\u00e7a e Gest\u00e3o. Oferecemos uma variedade de programas especializados para aprimorar suas habilidades e conhecimentos nessas \u00e1reas essenciais. Se voc\u00ea est\u00e1 em busca de um desenvolvimento profissional de alto n\u00edvel e deseja se destacar como l\u00edder, nossa sele\u00e7\u00e3o cuidadosamente elaborada de cursos \u00e9 perfeita para&hellip;&nbsp;Read More &raquo;Cursos","og_url":"https:\/\/grupoican.com.br\/de\/cursos\/","og_site_name":"GrupoIcan","article_modified_time":"2023-05-25T03:40:24+00:00","twitter_card":"summary_large_image","twitter_misc":{"Gesch\u00e4tzte Lesezeit":"3\u00a0Minuten"},"schema":{"@context":"https:\/\/schema.org","@graph":[{"@type":"WebPage","@id":"https:\/\/grupoican.com.br\/cursos\/","url":"https:\/\/grupoican.com.br\/cursos\/","name":"Cursos - GrupoIcan","isPartOf":{"@id":"https:\/\/grupoican.com.br\/#website"},"datePublished":"2023-05-25T03:19:43+00:00","dateModified":"2023-05-25T03:40:24+00:00","breadcrumb":{"@id":"https:\/\/grupoican.com.br\/cursos\/#breadcrumb"},"inLanguage":"de-CH","potentialAction":[{"@type":"ReadAction","target":["https:\/\/grupoican.com.br\/cursos\/"]}]},{"@type":"BreadcrumbList","@id":"https:\/\/grupoican.com.br\/cursos\/#breadcrumb","itemListElement":[{"@type":"ListItem","position":1,"name":"In\u00edcio","item":"https:\/\/grupoican.com.br\/"},{"@type":"ListItem","position":2,"name":"Cursos"}]},{"@type":"WebSite","@id":"https:\/\/grupoican.com.br\/#website","url":"https:\/\/grupoican.com.br\/","name":"GrupoIcan","description":"Consultoria especializada em gest\u00e3o empresarial e \u00e1rea de petr\u00f3leo e g\u00e1s.","publisher":{"@id":"https:\/\/grupoican.com.br\/#organization"},"potentialAction":[{"@type":"SearchAction","target":{"@type":"EntryPoint","urlTemplate":"https:\/\/grupoican.com.br\/?s={search_term_string}"},"query-input":{"@type":"PropertyValueSpecification","valueRequired":true,"valueName":"search_term_string"}}],"inLanguage":"de-CH"},{"@type":"Organization","@id":"https:\/\/grupoican.com.br\/#organization","name":"GrupoIcan","url":"https:\/\/grupoican.com.br\/","logo":{"@type":"ImageObject","inLanguage":"de-CH","@id":"https:\/\/grupoican.com.br\/#\/schema\/logo\/image\/","url":"https:\/\/grupoican.com.br\/wp-content\/uploads\/2021\/09\/logo-icanbe.png","contentUrl":"https:\/\/grupoican.com.br\/wp-content\/uploads\/2021\/09\/logo-icanbe.png","width":1855,"height":1573,"caption":"GrupoIcan"},"image":{"@id":"https:\/\/grupoican.com.br\/#\/schema\/logo\/image\/"}}]}},"amp_enabled":true,"_links":{"self":[{"href":"https:\/\/grupoican.com.br\/de\/wp-json\/wp\/v2\/pages\/3051","targetHints":{"allow":["GET"]}}],"collection":[{"href":"https:\/\/grupoican.com.br\/de\/wp-json\/wp\/v2\/pages"}],"about":[{"href":"https:\/\/grupoican.com.br\/de\/wp-json\/wp\/v2\/types\/page"}],"author":[{"embeddable":true,"href":"https:\/\/grupoican.com.br\/de\/wp-json\/wp\/v2\/users\/1"}],"replies":[{"embeddable":true,"href":"https:\/\/grupoican.com.br\/de\/wp-json\/wp\/v2\/comments?post=3051"}],"version-history":[{"count":19,"href":"https:\/\/grupoican.com.br\/de\/wp-json\/wp\/v2\/pages\/3051\/revisions"}],"predecessor-version":[{"id":3072,"href":"https:\/\/grupoican.com.br\/de\/wp-json\/wp\/v2\/pages\/3051\/revisions\/3072"}],"wp:attachment":[{"href":"https:\/\/grupoican.com.br\/de\/wp-json\/wp\/v2\/media?parent=3051"}],"curies":[{"name":"wp","href":"https:\/\/api.w.org\/{rel}","templated":true}]}}