{"id":915,"date":"2021-11-18T14:41:22","date_gmt":"2021-11-18T17:41:22","guid":{"rendered":"https:\/\/grupoican.com.br\/?page_id=915"},"modified":"2024-08-20T18:30:29","modified_gmt":"2024-08-20T21:30:29","slug":"certificacoes","status":"publish","type":"page","link":"https:\/\/grupoican.com.br\/de\/certificacoes\/","title":{"rendered":"Zertifizierungen"},"content":{"rendered":"<div data-elementor-type=\"wp-page\" data-elementor-id=\"915\" class=\"elementor elementor-915\" data-elementor-post-type=\"page\">\n\t\t\t\t\t\t<section class=\"elementor-section elementor-top-section elementor-element elementor-element-f5b39cd elementor-section-boxed elementor-section-height-default elementor-section-height-default\" data-id=\"f5b39cd\" data-element_type=\"section\">\n\t\t\t\t\t\t<div class=\"elementor-container elementor-column-gap-default\">\n\t\t\t\t\t<div class=\"elementor-column elementor-col-100 elementor-top-column elementor-element elementor-element-7062132\" data-id=\"7062132\" data-element_type=\"column\">\n\t\t\t<div class=\"elementor-widget-wrap elementor-element-populated\">\n\t\t\t\t\t\t<div class=\"elementor-element elementor-element-de499b1 elementor-widget elementor-widget-spacer\" data-id=\"de499b1\" data-element_type=\"widget\" data-widget_type=\"spacer.default\">\n\t\t\t\t<div class=\"elementor-widget-container\">\n\t\t\t\t\t\t\t<div class=\"elementor-spacer\">\n\t\t\t<div class=\"elementor-spacer-inner\"><\/div>\n\t\t<\/div>\n\t\t\t\t\t\t<\/div>\n\t\t\t\t<\/div>\n\t\t\t\t\t<\/div>\n\t\t<\/div>\n\t\t\t\t\t<\/div>\n\t\t<\/section>\n\t\t\t\t<section class=\"elementor-section elementor-top-section elementor-element elementor-element-8ca69a8 elementor-section-boxed elementor-section-height-default elementor-section-height-default\" data-id=\"8ca69a8\" data-element_type=\"section\" data-settings=\"{&quot;background_background&quot;:&quot;classic&quot;}\">\n\t\t\t\t\t\t<div class=\"elementor-container elementor-column-gap-default\">\n\t\t\t\t\t<div class=\"elementor-column elementor-col-100 elementor-top-column elementor-element elementor-element-15c83df\" data-id=\"15c83df\" data-element_type=\"column\">\n\t\t\t<div class=\"elementor-widget-wrap elementor-element-populated\">\n\t\t\t\t\t\t<div class=\"elementor-element elementor-element-6cd939f animated-slow elementor-invisible elementor-widget elementor-widget-heading\" data-id=\"6cd939f\" data-element_type=\"widget\" data-settings=\"{&quot;_animation&quot;:&quot;slideInRight&quot;}\" data-widget_type=\"heading.default\">\n\t\t\t\t<div class=\"elementor-widget-container\">\n\t\t\t\t\t<h2 class=\"elementor-heading-title elementor-size-default\">Zertifizierungen<\/h2>\t\t\t\t<\/div>\n\t\t\t\t<\/div>\n\t\t\t\t\t<\/div>\n\t\t<\/div>\n\t\t\t\t\t<\/div>\n\t\t<\/section>\n\t\t\t\t<section class=\"elementor-section elementor-top-section elementor-element elementor-element-181bd72 elementor-section-boxed elementor-section-height-default elementor-section-height-default\" data-id=\"181bd72\" data-element_type=\"section\">\n\t\t\t\t\t\t<div class=\"elementor-container elementor-column-gap-default\">\n\t\t\t\t\t<div class=\"elementor-column elementor-col-100 elementor-top-column elementor-element elementor-element-e75d83f\" data-id=\"e75d83f\" data-element_type=\"column\">\n\t\t\t<div class=\"elementor-widget-wrap elementor-element-populated\">\n\t\t\t\t\t\t<div class=\"elementor-element elementor-element-d96670f animated-slow elementor-invisible elementor-widget elementor-widget-image\" data-id=\"d96670f\" data-element_type=\"widget\" data-settings=\"{&quot;_animation&quot;:&quot;slideInLeft&quot;,&quot;_animation_delay&quot;:400}\" data-widget_type=\"image.default\">\n\t\t\t\t<div class=\"elementor-widget-container\">\n\t\t\t\t\t\t\t\t\t\t\t\t\t\t\t<img fetchpriority=\"high\" decoding=\"async\" width=\"300\" height=\"219\" src=\"https:\/\/grupoican.com.br\/wp-content\/uploads\/2022\/05\/Design-sem-nome-15-e1653416200489-300x219.png\" class=\"attachment-medium size-medium wp-image-1263\" alt=\"\" srcset=\"https:\/\/grupoican.com.br\/wp-content\/uploads\/2022\/05\/Design-sem-nome-15-e1653416200489-300x219.png 300w, https:\/\/grupoican.com.br\/wp-content\/uploads\/2022\/05\/Design-sem-nome-15-e1653416200489-768x560.png 768w, https:\/\/grupoican.com.br\/wp-content\/uploads\/2022\/05\/Design-sem-nome-15-e1653416200489.png 791w\" sizes=\"(max-width: 300px) 100vw, 300px\" \/>\t\t\t\t\t\t\t\t\t\t\t\t\t\t\t<\/div>\n\t\t\t\t<\/div>\n\t\t\t\t\t<\/div>\n\t\t<\/div>\n\t\t\t\t\t<\/div>\n\t\t<\/section>\n\t\t\t\t<section class=\"elementor-section elementor-top-section elementor-element elementor-element-e44e1f9 elementor-section-boxed elementor-section-height-default elementor-section-height-default\" data-id=\"e44e1f9\" data-element_type=\"section\">\n\t\t\t\t\t\t<div class=\"elementor-container elementor-column-gap-default\">\n\t\t\t\t\t<div class=\"elementor-column elementor-col-100 elementor-top-column elementor-element elementor-element-a996c72\" data-id=\"a996c72\" data-element_type=\"column\">\n\t\t\t<div class=\"elementor-widget-wrap elementor-element-populated\">\n\t\t\t\t\t\t<div class=\"elementor-element elementor-element-b726495 elementor-widget-divider--view-line elementor-widget elementor-widget-divider\" data-id=\"b726495\" data-element_type=\"widget\" data-widget_type=\"divider.default\">\n\t\t\t\t<div class=\"elementor-widget-container\">\n\t\t\t\t\t\t\t<div class=\"elementor-divider\">\n\t\t\t<span class=\"elementor-divider-separator\">\n\t\t\t\t\t\t<\/span>\n\t\t<\/div>\n\t\t\t\t\t\t<\/div>\n\t\t\t\t<\/div>\n\t\t\t\t\t<\/div>\n\t\t<\/div>\n\t\t\t\t\t<\/div>\n\t\t<\/section>\n\t\t\t\t<section class=\"elementor-section elementor-top-section elementor-element elementor-element-6ab2dc08 elementor-section-boxed elementor-section-height-default elementor-section-height-default\" data-id=\"6ab2dc08\" data-element_type=\"section\">\n\t\t\t\t\t\t<div class=\"elementor-container elementor-column-gap-default\">\n\t\t\t\t\t<div class=\"elementor-column elementor-col-100 elementor-top-column elementor-element elementor-element-6b092032\" data-id=\"6b092032\" data-element_type=\"column\">\n\t\t\t<div class=\"elementor-widget-wrap elementor-element-populated\">\n\t\t\t\t\t\t<div class=\"elementor-element elementor-element-3206d9e7 animated-slow elementor-invisible elementor-widget elementor-widget-text-editor\" data-id=\"3206d9e7\" data-element_type=\"widget\" data-settings=\"{&quot;_animation&quot;:&quot;fadeInUp&quot;}\" data-widget_type=\"text-editor.default\">\n\t\t\t\t<div class=\"elementor-widget-container\">\n\t\t\t\t\t\t\t\t\t<p><\/p>\n<h2 class=\"wp-block-heading\">Grupo I Can: Certifica\u00e7\u00e3o CRC Petrobras Garantida<\/h2>\n<p>\u00c9 muito gratificante obter o CRC Petrobras (antigo CRCC). Esse reconhecimento, concedido pela maior ind\u00fastria de energia do Brasil, valida a compet\u00eancia e a qualidade dos nossos servi\u00e7os. O CRC \u00e9 um documento emitido pela Petrobras para fornecedores que atendem a crit\u00e9rios pr\u00e9-determinados aplic\u00e1veis \u00e0 fam\u00edlia de interesse, ou parcial, quando h\u00e1 aprova\u00e7\u00e3o em pelo menos um crit\u00e9rio. Esses crit\u00e9rios s\u00e3o:<\/p>\n<ul>\n<li><strong>Gesetzliches Kriterium<\/strong><\/li>\n<li><strong>\u00d6konomisches Kriterium<\/strong><\/li>\n<li><strong>Technisches Kriterium\/SMS<\/strong><\/li>\n<li><strong>GRI-Kriterium \u2013 Risiken und Integrit\u00e4t<\/strong><\/li>\n<\/ul>\n<p>Estamos orgulhosos de sermos reconhecidos pela Petrobras, o que demonstra nossa dedica\u00e7\u00e3o em manter altos padr\u00f5es de qualidade e seguran\u00e7a.<\/p>\n<h3>Precisa de Ajuda para Obter seu CRC?<\/h3>\n<p><img decoding=\"async\" class=\"aligncenter\" src=\"https:\/\/grupoican.com.br\/wp-content\/uploads\/2021\/11\/CERT-CRC.png\" alt=\"\" width=\"146\" height=\"146\" \/><\/p>\n<p>Al\u00e9m de sermos fornecedores certificados pela Petrobras, o Grupo I Can tamb\u00e9m oferece servi\u00e7os especializados para ajudar sua empresa a obter o CRC. Nossa experi\u00eancia e conhecimento nos crit\u00e9rios exigidos pela Petrobras nos permitem oferecer um suporte completo, garantindo que sua empresa esteja preparada para atender todas as exig\u00eancias necess\u00e1rias.<\/p>\n<p>Entre em\u00a0<a href=\"https:\/\/grupoican.com.br\/de\/contato\/\" target=\"_blank\" rel=\"noopener\">contato conosco<\/a>\u00a0para saber mais sobre como podemos ajudar sua empresa a obter o CRC e se tornar um fornecedor qualificado da Petrobras. Juntos, podemos alcan\u00e7ar novos patamares de excel\u00eancia e reconhecimento no mercado.<\/p>\n<p><\/p>\n<p><\/p>\t\t\t\t\t\t\t\t<\/div>\n\t\t\t\t<\/div>\n\t\t\t\t\t<\/div>\n\t\t<\/div>\n\t\t\t\t\t<\/div>\n\t\t<\/section>\n\t\t\t\t<section class=\"elementor-section elementor-top-section elementor-element elementor-element-a92f493 elementor-section-boxed elementor-section-height-default elementor-section-height-default\" data-id=\"a92f493\" data-element_type=\"section\">\n\t\t\t\t\t\t<div class=\"elementor-container elementor-column-gap-default\">\n\t\t\t\t\t<div class=\"elementor-column elementor-col-100 elementor-top-column elementor-element elementor-element-fa43210\" data-id=\"fa43210\" data-element_type=\"column\">\n\t\t\t<div class=\"elementor-widget-wrap elementor-element-populated\">\n\t\t\t\t\t\t<div class=\"elementor-element elementor-element-72a5896 animated-slow elementor-invisible elementor-widget elementor-widget-heading\" data-id=\"72a5896\" data-element_type=\"widget\" data-settings=\"{&quot;_animation&quot;:&quot;bounceInRight&quot;}\" data-widget_type=\"heading.default\">\n\t\t\t\t<div class=\"elementor-widget-container\">\n\t\t\t\t\t<h2 class=\"elementor-heading-title elementor-size-default\">Nosso CRC SICAF:<\/h2>\t\t\t\t<\/div>\n\t\t\t\t<\/div>\n\t\t\t\t<div class=\"elementor-element elementor-element-0f4b039 elementor-invisible elementor-widget elementor-widget-image\" data-id=\"0f4b039\" data-element_type=\"widget\" data-settings=\"{&quot;_animation&quot;:&quot;fadeIn&quot;}\" data-widget_type=\"image.default\">\n\t\t\t\t<div class=\"elementor-widget-container\">\n\t\t\t\t\t\t\t\t\t\t\t\t\t\t\t<img decoding=\"async\" width=\"768\" height=\"571\" src=\"https:\/\/grupoican.com.br\/wp-content\/uploads\/2022\/05\/Screenshot_20220524-143314_Drive-768x571.jpg\" class=\"attachment-medium_large size-medium_large wp-image-1237\" alt=\"\" srcset=\"https:\/\/grupoican.com.br\/wp-content\/uploads\/2022\/05\/Screenshot_20220524-143314_Drive-768x571.jpg 768w, https:\/\/grupoican.com.br\/wp-content\/uploads\/2022\/05\/Screenshot_20220524-143314_Drive-300x223.jpg 300w, https:\/\/grupoican.com.br\/wp-content\/uploads\/2022\/05\/Screenshot_20220524-143314_Drive.jpg 943w\" sizes=\"(max-width: 768px) 100vw, 768px\" \/>\t\t\t\t\t\t\t\t\t\t\t\t\t\t\t<\/div>\n\t\t\t\t<\/div>\n\t\t\t\t\t<\/div>\n\t\t<\/div>\n\t\t\t\t\t<\/div>\n\t\t<\/section>\n\t\t\t\t<section class=\"elementor-section elementor-top-section elementor-element elementor-element-0cdb88d elementor-section-boxed elementor-section-height-default elementor-section-height-default\" data-id=\"0cdb88d\" data-element_type=\"section\">\n\t\t\t\t\t\t<div class=\"elementor-container elementor-column-gap-default\">\n\t\t\t\t\t<div class=\"elementor-column elementor-col-100 elementor-top-column elementor-element elementor-element-08b383c\" data-id=\"08b383c\" data-element_type=\"column\">\n\t\t\t<div class=\"elementor-widget-wrap elementor-element-populated\">\n\t\t\t\t\t\t<div class=\"elementor-element elementor-element-6799efa elementor-invisible elementor-widget elementor-widget-text-editor\" data-id=\"6799efa\" data-element_type=\"widget\" data-settings=\"{&quot;_animation&quot;:&quot;bounceInLeft&quot;}\" data-widget_type=\"text-editor.default\">\n\t\t\t\t<div class=\"elementor-widget-container\">\n\t\t\t\t\t\t\t\t\t<p>Die Richtigkeit der Angaben kann an der Adresse \u00fcberpr\u00fcft werden <a href=\"https:\/\/www.gov.br\/compras\/pt-br\/\" target=\"_blank\" rel=\"noopener\">www.gov.br\/compras\/pt-br\/<\/a><\/p>\t\t\t\t\t\t\t\t<\/div>\n\t\t\t\t<\/div>\n\t\t\t\t\t<\/div>\n\t\t<\/div>\n\t\t\t\t\t<\/div>\n\t\t<\/section>\n\t\t\t\t<section class=\"elementor-section elementor-top-section elementor-element elementor-element-b593b61 elementor-section-boxed elementor-section-height-default elementor-section-height-default\" data-id=\"b593b61\" data-element_type=\"section\">\n\t\t\t\t\t\t<div class=\"elementor-container elementor-column-gap-default\">\n\t\t\t\t\t<div class=\"elementor-column elementor-col-100 elementor-top-column elementor-element elementor-element-eb30f4d\" data-id=\"eb30f4d\" data-element_type=\"column\">\n\t\t\t<div class=\"elementor-widget-wrap elementor-element-populated\">\n\t\t\t\t\t\t<div class=\"elementor-element elementor-element-9fc4f46 elementor-widget elementor-widget-text-editor\" data-id=\"9fc4f46\" data-element_type=\"widget\" data-widget_type=\"text-editor.default\">\n\t\t\t\t<div class=\"elementor-widget-container\">\n\t\t\t\t\t\t\t\t\t<p><strong>\u00a0CRC<\/strong> Petrobras do <strong>Gruppe I kann<\/strong> tem validade at\u00e9 <strong>11\/06\/2025<\/strong>.<\/p>\t\t\t\t\t\t\t\t<\/div>\n\t\t\t\t<\/div>\n\t\t\t\t\t<\/div>\n\t\t<\/div>\n\t\t\t\t\t<\/div>\n\t\t<\/section>\n\t\t\t\t<section class=\"elementor-section elementor-top-section elementor-element elementor-element-c17d92f elementor-section-boxed elementor-section-height-default elementor-section-height-default\" data-id=\"c17d92f\" data-element_type=\"section\">\n\t\t\t\t\t\t<div class=\"elementor-container elementor-column-gap-default\">\n\t\t\t\t\t<div class=\"elementor-column elementor-col-100 elementor-top-column elementor-element elementor-element-f417088\" data-id=\"f417088\" data-element_type=\"column\">\n\t\t\t<div class=\"elementor-widget-wrap elementor-element-populated\">\n\t\t\t\t\t\t<div class=\"elementor-element elementor-element-97f7597 animated-slow elementor-invisible elementor-widget elementor-widget-text-editor\" data-id=\"97f7597\" data-element_type=\"widget\" data-settings=\"{&quot;_animation&quot;:&quot;bounceInRight&quot;}\" data-widget_type=\"text-editor.default\">\n\t\t\t\t<div class=\"elementor-widget-container\">\n\t\t\t\t\t\t\t\t\t<p><b>Zu diesem Zweck bem\u00fcht sich Grupo I can st\u00e4ndig um:<\/b><\/p>\n<ul>\n<li>Die Erwartungen seiner Kunden \u00fcbertreffen;<\/li>\n<li>Halten Sie Ihr Beraterteam mit der Vision, Mission und den Werten sowie der Unternehmenspolitik in Verbindung;<\/li>\n<li>Perfektionieren und verbessern Sie Ihr QHSE-Managementsystem;<\/li>\n<li>Nehmen Sie an Compliance und seinem Integrit\u00e4tsprogramm teil;<\/li>\n<li>Einhaltung der Richtlinien und Programme von Lieferanten und Partnern;<\/li>\n<li>Nehmen Sie an Programmen zur sozialen Verantwortung teil.<\/li>\n<\/ul>\n<p><!-- \/wp:paragraph --><!-- wp:list --> <!-- \/wp:list --><!-- wp:paragraph --><\/p>\n<p><\/p>\n<p><strong>Hier bekr\u00e4ftigen wir die Vision der I can de Group:<\/strong><\/p>\n<p><!-- \/wp:paragraph --><!-- wp:paragraph --><\/p>\n<p>\u201eDie Ikone f\u00fcr Vertrauen und Qualit\u00e4t in L\u00f6sungen und Dienstleistungen zu sein und die beste Option f\u00fcr Kunden, Partner, Lieferanten und Fachleute in den Segmenten zu werden, in denen wir t\u00e4tig sind\u201c<\/p>\t\t\t\t\t\t\t\t<\/div>\n\t\t\t\t<\/div>\n\t\t\t\t\t<\/div>\n\t\t<\/div>\n\t\t\t\t\t<\/div>\n\t\t<\/section>\n\t\t\t\t<\/div>","protected":false},"excerpt":{"rendered":"<p>Certifica\u00e7\u00f5es Grupo I Can: Certifica\u00e7\u00e3o CRC Petrobras Garantida \u00c9 muito gratificante obter o CRC Petrobras (antigo CRCC). Esse reconhecimento, concedido pela maior ind\u00fastria de energia do Brasil, valida a compet\u00eancia e a qualidade dos nossos servi\u00e7os. O CRC \u00e9 um documento emitido pela Petrobras para fornecedores que atendem a crit\u00e9rios pr\u00e9-determinados aplic\u00e1veis \u00e0 fam\u00edlia de&hellip;&nbsp;<a href=\"https:\/\/grupoican.com.br\/de\/certificacoes\/\" rel=\"bookmark\">Read More &raquo;<span class=\"screen-reader-text\">Zertifizierungen<\/span><\/a><\/p>","protected":false},"author":1,"featured_media":0,"parent":0,"menu_order":0,"comment_status":"closed","ping_status":"closed","template":"elementor_theme","meta":{"neve_meta_sidebar":"","neve_meta_container":"","neve_meta_enable_content_width":"","neve_meta_content_width":0,"neve_meta_title_alignment":"","neve_meta_author_avatar":"","neve_post_elements_order":"","neve_meta_disable_header":"","neve_meta_disable_footer":"","neve_meta_disable_title":"on","neve_meta_reading_time":"","_joinchat":[],"footnotes":""},"class_list":["post-915","page","type-page","status-publish","hentry"],"yoast_head":"<!-- This site is optimized with the Yoast SEO Premium plugin v22.5 (Yoast SEO v24.5) - https:\/\/yoast.com\/wordpress\/plugins\/seo\/ -->\n<title>Precisa de Ajuda para Obter seu CRC? \u3010CLIQUE AQUI\u3011<\/title>\n<meta name=\"description\" content=\"Grupo I Can tamb\u00e9m oferece servi\u00e7os especializados para ajudar sua empresa a obter o CRC. \u3010SAIBA MAIS\u3011\" \/>\n<meta name=\"robots\" content=\"index, follow, max-snippet:-1, max-image-preview:large, max-video-preview:-1\" \/>\n<link rel=\"canonical\" href=\"https:\/\/grupoican.com.br\/de\/certificacoes\/\" \/>\n<meta property=\"og:locale\" content=\"de_DE\" \/>\n<meta property=\"og:type\" content=\"article\" \/>\n<meta property=\"og:title\" content=\"Certifica\u00e7\u00f5es\" \/>\n<meta property=\"og:description\" content=\"Grupo I Can tamb\u00e9m oferece servi\u00e7os especializados para ajudar sua empresa a obter o CRC. \u3010SAIBA MAIS\u3011\" \/>\n<meta property=\"og:url\" content=\"https:\/\/grupoican.com.br\/de\/certificacoes\/\" \/>\n<meta property=\"og:site_name\" content=\"GrupoIcan\" \/>\n<meta property=\"article:modified_time\" content=\"2024-08-20T21:30:29+00:00\" \/>\n<meta property=\"og:image\" content=\"https:\/\/grupoican.com.br\/wp-content\/uploads\/2022\/05\/Design-sem-nome-15-e1653416200489-300x219.png\" \/>\n<meta name=\"twitter:card\" content=\"summary_large_image\" \/>\n<meta name=\"twitter:label1\" content=\"Gesch\u00e4tzte Lesezeit\" \/>\n\t<meta name=\"twitter:data1\" content=\"3\u00a0Minuten\" \/>\n<script type=\"application\/ld+json\" class=\"yoast-schema-graph\">{\"@context\":\"https:\/\/schema.org\",\"@graph\":[{\"@type\":\"WebPage\",\"@id\":\"https:\/\/grupoican.com.br\/certificacoes\/\",\"url\":\"https:\/\/grupoican.com.br\/certificacoes\/\",\"name\":\"Precisa de Ajuda para Obter seu CRC? \u3010CLIQUE AQUI\u3011\",\"isPartOf\":{\"@id\":\"https:\/\/grupoican.com.br\/#website\"},\"primaryImageOfPage\":{\"@id\":\"https:\/\/grupoican.com.br\/certificacoes\/#primaryimage\"},\"image\":{\"@id\":\"https:\/\/grupoican.com.br\/certificacoes\/#primaryimage\"},\"thumbnailUrl\":\"https:\/\/grupoican.com.br\/wp-content\/uploads\/2022\/05\/Design-sem-nome-15-e1653416200489-300x219.png\",\"datePublished\":\"2021-11-18T17:41:22+00:00\",\"dateModified\":\"2024-08-20T21:30:29+00:00\",\"description\":\"Grupo I Can tamb\u00e9m oferece servi\u00e7os especializados para ajudar sua empresa a obter o CRC. \u3010SAIBA MAIS\u3011\",\"breadcrumb\":{\"@id\":\"https:\/\/grupoican.com.br\/certificacoes\/#breadcrumb\"},\"inLanguage\":\"de-CH\",\"potentialAction\":[{\"@type\":\"ReadAction\",\"target\":[\"https:\/\/grupoican.com.br\/certificacoes\/\"]}]},{\"@type\":\"ImageObject\",\"inLanguage\":\"de-CH\",\"@id\":\"https:\/\/grupoican.com.br\/certificacoes\/#primaryimage\",\"url\":\"https:\/\/grupoican.com.br\/wp-content\/uploads\/2022\/05\/Design-sem-nome-15-e1653416200489-300x219.png\",\"contentUrl\":\"https:\/\/grupoican.com.br\/wp-content\/uploads\/2022\/05\/Design-sem-nome-15-e1653416200489-300x219.png\"},{\"@type\":\"BreadcrumbList\",\"@id\":\"https:\/\/grupoican.com.br\/certificacoes\/#breadcrumb\",\"itemListElement\":[{\"@type\":\"ListItem\",\"position\":1,\"name\":\"In\u00edcio\",\"item\":\"https:\/\/grupoican.com.br\/\"},{\"@type\":\"ListItem\",\"position\":2,\"name\":\"Certifica\u00e7\u00f5es\"}]},{\"@type\":\"WebSite\",\"@id\":\"https:\/\/grupoican.com.br\/#website\",\"url\":\"https:\/\/grupoican.com.br\/\",\"name\":\"GrupoIcan\",\"description\":\"Consultoria especializada em gest\u00e3o empresarial e \u00e1rea de petr\u00f3leo e g\u00e1s.\",\"publisher\":{\"@id\":\"https:\/\/grupoican.com.br\/#organization\"},\"potentialAction\":[{\"@type\":\"SearchAction\",\"target\":{\"@type\":\"EntryPoint\",\"urlTemplate\":\"https:\/\/grupoican.com.br\/?s={search_term_string}\"},\"query-input\":{\"@type\":\"PropertyValueSpecification\",\"valueRequired\":true,\"valueName\":\"search_term_string\"}}],\"inLanguage\":\"de-CH\"},{\"@type\":\"Organization\",\"@id\":\"https:\/\/grupoican.com.br\/#organization\",\"name\":\"GrupoIcan\",\"url\":\"https:\/\/grupoican.com.br\/\",\"logo\":{\"@type\":\"ImageObject\",\"inLanguage\":\"de-CH\",\"@id\":\"https:\/\/grupoican.com.br\/#\/schema\/logo\/image\/\",\"url\":\"https:\/\/grupoican.com.br\/wp-content\/uploads\/2021\/09\/logo-icanbe.png\",\"contentUrl\":\"https:\/\/grupoican.com.br\/wp-content\/uploads\/2021\/09\/logo-icanbe.png\",\"width\":1855,\"height\":1573,\"caption\":\"GrupoIcan\"},\"image\":{\"@id\":\"https:\/\/grupoican.com.br\/#\/schema\/logo\/image\/\"}}]}<\/script>\n<!-- \/ Yoast SEO Premium plugin. -->","yoast_head_json":{"title":"Precisa de Ajuda para Obter seu CRC? \u3010CLIQUE AQUI\u3011","description":"Grupo I Can tamb\u00e9m oferece servi\u00e7os especializados para ajudar sua empresa a obter o CRC. \u3010SAIBA MAIS\u3011","robots":{"index":"index","follow":"follow","max-snippet":"max-snippet:-1","max-image-preview":"max-image-preview:large","max-video-preview":"max-video-preview:-1"},"canonical":"https:\/\/grupoican.com.br\/de\/certificacoes\/","og_locale":"de_DE","og_type":"article","og_title":"Certifica\u00e7\u00f5es","og_description":"Grupo I Can tamb\u00e9m oferece servi\u00e7os especializados para ajudar sua empresa a obter o CRC. \u3010SAIBA MAIS\u3011","og_url":"https:\/\/grupoican.com.br\/de\/certificacoes\/","og_site_name":"GrupoIcan","article_modified_time":"2024-08-20T21:30:29+00:00","og_image":[{"url":"https:\/\/grupoican.com.br\/wp-content\/uploads\/2022\/05\/Design-sem-nome-15-e1653416200489-300x219.png","type":"","width":"","height":""}],"twitter_card":"summary_large_image","twitter_misc":{"Gesch\u00e4tzte Lesezeit":"3\u00a0Minuten"},"schema":{"@context":"https:\/\/schema.org","@graph":[{"@type":"WebPage","@id":"https:\/\/grupoican.com.br\/certificacoes\/","url":"https:\/\/grupoican.com.br\/certificacoes\/","name":"Precisa de Ajuda para Obter seu CRC? \u3010CLIQUE AQUI\u3011","isPartOf":{"@id":"https:\/\/grupoican.com.br\/#website"},"primaryImageOfPage":{"@id":"https:\/\/grupoican.com.br\/certificacoes\/#primaryimage"},"image":{"@id":"https:\/\/grupoican.com.br\/certificacoes\/#primaryimage"},"thumbnailUrl":"https:\/\/grupoican.com.br\/wp-content\/uploads\/2022\/05\/Design-sem-nome-15-e1653416200489-300x219.png","datePublished":"2021-11-18T17:41:22+00:00","dateModified":"2024-08-20T21:30:29+00:00","description":"Grupo I Can tamb\u00e9m oferece servi\u00e7os especializados para ajudar sua empresa a obter o CRC. \u3010SAIBA MAIS\u3011","breadcrumb":{"@id":"https:\/\/grupoican.com.br\/certificacoes\/#breadcrumb"},"inLanguage":"de-CH","potentialAction":[{"@type":"ReadAction","target":["https:\/\/grupoican.com.br\/certificacoes\/"]}]},{"@type":"ImageObject","inLanguage":"de-CH","@id":"https:\/\/grupoican.com.br\/certificacoes\/#primaryimage","url":"https:\/\/grupoican.com.br\/wp-content\/uploads\/2022\/05\/Design-sem-nome-15-e1653416200489-300x219.png","contentUrl":"https:\/\/grupoican.com.br\/wp-content\/uploads\/2022\/05\/Design-sem-nome-15-e1653416200489-300x219.png"},{"@type":"BreadcrumbList","@id":"https:\/\/grupoican.com.br\/certificacoes\/#breadcrumb","itemListElement":[{"@type":"ListItem","position":1,"name":"In\u00edcio","item":"https:\/\/grupoican.com.br\/"},{"@type":"ListItem","position":2,"name":"Certifica\u00e7\u00f5es"}]},{"@type":"WebSite","@id":"https:\/\/grupoican.com.br\/#website","url":"https:\/\/grupoican.com.br\/","name":"GrupoIcan","description":"Consultoria especializada em gest\u00e3o empresarial e \u00e1rea de petr\u00f3leo e g\u00e1s.","publisher":{"@id":"https:\/\/grupoican.com.br\/#organization"},"potentialAction":[{"@type":"SearchAction","target":{"@type":"EntryPoint","urlTemplate":"https:\/\/grupoican.com.br\/?s={search_term_string}"},"query-input":{"@type":"PropertyValueSpecification","valueRequired":true,"valueName":"search_term_string"}}],"inLanguage":"de-CH"},{"@type":"Organization","@id":"https:\/\/grupoican.com.br\/#organization","name":"GrupoIcan","url":"https:\/\/grupoican.com.br\/","logo":{"@type":"ImageObject","inLanguage":"de-CH","@id":"https:\/\/grupoican.com.br\/#\/schema\/logo\/image\/","url":"https:\/\/grupoican.com.br\/wp-content\/uploads\/2021\/09\/logo-icanbe.png","contentUrl":"https:\/\/grupoican.com.br\/wp-content\/uploads\/2021\/09\/logo-icanbe.png","width":1855,"height":1573,"caption":"GrupoIcan"},"image":{"@id":"https:\/\/grupoican.com.br\/#\/schema\/logo\/image\/"}}]}},"amp_enabled":true,"_links":{"self":[{"href":"https:\/\/grupoican.com.br\/de\/wp-json\/wp\/v2\/pages\/915","targetHints":{"allow":["GET"]}}],"collection":[{"href":"https:\/\/grupoican.com.br\/de\/wp-json\/wp\/v2\/pages"}],"about":[{"href":"https:\/\/grupoican.com.br\/de\/wp-json\/wp\/v2\/types\/page"}],"author":[{"embeddable":true,"href":"https:\/\/grupoican.com.br\/de\/wp-json\/wp\/v2\/users\/1"}],"replies":[{"embeddable":true,"href":"https:\/\/grupoican.com.br\/de\/wp-json\/wp\/v2\/comments?post=915"}],"version-history":[{"count":67,"href":"https:\/\/grupoican.com.br\/de\/wp-json\/wp\/v2\/pages\/915\/revisions"}],"predecessor-version":[{"id":15602,"href":"https:\/\/grupoican.com.br\/de\/wp-json\/wp\/v2\/pages\/915\/revisions\/15602"}],"wp:attachment":[{"href":"https:\/\/grupoican.com.br\/de\/wp-json\/wp\/v2\/media?parent=915"}],"curies":[{"name":"wp","href":"https:\/\/api.w.org\/{rel}","templated":true}]}}