{"id":1282,"date":"2022-05-26T11:26:04","date_gmt":"2022-05-26T14:26:04","guid":{"rendered":"https:\/\/grupoican.com.br\/?page_id=1282"},"modified":"2022-05-26T12:09:22","modified_gmt":"2022-05-26T15:09:22","slug":"equipe-2","status":"publish","type":"page","link":"https:\/\/grupoican.com.br\/en\/equipe-2\/","title":{"rendered":"Equipe"},"content":{"rendered":"<div data-elementor-type=\"wp-page\" data-elementor-id=\"1282\" class=\"elementor elementor-1282\" data-elementor-post-type=\"page\">\n\t\t\t\t\t\t<section class=\"elementor-section elementor-top-section elementor-element elementor-element-19942e4d elementor-section-content-middle elementor-section-boxed elementor-section-height-default elementor-section-height-default\" data-id=\"19942e4d\" data-element_type=\"section\">\n\t\t\t\t\t\t<div class=\"elementor-container elementor-column-gap-no\">\n\t\t\t\t\t<div class=\"elementor-column elementor-col-100 elementor-top-column elementor-element elementor-element-1d2831ca\" data-id=\"1d2831ca\" data-element_type=\"column\">\n\t\t\t<div class=\"elementor-widget-wrap elementor-element-populated\">\n\t\t\t\t\t\t<div class=\"elementor-element elementor-element-21703f82 elementor-widget elementor-widget-heading\" data-id=\"21703f82\" data-element_type=\"widget\" data-widget_type=\"heading.default\">\n\t\t\t\t<div class=\"elementor-widget-container\">\n\t\t\t\t\t<h5 class=\"elementor-heading-title elementor-size-default\">Group I CAN Team<\/h5>\t\t\t\t<\/div>\n\t\t\t\t<\/div>\n\t\t\t\t<div class=\"elementor-element elementor-element-3aedae9a elementor-widget elementor-widget-text-editor\" data-id=\"3aedae9a\" data-element_type=\"widget\" data-widget_type=\"text-editor.default\">\n\t\t\t\t<div class=\"elementor-widget-container\">\n\t\t\t\t\t\t\t\t\t<p>Meet our professionals<\/p>\t\t\t\t\t\t\t\t<\/div>\n\t\t\t\t<\/div>\n\t\t\t\t<section class=\"elementor-section elementor-inner-section elementor-element elementor-element-74035e5a elementor-section-boxed elementor-section-height-default elementor-section-height-default\" data-id=\"74035e5a\" data-element_type=\"section\">\n\t\t\t\t\t\t<div class=\"elementor-container elementor-column-gap-default\">\n\t\t\t\t\t<div class=\"elementor-column elementor-col-50 elementor-inner-column elementor-element elementor-element-4ce5435a\" data-id=\"4ce5435a\" data-element_type=\"column\">\n\t\t\t<div class=\"elementor-widget-wrap elementor-element-populated\">\n\t\t\t\t\t\t<div class=\"elementor-element elementor-element-ace0840 elementor-position-left elementor-vertical-align-middle elementor-invisible elementor-widget elementor-widget-image-box\" data-id=\"ace0840\" data-element_type=\"widget\" data-settings=\"{&quot;_animation&quot;:&quot;bounceInRight&quot;}\" data-widget_type=\"image-box.default\">\n\t\t\t\t<div class=\"elementor-widget-container\">\n\t\t\t\t\t<div class=\"elementor-image-box-wrapper\"><figure class=\"elementor-image-box-img\"><img fetchpriority=\"high\" decoding=\"async\" width=\"293\" height=\"267\" src=\"https:\/\/grupoican.com.br\/wp-content\/uploads\/2021\/09\/3-e1632972812730.jpg\" class=\"elementor-animation-bounce-in attachment-full size-full wp-image-844\" alt=\"\" \/><\/figure><div class=\"elementor-image-box-content\"><h3 class=\"elementor-image-box-title\">Tereza Soares<\/h3><p class=\"elementor-image-box-description\">CEO<\/p><\/div><\/div>\t\t\t\t<\/div>\n\t\t\t\t<\/div>\n\t\t\t\t<div class=\"elementor-element elementor-element-3b29501e elementor-widget elementor-widget-text-editor\" data-id=\"3b29501e\" data-element_type=\"widget\" data-widget_type=\"text-editor.default\">\n\t\t\t\t<div class=\"elementor-widget-container\">\n\t\t\t\t\t\t\t\t\t<p>QHSE Specialist and Project Coordinator<\/p>\t\t\t\t\t\t\t\t<\/div>\n\t\t\t\t<\/div>\n\t\t\t\t\t<\/div>\n\t\t<\/div>\n\t\t\t\t<div class=\"elementor-column elementor-col-50 elementor-inner-column elementor-element elementor-element-3b0432bb\" data-id=\"3b0432bb\" data-element_type=\"column\">\n\t\t\t<div class=\"elementor-widget-wrap elementor-element-populated\">\n\t\t\t\t\t\t<div class=\"elementor-element elementor-element-53753c2d elementor-position-left elementor-vertical-align-middle elementor-invisible elementor-widget elementor-widget-image-box\" data-id=\"53753c2d\" data-element_type=\"widget\" data-settings=\"{&quot;_animation&quot;:&quot;bounceInRight&quot;}\" data-widget_type=\"image-box.default\">\n\t\t\t\t<div class=\"elementor-widget-container\">\n\t\t\t\t\t<div class=\"elementor-image-box-wrapper\"><figure class=\"elementor-image-box-img\"><img decoding=\"async\" width=\"211\" height=\"204\" src=\"https:\/\/grupoican.com.br\/wp-content\/uploads\/2021\/09\/5-e1632972687635.jpg\" class=\"elementor-animation-bounce-in attachment-full size-full wp-image-845\" alt=\"\" \/><\/figure><div class=\"elementor-image-box-content\"><h3 class=\"elementor-image-box-title\">Carol Lecher<\/h3><p class=\"elementor-image-box-description\">Psychologist <\/p><\/div><\/div>\t\t\t\t<\/div>\n\t\t\t\t<\/div>\n\t\t\t\t<div class=\"elementor-element elementor-element-6c729765 elementor-widget elementor-widget-text-editor\" data-id=\"6c729765\" data-element_type=\"widget\" data-widget_type=\"text-editor.default\">\n\t\t\t\t<div class=\"elementor-widget-container\">\n\t\t\t\t\t\t\t\t\t<p>Specialist in Emotional Intelligence and Organizational Culture<\/p>\t\t\t\t\t\t\t\t<\/div>\n\t\t\t\t<\/div>\n\t\t\t\t\t<\/div>\n\t\t<\/div>\n\t\t\t\t\t<\/div>\n\t\t<\/section>\n\t\t\t\t<section class=\"elementor-section elementor-inner-section elementor-element elementor-element-3e78169d elementor-section-boxed elementor-section-height-default elementor-section-height-default\" data-id=\"3e78169d\" data-element_type=\"section\">\n\t\t\t\t\t\t<div class=\"elementor-container elementor-column-gap-default\">\n\t\t\t\t\t<div class=\"elementor-column elementor-col-50 elementor-inner-column elementor-element elementor-element-20f8d1b3\" data-id=\"20f8d1b3\" data-element_type=\"column\">\n\t\t\t<div class=\"elementor-widget-wrap elementor-element-populated\">\n\t\t\t\t\t\t<div class=\"elementor-element elementor-element-34e2bf43 elementor-position-left elementor-vertical-align-middle elementor-invisible elementor-widget elementor-widget-image-box\" data-id=\"34e2bf43\" data-element_type=\"widget\" data-settings=\"{&quot;_animation&quot;:&quot;bounceInRight&quot;}\" data-widget_type=\"image-box.default\">\n\t\t\t\t<div class=\"elementor-widget-container\">\n\t\t\t\t\t<div class=\"elementor-image-box-wrapper\"><figure class=\"elementor-image-box-img\"><img decoding=\"async\" width=\"306\" height=\"265\" src=\"https:\/\/grupoican.com.br\/wp-content\/uploads\/2021\/09\/6-e1632972602619.jpg\" class=\"attachment-full size-full wp-image-853\" alt=\"\" srcset=\"https:\/\/grupoican.com.br\/wp-content\/uploads\/2021\/09\/6-e1632972602619.jpg 306w, https:\/\/grupoican.com.br\/wp-content\/uploads\/2021\/09\/6-e1632972602619-300x260.jpg 300w\" sizes=\"(max-width: 306px) 100vw, 306px\" \/><\/figure><div class=\"elementor-image-box-content\"><h3 class=\"elementor-image-box-title\">Ros\u00e2ngela Arruda<\/h3><p class=\"elementor-image-box-description\">administrator<\/p><\/div><\/div>\t\t\t\t<\/div>\n\t\t\t\t<\/div>\n\t\t\t\t<div class=\"elementor-element elementor-element-47df19d0 elementor-widget elementor-widget-text-editor\" data-id=\"47df19d0\" data-element_type=\"widget\" data-widget_type=\"text-editor.default\">\n\t\t\t\t<div class=\"elementor-widget-container\">\n\t\t\t\t\t\t\t\t\t<p>Human Factors Specialist<\/p>\t\t\t\t\t\t\t\t<\/div>\n\t\t\t\t<\/div>\n\t\t\t\t\t<\/div>\n\t\t<\/div>\n\t\t\t\t<div class=\"elementor-column elementor-col-50 elementor-inner-column elementor-element elementor-element-5746ceec\" data-id=\"5746ceec\" data-element_type=\"column\">\n\t\t\t<div class=\"elementor-widget-wrap elementor-element-populated\">\n\t\t\t\t\t\t<div class=\"elementor-element elementor-element-665a383b elementor-position-left elementor-vertical-align-middle elementor-invisible elementor-widget elementor-widget-image-box\" data-id=\"665a383b\" data-element_type=\"widget\" data-settings=\"{&quot;_animation&quot;:&quot;bounceInRight&quot;}\" data-widget_type=\"image-box.default\">\n\t\t\t\t<div class=\"elementor-widget-container\">\n\t\t\t\t\t<div class=\"elementor-image-box-wrapper\"><figure class=\"elementor-image-box-img\"><img loading=\"lazy\" decoding=\"async\" width=\"348\" height=\"345\" src=\"https:\/\/grupoican.com.br\/wp-content\/uploads\/2021\/09\/2-e1632973177818.jpg\" class=\"attachment-full size-full wp-image-862\" alt=\"\" srcset=\"https:\/\/grupoican.com.br\/wp-content\/uploads\/2021\/09\/2-e1632973177818.jpg 348w, https:\/\/grupoican.com.br\/wp-content\/uploads\/2021\/09\/2-e1632973177818-300x297.jpg 300w, https:\/\/grupoican.com.br\/wp-content\/uploads\/2021\/09\/2-e1632973177818-150x150.jpg 150w\" sizes=\"(max-width: 348px) 100vw, 348px\" \/><\/figure><div class=\"elementor-image-box-content\"><h3 class=\"elementor-image-box-title\">Dani Chaia <\/h3><p class=\"elementor-image-box-description\">Public relations <\/p><\/div><\/div>\t\t\t\t<\/div>\n\t\t\t\t<\/div>\n\t\t\t\t<div class=\"elementor-element elementor-element-6a01d72b elementor-widget elementor-widget-text-editor\" data-id=\"6a01d72b\" data-element_type=\"widget\" data-widget_type=\"text-editor.default\">\n\t\t\t\t<div class=\"elementor-widget-container\">\n\t\t\t\t\t\t\t\t\t<p>Specialist in Communication and Crisis Management<\/p>\t\t\t\t\t\t\t\t<\/div>\n\t\t\t\t<\/div>\n\t\t\t\t\t<\/div>\n\t\t<\/div>\n\t\t\t\t\t<\/div>\n\t\t<\/section>\n\t\t\t\t<section class=\"elementor-section elementor-inner-section elementor-element elementor-element-f459527 elementor-section-boxed elementor-section-height-default elementor-section-height-default\" data-id=\"f459527\" data-element_type=\"section\">\n\t\t\t\t\t\t<div class=\"elementor-container elementor-column-gap-default\">\n\t\t\t\t\t<div class=\"elementor-column elementor-col-50 elementor-inner-column elementor-element elementor-element-26c7af3\" data-id=\"26c7af3\" data-element_type=\"column\">\n\t\t\t<div class=\"elementor-widget-wrap elementor-element-populated\">\n\t\t\t\t\t\t<div class=\"elementor-element elementor-element-e3c2066 elementor-position-left elementor-vertical-align-middle elementor-invisible elementor-widget elementor-widget-image-box\" data-id=\"e3c2066\" data-element_type=\"widget\" data-settings=\"{&quot;_animation&quot;:&quot;bounceInRight&quot;}\" data-widget_type=\"image-box.default\">\n\t\t\t\t<div class=\"elementor-widget-container\">\n\t\t\t\t\t<div class=\"elementor-image-box-wrapper\"><figure class=\"elementor-image-box-img\"><img loading=\"lazy\" decoding=\"async\" width=\"217\" height=\"239\" src=\"https:\/\/grupoican.com.br\/wp-content\/uploads\/2021\/09\/4-e1632973267998.jpg\" class=\"attachment-full size-full wp-image-863\" alt=\"\" \/><\/figure><div class=\"elementor-image-box-content\"><h3 class=\"elementor-image-box-title\">Francisco Leite<\/h3><p class=\"elementor-image-box-description\">Civil engineer <\/p><\/div><\/div>\t\t\t\t<\/div>\n\t\t\t\t<\/div>\n\t\t\t\t<div class=\"elementor-element elementor-element-cfd7701 elementor-widget elementor-widget-text-editor\" data-id=\"cfd7701\" data-element_type=\"widget\" data-widget_type=\"text-editor.default\">\n\t\t\t\t<div class=\"elementor-widget-container\">\n\t\t\t\t\t\t\t\t\t<p>Auditor of the maritime segment, ANP, ANVISA, with international experience<\/p>\t\t\t\t\t\t\t\t<\/div>\n\t\t\t\t<\/div>\n\t\t\t\t\t<\/div>\n\t\t<\/div>\n\t\t\t\t<div class=\"elementor-column elementor-col-50 elementor-inner-column elementor-element elementor-element-0b68f44\" data-id=\"0b68f44\" data-element_type=\"column\">\n\t\t\t<div class=\"elementor-widget-wrap elementor-element-populated\">\n\t\t\t\t\t\t<div class=\"elementor-element elementor-element-b602d6e elementor-position-left elementor-vertical-align-middle elementor-invisible elementor-widget elementor-widget-image-box\" data-id=\"b602d6e\" data-element_type=\"widget\" data-settings=\"{&quot;_animation&quot;:&quot;bounceInRight&quot;}\" data-widget_type=\"image-box.default\">\n\t\t\t\t<div class=\"elementor-widget-container\">\n\t\t\t\t\t<div class=\"elementor-image-box-wrapper\"><figure class=\"elementor-image-box-img\"><img loading=\"lazy\" decoding=\"async\" width=\"390\" height=\"380\" src=\"https:\/\/grupoican.com.br\/wp-content\/uploads\/2021\/09\/9EDF9322-6193-41D0-B1CF-068FB9BD4FA8-e1632973648833.png\" class=\"attachment-full size-full wp-image-864\" alt=\"\" srcset=\"https:\/\/grupoican.com.br\/wp-content\/uploads\/2021\/09\/9EDF9322-6193-41D0-B1CF-068FB9BD4FA8-e1632973648833.png 390w, https:\/\/grupoican.com.br\/wp-content\/uploads\/2021\/09\/9EDF9322-6193-41D0-B1CF-068FB9BD4FA8-e1632973648833-300x292.png 300w\" sizes=\"(max-width: 390px) 100vw, 390px\" \/><\/figure><div class=\"elementor-image-box-content\"><h3 class=\"elementor-image-box-title\">Daniel Soares<\/h3><\/div><\/div>\t\t\t\t<\/div>\n\t\t\t\t<\/div>\n\t\t\t\t\t<\/div>\n\t\t<\/div>\n\t\t\t\t\t<\/div>\n\t\t<\/section>\n\t\t\t\t\t<\/div>\n\t\t<\/div>\n\t\t\t\t\t<\/div>\n\t\t<\/section>\n\t\t\t\t<\/div>","protected":false},"excerpt":{"rendered":"<p>Equipe Grupo I CAN Conhe\u00e7a nossos profissionais Tereza Soares S\u00f3cia-CEO Especialista em QSMS e coordenadora de Projetos Carol Lecher Psic\u00f3loga Especialista em Inteligencia Emocional e Cultura Organizacional Ros\u00e2ngela Arruda Administradora Especialista em Fatores Humanos Dani Chaia Rela\u00e7\u00f5es P\u00fablicas Especialista em Comunica\u00e7\u00e3o e Gest\u00e3o de Crise Francisco Leite Engenheiro Civil Auditor do segmento mar\u00edtimo, da ANP,&hellip;&nbsp;<a href=\"https:\/\/grupoican.com.br\/en\/equipe-2\/\" rel=\"bookmark\">Read More \u00bb<span class=\"screen-reader-text\">Equipe<\/span><\/a><\/p>","protected":false},"author":1,"featured_media":0,"parent":0,"menu_order":0,"comment_status":"closed","ping_status":"closed","template":"page-templates\/template-pagebuilder-full-width.php","meta":{"neve_meta_sidebar":"","neve_meta_container":"","neve_meta_enable_content_width":"","neve_meta_content_width":0,"neve_meta_title_alignment":"","neve_meta_author_avatar":"","neve_post_elements_order":"","neve_meta_disable_header":"","neve_meta_disable_footer":"","neve_meta_disable_title":"","neve_meta_reading_time":"","_joinchat":[],"footnotes":""},"class_list":["post-1282","page","type-page","status-publish","hentry"],"yoast_head":"<!-- This site is optimized with the Yoast SEO Premium plugin v22.5 (Yoast SEO v24.5) - https:\/\/yoast.com\/wordpress\/plugins\/seo\/ -->\n<title>Equipe - GrupoIcan<\/title>\n<meta name=\"robots\" content=\"index, follow, max-snippet:-1, max-image-preview:large, max-video-preview:-1\" \/>\n<link rel=\"canonical\" href=\"https:\/\/grupoican.com.br\/en\/equipe-2\/\" \/>\n<meta property=\"og:locale\" content=\"en_US\" \/>\n<meta property=\"og:type\" content=\"article\" \/>\n<meta property=\"og:title\" content=\"Equipe\" \/>\n<meta property=\"og:description\" content=\"Equipe Grupo I CAN Conhe\u00e7a nossos profissionais Tereza Soares S\u00f3cia-CEO Especialista em QSMS e coordenadora de Projetos Carol Lecher Psic\u00f3loga Especialista em Inteligencia Emocional e Cultura Organizacional Ros\u00e2ngela Arruda Administradora Especialista em Fatores Humanos Dani Chaia Rela\u00e7\u00f5es P\u00fablicas Especialista em Comunica\u00e7\u00e3o e Gest\u00e3o de Crise Francisco Leite Engenheiro Civil Auditor do segmento mar\u00edtimo, da ANP,&hellip;&nbsp;Read More &raquo;Equipe\" \/>\n<meta property=\"og:url\" content=\"https:\/\/grupoican.com.br\/en\/equipe-2\/\" \/>\n<meta property=\"og:site_name\" content=\"GrupoIcan\" \/>\n<meta property=\"article:modified_time\" content=\"2022-05-26T15:09:22+00:00\" \/>\n<meta property=\"og:image\" content=\"http:\/\/grupoican.com.br\/wp-content\/uploads\/2021\/09\/3-e1632972812730.jpg\" \/>\n<meta name=\"twitter:card\" content=\"summary_large_image\" \/>\n<meta name=\"twitter:label1\" content=\"Est. reading time\" \/>\n\t<meta name=\"twitter:data1\" content=\"2 minutes\" \/>\n<script type=\"application\/ld+json\" class=\"yoast-schema-graph\">{\"@context\":\"https:\/\/schema.org\",\"@graph\":[{\"@type\":\"WebPage\",\"@id\":\"https:\/\/grupoican.com.br\/equipe-2\/\",\"url\":\"https:\/\/grupoican.com.br\/equipe-2\/\",\"name\":\"Equipe - GrupoIcan\",\"isPartOf\":{\"@id\":\"https:\/\/grupoican.com.br\/#website\"},\"primaryImageOfPage\":{\"@id\":\"https:\/\/grupoican.com.br\/equipe-2\/#primaryimage\"},\"image\":{\"@id\":\"https:\/\/grupoican.com.br\/equipe-2\/#primaryimage\"},\"thumbnailUrl\":\"http:\/\/grupoican.com.br\/wp-content\/uploads\/2021\/09\/3-e1632972812730.jpg\",\"datePublished\":\"2022-05-26T14:26:04+00:00\",\"dateModified\":\"2022-05-26T15:09:22+00:00\",\"breadcrumb\":{\"@id\":\"https:\/\/grupoican.com.br\/equipe-2\/#breadcrumb\"},\"inLanguage\":\"en-US\",\"potentialAction\":[{\"@type\":\"ReadAction\",\"target\":[\"https:\/\/grupoican.com.br\/equipe-2\/\"]}]},{\"@type\":\"ImageObject\",\"inLanguage\":\"en-US\",\"@id\":\"https:\/\/grupoican.com.br\/equipe-2\/#primaryimage\",\"url\":\"http:\/\/grupoican.com.br\/wp-content\/uploads\/2021\/09\/3-e1632972812730.jpg\",\"contentUrl\":\"http:\/\/grupoican.com.br\/wp-content\/uploads\/2021\/09\/3-e1632972812730.jpg\"},{\"@type\":\"BreadcrumbList\",\"@id\":\"https:\/\/grupoican.com.br\/equipe-2\/#breadcrumb\",\"itemListElement\":[{\"@type\":\"ListItem\",\"position\":1,\"name\":\"In\u00edcio\",\"item\":\"https:\/\/grupoican.com.br\/\"},{\"@type\":\"ListItem\",\"position\":2,\"name\":\"Equipe\"}]},{\"@type\":\"WebSite\",\"@id\":\"https:\/\/grupoican.com.br\/#website\",\"url\":\"https:\/\/grupoican.com.br\/\",\"name\":\"GrupoIcan\",\"description\":\"Consultoria especializada em gest\u00e3o empresarial e \u00e1rea de petr\u00f3leo e g\u00e1s.\",\"publisher\":{\"@id\":\"https:\/\/grupoican.com.br\/#organization\"},\"potentialAction\":[{\"@type\":\"SearchAction\",\"target\":{\"@type\":\"EntryPoint\",\"urlTemplate\":\"https:\/\/grupoican.com.br\/?s={search_term_string}\"},\"query-input\":{\"@type\":\"PropertyValueSpecification\",\"valueRequired\":true,\"valueName\":\"search_term_string\"}}],\"inLanguage\":\"en-US\"},{\"@type\":\"Organization\",\"@id\":\"https:\/\/grupoican.com.br\/#organization\",\"name\":\"GrupoIcan\",\"url\":\"https:\/\/grupoican.com.br\/\",\"logo\":{\"@type\":\"ImageObject\",\"inLanguage\":\"en-US\",\"@id\":\"https:\/\/grupoican.com.br\/#\/schema\/logo\/image\/\",\"url\":\"https:\/\/grupoican.com.br\/wp-content\/uploads\/2021\/09\/logo-icanbe.png\",\"contentUrl\":\"https:\/\/grupoican.com.br\/wp-content\/uploads\/2021\/09\/logo-icanbe.png\",\"width\":1855,\"height\":1573,\"caption\":\"GrupoIcan\"},\"image\":{\"@id\":\"https:\/\/grupoican.com.br\/#\/schema\/logo\/image\/\"}}]}<\/script>\n<!-- \/ Yoast SEO Premium plugin. -->","yoast_head_json":{"title":"Equipe - GrupoIcan","robots":{"index":"index","follow":"follow","max-snippet":"max-snippet:-1","max-image-preview":"max-image-preview:large","max-video-preview":"max-video-preview:-1"},"canonical":"https:\/\/grupoican.com.br\/en\/equipe-2\/","og_locale":"en_US","og_type":"article","og_title":"Equipe","og_description":"Equipe Grupo I CAN Conhe\u00e7a nossos profissionais Tereza Soares S\u00f3cia-CEO Especialista em QSMS e coordenadora de Projetos Carol Lecher Psic\u00f3loga Especialista em Inteligencia Emocional e Cultura Organizacional Ros\u00e2ngela Arruda Administradora Especialista em Fatores Humanos Dani Chaia Rela\u00e7\u00f5es P\u00fablicas Especialista em Comunica\u00e7\u00e3o e Gest\u00e3o de Crise Francisco Leite Engenheiro Civil Auditor do segmento mar\u00edtimo, da ANP,&hellip;&nbsp;Read More &raquo;Equipe","og_url":"https:\/\/grupoican.com.br\/en\/equipe-2\/","og_site_name":"GrupoIcan","article_modified_time":"2022-05-26T15:09:22+00:00","og_image":[{"url":"http:\/\/grupoican.com.br\/wp-content\/uploads\/2021\/09\/3-e1632972812730.jpg","type":"","width":"","height":""}],"twitter_card":"summary_large_image","twitter_misc":{"Est. reading time":"2 minutes"},"schema":{"@context":"https:\/\/schema.org","@graph":[{"@type":"WebPage","@id":"https:\/\/grupoican.com.br\/equipe-2\/","url":"https:\/\/grupoican.com.br\/equipe-2\/","name":"Equipe - GrupoIcan","isPartOf":{"@id":"https:\/\/grupoican.com.br\/#website"},"primaryImageOfPage":{"@id":"https:\/\/grupoican.com.br\/equipe-2\/#primaryimage"},"image":{"@id":"https:\/\/grupoican.com.br\/equipe-2\/#primaryimage"},"thumbnailUrl":"http:\/\/grupoican.com.br\/wp-content\/uploads\/2021\/09\/3-e1632972812730.jpg","datePublished":"2022-05-26T14:26:04+00:00","dateModified":"2022-05-26T15:09:22+00:00","breadcrumb":{"@id":"https:\/\/grupoican.com.br\/equipe-2\/#breadcrumb"},"inLanguage":"en-US","potentialAction":[{"@type":"ReadAction","target":["https:\/\/grupoican.com.br\/equipe-2\/"]}]},{"@type":"ImageObject","inLanguage":"en-US","@id":"https:\/\/grupoican.com.br\/equipe-2\/#primaryimage","url":"http:\/\/grupoican.com.br\/wp-content\/uploads\/2021\/09\/3-e1632972812730.jpg","contentUrl":"http:\/\/grupoican.com.br\/wp-content\/uploads\/2021\/09\/3-e1632972812730.jpg"},{"@type":"BreadcrumbList","@id":"https:\/\/grupoican.com.br\/equipe-2\/#breadcrumb","itemListElement":[{"@type":"ListItem","position":1,"name":"In\u00edcio","item":"https:\/\/grupoican.com.br\/"},{"@type":"ListItem","position":2,"name":"Equipe"}]},{"@type":"WebSite","@id":"https:\/\/grupoican.com.br\/#website","url":"https:\/\/grupoican.com.br\/","name":"GrupoIcan","description":"Consultoria especializada em gest\u00e3o empresarial e \u00e1rea de petr\u00f3leo e g\u00e1s.","publisher":{"@id":"https:\/\/grupoican.com.br\/#organization"},"potentialAction":[{"@type":"SearchAction","target":{"@type":"EntryPoint","urlTemplate":"https:\/\/grupoican.com.br\/?s={search_term_string}"},"query-input":{"@type":"PropertyValueSpecification","valueRequired":true,"valueName":"search_term_string"}}],"inLanguage":"en-US"},{"@type":"Organization","@id":"https:\/\/grupoican.com.br\/#organization","name":"GrupoIcan","url":"https:\/\/grupoican.com.br\/","logo":{"@type":"ImageObject","inLanguage":"en-US","@id":"https:\/\/grupoican.com.br\/#\/schema\/logo\/image\/","url":"https:\/\/grupoican.com.br\/wp-content\/uploads\/2021\/09\/logo-icanbe.png","contentUrl":"https:\/\/grupoican.com.br\/wp-content\/uploads\/2021\/09\/logo-icanbe.png","width":1855,"height":1573,"caption":"GrupoIcan"},"image":{"@id":"https:\/\/grupoican.com.br\/#\/schema\/logo\/image\/"}}]}},"amp_enabled":true,"_links":{"self":[{"href":"https:\/\/grupoican.com.br\/en\/wp-json\/wp\/v2\/pages\/1282","targetHints":{"allow":["GET"]}}],"collection":[{"href":"https:\/\/grupoican.com.br\/en\/wp-json\/wp\/v2\/pages"}],"about":[{"href":"https:\/\/grupoican.com.br\/en\/wp-json\/wp\/v2\/types\/page"}],"author":[{"embeddable":true,"href":"https:\/\/grupoican.com.br\/en\/wp-json\/wp\/v2\/users\/1"}],"replies":[{"embeddable":true,"href":"https:\/\/grupoican.com.br\/en\/wp-json\/wp\/v2\/comments?post=1282"}],"version-history":[{"count":0,"href":"https:\/\/grupoican.com.br\/en\/wp-json\/wp\/v2\/pages\/1282\/revisions"}],"wp:attachment":[{"href":"https:\/\/grupoican.com.br\/en\/wp-json\/wp\/v2\/media?parent=1282"}],"curies":[{"name":"wp","href":"https:\/\/api.w.org\/{rel}","templated":true}]}}