{"id":2176,"date":"2022-08-06T11:17:13","date_gmt":"2022-08-06T14:17:13","guid":{"rendered":"https:\/\/grupoican.com.br\/?page_id=2176"},"modified":"2022-08-06T11:20:53","modified_gmt":"2022-08-06T14:20:53","slug":"o-que-e-iso-9001-para-que-serve","status":"publish","type":"page","link":"https:\/\/grupoican.com.br\/en\/o-que-e-iso-9001-para-que-serve\/","title":{"rendered":"What is ISO 9001 and what is it for?"},"content":{"rendered":"<div data-elementor-type=\"wp-page\" data-elementor-id=\"2176\" class=\"elementor elementor-2176\" data-elementor-post-type=\"page\">\n\t\t\t\t\t\t<section class=\"elementor-section elementor-top-section elementor-element elementor-element-6c8e80a0 elementor-section-boxed elementor-section-height-default elementor-section-height-default\" data-id=\"6c8e80a0\" data-element_type=\"section\">\n\t\t\t\t\t\t<div class=\"elementor-container elementor-column-gap-default\">\n\t\t\t\t\t<div class=\"elementor-column elementor-col-100 elementor-top-column elementor-element elementor-element-4a6e62ed\" data-id=\"4a6e62ed\" data-element_type=\"column\">\n\t\t\t<div class=\"elementor-widget-wrap elementor-element-populated\">\n\t\t\t\t\t\t<div class=\"elementor-element elementor-element-426f3ada elementor-widget elementor-widget-text-editor\" data-id=\"426f3ada\" data-element_type=\"widget\" data-widget_type=\"text-editor.default\">\n\t\t\t\t<div class=\"elementor-widget-container\">\n\t\t\t\t\t\t\t\t\t<p><\/p>\n<p>ISO 9001 is a management system aimed at ensuring process optimization, greater agility in product development and more agile production in order to satisfy customers and achieve sustained success.<\/p>\n<p><\/p>\n<p><\/p>\n<p>The Quality Management System (QMS) works as an instrument to help the manager find and correct inefficient processes within the organization. In addition, it is a way of documenting the organization&#039;s culture, allowing the business to grow while maintaining the quality of the goods and services provided.<\/p>\n<p><\/p>\n<p><\/p>\n<p>\u201cISO 9001 is a quality management system designed for companies to improve their performance.\u201d<\/p>\n<p><\/p>\n<p><\/p>\n<p>Because it is an international system created by ISO (International Organization for Standardization), which is an organization founded in 1946 and headquartered in Geneva, Switzerland with the purpose of developing and promoting standards that can be used by all countries in the world, It is a tool that can be adopted by any company, of any size, and that is why it is the best known standard adopted worldwide by successful companies.<\/p>\n<p><\/p>\n<p><\/p>\n<p>What is ISO 9001 and what is it for?<\/p>\n<p><\/p>\t\t\t\t\t\t\t\t<\/div>\n\t\t\t\t<\/div>\n\t\t\t\t\t<\/div>\n\t\t<\/div>\n\t\t\t\t\t<\/div>\n\t\t<\/section>\n\t\t\t\t<\/div>","protected":false},"excerpt":{"rendered":"<p>A ISO 9001 \u00e9 um sistema de gest\u00e3o com o intuito de garantir a otimiza\u00e7\u00e3o de processos, maior agilidade no desenvolvimento de produtos e produ\u00e7\u00e3o mais \u00e1gil a fim de satisfazer os clientes e alcan\u00e7ar o sucesso sustentado. O Sistema de Gest\u00e3o da Qualidade (SGQ) funciona como um instrumento para ajudar o gestor a encontrar&hellip;&nbsp;<a href=\"https:\/\/grupoican.com.br\/en\/o-que-e-iso-9001-para-que-serve\/\" rel=\"bookmark\">Read More \u00bb<span class=\"screen-reader-text\">What is ISO 9001 and what is it for?<\/span><\/a><\/p>","protected":false},"author":1,"featured_media":0,"parent":0,"menu_order":0,"comment_status":"closed","ping_status":"closed","template":"","meta":{"neve_meta_sidebar":"","neve_meta_container":"","neve_meta_enable_content_width":"","neve_meta_content_width":0,"neve_meta_title_alignment":"","neve_meta_author_avatar":"","neve_post_elements_order":"","neve_meta_disable_header":"","neve_meta_disable_footer":"","neve_meta_disable_title":"","neve_meta_reading_time":"","_joinchat":[],"footnotes":""},"class_list":["post-2176","page","type-page","status-publish","hentry"],"yoast_head":"<!-- This site is optimized with the Yoast SEO Premium plugin v22.5 (Yoast SEO v24.5) - https:\/\/yoast.com\/wordpress\/plugins\/seo\/ -->\n<title>O que \u00e9 ISO 9001 para que serve? \u3010Melhor Resposta\u3011<\/title>\n<meta name=\"description\" content=\"O que \u00e9 ISO 9001 para que serve? O que a sua empresa ganha com isso? Saiba tudo sobre a norma ISO 9001. \u3010CLIQUE AQUI\u3011\" \/>\n<meta name=\"robots\" content=\"index, follow, max-snippet:-1, max-image-preview:large, max-video-preview:-1\" \/>\n<link rel=\"canonical\" href=\"https:\/\/grupoican.com.br\/en\/o-que-e-iso-9001-para-que-serve\/\" \/>\n<meta property=\"og:locale\" content=\"en_US\" \/>\n<meta property=\"og:type\" content=\"article\" \/>\n<meta property=\"og:title\" content=\"O que \u00e9 ISO 9001 para que serve?\" \/>\n<meta property=\"og:description\" content=\"O que \u00e9 ISO 9001 para que serve? O que a sua empresa ganha com isso? Saiba tudo sobre a norma ISO 9001. \u3010CLIQUE AQUI\u3011\" \/>\n<meta property=\"og:url\" content=\"https:\/\/grupoican.com.br\/en\/o-que-e-iso-9001-para-que-serve\/\" \/>\n<meta property=\"og:site_name\" content=\"GrupoIcan\" \/>\n<meta property=\"article:modified_time\" content=\"2022-08-06T14:20:53+00:00\" \/>\n<meta name=\"twitter:card\" content=\"summary_large_image\" \/>\n<meta name=\"twitter:label1\" content=\"Est. reading time\" \/>\n\t<meta name=\"twitter:data1\" content=\"2 minutes\" \/>\n<script type=\"application\/ld+json\" class=\"yoast-schema-graph\">{\"@context\":\"https:\/\/schema.org\",\"@graph\":[{\"@type\":\"WebPage\",\"@id\":\"https:\/\/grupoican.com.br\/o-que-e-iso-9001-para-que-serve\/\",\"url\":\"https:\/\/grupoican.com.br\/o-que-e-iso-9001-para-que-serve\/\",\"name\":\"O que \u00e9 ISO 9001 para que serve? \u3010Melhor Resposta\u3011\",\"isPartOf\":{\"@id\":\"https:\/\/grupoican.com.br\/#website\"},\"datePublished\":\"2022-08-06T14:17:13+00:00\",\"dateModified\":\"2022-08-06T14:20:53+00:00\",\"description\":\"O que \u00e9 ISO 9001 para que serve? O que a sua empresa ganha com isso? Saiba tudo sobre a norma ISO 9001. \u3010CLIQUE AQUI\u3011\",\"breadcrumb\":{\"@id\":\"https:\/\/grupoican.com.br\/o-que-e-iso-9001-para-que-serve\/#breadcrumb\"},\"inLanguage\":\"en-US\",\"potentialAction\":[{\"@type\":\"ReadAction\",\"target\":[\"https:\/\/grupoican.com.br\/o-que-e-iso-9001-para-que-serve\/\"]}]},{\"@type\":\"BreadcrumbList\",\"@id\":\"https:\/\/grupoican.com.br\/o-que-e-iso-9001-para-que-serve\/#breadcrumb\",\"itemListElement\":[{\"@type\":\"ListItem\",\"position\":1,\"name\":\"In\u00edcio\",\"item\":\"https:\/\/grupoican.com.br\/\"},{\"@type\":\"ListItem\",\"position\":2,\"name\":\"O que \u00e9 ISO 9001 para que serve?\"}]},{\"@type\":\"WebSite\",\"@id\":\"https:\/\/grupoican.com.br\/#website\",\"url\":\"https:\/\/grupoican.com.br\/\",\"name\":\"GrupoIcan\",\"description\":\"Consultoria especializada em gest\u00e3o empresarial e \u00e1rea de petr\u00f3leo e g\u00e1s.\",\"publisher\":{\"@id\":\"https:\/\/grupoican.com.br\/#organization\"},\"potentialAction\":[{\"@type\":\"SearchAction\",\"target\":{\"@type\":\"EntryPoint\",\"urlTemplate\":\"https:\/\/grupoican.com.br\/?s={search_term_string}\"},\"query-input\":{\"@type\":\"PropertyValueSpecification\",\"valueRequired\":true,\"valueName\":\"search_term_string\"}}],\"inLanguage\":\"en-US\"},{\"@type\":\"Organization\",\"@id\":\"https:\/\/grupoican.com.br\/#organization\",\"name\":\"GrupoIcan\",\"url\":\"https:\/\/grupoican.com.br\/\",\"logo\":{\"@type\":\"ImageObject\",\"inLanguage\":\"en-US\",\"@id\":\"https:\/\/grupoican.com.br\/#\/schema\/logo\/image\/\",\"url\":\"https:\/\/grupoican.com.br\/wp-content\/uploads\/2021\/09\/logo-icanbe.png\",\"contentUrl\":\"https:\/\/grupoican.com.br\/wp-content\/uploads\/2021\/09\/logo-icanbe.png\",\"width\":1855,\"height\":1573,\"caption\":\"GrupoIcan\"},\"image\":{\"@id\":\"https:\/\/grupoican.com.br\/#\/schema\/logo\/image\/\"}}]}<\/script>\n<!-- \/ Yoast SEO Premium plugin. -->","yoast_head_json":{"title":"O que \u00e9 ISO 9001 para que serve? \u3010Melhor Resposta\u3011","description":"O que \u00e9 ISO 9001 para que serve? O que a sua empresa ganha com isso? Saiba tudo sobre a norma ISO 9001. \u3010CLIQUE AQUI\u3011","robots":{"index":"index","follow":"follow","max-snippet":"max-snippet:-1","max-image-preview":"max-image-preview:large","max-video-preview":"max-video-preview:-1"},"canonical":"https:\/\/grupoican.com.br\/en\/o-que-e-iso-9001-para-que-serve\/","og_locale":"en_US","og_type":"article","og_title":"O que \u00e9 ISO 9001 para que serve?","og_description":"O que \u00e9 ISO 9001 para que serve? O que a sua empresa ganha com isso? Saiba tudo sobre a norma ISO 9001. \u3010CLIQUE AQUI\u3011","og_url":"https:\/\/grupoican.com.br\/en\/o-que-e-iso-9001-para-que-serve\/","og_site_name":"GrupoIcan","article_modified_time":"2022-08-06T14:20:53+00:00","twitter_card":"summary_large_image","twitter_misc":{"Est. reading time":"2 minutes"},"schema":{"@context":"https:\/\/schema.org","@graph":[{"@type":"WebPage","@id":"https:\/\/grupoican.com.br\/o-que-e-iso-9001-para-que-serve\/","url":"https:\/\/grupoican.com.br\/o-que-e-iso-9001-para-que-serve\/","name":"O que \u00e9 ISO 9001 para que serve? \u3010Melhor Resposta\u3011","isPartOf":{"@id":"https:\/\/grupoican.com.br\/#website"},"datePublished":"2022-08-06T14:17:13+00:00","dateModified":"2022-08-06T14:20:53+00:00","description":"O que \u00e9 ISO 9001 para que serve? O que a sua empresa ganha com isso? Saiba tudo sobre a norma ISO 9001. \u3010CLIQUE AQUI\u3011","breadcrumb":{"@id":"https:\/\/grupoican.com.br\/o-que-e-iso-9001-para-que-serve\/#breadcrumb"},"inLanguage":"en-US","potentialAction":[{"@type":"ReadAction","target":["https:\/\/grupoican.com.br\/o-que-e-iso-9001-para-que-serve\/"]}]},{"@type":"BreadcrumbList","@id":"https:\/\/grupoican.com.br\/o-que-e-iso-9001-para-que-serve\/#breadcrumb","itemListElement":[{"@type":"ListItem","position":1,"name":"In\u00edcio","item":"https:\/\/grupoican.com.br\/"},{"@type":"ListItem","position":2,"name":"O que \u00e9 ISO 9001 para que serve?"}]},{"@type":"WebSite","@id":"https:\/\/grupoican.com.br\/#website","url":"https:\/\/grupoican.com.br\/","name":"GrupoIcan","description":"Consultoria especializada em gest\u00e3o empresarial e \u00e1rea de petr\u00f3leo e g\u00e1s.","publisher":{"@id":"https:\/\/grupoican.com.br\/#organization"},"potentialAction":[{"@type":"SearchAction","target":{"@type":"EntryPoint","urlTemplate":"https:\/\/grupoican.com.br\/?s={search_term_string}"},"query-input":{"@type":"PropertyValueSpecification","valueRequired":true,"valueName":"search_term_string"}}],"inLanguage":"en-US"},{"@type":"Organization","@id":"https:\/\/grupoican.com.br\/#organization","name":"GrupoIcan","url":"https:\/\/grupoican.com.br\/","logo":{"@type":"ImageObject","inLanguage":"en-US","@id":"https:\/\/grupoican.com.br\/#\/schema\/logo\/image\/","url":"https:\/\/grupoican.com.br\/wp-content\/uploads\/2021\/09\/logo-icanbe.png","contentUrl":"https:\/\/grupoican.com.br\/wp-content\/uploads\/2021\/09\/logo-icanbe.png","width":1855,"height":1573,"caption":"GrupoIcan"},"image":{"@id":"https:\/\/grupoican.com.br\/#\/schema\/logo\/image\/"}}]}},"amp_enabled":true,"_links":{"self":[{"href":"https:\/\/grupoican.com.br\/en\/wp-json\/wp\/v2\/pages\/2176","targetHints":{"allow":["GET"]}}],"collection":[{"href":"https:\/\/grupoican.com.br\/en\/wp-json\/wp\/v2\/pages"}],"about":[{"href":"https:\/\/grupoican.com.br\/en\/wp-json\/wp\/v2\/types\/page"}],"author":[{"embeddable":true,"href":"https:\/\/grupoican.com.br\/en\/wp-json\/wp\/v2\/users\/1"}],"replies":[{"embeddable":true,"href":"https:\/\/grupoican.com.br\/en\/wp-json\/wp\/v2\/comments?post=2176"}],"version-history":[{"count":0,"href":"https:\/\/grupoican.com.br\/en\/wp-json\/wp\/v2\/pages\/2176\/revisions"}],"wp:attachment":[{"href":"https:\/\/grupoican.com.br\/en\/wp-json\/wp\/v2\/media?parent=2176"}],"curies":[{"name":"wp","href":"https:\/\/api.w.org\/{rel}","templated":true}]}}