{"id":2191,"date":"2022-08-08T23:15:21","date_gmt":"2022-08-09T02:15:21","guid":{"rendered":"https:\/\/grupoican.com.br\/?page_id=2191"},"modified":"2022-08-08T23:28:12","modified_gmt":"2022-08-09T02:28:12","slug":"como-ser-fornecedor-da-petrobras","status":"publish","type":"page","link":"https:\/\/grupoican.com.br\/en\/como-ser-fornecedor-da-petrobras\/","title":{"rendered":"How to be a Petrobras supplier?"},"content":{"rendered":"<p>In addition to registering with Petronet, legal, technical and economic criteria must be met.<\/p>\n\n\n\n<p><strong>Legal part:<\/strong><\/p>\n\n\n\n<p>Your company must have a management that addresses issues of ethics and integrity.<\/p>\n\n\n\n<p><strong>Economic Part:<\/strong><\/p>\n\n\n\n<p>With the support of the accountant, you will need:<\/p>\n\n\n\n<ul class=\"wp-block-list\"><li>Documentation of the social contract.<\/li><li>Social balance of the last 2 years.<\/li><\/ul>\n\n\n\n<p><strong>How to acquire the Petrobras CRC?<\/strong><\/p>\n\n\n\n<p>After registering and sending the documentation, Petrobras will evaluate your information and data.<\/p>\n\n\n\n<p><strong>Who are Petrobras&#039; suppliers?<\/strong><\/p>\n\n\n\n<p>Any company interested in various goods and services of any size can be a Petrobras supplier.<\/p>\n\n\n\n<p><a href=\"https:\/\/grupoican.com.br\/en\/o-tratamento-diferenciado-das-micro-e-pequenas-empresas-me-e-empresas-de-pequeno-porte-epp-no-certame-licitatorio\/\">Micro and small companies (ME) and small companies (EPP) have different treatment in the bidding process<\/a><\/p>\n\n\n\n<p>How to be a Petrobras supplier | How to be a Petrobras supplier<\/p>","protected":false},"excerpt":{"rendered":"<p>Al\u00e9m do cadastro na Petronet \u00e9 necess\u00e1rio o atendimento dos crit\u00e9rios legais, t\u00e9cnicos, econ\u00f4micos. Parte Legal: Sua empresa tem que ter uma gest\u00e3o que contemple as quest\u00e3o de \u00e9tica e integridade. Parte Econ\u00f4mica: Com apoio do contador ser\u00e1 necess\u00e1ria: Documenta\u00e7\u00e3o do contrato social. Balan\u00e7o social dos \u00faltimos 2 anos. Como adquirir o CRC da Petrobras?&hellip;&nbsp;<a href=\"https:\/\/grupoican.com.br\/en\/como-ser-fornecedor-da-petrobras\/\" rel=\"bookmark\">Read More \u00bb<span class=\"screen-reader-text\">How to be a Petrobras supplier?<\/span><\/a><\/p>","protected":false},"author":1,"featured_media":0,"parent":0,"menu_order":0,"comment_status":"closed","ping_status":"closed","template":"","meta":{"neve_meta_sidebar":"","neve_meta_container":"","neve_meta_enable_content_width":"","neve_meta_content_width":0,"neve_meta_title_alignment":"","neve_meta_author_avatar":"","neve_post_elements_order":"","neve_meta_disable_header":"","neve_meta_disable_footer":"","neve_meta_disable_title":"","neve_meta_reading_time":"","_joinchat":[],"footnotes":""},"class_list":["post-2191","page","type-page","status-publish","hentry"],"yoast_head":"<!-- This site is optimized with the Yoast SEO Premium plugin v22.5 (Yoast SEO v24.5) - https:\/\/yoast.com\/wordpress\/plugins\/seo\/ -->\n<title>Como ser fornecedor da Petrobras? \u3010Melhor Resposta\u3011<\/title>\n<meta name=\"description\" content=\"Como ser fornecedor da Petrobras? Buscando essa informa\u00e7\u00e3o no Google? | Respondemos sua d\u00favida\u3010Melhor Resposta\u3011\u3010CLIQUE AQUI\u3011\" \/>\n<meta name=\"robots\" content=\"index, follow, max-snippet:-1, max-image-preview:large, max-video-preview:-1\" \/>\n<link rel=\"canonical\" href=\"https:\/\/grupoican.com.br\/en\/como-ser-fornecedor-da-petrobras\/\" \/>\n<meta property=\"og:locale\" content=\"en_US\" \/>\n<meta property=\"og:type\" content=\"article\" \/>\n<meta property=\"og:title\" content=\"Como ser fornecedor da Petrobras?\" \/>\n<meta property=\"og:description\" content=\"Como ser fornecedor da Petrobras? Buscando essa informa\u00e7\u00e3o no Google? | Respondemos sua d\u00favida\u3010Melhor Resposta\u3011\u3010CLIQUE AQUI\u3011\" \/>\n<meta property=\"og:url\" content=\"https:\/\/grupoican.com.br\/en\/como-ser-fornecedor-da-petrobras\/\" \/>\n<meta property=\"og:site_name\" content=\"GrupoIcan\" \/>\n<meta property=\"article:modified_time\" content=\"2022-08-09T02:28:12+00:00\" \/>\n<meta name=\"twitter:card\" content=\"summary_large_image\" \/>\n<meta name=\"twitter:label1\" content=\"Est. reading time\" \/>\n\t<meta name=\"twitter:data1\" content=\"1 minute\" \/>\n<script type=\"application\/ld+json\" class=\"yoast-schema-graph\">{\"@context\":\"https:\/\/schema.org\",\"@graph\":[{\"@type\":\"WebPage\",\"@id\":\"https:\/\/grupoican.com.br\/como-ser-fornecedor-da-petrobras\/\",\"url\":\"https:\/\/grupoican.com.br\/como-ser-fornecedor-da-petrobras\/\",\"name\":\"Como ser fornecedor da Petrobras? \u3010Melhor Resposta\u3011\",\"isPartOf\":{\"@id\":\"https:\/\/grupoican.com.br\/#website\"},\"datePublished\":\"2022-08-09T02:15:21+00:00\",\"dateModified\":\"2022-08-09T02:28:12+00:00\",\"description\":\"Como ser fornecedor da Petrobras? Buscando essa informa\u00e7\u00e3o no Google? | Respondemos sua d\u00favida\u3010Melhor Resposta\u3011\u3010CLIQUE AQUI\u3011\",\"breadcrumb\":{\"@id\":\"https:\/\/grupoican.com.br\/como-ser-fornecedor-da-petrobras\/#breadcrumb\"},\"inLanguage\":\"en-US\",\"potentialAction\":[{\"@type\":\"ReadAction\",\"target\":[\"https:\/\/grupoican.com.br\/como-ser-fornecedor-da-petrobras\/\"]}]},{\"@type\":\"BreadcrumbList\",\"@id\":\"https:\/\/grupoican.com.br\/como-ser-fornecedor-da-petrobras\/#breadcrumb\",\"itemListElement\":[{\"@type\":\"ListItem\",\"position\":1,\"name\":\"In\u00edcio\",\"item\":\"https:\/\/grupoican.com.br\/\"},{\"@type\":\"ListItem\",\"position\":2,\"name\":\"Como ser fornecedor da Petrobras?\"}]},{\"@type\":\"WebSite\",\"@id\":\"https:\/\/grupoican.com.br\/#website\",\"url\":\"https:\/\/grupoican.com.br\/\",\"name\":\"GrupoIcan\",\"description\":\"Consultoria especializada em gest\u00e3o empresarial e \u00e1rea de petr\u00f3leo e g\u00e1s.\",\"publisher\":{\"@id\":\"https:\/\/grupoican.com.br\/#organization\"},\"potentialAction\":[{\"@type\":\"SearchAction\",\"target\":{\"@type\":\"EntryPoint\",\"urlTemplate\":\"https:\/\/grupoican.com.br\/?s={search_term_string}\"},\"query-input\":{\"@type\":\"PropertyValueSpecification\",\"valueRequired\":true,\"valueName\":\"search_term_string\"}}],\"inLanguage\":\"en-US\"},{\"@type\":\"Organization\",\"@id\":\"https:\/\/grupoican.com.br\/#organization\",\"name\":\"GrupoIcan\",\"url\":\"https:\/\/grupoican.com.br\/\",\"logo\":{\"@type\":\"ImageObject\",\"inLanguage\":\"en-US\",\"@id\":\"https:\/\/grupoican.com.br\/#\/schema\/logo\/image\/\",\"url\":\"https:\/\/grupoican.com.br\/wp-content\/uploads\/2021\/09\/logo-icanbe.png\",\"contentUrl\":\"https:\/\/grupoican.com.br\/wp-content\/uploads\/2021\/09\/logo-icanbe.png\",\"width\":1855,\"height\":1573,\"caption\":\"GrupoIcan\"},\"image\":{\"@id\":\"https:\/\/grupoican.com.br\/#\/schema\/logo\/image\/\"}}]}<\/script>\n<!-- \/ Yoast SEO Premium plugin. -->","yoast_head_json":{"title":"Como ser fornecedor da Petrobras? \u3010Melhor Resposta\u3011","description":"Como ser fornecedor da Petrobras? Buscando essa informa\u00e7\u00e3o no Google? | Respondemos sua d\u00favida\u3010Melhor Resposta\u3011\u3010CLIQUE AQUI\u3011","robots":{"index":"index","follow":"follow","max-snippet":"max-snippet:-1","max-image-preview":"max-image-preview:large","max-video-preview":"max-video-preview:-1"},"canonical":"https:\/\/grupoican.com.br\/en\/como-ser-fornecedor-da-petrobras\/","og_locale":"en_US","og_type":"article","og_title":"Como ser fornecedor da Petrobras?","og_description":"Como ser fornecedor da Petrobras? Buscando essa informa\u00e7\u00e3o no Google? | Respondemos sua d\u00favida\u3010Melhor Resposta\u3011\u3010CLIQUE AQUI\u3011","og_url":"https:\/\/grupoican.com.br\/en\/como-ser-fornecedor-da-petrobras\/","og_site_name":"GrupoIcan","article_modified_time":"2022-08-09T02:28:12+00:00","twitter_card":"summary_large_image","twitter_misc":{"Est. reading time":"1 minute"},"schema":{"@context":"https:\/\/schema.org","@graph":[{"@type":"WebPage","@id":"https:\/\/grupoican.com.br\/como-ser-fornecedor-da-petrobras\/","url":"https:\/\/grupoican.com.br\/como-ser-fornecedor-da-petrobras\/","name":"Como ser fornecedor da Petrobras? \u3010Melhor Resposta\u3011","isPartOf":{"@id":"https:\/\/grupoican.com.br\/#website"},"datePublished":"2022-08-09T02:15:21+00:00","dateModified":"2022-08-09T02:28:12+00:00","description":"Como ser fornecedor da Petrobras? Buscando essa informa\u00e7\u00e3o no Google? | Respondemos sua d\u00favida\u3010Melhor Resposta\u3011\u3010CLIQUE AQUI\u3011","breadcrumb":{"@id":"https:\/\/grupoican.com.br\/como-ser-fornecedor-da-petrobras\/#breadcrumb"},"inLanguage":"en-US","potentialAction":[{"@type":"ReadAction","target":["https:\/\/grupoican.com.br\/como-ser-fornecedor-da-petrobras\/"]}]},{"@type":"BreadcrumbList","@id":"https:\/\/grupoican.com.br\/como-ser-fornecedor-da-petrobras\/#breadcrumb","itemListElement":[{"@type":"ListItem","position":1,"name":"In\u00edcio","item":"https:\/\/grupoican.com.br\/"},{"@type":"ListItem","position":2,"name":"Como ser fornecedor da Petrobras?"}]},{"@type":"WebSite","@id":"https:\/\/grupoican.com.br\/#website","url":"https:\/\/grupoican.com.br\/","name":"GrupoIcan","description":"Consultoria especializada em gest\u00e3o empresarial e \u00e1rea de petr\u00f3leo e g\u00e1s.","publisher":{"@id":"https:\/\/grupoican.com.br\/#organization"},"potentialAction":[{"@type":"SearchAction","target":{"@type":"EntryPoint","urlTemplate":"https:\/\/grupoican.com.br\/?s={search_term_string}"},"query-input":{"@type":"PropertyValueSpecification","valueRequired":true,"valueName":"search_term_string"}}],"inLanguage":"en-US"},{"@type":"Organization","@id":"https:\/\/grupoican.com.br\/#organization","name":"GrupoIcan","url":"https:\/\/grupoican.com.br\/","logo":{"@type":"ImageObject","inLanguage":"en-US","@id":"https:\/\/grupoican.com.br\/#\/schema\/logo\/image\/","url":"https:\/\/grupoican.com.br\/wp-content\/uploads\/2021\/09\/logo-icanbe.png","contentUrl":"https:\/\/grupoican.com.br\/wp-content\/uploads\/2021\/09\/logo-icanbe.png","width":1855,"height":1573,"caption":"GrupoIcan"},"image":{"@id":"https:\/\/grupoican.com.br\/#\/schema\/logo\/image\/"}}]}},"amp_enabled":true,"_links":{"self":[{"href":"https:\/\/grupoican.com.br\/en\/wp-json\/wp\/v2\/pages\/2191","targetHints":{"allow":["GET"]}}],"collection":[{"href":"https:\/\/grupoican.com.br\/en\/wp-json\/wp\/v2\/pages"}],"about":[{"href":"https:\/\/grupoican.com.br\/en\/wp-json\/wp\/v2\/types\/page"}],"author":[{"embeddable":true,"href":"https:\/\/grupoican.com.br\/en\/wp-json\/wp\/v2\/users\/1"}],"replies":[{"embeddable":true,"href":"https:\/\/grupoican.com.br\/en\/wp-json\/wp\/v2\/comments?post=2191"}],"version-history":[{"count":0,"href":"https:\/\/grupoican.com.br\/en\/wp-json\/wp\/v2\/pages\/2191\/revisions"}],"wp:attachment":[{"href":"https:\/\/grupoican.com.br\/en\/wp-json\/wp\/v2\/media?parent=2191"}],"curies":[{"name":"wp","href":"https:\/\/api.w.org\/{rel}","templated":true}]}}