{"id":224,"date":"2021-09-14T14:07:08","date_gmt":"2021-09-14T17:07:08","guid":{"rendered":"https:\/\/grupoican.com.br\/?page_id=224"},"modified":"2022-08-04T11:56:06","modified_gmt":"2022-08-04T14:56:06","slug":"politica-de-gestao-e-de-anticorrupcao","status":"publish","type":"page","link":"https:\/\/grupoican.com.br\/en\/politica-de-gestao-e-de-anticorrupcao\/","title":{"rendered":"Management and Anti-Corruption Policy"},"content":{"rendered":"<div data-elementor-type=\"wp-page\" data-elementor-id=\"224\" class=\"elementor elementor-224\" data-elementor-post-type=\"page\">\n\t\t\t\t\t\t<section class=\"elementor-section elementor-top-section elementor-element elementor-element-6cd3c01 elementor-section-boxed elementor-section-height-default elementor-section-height-default\" data-id=\"6cd3c01\" data-element_type=\"section\">\n\t\t\t\t\t\t<div class=\"elementor-container elementor-column-gap-default\">\n\t\t\t\t\t<div class=\"elementor-column elementor-col-100 elementor-top-column elementor-element elementor-element-0fc18fd\" data-id=\"0fc18fd\" data-element_type=\"column\">\n\t\t\t<div class=\"elementor-widget-wrap elementor-element-populated\">\n\t\t\t\t\t\t<div class=\"elementor-element elementor-element-5bfbb39 elementor-widget elementor-widget-spacer\" data-id=\"5bfbb39\" data-element_type=\"widget\" data-widget_type=\"spacer.default\">\n\t\t\t\t<div class=\"elementor-widget-container\">\n\t\t\t\t\t\t\t<div class=\"elementor-spacer\">\n\t\t\t<div class=\"elementor-spacer-inner\"><\/div>\n\t\t<\/div>\n\t\t\t\t\t\t<\/div>\n\t\t\t\t<\/div>\n\t\t\t\t\t<\/div>\n\t\t<\/div>\n\t\t\t\t\t<\/div>\n\t\t<\/section>\n\t\t\t\t<section class=\"elementor-section elementor-top-section elementor-element elementor-element-3ba320e elementor-section-boxed elementor-section-height-default elementor-section-height-default\" data-id=\"3ba320e\" data-element_type=\"section\" data-settings=\"{&quot;background_background&quot;:&quot;classic&quot;}\">\n\t\t\t\t\t\t<div class=\"elementor-container elementor-column-gap-default\">\n\t\t\t\t\t<div class=\"elementor-column elementor-col-100 elementor-top-column elementor-element elementor-element-eff47bb\" data-id=\"eff47bb\" data-element_type=\"column\">\n\t\t\t<div class=\"elementor-widget-wrap elementor-element-populated\">\n\t\t\t\t\t\t<div class=\"elementor-element elementor-element-8f59a0b elementor-invisible elementor-widget elementor-widget-heading\" data-id=\"8f59a0b\" data-element_type=\"widget\" data-settings=\"{&quot;_animation&quot;:&quot;slideInRight&quot;}\" data-widget_type=\"heading.default\">\n\t\t\t\t<div class=\"elementor-widget-container\">\n\t\t\t\t\t<h2 class=\"elementor-heading-title elementor-size-default\">Management and Anti-Corruption Policy<\/h2>\t\t\t\t<\/div>\n\t\t\t\t<\/div>\n\t\t\t\t<div class=\"elementor-element elementor-element-20a4350 elementor-invisible elementor-widget elementor-widget-heading\" data-id=\"20a4350\" data-element_type=\"widget\" data-settings=\"{&quot;_animation&quot;:&quot;slideInRight&quot;}\" data-widget_type=\"heading.default\">\n\t\t\t\t<div class=\"elementor-widget-container\">\n\t\t\t\t\t<h4 class=\"elementor-heading-title elementor-size-default\">Organizational chart review A, 08.26.2021<\/h4>\t\t\t\t<\/div>\n\t\t\t\t<\/div>\n\t\t\t\t\t<\/div>\n\t\t<\/div>\n\t\t\t\t\t<\/div>\n\t\t<\/section>\n\t\t\t\t<section class=\"elementor-section elementor-top-section elementor-element elementor-element-32844799 elementor-section-boxed elementor-section-height-default elementor-section-height-default\" data-id=\"32844799\" data-element_type=\"section\">\n\t\t\t\t\t\t<div class=\"elementor-container elementor-column-gap-default\">\n\t\t\t\t\t<div class=\"elementor-column elementor-col-100 elementor-top-column elementor-element elementor-element-6455ac9a\" data-id=\"6455ac9a\" data-element_type=\"column\">\n\t\t\t<div class=\"elementor-widget-wrap elementor-element-populated\">\n\t\t\t\t\t\t<div class=\"elementor-element elementor-element-44199e27 elementor-widget elementor-widget-text-editor\" data-id=\"44199e27\" data-element_type=\"widget\" data-widget_type=\"text-editor.default\">\n\t\t\t\t<div class=\"elementor-widget-container\">\n\t\t\t\t\t\t\t\t\t<p><\/p>\n<p>The I Can Group operating in Brazil in the recruitment and selection of people,<br>development of projects and business consulting, in the provision of these services,<br>a Management Policy (Quality, Safety, Environment, Health, Responsibility<br>and Anti-Corruption), with the following focuses:<\/p>\n<p><strong>Quality:<\/strong><\/p>\n<p>\u2022 Our team understands that customers are our reason for existing;<\/p>\n<p>\u2022 We are committed to exceeding customer expectations, far beyond what has been<br>agreed in contract;<\/p>\n<p>\u2022 We practice prices below the market;<\/p>\n<p>\u2022 We preserve information and data security; \u2022 We strictly comply with delivery deadlines;<\/p>\n<p>\u2022 We work to improve processes, the system and management and in the relationship with<br>interested parts;<\/p>\n<p>\u2022 We issue a Certificate of Technical Responsibility for the work carried out and<br>we apply the relevant laws;<\/p>\n<p>\u2022 We guarantee technical assistance in accordance with the contract with the customer;<\/p>\n<p>\u2022 We promote a risk mindset, aiming at the implementation of prevention actions<br>of potential anomalies and their effects.<\/p>\n<p><\/p>\n<p><b>Safety, Environment and Health:<\/b><\/p>\n<p>\u2022 We are committed to protecting the environment and preventing pollution,<br>valuing positive practices of resource sustainability and protection of<br>biodiversity and ecosystems;<\/p>\n<p>\u2022 We systematize initiatives to control the possible environmental impacts of our<br>administrative activities;<\/p>\n<p>\u2022 We comply with Customer and Supplier Management Policies when our team<br>is operating in its facilities;<\/p>\n<p>\u2022 We care about accident prevention and people&#039;s health, offering<br>awareness programs, training, providing necessary resources for the<br>employee health and safety;<\/p>\n<p>\u2022 We meet legal requirements and other requirements related to aspects<br>environmental and health and safety hazards.<\/p>\n<p><\/p>\n<p><b>Social responsability:<\/b><\/p>\n<p>\u2022 We are committed to complying with customer policies and terms of responsibility and<br>suppliers and other stakeholders related to social responsibility;<\/p>\n<p>\u2022 We are committed to contributing to the fulfillment of the 10 principles of the Pact<br>Global, namely:<\/p>\n<p><\/p>\n<ol class=\"wp-block-list\">\n<li>Companies must support and respect the protection of recognized human rights<br>internationally;<\/li>\n<li>Ensure your non-participation in violations of these rights;<\/li>\n<li>Companies must support freedom of association and effective recognition of the<br>right to collective bargaining;<\/li>\n<li>The elimination of all forms of forced or compulsory labour;<\/li>\n<li>The effective abolition of child labor;<\/li>\n<li>Eliminate discrimination in employment;<\/li>\n<li>Companies must support a precautionary approach to environmental challenges;<\/li>\n<li>Develop initiatives to promote greater environmental responsibility;<\/li>\n<li>Encourage the development and diffusion of environmentally friendly technologies;<\/li>\n<li>Companies must fight corruption in all its forms, including extortion<br>and kickback.<\/li>\n<\/ol>\n<p><\/p>\n<p><strong>Anti-corruption:<\/strong><\/p>\n<p><\/p>\n<p><b>It&#039;s forbidden:<\/b><\/p>\n<p>\u2022 Offer, give or receive gifts, gifts, hospitality, undue advantage, any type of payment,<br>benefit or kickback to any interested party (including governmental or foreign authority), to<br>obtain or retain business or any business advantage;<\/p>\n<p>\u2022 Proven to finance, fund or sponsor or in any way subsidize the practice of acts<br>illicit acts, including in public bidding procedures and contracts or using an intermediary, an individual or<br>legal to hide or disguise their real interests or the identity of the beneficiaries of the acts performed;<\/p>\n<p>\u2022 Frustrate, defraud, impede, disrupt public bidding process or contract;<\/p>\n<p>\u2022 To hinder the investigation or inspection activity of public bodies, entities or agents, or to intervene in their<br>activities, including within the scope of regulatory agencies and supervisory bodies of the financial system<br>national.<\/p>\n<p><\/p>\n<p><b>It&#039;s allowed:<\/b><\/p>\n<p>\u2022 Receive courtesy from customers, suppliers and other interested parties, such as: coffee, juice, lunch,<br>dinner, provided it is never on a regular and permanent basis.<\/p>\n<p>\u2022 Make a donation and\/or contribution to charities, social programs or political parties from<br>when approved by senior management and in accordance with legislation.<\/p>\n<p><\/p>\n<p><strong>We will keep:<\/strong><\/p>\n<p>\u2022 Communication channels that make it possible to send complaints \u2013 contato@grupoican.com.br and telephone numbers on the website<br>of the company www.grupoican.com.br;<\/p>\n<p>\u2022 HR Management Policy, Code of Ethical Conduct and disciplinary procedures and Security Policy of<br>Information and Data Protection applied to our employees and stakeholders;<\/p>\n<p>\u2022 Monitoring of processes and appropriate due diligence with interested parties.<\/p>\n<p><\/p>\n<p><strong>Approval and disclosure of the Policy: <\/strong><\/p>\n<p>\u2022 This policy was approved during an extraordinary meeting of senior management on the day<br>14.08.2021.<br>Disclosure:<\/p>\n<p>\u2022 Company website www.grupoican.com.br;<\/p>\n<p>\u2022 For newly hired employees during the Atmosphere Lecture;<\/p>\n<p>\u2022 For interested parties when holding meetings, events.<\/p>\n<p><\/p>\n<p><b>Reference or complementary documents:<\/b><\/p>\n<p>\u2022 Law No. 12,846\/2013 - Anti-Corruption Law<\/p>\n<p>\u2022 Decree 8,420\/2015 \u2013 Decree regulates Anti-corruption Law<\/p>\n<p>\u2022 Law No. 13,709\/2018 - LGPD<\/p>\n<p>\u2022 Group I can HR Policy<\/p>\n<p>\u2022 Information Security and Data Protection Policy<\/p>\n<p>\u2022 Group I can SGI Manual<\/p>\n<p>\u2022 Group I can Financial and Administrative Manual<\/p>\n<p>\u2022 Group I can \u2013 PG 21 Nonconforming Product Control, Corrective Action<\/p>\n<p>\u2022 Group I can - PG 22 - Audits<\/p>\n<p><\/p>\n<p><b>Together we can do more!<\/b><\/p>\n<p><\/p>\n<p>Tereza Soares<br>CEO Group I CAN<br>Knowledge accumulated since 1940.<br>A company founded in 2014.<\/p>\n<p><\/p>\t\t\t\t\t\t\t\t<\/div>\n\t\t\t\t<\/div>\n\t\t\t\t\t<\/div>\n\t\t<\/div>\n\t\t\t\t\t<\/div>\n\t\t<\/section>\n\t\t\t\t<\/div>","protected":false},"excerpt":{"rendered":"<p>Management and Anti-Corruption Policy Organization Chart revision A, 08.26.2021 The I Can Group, operating in Brazil in the business of recruiting and selecting people, project development and business consulting, maintains a Management Policy (Quality, Safety, Environment) in providing these services Environment, Health, Social Responsibility and Anti-Corruption), with the following focuses: Quality: \u2022 Our team understands\u2026&nbsp;<a href=\"https:\/\/grupoican.com.br\/en\/politica-de-gestao-e-de-anticorrupcao\/\" rel=\"bookmark\">Read More \u00bb<span class=\"screen-reader-text\">Management and Anti-Corruption Policy<\/span><\/a><\/p>","protected":false},"author":1,"featured_media":0,"parent":0,"menu_order":0,"comment_status":"closed","ping_status":"open","template":"","meta":{"neve_meta_sidebar":"","neve_meta_container":"","neve_meta_enable_content_width":"","neve_meta_content_width":0,"neve_meta_title_alignment":"","neve_meta_author_avatar":"","neve_post_elements_order":"","neve_meta_disable_header":"","neve_meta_disable_footer":"","neve_meta_disable_title":"on","neve_meta_reading_time":"","_joinchat":[],"footnotes":""},"class_list":["post-224","page","type-page","status-publish","hentry"],"yoast_head":"<!-- This site is optimized with the Yoast SEO Premium plugin v22.5 (Yoast SEO v24.5) - https:\/\/yoast.com\/wordpress\/plugins\/seo\/ -->\n<title>Pol\u00edtica de Gest\u00e3o e de Anticorrup\u00e7\u00e3o - GrupoIcan<\/title>\n<meta name=\"robots\" content=\"index, follow, max-snippet:-1, max-image-preview:large, max-video-preview:-1\" \/>\n<link rel=\"canonical\" href=\"https:\/\/grupoican.com.br\/en\/politica-de-gestao-e-de-anticorrupcao\/\" \/>\n<meta property=\"og:locale\" content=\"en_US\" \/>\n<meta property=\"og:type\" content=\"article\" \/>\n<meta property=\"og:title\" content=\"Pol\u00edtica de Gest\u00e3o e de Anticorrup\u00e7\u00e3o\" \/>\n<meta property=\"og:description\" content=\"Pol\u00edtica de Gest\u00e3o e de Anticorrup\u00e7\u00e3o Organograma revis\u00e3o A, 26.08.2021 O Grupo I Can atuando no Brasil no neg\u00f3cio de recrutamento e sele\u00e7\u00e3o de pessoas,desenvolvimento de projetos e consultoria empresarial, na presta\u00e7\u00e3o desses servi\u00e7os mant\u00e9muma Pol\u00edtica de Gest\u00e3o (Qualidade, Seguran\u00e7a, Meio Ambiente, Sa\u00fade, ResponsabilidadeSocial e Anticorrup\u00e7\u00e3o), com os seguintes focos: Qualidade: \u2022 Nossa equipe compreende&hellip;&nbsp;Read More &raquo;Pol\u00edtica de Gest\u00e3o e de Anticorrup\u00e7\u00e3o\" \/>\n<meta property=\"og:url\" content=\"https:\/\/grupoican.com.br\/en\/politica-de-gestao-e-de-anticorrupcao\/\" \/>\n<meta property=\"og:site_name\" content=\"GrupoIcan\" \/>\n<meta property=\"article:modified_time\" content=\"2022-08-04T14:56:06+00:00\" \/>\n<meta name=\"twitter:card\" content=\"summary_large_image\" \/>\n<meta name=\"twitter:label1\" content=\"Est. reading time\" \/>\n\t<meta name=\"twitter:data1\" content=\"5 minutes\" \/>\n<script type=\"application\/ld+json\" class=\"yoast-schema-graph\">{\"@context\":\"https:\/\/schema.org\",\"@graph\":[{\"@type\":\"WebPage\",\"@id\":\"https:\/\/grupoican.com.br\/politica-de-gestao-e-de-anticorrupcao\/\",\"url\":\"https:\/\/grupoican.com.br\/politica-de-gestao-e-de-anticorrupcao\/\",\"name\":\"Pol\u00edtica de Gest\u00e3o e de Anticorrup\u00e7\u00e3o - GrupoIcan\",\"isPartOf\":{\"@id\":\"https:\/\/grupoican.com.br\/#website\"},\"datePublished\":\"2021-09-14T17:07:08+00:00\",\"dateModified\":\"2022-08-04T14:56:06+00:00\",\"breadcrumb\":{\"@id\":\"https:\/\/grupoican.com.br\/politica-de-gestao-e-de-anticorrupcao\/#breadcrumb\"},\"inLanguage\":\"en-US\",\"potentialAction\":[{\"@type\":\"ReadAction\",\"target\":[\"https:\/\/grupoican.com.br\/politica-de-gestao-e-de-anticorrupcao\/\"]}]},{\"@type\":\"BreadcrumbList\",\"@id\":\"https:\/\/grupoican.com.br\/politica-de-gestao-e-de-anticorrupcao\/#breadcrumb\",\"itemListElement\":[{\"@type\":\"ListItem\",\"position\":1,\"name\":\"In\u00edcio\",\"item\":\"https:\/\/grupoican.com.br\/\"},{\"@type\":\"ListItem\",\"position\":2,\"name\":\"Pol\u00edtica de Gest\u00e3o e de Anticorrup\u00e7\u00e3o\"}]},{\"@type\":\"WebSite\",\"@id\":\"https:\/\/grupoican.com.br\/#website\",\"url\":\"https:\/\/grupoican.com.br\/\",\"name\":\"GrupoIcan\",\"description\":\"Consultoria especializada em gest\u00e3o empresarial e \u00e1rea de petr\u00f3leo e g\u00e1s.\",\"publisher\":{\"@id\":\"https:\/\/grupoican.com.br\/#organization\"},\"potentialAction\":[{\"@type\":\"SearchAction\",\"target\":{\"@type\":\"EntryPoint\",\"urlTemplate\":\"https:\/\/grupoican.com.br\/?s={search_term_string}\"},\"query-input\":{\"@type\":\"PropertyValueSpecification\",\"valueRequired\":true,\"valueName\":\"search_term_string\"}}],\"inLanguage\":\"en-US\"},{\"@type\":\"Organization\",\"@id\":\"https:\/\/grupoican.com.br\/#organization\",\"name\":\"GrupoIcan\",\"url\":\"https:\/\/grupoican.com.br\/\",\"logo\":{\"@type\":\"ImageObject\",\"inLanguage\":\"en-US\",\"@id\":\"https:\/\/grupoican.com.br\/#\/schema\/logo\/image\/\",\"url\":\"https:\/\/grupoican.com.br\/wp-content\/uploads\/2021\/09\/logo-icanbe.png\",\"contentUrl\":\"https:\/\/grupoican.com.br\/wp-content\/uploads\/2021\/09\/logo-icanbe.png\",\"width\":1855,\"height\":1573,\"caption\":\"GrupoIcan\"},\"image\":{\"@id\":\"https:\/\/grupoican.com.br\/#\/schema\/logo\/image\/\"}}]}<\/script>\n<!-- \/ Yoast SEO Premium plugin. -->","yoast_head_json":{"title":"Pol\u00edtica de Gest\u00e3o e de Anticorrup\u00e7\u00e3o - GrupoIcan","robots":{"index":"index","follow":"follow","max-snippet":"max-snippet:-1","max-image-preview":"max-image-preview:large","max-video-preview":"max-video-preview:-1"},"canonical":"https:\/\/grupoican.com.br\/en\/politica-de-gestao-e-de-anticorrupcao\/","og_locale":"en_US","og_type":"article","og_title":"Pol\u00edtica de Gest\u00e3o e de Anticorrup\u00e7\u00e3o","og_description":"Pol\u00edtica de Gest\u00e3o e de Anticorrup\u00e7\u00e3o Organograma revis\u00e3o A, 26.08.2021 O Grupo I Can atuando no Brasil no neg\u00f3cio de recrutamento e sele\u00e7\u00e3o de pessoas,desenvolvimento de projetos e consultoria empresarial, na presta\u00e7\u00e3o desses servi\u00e7os mant\u00e9muma Pol\u00edtica de Gest\u00e3o (Qualidade, Seguran\u00e7a, Meio Ambiente, Sa\u00fade, ResponsabilidadeSocial e Anticorrup\u00e7\u00e3o), com os seguintes focos: Qualidade: \u2022 Nossa equipe compreende&hellip;&nbsp;Read More &raquo;Pol\u00edtica de Gest\u00e3o e de Anticorrup\u00e7\u00e3o","og_url":"https:\/\/grupoican.com.br\/en\/politica-de-gestao-e-de-anticorrupcao\/","og_site_name":"GrupoIcan","article_modified_time":"2022-08-04T14:56:06+00:00","twitter_card":"summary_large_image","twitter_misc":{"Est. reading time":"5 minutes"},"schema":{"@context":"https:\/\/schema.org","@graph":[{"@type":"WebPage","@id":"https:\/\/grupoican.com.br\/politica-de-gestao-e-de-anticorrupcao\/","url":"https:\/\/grupoican.com.br\/politica-de-gestao-e-de-anticorrupcao\/","name":"Pol\u00edtica de Gest\u00e3o e de Anticorrup\u00e7\u00e3o - GrupoIcan","isPartOf":{"@id":"https:\/\/grupoican.com.br\/#website"},"datePublished":"2021-09-14T17:07:08+00:00","dateModified":"2022-08-04T14:56:06+00:00","breadcrumb":{"@id":"https:\/\/grupoican.com.br\/politica-de-gestao-e-de-anticorrupcao\/#breadcrumb"},"inLanguage":"en-US","potentialAction":[{"@type":"ReadAction","target":["https:\/\/grupoican.com.br\/politica-de-gestao-e-de-anticorrupcao\/"]}]},{"@type":"BreadcrumbList","@id":"https:\/\/grupoican.com.br\/politica-de-gestao-e-de-anticorrupcao\/#breadcrumb","itemListElement":[{"@type":"ListItem","position":1,"name":"In\u00edcio","item":"https:\/\/grupoican.com.br\/"},{"@type":"ListItem","position":2,"name":"Pol\u00edtica de Gest\u00e3o e de Anticorrup\u00e7\u00e3o"}]},{"@type":"WebSite","@id":"https:\/\/grupoican.com.br\/#website","url":"https:\/\/grupoican.com.br\/","name":"GrupoIcan","description":"Consultoria especializada em gest\u00e3o empresarial e \u00e1rea de petr\u00f3leo e g\u00e1s.","publisher":{"@id":"https:\/\/grupoican.com.br\/#organization"},"potentialAction":[{"@type":"SearchAction","target":{"@type":"EntryPoint","urlTemplate":"https:\/\/grupoican.com.br\/?s={search_term_string}"},"query-input":{"@type":"PropertyValueSpecification","valueRequired":true,"valueName":"search_term_string"}}],"inLanguage":"en-US"},{"@type":"Organization","@id":"https:\/\/grupoican.com.br\/#organization","name":"GrupoIcan","url":"https:\/\/grupoican.com.br\/","logo":{"@type":"ImageObject","inLanguage":"en-US","@id":"https:\/\/grupoican.com.br\/#\/schema\/logo\/image\/","url":"https:\/\/grupoican.com.br\/wp-content\/uploads\/2021\/09\/logo-icanbe.png","contentUrl":"https:\/\/grupoican.com.br\/wp-content\/uploads\/2021\/09\/logo-icanbe.png","width":1855,"height":1573,"caption":"GrupoIcan"},"image":{"@id":"https:\/\/grupoican.com.br\/#\/schema\/logo\/image\/"}}]}},"amp_enabled":true,"_links":{"self":[{"href":"https:\/\/grupoican.com.br\/en\/wp-json\/wp\/v2\/pages\/224","targetHints":{"allow":["GET"]}}],"collection":[{"href":"https:\/\/grupoican.com.br\/en\/wp-json\/wp\/v2\/pages"}],"about":[{"href":"https:\/\/grupoican.com.br\/en\/wp-json\/wp\/v2\/types\/page"}],"author":[{"embeddable":true,"href":"https:\/\/grupoican.com.br\/en\/wp-json\/wp\/v2\/users\/1"}],"replies":[{"embeddable":true,"href":"https:\/\/grupoican.com.br\/en\/wp-json\/wp\/v2\/comments?post=224"}],"version-history":[{"count":0,"href":"https:\/\/grupoican.com.br\/en\/wp-json\/wp\/v2\/pages\/224\/revisions"}],"wp:attachment":[{"href":"https:\/\/grupoican.com.br\/en\/wp-json\/wp\/v2\/media?parent=224"}],"curies":[{"name":"wp","href":"https:\/\/api.w.org\/{rel}","templated":true}]}}