{"id":261,"date":"2021-09-14T14:44:23","date_gmt":"2021-09-14T17:44:23","guid":{"rendered":"https:\/\/grupoican.com.br\/?page_id=261"},"modified":"2022-06-27T17:49:07","modified_gmt":"2022-06-27T20:49:07","slug":"consultoria-empresarial-em-diversas-areas-do-conhecimento","status":"publish","type":"page","link":"https:\/\/grupoican.com.br\/en\/consultoria-empresarial-em-diversas-areas-do-conhecimento\/","title":{"rendered":"Business Consulting in various areas of knowledge"},"content":{"rendered":"<div data-elementor-type=\"wp-page\" data-elementor-id=\"261\" class=\"elementor elementor-261\" data-elementor-post-type=\"page\">\n\t\t\t\t\t\t<section class=\"elementor-section elementor-top-section elementor-element elementor-element-4967c3d elementor-section-boxed elementor-section-height-default elementor-section-height-default\" data-id=\"4967c3d\" data-element_type=\"section\">\n\t\t\t\t\t\t<div class=\"elementor-container elementor-column-gap-default\">\n\t\t\t\t\t<div class=\"elementor-column elementor-col-100 elementor-top-column elementor-element elementor-element-543f374\" data-id=\"543f374\" data-element_type=\"column\">\n\t\t\t<div class=\"elementor-widget-wrap elementor-element-populated\">\n\t\t\t\t\t\t<div class=\"elementor-element elementor-element-616287b elementor-widget elementor-widget-spacer\" data-id=\"616287b\" data-element_type=\"widget\" data-widget_type=\"spacer.default\">\n\t\t\t\t<div class=\"elementor-widget-container\">\n\t\t\t\t\t\t\t<div class=\"elementor-spacer\">\n\t\t\t<div class=\"elementor-spacer-inner\"><\/div>\n\t\t<\/div>\n\t\t\t\t\t\t<\/div>\n\t\t\t\t<\/div>\n\t\t\t\t\t<\/div>\n\t\t<\/div>\n\t\t\t\t\t<\/div>\n\t\t<\/section>\n\t\t\t\t<section class=\"elementor-section elementor-top-section elementor-element elementor-element-84c1a7d elementor-section-boxed elementor-section-height-default elementor-section-height-default\" data-id=\"84c1a7d\" data-element_type=\"section\">\n\t\t\t\t\t\t<div class=\"elementor-container elementor-column-gap-default\">\n\t\t\t\t\t<div class=\"elementor-column elementor-col-100 elementor-top-column elementor-element elementor-element-cb45f04\" data-id=\"cb45f04\" data-element_type=\"column\">\n\t\t\t<div class=\"elementor-widget-wrap elementor-element-populated\">\n\t\t\t\t\t\t<div class=\"elementor-element elementor-element-67cfae5 elementor-invisible elementor-widget elementor-widget-heading\" data-id=\"67cfae5\" data-element_type=\"widget\" data-settings=\"{&quot;_animation&quot;:&quot;slideInRight&quot;}\" data-widget_type=\"heading.default\">\n\t\t\t\t<div class=\"elementor-widget-container\">\n\t\t\t\t\t<h2 class=\"elementor-heading-title elementor-size-default\">Business Consulting in various areas of knowledge<\/h2>\t\t\t\t<\/div>\n\t\t\t\t<\/div>\n\t\t\t\t\t<\/div>\n\t\t<\/div>\n\t\t\t\t\t<\/div>\n\t\t<\/section>\n\t\t\t\t<section class=\"elementor-section elementor-top-section elementor-element elementor-element-219ca170 elementor-section-boxed elementor-section-height-default elementor-section-height-default\" data-id=\"219ca170\" data-element_type=\"section\">\n\t\t\t\t\t\t<div class=\"elementor-container elementor-column-gap-default\">\n\t\t\t\t\t<div class=\"elementor-column elementor-col-100 elementor-top-column elementor-element elementor-element-41ea9453\" data-id=\"41ea9453\" data-element_type=\"column\">\n\t\t\t<div class=\"elementor-widget-wrap elementor-element-populated\">\n\t\t\t\t\t\t<div class=\"elementor-element elementor-element-39cc27c1 elementor-invisible elementor-widget elementor-widget-text-editor\" data-id=\"39cc27c1\" data-element_type=\"widget\" data-settings=\"{&quot;_animation&quot;:&quot;fadeIn&quot;}\" data-widget_type=\"text-editor.default\">\n\t\t\t\t<div class=\"elementor-widget-container\">\n\t\t\t\t\t\t\t\t\t<p><\/p>\n<p>\u2981 Positioning and Strategic Planning (vision, mission, strategic objectives);<\/p>\n<p>\u2981 Business plan;<\/p>\n<p>\u2981 Process Management;<\/p>\n<p>\u2981 Risk Management and Internal Controls;<\/p>\n<p>\u2981 ESG (Environmental, Social and corporate Governance);<\/p>\n<p>\u2981 Compliance \/ Integrity;<\/p>\n<p>\u2981 Management and Information Technology (IT Master Plan, systems development, digital transformation);<\/p>\n<p>\u2981 Information Management (documentation management)<span style=\"font-family: var( --e-global-typography-text-font-family ), Sans-serif; font-weight: var( --e-global-typography-text-font-weight ); background-color: var(--nv-site-bg); font-size: var(--bodyFontSize); letter-spacing: var(--bodyLetterSpacing); text-transform: var(--bodyTextTransform);\">;<\/span><\/p>\n<p>\u2981 Implementation of Innovation Programs (traditional and open innovation);<\/p>\n<p>\u2981 Implementation and maintenance of Integrated Management System (IMS), ISO 9001, ISO 14001, ISO 22301, ISO 26001, ISO 45000, ISO 31000,\u00a0<span style=\"font-family: var( --e-global-typography-text-font-family ), Sans-serif; font-weight: var( --e-global-typography-text-font-weight ); background-color: var(--nv-site-bg); font-size: var(--bodyFontSize); letter-spacing: var(--bodyLetterSpacing); text-transform: var(--bodyTextTransform);\">ISO\u00a0<\/span><span style=\"font-family: var( --e-global-typography-text-font-family ), Sans-serif; font-weight: var( --e-global-typography-text-font-weight ); background-color: var(--nv-site-bg); font-size: var(--bodyFontSize); letter-spacing: var(--bodyLetterSpacing); text-transform: var(--bodyTextTransform);\">55001);<\/span><\/p>\n<p>\u2981 Implementation of Management Tools (5S, Routine Management, Guidelines Management, Improvement Groups)<span style=\"font-family: var( --e-global-typography-text-font-family ), Sans-serif; font-weight: var( --e-global-typography-text-font-weight ); background-color: var(--nv-site-bg); font-size: var(--bodyFontSize); letter-spacing: var(--bodyLetterSpacing); text-transform: var(--bodyTextTransform);\">;<\/span><\/p>\n<p>\u2981 Process and system audits, Management Assessment<span style=\"font-family: var( --e-global-typography-text-font-family ), Sans-serif; font-weight: var( --e-global-typography-text-font-weight ); background-color: var(--nv-site-bg); font-size: var(--bodyFontSize); letter-spacing: var(--bodyLetterSpacing); text-transform: var(--bodyTextTransform);\">;<\/span><\/p>\n<p>\u2981 Crisis Communication Management;<\/p>\n<p>\u2981 Monitoring of Social Networks;<\/p>\n<p>\u00a0<\/p>\n<p><span style=\"font-family: var( --e-global-typography-text-font-family ), Sans-serif; font-weight: var( --e-global-typography-text-font-weight ); background-color: var(--nv-site-bg); font-size: var(--bodyFontSize); letter-spacing: var(--bodyLetterSpacing); text-transform: var(--bodyTextTransform);\">\u00a0<\/span><\/p>\n<p><\/p>\t\t\t\t\t\t\t\t<\/div>\n\t\t\t\t<\/div>\n\t\t\t\t\t<\/div>\n\t\t<\/div>\n\t\t\t\t\t<\/div>\n\t\t<\/section>\n\t\t\t\t<\/div>","protected":false},"excerpt":{"rendered":"<p>Business Consulting in several areas of knowledge \u2981 Positioning and Strategic Planning (vision, mission, strategic objectives); \u2981 Business plan; \u2981 Process Management; \u2981 Risk Management and Internal Controls; \u2981 ESG (Environmental, Social and Corporate Governance); \u2981 Compliance \/ Integrity; \u2981 Management and Information Technology (IT Master Plan, systems development,\u2026&nbsp;<a href=\"https:\/\/grupoican.com.br\/en\/consultoria-empresarial-em-diversas-areas-do-conhecimento\/\" rel=\"bookmark\">Read More \u00bb<span class=\"screen-reader-text\">Business Consulting in various areas of knowledge<\/span><\/a><\/p>","protected":false},"author":1,"featured_media":0,"parent":0,"menu_order":0,"comment_status":"closed","ping_status":"closed","template":"","meta":{"neve_meta_sidebar":"","neve_meta_container":"","neve_meta_enable_content_width":"","neve_meta_content_width":0,"neve_meta_title_alignment":"","neve_meta_author_avatar":"","neve_post_elements_order":"","neve_meta_disable_header":"","neve_meta_disable_footer":"","neve_meta_disable_title":"on","neve_meta_reading_time":"","_joinchat":[],"footnotes":""},"class_list":["post-261","page","type-page","status-publish","hentry"],"yoast_head":"<!-- This site is optimized with the Yoast SEO Premium plugin v22.5 (Yoast SEO v24.5) - https:\/\/yoast.com\/wordpress\/plugins\/seo\/ -->\n<title>Consultoria Empresarial em diversas \u00e1reas do conhecimento - GrupoIcan<\/title>\n<meta name=\"robots\" content=\"index, follow, max-snippet:-1, max-image-preview:large, max-video-preview:-1\" \/>\n<link rel=\"canonical\" href=\"https:\/\/grupoican.com.br\/en\/consultoria-empresarial-em-diversas-areas-do-conhecimento\/\" \/>\n<meta property=\"og:locale\" content=\"en_US\" \/>\n<meta property=\"og:type\" content=\"article\" \/>\n<meta property=\"og:title\" content=\"Consultoria Empresarial em diversas \u00e1reas do conhecimento\" \/>\n<meta property=\"og:description\" content=\"Consultoria Empresarial em diversas \u00e1reas do conhecimento \u2981 Posicionamento e Planejamento Estrat\u00e9gico (vis\u00e3o, miss\u00e3o, objetivos estrat\u00e9gicos); \u2981 Plano de neg\u00f3cios; \u2981 Gest\u00e3o por Processos; \u2981 Gest\u00e3o de Riscos e Controles Internos; \u2981 ESG (Environmental, Social and corporate Governance); \u2981 Compliance \/ Integridade; \u2981 Gest\u00e3o e Tecnologia da Informa\u00e7\u00e3o (Plano Diretor de TI, desenvolvimento de sistemas,&hellip;&nbsp;Read More &raquo;Consultoria Empresarial em diversas \u00e1reas do conhecimento\" \/>\n<meta property=\"og:url\" content=\"https:\/\/grupoican.com.br\/en\/consultoria-empresarial-em-diversas-areas-do-conhecimento\/\" \/>\n<meta property=\"og:site_name\" content=\"GrupoIcan\" \/>\n<meta property=\"article:modified_time\" content=\"2022-06-27T20:49:07+00:00\" \/>\n<meta name=\"twitter:card\" content=\"summary_large_image\" \/>\n<meta name=\"twitter:label1\" content=\"Est. reading time\" \/>\n\t<meta name=\"twitter:data1\" content=\"1 minute\" \/>\n<script type=\"application\/ld+json\" class=\"yoast-schema-graph\">{\"@context\":\"https:\/\/schema.org\",\"@graph\":[{\"@type\":\"WebPage\",\"@id\":\"https:\/\/grupoican.com.br\/consultoria-empresarial-em-diversas-areas-do-conhecimento\/\",\"url\":\"https:\/\/grupoican.com.br\/consultoria-empresarial-em-diversas-areas-do-conhecimento\/\",\"name\":\"Consultoria Empresarial em diversas \u00e1reas do conhecimento - GrupoIcan\",\"isPartOf\":{\"@id\":\"https:\/\/grupoican.com.br\/#website\"},\"datePublished\":\"2021-09-14T17:44:23+00:00\",\"dateModified\":\"2022-06-27T20:49:07+00:00\",\"breadcrumb\":{\"@id\":\"https:\/\/grupoican.com.br\/consultoria-empresarial-em-diversas-areas-do-conhecimento\/#breadcrumb\"},\"inLanguage\":\"en-US\",\"potentialAction\":[{\"@type\":\"ReadAction\",\"target\":[\"https:\/\/grupoican.com.br\/consultoria-empresarial-em-diversas-areas-do-conhecimento\/\"]}]},{\"@type\":\"BreadcrumbList\",\"@id\":\"https:\/\/grupoican.com.br\/consultoria-empresarial-em-diversas-areas-do-conhecimento\/#breadcrumb\",\"itemListElement\":[{\"@type\":\"ListItem\",\"position\":1,\"name\":\"In\u00edcio\",\"item\":\"https:\/\/grupoican.com.br\/\"},{\"@type\":\"ListItem\",\"position\":2,\"name\":\"Consultoria Empresarial em diversas \u00e1reas do conhecimento\"}]},{\"@type\":\"WebSite\",\"@id\":\"https:\/\/grupoican.com.br\/#website\",\"url\":\"https:\/\/grupoican.com.br\/\",\"name\":\"GrupoIcan\",\"description\":\"Consultoria especializada em gest\u00e3o empresarial e \u00e1rea de petr\u00f3leo e g\u00e1s.\",\"publisher\":{\"@id\":\"https:\/\/grupoican.com.br\/#organization\"},\"potentialAction\":[{\"@type\":\"SearchAction\",\"target\":{\"@type\":\"EntryPoint\",\"urlTemplate\":\"https:\/\/grupoican.com.br\/?s={search_term_string}\"},\"query-input\":{\"@type\":\"PropertyValueSpecification\",\"valueRequired\":true,\"valueName\":\"search_term_string\"}}],\"inLanguage\":\"en-US\"},{\"@type\":\"Organization\",\"@id\":\"https:\/\/grupoican.com.br\/#organization\",\"name\":\"GrupoIcan\",\"url\":\"https:\/\/grupoican.com.br\/\",\"logo\":{\"@type\":\"ImageObject\",\"inLanguage\":\"en-US\",\"@id\":\"https:\/\/grupoican.com.br\/#\/schema\/logo\/image\/\",\"url\":\"https:\/\/grupoican.com.br\/wp-content\/uploads\/2021\/09\/logo-icanbe.png\",\"contentUrl\":\"https:\/\/grupoican.com.br\/wp-content\/uploads\/2021\/09\/logo-icanbe.png\",\"width\":1855,\"height\":1573,\"caption\":\"GrupoIcan\"},\"image\":{\"@id\":\"https:\/\/grupoican.com.br\/#\/schema\/logo\/image\/\"}}]}<\/script>\n<!-- \/ Yoast SEO Premium plugin. -->","yoast_head_json":{"title":"Consultoria Empresarial em diversas \u00e1reas do conhecimento - GrupoIcan","robots":{"index":"index","follow":"follow","max-snippet":"max-snippet:-1","max-image-preview":"max-image-preview:large","max-video-preview":"max-video-preview:-1"},"canonical":"https:\/\/grupoican.com.br\/en\/consultoria-empresarial-em-diversas-areas-do-conhecimento\/","og_locale":"en_US","og_type":"article","og_title":"Consultoria Empresarial em diversas \u00e1reas do conhecimento","og_description":"Consultoria Empresarial em diversas \u00e1reas do conhecimento \u2981 Posicionamento e Planejamento Estrat\u00e9gico (vis\u00e3o, miss\u00e3o, objetivos estrat\u00e9gicos); \u2981 Plano de neg\u00f3cios; \u2981 Gest\u00e3o por Processos; \u2981 Gest\u00e3o de Riscos e Controles Internos; \u2981 ESG (Environmental, Social and corporate Governance); \u2981 Compliance \/ Integridade; \u2981 Gest\u00e3o e Tecnologia da Informa\u00e7\u00e3o (Plano Diretor de TI, desenvolvimento de sistemas,&hellip;&nbsp;Read More &raquo;Consultoria Empresarial em diversas \u00e1reas do conhecimento","og_url":"https:\/\/grupoican.com.br\/en\/consultoria-empresarial-em-diversas-areas-do-conhecimento\/","og_site_name":"GrupoIcan","article_modified_time":"2022-06-27T20:49:07+00:00","twitter_card":"summary_large_image","twitter_misc":{"Est. reading time":"1 minute"},"schema":{"@context":"https:\/\/schema.org","@graph":[{"@type":"WebPage","@id":"https:\/\/grupoican.com.br\/consultoria-empresarial-em-diversas-areas-do-conhecimento\/","url":"https:\/\/grupoican.com.br\/consultoria-empresarial-em-diversas-areas-do-conhecimento\/","name":"Consultoria Empresarial em diversas \u00e1reas do conhecimento - GrupoIcan","isPartOf":{"@id":"https:\/\/grupoican.com.br\/#website"},"datePublished":"2021-09-14T17:44:23+00:00","dateModified":"2022-06-27T20:49:07+00:00","breadcrumb":{"@id":"https:\/\/grupoican.com.br\/consultoria-empresarial-em-diversas-areas-do-conhecimento\/#breadcrumb"},"inLanguage":"en-US","potentialAction":[{"@type":"ReadAction","target":["https:\/\/grupoican.com.br\/consultoria-empresarial-em-diversas-areas-do-conhecimento\/"]}]},{"@type":"BreadcrumbList","@id":"https:\/\/grupoican.com.br\/consultoria-empresarial-em-diversas-areas-do-conhecimento\/#breadcrumb","itemListElement":[{"@type":"ListItem","position":1,"name":"In\u00edcio","item":"https:\/\/grupoican.com.br\/"},{"@type":"ListItem","position":2,"name":"Consultoria Empresarial em diversas \u00e1reas do conhecimento"}]},{"@type":"WebSite","@id":"https:\/\/grupoican.com.br\/#website","url":"https:\/\/grupoican.com.br\/","name":"GrupoIcan","description":"Consultoria especializada em gest\u00e3o empresarial e \u00e1rea de petr\u00f3leo e g\u00e1s.","publisher":{"@id":"https:\/\/grupoican.com.br\/#organization"},"potentialAction":[{"@type":"SearchAction","target":{"@type":"EntryPoint","urlTemplate":"https:\/\/grupoican.com.br\/?s={search_term_string}"},"query-input":{"@type":"PropertyValueSpecification","valueRequired":true,"valueName":"search_term_string"}}],"inLanguage":"en-US"},{"@type":"Organization","@id":"https:\/\/grupoican.com.br\/#organization","name":"GrupoIcan","url":"https:\/\/grupoican.com.br\/","logo":{"@type":"ImageObject","inLanguage":"en-US","@id":"https:\/\/grupoican.com.br\/#\/schema\/logo\/image\/","url":"https:\/\/grupoican.com.br\/wp-content\/uploads\/2021\/09\/logo-icanbe.png","contentUrl":"https:\/\/grupoican.com.br\/wp-content\/uploads\/2021\/09\/logo-icanbe.png","width":1855,"height":1573,"caption":"GrupoIcan"},"image":{"@id":"https:\/\/grupoican.com.br\/#\/schema\/logo\/image\/"}}]}},"amp_enabled":true,"_links":{"self":[{"href":"https:\/\/grupoican.com.br\/en\/wp-json\/wp\/v2\/pages\/261","targetHints":{"allow":["GET"]}}],"collection":[{"href":"https:\/\/grupoican.com.br\/en\/wp-json\/wp\/v2\/pages"}],"about":[{"href":"https:\/\/grupoican.com.br\/en\/wp-json\/wp\/v2\/types\/page"}],"author":[{"embeddable":true,"href":"https:\/\/grupoican.com.br\/en\/wp-json\/wp\/v2\/users\/1"}],"replies":[{"embeddable":true,"href":"https:\/\/grupoican.com.br\/en\/wp-json\/wp\/v2\/comments?post=261"}],"version-history":[{"count":0,"href":"https:\/\/grupoican.com.br\/en\/wp-json\/wp\/v2\/pages\/261\/revisions"}],"wp:attachment":[{"href":"https:\/\/grupoican.com.br\/en\/wp-json\/wp\/v2\/media?parent=261"}],"curies":[{"name":"wp","href":"https:\/\/api.w.org\/{rel}","templated":true}]}}