{"id":3051,"date":"2023-05-25T00:19:43","date_gmt":"2023-05-25T03:19:43","guid":{"rendered":"https:\/\/grupoican.com.br\/?page_id=3051"},"modified":"2023-05-25T00:40:24","modified_gmt":"2023-05-25T03:40:24","slug":"cursos","status":"publish","type":"page","link":"https:\/\/grupoican.com.br\/en\/cursos\/","title":{"rendered":"Courses"},"content":{"rendered":"<div data-elementor-type=\"wp-page\" data-elementor-id=\"3051\" class=\"elementor elementor-3051\" data-elementor-post-type=\"page\">\n\t\t\t\t\t\t<section class=\"elementor-section elementor-top-section elementor-element elementor-element-124c40c elementor-section-boxed elementor-section-height-default elementor-section-height-default\" data-id=\"124c40c\" data-element_type=\"section\">\n\t\t\t\t\t\t<div class=\"elementor-container elementor-column-gap-default\">\n\t\t\t\t\t<div class=\"elementor-column elementor-col-100 elementor-top-column elementor-element elementor-element-d0120ac\" data-id=\"d0120ac\" data-element_type=\"column\">\n\t\t\t<div class=\"elementor-widget-wrap elementor-element-populated\">\n\t\t\t\t\t\t<div class=\"elementor-element elementor-element-e805059 elementor-widget elementor-widget-spacer\" data-id=\"e805059\" data-element_type=\"widget\" data-widget_type=\"spacer.default\">\n\t\t\t\t<div class=\"elementor-widget-container\">\n\t\t\t\t\t\t\t<div class=\"elementor-spacer\">\n\t\t\t<div class=\"elementor-spacer-inner\"><\/div>\n\t\t<\/div>\n\t\t\t\t\t\t<\/div>\n\t\t\t\t<\/div>\n\t\t\t\t\t<\/div>\n\t\t<\/div>\n\t\t\t\t\t<\/div>\n\t\t<\/section>\n\t\t\t\t<section class=\"elementor-section elementor-top-section elementor-element elementor-element-f84ae6a elementor-section-boxed elementor-section-height-default elementor-section-height-default\" data-id=\"f84ae6a\" data-element_type=\"section\">\n\t\t\t\t\t\t<div class=\"elementor-container elementor-column-gap-default\">\n\t\t\t\t\t<div class=\"elementor-column elementor-col-100 elementor-top-column elementor-element elementor-element-e7b7bab\" data-id=\"e7b7bab\" data-element_type=\"column\">\n\t\t\t<div class=\"elementor-widget-wrap elementor-element-populated\">\n\t\t\t\t\t\t<div class=\"elementor-element elementor-element-924895f elementor-invisible elementor-widget elementor-widget-heading\" data-id=\"924895f\" data-element_type=\"widget\" data-settings=\"{&quot;_animation&quot;:&quot;bounceInRight&quot;}\" data-widget_type=\"heading.default\">\n\t\t\t\t<div class=\"elementor-widget-container\">\n\t\t\t\t\t<h2 class=\"elementor-heading-title elementor-size-default\">Courses <\/h2>\t\t\t\t<\/div>\n\t\t\t\t<\/div>\n\t\t\t\t\t<\/div>\n\t\t<\/div>\n\t\t\t\t\t<\/div>\n\t\t<\/section>\n\t\t\t\t<section class=\"elementor-section elementor-top-section elementor-element elementor-element-7190385 elementor-section-boxed elementor-section-height-default elementor-section-height-default\" data-id=\"7190385\" data-element_type=\"section\">\n\t\t\t\t\t\t<div class=\"elementor-container elementor-column-gap-default\">\n\t\t\t\t\t<div class=\"elementor-column elementor-col-100 elementor-top-column elementor-element elementor-element-ce79af4\" data-id=\"ce79af4\" data-element_type=\"column\">\n\t\t\t<div class=\"elementor-widget-wrap elementor-element-populated\">\n\t\t\t\t\t\t<div class=\"elementor-element elementor-element-512ce9e elementor-widget elementor-widget-text-editor\" data-id=\"512ce9e\" data-element_type=\"widget\" data-widget_type=\"text-editor.default\">\n\t\t\t\t<div class=\"elementor-widget-container\">\n\t\t\t\t\t\t\t\t\t<p>The I Can Group also operates in Leadership and Management Courses. We offer a variety of specialized programs to enhance your skills and knowledge in these essential areas. If you are looking for high-level professional development and want to excel as a leader, our carefully crafted selection of courses is perfect for you.<\/p>\n<p><b>Leadership and Management:<\/b><\/p>\n<ul>\n<li>Leadership and Management in practice<\/li>\n<li>QHSE and Process Safety: Seminar for Leaders<\/li>\n<li>QHSE and Process Safety in practice<\/li>\n<li>The importance of standardization<\/li>\n<li>Process Mapping Workshop<\/li>\n<li>Implementation of Integrated Management System (ISO 9001, ISO 14001, ISS 45001, ISO 31000)<\/li>\n<li>Integrated Management System Internal Auditor (ISO 19011)<\/li>\n<li>Implementation of Change Management<\/li>\n<li>Structuring and implementation of the Crisis Committee<\/li>\n<\/ul>\n<p>Performance indicators:<\/p>\n<p><b>Management tools:<\/b><\/p>\n<ul>\n<li>Preliminary Risk Analysis in practice<\/li>\n<li>How to deploy, monitor and improve:\n<ul>\n<li>Pattern Cycle Check (PCV)<\/li>\n<li>SMS inspections<\/li>\n<li>Index of Insurance Acts (IAS)<\/li>\n<li>Behavioral Audit<\/li>\n<\/ul>\n<\/li>\n<\/ul>\n<p><b style=\"font-family: var( --e-global-typography-text-font-family ), Sans-serif; background-color: var(--nv-site-bg); font-size: var(--bodyfontsize); letter-spacing: var(--bodyletterspacing); text-transform: var(--bodytexttransform);\"><br><\/b><\/p><p><b style=\"font-family: var( --e-global-typography-text-font-family ), Sans-serif; background-color: var(--nv-site-bg); font-size: var(--bodyfontsize); letter-spacing: var(--bodyletterspacing); text-transform: var(--bodytexttransform);\">Contract Management:<\/b><br><\/p>\n<ul>\n<li>Contract management and supervision<\/li>\n<li>Negotiation<\/li>\n<\/ul>\n<div><br><\/div>\n<p><b>Maintenance management:<\/b><\/p>\n<ul>\n<li>Maintenance Planning and Control<\/li>\n<li>Maintenance Planning and Control for Supervisors<\/li>\n<li>Maintenance Planning and Control for Managers and Engineers<\/li>\n<li>ISO 55001 Asset Management for Leaders and Engineers<\/li>\n<\/ul>\n<p><br><\/p>\n<p>Our courses cover a wide range of topics relevant to successful leaders and managers. You will have the opportunity to delve into proven practices, effective management tools and impactful leadership strategies. No matter where you are in your career, we have options to suit your specific needs.<\/p>\n<p>Do you want to strengthen your leadership and management skills in practice? Our courses address real-world issues, providing practical insights and expert guidance. You will learn to confidently lead teams, make strategic decisions, implement efficient processes and achieve exceptional results.<\/p>\n<p>In addition, we recognize the importance of topics such as Quality, Health, Safety and Environment (QHSE), standardization, change management and much more. Our courses cover these critical areas so you can hone your expertise and be prepared for current and future challenges.<\/p>\n<p>Our team of highly qualified instructors are experienced professionals who are passionate about sharing their knowledge and guiding your professional growth. They are ready to help you acquire the skills you need to meet the challenges of the ever-changing business world.<\/p>\n<p>Whether you&#039;re a rising leader, a seasoned manager, or a professional in search of up-to-date knowledge, our courses will give you the boost you need to advance your career. Invest in yourself and become an exceptionally effective leader and outstanding manager.<\/p>\t\t\t\t\t\t\t\t<\/div>\n\t\t\t\t<\/div>\n\t\t\t\t\t<\/div>\n\t\t<\/div>\n\t\t\t\t\t<\/div>\n\t\t<\/section>\n\t\t\t\t<section class=\"elementor-section elementor-top-section elementor-element elementor-element-efd7831 elementor-section-boxed elementor-section-height-default elementor-section-height-default\" data-id=\"efd7831\" data-element_type=\"section\">\n\t\t\t\t\t\t<div class=\"elementor-container elementor-column-gap-default\">\n\t\t\t\t\t<div class=\"elementor-column elementor-col-100 elementor-top-column elementor-element elementor-element-a65fdde\" data-id=\"a65fdde\" data-element_type=\"column\">\n\t\t\t<div class=\"elementor-widget-wrap elementor-element-populated\">\n\t\t\t\t\t\t<div class=\"elementor-element elementor-element-94b6bc5 elementor-widget elementor-widget-text-editor\" data-id=\"94b6bc5\" data-element_type=\"widget\" data-widget_type=\"text-editor.default\">\n\t\t\t\t<div class=\"elementor-widget-container\">\n\t\t\t\t\t\t\t\t\t<p>Ready to take your leadership and management to a new level? Contact us now to schedule a meeting and take the first step towards your success! We look forward to helping you achieve your goals. Contact us via our website or via WhatsApp.<\/p>\t\t\t\t\t\t\t\t<\/div>\n\t\t\t\t<\/div>\n\t\t\t\t\t<\/div>\n\t\t<\/div>\n\t\t\t\t\t<\/div>\n\t\t<\/section>\n\t\t\t\t<section class=\"elementor-section elementor-top-section elementor-element elementor-element-26459d1 elementor-section-boxed elementor-section-height-default elementor-section-height-default\" data-id=\"26459d1\" data-element_type=\"section\">\n\t\t\t\t\t\t<div class=\"elementor-container elementor-column-gap-default\">\n\t\t\t\t\t<div class=\"elementor-column elementor-col-100 elementor-top-column elementor-element elementor-element-f245512\" data-id=\"f245512\" data-element_type=\"column\">\n\t\t\t<div class=\"elementor-widget-wrap elementor-element-populated\">\n\t\t\t\t\t\t<div class=\"elementor-element elementor-element-0b6d518 elementor-align-center elementor-widget elementor-widget-button\" data-id=\"0b6d518\" data-element_type=\"widget\" data-widget_type=\"button.default\">\n\t\t\t\t<div class=\"elementor-widget-container\">\n\t\t\t\t\t\t\t\t\t<div class=\"elementor-button-wrapper\">\n\t\t\t\t\t<a class=\"elementor-button elementor-button-link elementor-size-sm\" href=\"https:\/\/grupoican.com.br\/en\/agendar-reuniao\/\">\n\t\t\t\t\t\t<span class=\"elementor-button-content-wrapper\">\n\t\t\t\t\t\t\t\t\t<span class=\"elementor-button-text\">Schedule Online Meeting<\/span>\n\t\t\t\t\t<\/span>\n\t\t\t\t\t<\/a>\n\t\t\t\t<\/div>\n\t\t\t\t\t\t\t\t<\/div>\n\t\t\t\t<\/div>\n\t\t\t\t\t<\/div>\n\t\t<\/div>\n\t\t\t\t\t<\/div>\n\t\t<\/section>\n\t\t\t\t<section class=\"elementor-section elementor-top-section elementor-element elementor-element-078d16a elementor-section-boxed elementor-section-height-default elementor-section-height-default\" data-id=\"078d16a\" data-element_type=\"section\">\n\t\t\t\t\t\t<div class=\"elementor-container elementor-column-gap-default\">\n\t\t\t\t\t<div class=\"elementor-column elementor-col-100 elementor-top-column elementor-element elementor-element-820627d\" data-id=\"820627d\" data-element_type=\"column\">\n\t\t\t<div class=\"elementor-widget-wrap elementor-element-populated\">\n\t\t\t\t\t\t<div class=\"elementor-element elementor-element-95cad80 elementor-widget elementor-widget-spacer\" data-id=\"95cad80\" data-element_type=\"widget\" data-widget_type=\"spacer.default\">\n\t\t\t\t<div class=\"elementor-widget-container\">\n\t\t\t\t\t\t\t<div class=\"elementor-spacer\">\n\t\t\t<div class=\"elementor-spacer-inner\"><\/div>\n\t\t<\/div>\n\t\t\t\t\t\t<\/div>\n\t\t\t\t<\/div>\n\t\t\t\t\t<\/div>\n\t\t<\/div>\n\t\t\t\t\t<\/div>\n\t\t<\/section>\n\t\t\t\t<\/div>","protected":false},"excerpt":{"rendered":"<p>Cursos O Grupo I Can tamb\u00e9m atua em&nbsp; Cursos de Lideran\u00e7a e Gest\u00e3o. Oferecemos uma variedade de programas especializados para aprimorar suas habilidades e conhecimentos nessas \u00e1reas essenciais. Se voc\u00ea est\u00e1 em busca de um desenvolvimento profissional de alto n\u00edvel e deseja se destacar como l\u00edder, nossa sele\u00e7\u00e3o cuidadosamente elaborada de cursos \u00e9 perfeita para&hellip;&nbsp;<a href=\"https:\/\/grupoican.com.br\/en\/cursos\/\" rel=\"bookmark\">Read More \u00bb<span class=\"screen-reader-text\">Courses<\/span><\/a><\/p>","protected":false},"author":1,"featured_media":0,"parent":0,"menu_order":0,"comment_status":"closed","ping_status":"closed","template":"page-templates\/template-pagebuilder-full-width.php","meta":{"neve_meta_sidebar":"","neve_meta_container":"","neve_meta_enable_content_width":"","neve_meta_content_width":0,"neve_meta_title_alignment":"","neve_meta_author_avatar":"","neve_post_elements_order":"","neve_meta_disable_header":"","neve_meta_disable_footer":"","neve_meta_disable_title":"","neve_meta_reading_time":"","_joinchat":[],"footnotes":""},"class_list":["post-3051","page","type-page","status-publish","hentry"],"yoast_head":"<!-- This site is optimized with the Yoast SEO Premium plugin v22.5 (Yoast SEO v24.5) - https:\/\/yoast.com\/wordpress\/plugins\/seo\/ -->\n<title>Cursos - GrupoIcan<\/title>\n<meta name=\"robots\" content=\"index, follow, max-snippet:-1, max-image-preview:large, max-video-preview:-1\" \/>\n<link rel=\"canonical\" href=\"https:\/\/grupoican.com.br\/en\/cursos\/\" \/>\n<meta property=\"og:locale\" content=\"en_US\" \/>\n<meta property=\"og:type\" content=\"article\" \/>\n<meta property=\"og:title\" content=\"Cursos\" \/>\n<meta property=\"og:description\" content=\"Cursos O Grupo I Can tamb\u00e9m atua em&nbsp; Cursos de Lideran\u00e7a e Gest\u00e3o. Oferecemos uma variedade de programas especializados para aprimorar suas habilidades e conhecimentos nessas \u00e1reas essenciais. Se voc\u00ea est\u00e1 em busca de um desenvolvimento profissional de alto n\u00edvel e deseja se destacar como l\u00edder, nossa sele\u00e7\u00e3o cuidadosamente elaborada de cursos \u00e9 perfeita para&hellip;&nbsp;Read More &raquo;Cursos\" \/>\n<meta property=\"og:url\" content=\"https:\/\/grupoican.com.br\/en\/cursos\/\" \/>\n<meta property=\"og:site_name\" content=\"GrupoIcan\" \/>\n<meta property=\"article:modified_time\" content=\"2023-05-25T03:40:24+00:00\" \/>\n<meta name=\"twitter:card\" content=\"summary_large_image\" \/>\n<meta name=\"twitter:label1\" content=\"Est. reading time\" \/>\n\t<meta name=\"twitter:data1\" content=\"3 minutes\" \/>\n<script type=\"application\/ld+json\" class=\"yoast-schema-graph\">{\"@context\":\"https:\/\/schema.org\",\"@graph\":[{\"@type\":\"WebPage\",\"@id\":\"https:\/\/grupoican.com.br\/cursos\/\",\"url\":\"https:\/\/grupoican.com.br\/cursos\/\",\"name\":\"Cursos - GrupoIcan\",\"isPartOf\":{\"@id\":\"https:\/\/grupoican.com.br\/#website\"},\"datePublished\":\"2023-05-25T03:19:43+00:00\",\"dateModified\":\"2023-05-25T03:40:24+00:00\",\"breadcrumb\":{\"@id\":\"https:\/\/grupoican.com.br\/cursos\/#breadcrumb\"},\"inLanguage\":\"en-US\",\"potentialAction\":[{\"@type\":\"ReadAction\",\"target\":[\"https:\/\/grupoican.com.br\/cursos\/\"]}]},{\"@type\":\"BreadcrumbList\",\"@id\":\"https:\/\/grupoican.com.br\/cursos\/#breadcrumb\",\"itemListElement\":[{\"@type\":\"ListItem\",\"position\":1,\"name\":\"In\u00edcio\",\"item\":\"https:\/\/grupoican.com.br\/\"},{\"@type\":\"ListItem\",\"position\":2,\"name\":\"Cursos\"}]},{\"@type\":\"WebSite\",\"@id\":\"https:\/\/grupoican.com.br\/#website\",\"url\":\"https:\/\/grupoican.com.br\/\",\"name\":\"GrupoIcan\",\"description\":\"Consultoria especializada em gest\u00e3o empresarial e \u00e1rea de petr\u00f3leo e g\u00e1s.\",\"publisher\":{\"@id\":\"https:\/\/grupoican.com.br\/#organization\"},\"potentialAction\":[{\"@type\":\"SearchAction\",\"target\":{\"@type\":\"EntryPoint\",\"urlTemplate\":\"https:\/\/grupoican.com.br\/?s={search_term_string}\"},\"query-input\":{\"@type\":\"PropertyValueSpecification\",\"valueRequired\":true,\"valueName\":\"search_term_string\"}}],\"inLanguage\":\"en-US\"},{\"@type\":\"Organization\",\"@id\":\"https:\/\/grupoican.com.br\/#organization\",\"name\":\"GrupoIcan\",\"url\":\"https:\/\/grupoican.com.br\/\",\"logo\":{\"@type\":\"ImageObject\",\"inLanguage\":\"en-US\",\"@id\":\"https:\/\/grupoican.com.br\/#\/schema\/logo\/image\/\",\"url\":\"https:\/\/grupoican.com.br\/wp-content\/uploads\/2021\/09\/logo-icanbe.png\",\"contentUrl\":\"https:\/\/grupoican.com.br\/wp-content\/uploads\/2021\/09\/logo-icanbe.png\",\"width\":1855,\"height\":1573,\"caption\":\"GrupoIcan\"},\"image\":{\"@id\":\"https:\/\/grupoican.com.br\/#\/schema\/logo\/image\/\"}}]}<\/script>\n<!-- \/ Yoast SEO Premium plugin. -->","yoast_head_json":{"title":"Cursos - GrupoIcan","robots":{"index":"index","follow":"follow","max-snippet":"max-snippet:-1","max-image-preview":"max-image-preview:large","max-video-preview":"max-video-preview:-1"},"canonical":"https:\/\/grupoican.com.br\/en\/cursos\/","og_locale":"en_US","og_type":"article","og_title":"Cursos","og_description":"Cursos O Grupo I Can tamb\u00e9m atua em&nbsp; Cursos de Lideran\u00e7a e Gest\u00e3o. Oferecemos uma variedade de programas especializados para aprimorar suas habilidades e conhecimentos nessas \u00e1reas essenciais. Se voc\u00ea est\u00e1 em busca de um desenvolvimento profissional de alto n\u00edvel e deseja se destacar como l\u00edder, nossa sele\u00e7\u00e3o cuidadosamente elaborada de cursos \u00e9 perfeita para&hellip;&nbsp;Read More &raquo;Cursos","og_url":"https:\/\/grupoican.com.br\/en\/cursos\/","og_site_name":"GrupoIcan","article_modified_time":"2023-05-25T03:40:24+00:00","twitter_card":"summary_large_image","twitter_misc":{"Est. reading time":"3 minutes"},"schema":{"@context":"https:\/\/schema.org","@graph":[{"@type":"WebPage","@id":"https:\/\/grupoican.com.br\/cursos\/","url":"https:\/\/grupoican.com.br\/cursos\/","name":"Cursos - GrupoIcan","isPartOf":{"@id":"https:\/\/grupoican.com.br\/#website"},"datePublished":"2023-05-25T03:19:43+00:00","dateModified":"2023-05-25T03:40:24+00:00","breadcrumb":{"@id":"https:\/\/grupoican.com.br\/cursos\/#breadcrumb"},"inLanguage":"en-US","potentialAction":[{"@type":"ReadAction","target":["https:\/\/grupoican.com.br\/cursos\/"]}]},{"@type":"BreadcrumbList","@id":"https:\/\/grupoican.com.br\/cursos\/#breadcrumb","itemListElement":[{"@type":"ListItem","position":1,"name":"In\u00edcio","item":"https:\/\/grupoican.com.br\/"},{"@type":"ListItem","position":2,"name":"Cursos"}]},{"@type":"WebSite","@id":"https:\/\/grupoican.com.br\/#website","url":"https:\/\/grupoican.com.br\/","name":"GrupoIcan","description":"Consultoria especializada em gest\u00e3o empresarial e \u00e1rea de petr\u00f3leo e g\u00e1s.","publisher":{"@id":"https:\/\/grupoican.com.br\/#organization"},"potentialAction":[{"@type":"SearchAction","target":{"@type":"EntryPoint","urlTemplate":"https:\/\/grupoican.com.br\/?s={search_term_string}"},"query-input":{"@type":"PropertyValueSpecification","valueRequired":true,"valueName":"search_term_string"}}],"inLanguage":"en-US"},{"@type":"Organization","@id":"https:\/\/grupoican.com.br\/#organization","name":"GrupoIcan","url":"https:\/\/grupoican.com.br\/","logo":{"@type":"ImageObject","inLanguage":"en-US","@id":"https:\/\/grupoican.com.br\/#\/schema\/logo\/image\/","url":"https:\/\/grupoican.com.br\/wp-content\/uploads\/2021\/09\/logo-icanbe.png","contentUrl":"https:\/\/grupoican.com.br\/wp-content\/uploads\/2021\/09\/logo-icanbe.png","width":1855,"height":1573,"caption":"GrupoIcan"},"image":{"@id":"https:\/\/grupoican.com.br\/#\/schema\/logo\/image\/"}}]}},"amp_enabled":true,"_links":{"self":[{"href":"https:\/\/grupoican.com.br\/en\/wp-json\/wp\/v2\/pages\/3051","targetHints":{"allow":["GET"]}}],"collection":[{"href":"https:\/\/grupoican.com.br\/en\/wp-json\/wp\/v2\/pages"}],"about":[{"href":"https:\/\/grupoican.com.br\/en\/wp-json\/wp\/v2\/types\/page"}],"author":[{"embeddable":true,"href":"https:\/\/grupoican.com.br\/en\/wp-json\/wp\/v2\/users\/1"}],"replies":[{"embeddable":true,"href":"https:\/\/grupoican.com.br\/en\/wp-json\/wp\/v2\/comments?post=3051"}],"version-history":[{"count":19,"href":"https:\/\/grupoican.com.br\/en\/wp-json\/wp\/v2\/pages\/3051\/revisions"}],"predecessor-version":[{"id":3072,"href":"https:\/\/grupoican.com.br\/en\/wp-json\/wp\/v2\/pages\/3051\/revisions\/3072"}],"wp:attachment":[{"href":"https:\/\/grupoican.com.br\/en\/wp-json\/wp\/v2\/media?parent=3051"}],"curies":[{"name":"wp","href":"https:\/\/api.w.org\/{rel}","templated":true}]}}