{"id":944,"date":"2021-11-22T00:30:31","date_gmt":"2021-11-22T03:30:31","guid":{"rendered":"https:\/\/grupoican.com.br\/?page_id=944"},"modified":"2024-06-05T12:13:43","modified_gmt":"2024-06-05T15:13:43","slug":"quem-sao-os-fornecedores-da-petrobras","status":"publish","type":"page","link":"https:\/\/grupoican.com.br\/en\/quem-sao-os-fornecedores-da-petrobras\/","title":{"rendered":"Who are Petrobras&#039; suppliers?"},"content":{"rendered":"<p><strong>Descubra Como Tornar-se um Fornecedor da Petrobras<\/strong><\/p>\n\n\n\n<p>Interessado em ser um fornecedor da Petrobras? Seja voc\u00ea uma micro, pequena ou grande empresa, h\u00e1 oportunidades para todos. Micro e pequenas empresas recebem tratamento diferenciado nos processos licitat\u00f3rios. <a href=\"https:\/\/grupoican.com.br\/en\/o-tratamento-diferenciado-das-micro-e-pequenas-empresas-me-e-empresas-de-pequeno-porte-epp-no-certame-licitatorio\/\">Saiba mais sobre isso aqui.<\/a><\/p>\n\n\n\n<p><strong>Como se Tornar um Fornecedor da Petrobras?<\/strong><\/p>\n\n\n\n<p>Para come\u00e7ar, al\u00e9m do cadastro na Petronet, \u00e9 essencial atender aos crit\u00e9rios legais, t\u00e9cnicos e econ\u00f4micos.<\/p>\n\n\n\n<p><strong>Crit\u00e9rios Legais:<\/strong><\/p>\n\n\n\n<p>Sua empresa precisa demonstrar uma gest\u00e3o \u00e9tica e \u00edntegra para se qualificar como fornecedora da Petrobras.<\/p>\n\n\n\n<p><strong>Crit\u00e9rios Econ\u00f4micos:<\/strong><\/p>\n\n\n\n<p>Com o apoio de um contador experiente, ser\u00e1 necess\u00e1rio providenciar:<\/p>\n\n\n\n<ul class=\"wp-block-list\">\n<li>Documentation of the social contract.<\/li>\n\n\n\n<li>Social balance of the last 2 years.<\/li>\n<\/ul>\n\n\n\n<p><strong>Como Obter o CRC da Petrobras?<\/strong><\/p>\n\n\n\n<p>Ap\u00f3s completar o cadastro e enviar a documenta\u00e7\u00e3o necess\u00e1ria, a Petrobras avaliar\u00e1 suas informa\u00e7\u00f5es e dados.<\/p>\n\n\n\n<p>Est\u00e1 pronto para dar o pr\u00f3ximo passo? Agende uma reuni\u00e3o conosco para receber orienta\u00e7\u00f5es detalhadas sobre como se tornar um fornecedor da Petrobras e garantir sua participa\u00e7\u00e3o em futuros neg\u00f3cios. Estamos aqui para ajudar voc\u00ea a alcan\u00e7ar seus objetivos. Entre em contato agora mesmo! Clique em &#8220;<strong>Schedule meeting<\/strong>&#8221; em nosso Menu.<\/p>\n\n\n\n<p class=\"has-nv-site-bg-color has-text-color has-link-color has-small-font-size wp-elements-9b05790397af8e4a9dd32de9be387de7\">Quem s\u00e3o os fornecedores da Petrobras? Quem s\u00e3o os fornecedores da Petrobras? Quem s\u00e3o os fornecedores da Petrobras? Quem s\u00e3o os fornecedores da Petrobras? Quem s\u00e3o os fornecedores da Petrobras? Quem s\u00e3o os fornecedores da Petrobras? Quem s\u00e3o os fornecedores da Petrobras? Quem s\u00e3o os fornecedores da Petrobras? Quem s\u00e3o os fornecedores da Petrobras? Quem s\u00e3o os fornecedores da Petrobras? Quem s\u00e3o os fornecedores da Petrobras? Quem s\u00e3o os fornecedores da Petrobras?<\/p>","protected":false},"excerpt":{"rendered":"<p>Descubra Como Tornar-se um Fornecedor da Petrobras Interessado em ser um fornecedor da Petrobras? Seja voc\u00ea uma micro, pequena ou grande empresa, h\u00e1 oportunidades para todos. Micro e pequenas empresas recebem tratamento diferenciado nos processos licitat\u00f3rios. Saiba mais sobre isso aqui. Como se Tornar um Fornecedor da Petrobras? Para come\u00e7ar, al\u00e9m do cadastro na Petronet,&hellip;&nbsp;<a href=\"https:\/\/grupoican.com.br\/en\/quem-sao-os-fornecedores-da-petrobras\/\" rel=\"bookmark\">Read More \u00bb<span class=\"screen-reader-text\">Who are Petrobras&#039; suppliers?<\/span><\/a><\/p>","protected":false},"author":1,"featured_media":14694,"parent":0,"menu_order":0,"comment_status":"closed","ping_status":"closed","template":"","meta":{"neve_meta_sidebar":"","neve_meta_container":"","neve_meta_enable_content_width":"","neve_meta_content_width":0,"neve_meta_title_alignment":"","neve_meta_author_avatar":"","neve_post_elements_order":"","neve_meta_disable_header":"","neve_meta_disable_footer":"","neve_meta_disable_title":"","neve_meta_reading_time":"","_joinchat":[],"footnotes":""},"class_list":["post-944","page","type-page","status-publish","has-post-thumbnail","hentry"],"yoast_head":"<!-- This site is optimized with the Yoast SEO Premium plugin v22.5 (Yoast SEO v24.5) - https:\/\/yoast.com\/wordpress\/plugins\/seo\/ -->\n<title>Quem s\u00e3o os fornecedores da Petrobras?\u3010Melhor Resposta\u3011<\/title>\n<meta name=\"description\" content=\"Quem s\u00e3o os fornecedores da Petrobras? Buscando essa informa\u00e7\u00e3o? | Respondemos sua d\u00favida\u3010Melhor Resposta\u3011\u3010CLIQUE AQUI\u3011\" \/>\n<meta name=\"robots\" content=\"index, follow, max-snippet:-1, max-image-preview:large, max-video-preview:-1\" \/>\n<link rel=\"canonical\" href=\"https:\/\/grupoican.com.br\/en\/quem-sao-os-fornecedores-da-petrobras\/\" \/>\n<meta property=\"og:locale\" content=\"en_US\" \/>\n<meta property=\"og:type\" content=\"article\" \/>\n<meta property=\"og:title\" content=\"Quem s\u00e3o os fornecedores da Petrobras?\" \/>\n<meta property=\"og:description\" content=\"Quem s\u00e3o os fornecedores da Petrobras? Buscando essa informa\u00e7\u00e3o? | Respondemos sua d\u00favida\u3010Melhor Resposta\u3011\u3010CLIQUE AQUI\u3011\" \/>\n<meta property=\"og:url\" content=\"https:\/\/grupoican.com.br\/en\/quem-sao-os-fornecedores-da-petrobras\/\" \/>\n<meta property=\"og:site_name\" content=\"GrupoIcan\" \/>\n<meta property=\"article:modified_time\" content=\"2024-06-05T15:13:43+00:00\" \/>\n<meta property=\"og:image\" content=\"https:\/\/grupoican.com.br\/wp-content\/uploads\/2024\/01\/cropped-Design-sem-nome-37.png\" \/>\n\t<meta property=\"og:image:width\" content=\"200\" \/>\n\t<meta property=\"og:image:height\" content=\"129\" \/>\n\t<meta property=\"og:image:type\" content=\"image\/png\" \/>\n<meta name=\"twitter:card\" content=\"summary_large_image\" \/>\n<meta name=\"twitter:label1\" content=\"Est. reading time\" \/>\n\t<meta name=\"twitter:data1\" content=\"2 minutes\" \/>\n<script type=\"application\/ld+json\" class=\"yoast-schema-graph\">{\"@context\":\"https:\/\/schema.org\",\"@graph\":[{\"@type\":\"WebPage\",\"@id\":\"https:\/\/grupoican.com.br\/quem-sao-os-fornecedores-da-petrobras\/\",\"url\":\"https:\/\/grupoican.com.br\/quem-sao-os-fornecedores-da-petrobras\/\",\"name\":\"Quem s\u00e3o os fornecedores da Petrobras?\u3010Melhor Resposta\u3011\",\"isPartOf\":{\"@id\":\"https:\/\/grupoican.com.br\/#website\"},\"primaryImageOfPage\":{\"@id\":\"https:\/\/grupoican.com.br\/quem-sao-os-fornecedores-da-petrobras\/#primaryimage\"},\"image\":{\"@id\":\"https:\/\/grupoican.com.br\/quem-sao-os-fornecedores-da-petrobras\/#primaryimage\"},\"thumbnailUrl\":\"https:\/\/grupoican.com.br\/wp-content\/uploads\/2024\/01\/cropped-Design-sem-nome-37.png\",\"datePublished\":\"2021-11-22T03:30:31+00:00\",\"dateModified\":\"2024-06-05T15:13:43+00:00\",\"description\":\"Quem s\u00e3o os fornecedores da Petrobras? Buscando essa informa\u00e7\u00e3o? | Respondemos sua d\u00favida\u3010Melhor Resposta\u3011\u3010CLIQUE AQUI\u3011\",\"breadcrumb\":{\"@id\":\"https:\/\/grupoican.com.br\/quem-sao-os-fornecedores-da-petrobras\/#breadcrumb\"},\"inLanguage\":\"en-US\",\"potentialAction\":[{\"@type\":\"ReadAction\",\"target\":[\"https:\/\/grupoican.com.br\/quem-sao-os-fornecedores-da-petrobras\/\"]}]},{\"@type\":\"ImageObject\",\"inLanguage\":\"en-US\",\"@id\":\"https:\/\/grupoican.com.br\/quem-sao-os-fornecedores-da-petrobras\/#primaryimage\",\"url\":\"https:\/\/grupoican.com.br\/wp-content\/uploads\/2024\/01\/cropped-Design-sem-nome-37.png\",\"contentUrl\":\"https:\/\/grupoican.com.br\/wp-content\/uploads\/2024\/01\/cropped-Design-sem-nome-37.png\",\"width\":200,\"height\":129},{\"@type\":\"BreadcrumbList\",\"@id\":\"https:\/\/grupoican.com.br\/quem-sao-os-fornecedores-da-petrobras\/#breadcrumb\",\"itemListElement\":[{\"@type\":\"ListItem\",\"position\":1,\"name\":\"In\u00edcio\",\"item\":\"https:\/\/grupoican.com.br\/\"},{\"@type\":\"ListItem\",\"position\":2,\"name\":\"Quem s\u00e3o os fornecedores da Petrobras?\"}]},{\"@type\":\"WebSite\",\"@id\":\"https:\/\/grupoican.com.br\/#website\",\"url\":\"https:\/\/grupoican.com.br\/\",\"name\":\"GrupoIcan\",\"description\":\"Consultoria especializada em gest\u00e3o empresarial e \u00e1rea de petr\u00f3leo e g\u00e1s.\",\"publisher\":{\"@id\":\"https:\/\/grupoican.com.br\/#organization\"},\"potentialAction\":[{\"@type\":\"SearchAction\",\"target\":{\"@type\":\"EntryPoint\",\"urlTemplate\":\"https:\/\/grupoican.com.br\/?s={search_term_string}\"},\"query-input\":{\"@type\":\"PropertyValueSpecification\",\"valueRequired\":true,\"valueName\":\"search_term_string\"}}],\"inLanguage\":\"en-US\"},{\"@type\":\"Organization\",\"@id\":\"https:\/\/grupoican.com.br\/#organization\",\"name\":\"GrupoIcan\",\"url\":\"https:\/\/grupoican.com.br\/\",\"logo\":{\"@type\":\"ImageObject\",\"inLanguage\":\"en-US\",\"@id\":\"https:\/\/grupoican.com.br\/#\/schema\/logo\/image\/\",\"url\":\"https:\/\/grupoican.com.br\/wp-content\/uploads\/2021\/09\/logo-icanbe.png\",\"contentUrl\":\"https:\/\/grupoican.com.br\/wp-content\/uploads\/2021\/09\/logo-icanbe.png\",\"width\":1855,\"height\":1573,\"caption\":\"GrupoIcan\"},\"image\":{\"@id\":\"https:\/\/grupoican.com.br\/#\/schema\/logo\/image\/\"}}]}<\/script>\n<!-- \/ Yoast SEO Premium plugin. -->","yoast_head_json":{"title":"Quem s\u00e3o os fornecedores da Petrobras?\u3010Melhor Resposta\u3011","description":"Quem s\u00e3o os fornecedores da Petrobras? Buscando essa informa\u00e7\u00e3o? | Respondemos sua d\u00favida\u3010Melhor Resposta\u3011\u3010CLIQUE AQUI\u3011","robots":{"index":"index","follow":"follow","max-snippet":"max-snippet:-1","max-image-preview":"max-image-preview:large","max-video-preview":"max-video-preview:-1"},"canonical":"https:\/\/grupoican.com.br\/en\/quem-sao-os-fornecedores-da-petrobras\/","og_locale":"en_US","og_type":"article","og_title":"Quem s\u00e3o os fornecedores da Petrobras?","og_description":"Quem s\u00e3o os fornecedores da Petrobras? Buscando essa informa\u00e7\u00e3o? | Respondemos sua d\u00favida\u3010Melhor Resposta\u3011\u3010CLIQUE AQUI\u3011","og_url":"https:\/\/grupoican.com.br\/en\/quem-sao-os-fornecedores-da-petrobras\/","og_site_name":"GrupoIcan","article_modified_time":"2024-06-05T15:13:43+00:00","og_image":[{"width":200,"height":129,"url":"https:\/\/grupoican.com.br\/wp-content\/uploads\/2024\/01\/cropped-Design-sem-nome-37.png","type":"image\/png"}],"twitter_card":"summary_large_image","twitter_misc":{"Est. reading time":"2 minutes"},"schema":{"@context":"https:\/\/schema.org","@graph":[{"@type":"WebPage","@id":"https:\/\/grupoican.com.br\/quem-sao-os-fornecedores-da-petrobras\/","url":"https:\/\/grupoican.com.br\/quem-sao-os-fornecedores-da-petrobras\/","name":"Quem s\u00e3o os fornecedores da Petrobras?\u3010Melhor Resposta\u3011","isPartOf":{"@id":"https:\/\/grupoican.com.br\/#website"},"primaryImageOfPage":{"@id":"https:\/\/grupoican.com.br\/quem-sao-os-fornecedores-da-petrobras\/#primaryimage"},"image":{"@id":"https:\/\/grupoican.com.br\/quem-sao-os-fornecedores-da-petrobras\/#primaryimage"},"thumbnailUrl":"https:\/\/grupoican.com.br\/wp-content\/uploads\/2024\/01\/cropped-Design-sem-nome-37.png","datePublished":"2021-11-22T03:30:31+00:00","dateModified":"2024-06-05T15:13:43+00:00","description":"Quem s\u00e3o os fornecedores da Petrobras? Buscando essa informa\u00e7\u00e3o? | Respondemos sua d\u00favida\u3010Melhor Resposta\u3011\u3010CLIQUE AQUI\u3011","breadcrumb":{"@id":"https:\/\/grupoican.com.br\/quem-sao-os-fornecedores-da-petrobras\/#breadcrumb"},"inLanguage":"en-US","potentialAction":[{"@type":"ReadAction","target":["https:\/\/grupoican.com.br\/quem-sao-os-fornecedores-da-petrobras\/"]}]},{"@type":"ImageObject","inLanguage":"en-US","@id":"https:\/\/grupoican.com.br\/quem-sao-os-fornecedores-da-petrobras\/#primaryimage","url":"https:\/\/grupoican.com.br\/wp-content\/uploads\/2024\/01\/cropped-Design-sem-nome-37.png","contentUrl":"https:\/\/grupoican.com.br\/wp-content\/uploads\/2024\/01\/cropped-Design-sem-nome-37.png","width":200,"height":129},{"@type":"BreadcrumbList","@id":"https:\/\/grupoican.com.br\/quem-sao-os-fornecedores-da-petrobras\/#breadcrumb","itemListElement":[{"@type":"ListItem","position":1,"name":"In\u00edcio","item":"https:\/\/grupoican.com.br\/"},{"@type":"ListItem","position":2,"name":"Quem s\u00e3o os fornecedores da Petrobras?"}]},{"@type":"WebSite","@id":"https:\/\/grupoican.com.br\/#website","url":"https:\/\/grupoican.com.br\/","name":"GrupoIcan","description":"Consultoria especializada em gest\u00e3o empresarial e \u00e1rea de petr\u00f3leo e g\u00e1s.","publisher":{"@id":"https:\/\/grupoican.com.br\/#organization"},"potentialAction":[{"@type":"SearchAction","target":{"@type":"EntryPoint","urlTemplate":"https:\/\/grupoican.com.br\/?s={search_term_string}"},"query-input":{"@type":"PropertyValueSpecification","valueRequired":true,"valueName":"search_term_string"}}],"inLanguage":"en-US"},{"@type":"Organization","@id":"https:\/\/grupoican.com.br\/#organization","name":"GrupoIcan","url":"https:\/\/grupoican.com.br\/","logo":{"@type":"ImageObject","inLanguage":"en-US","@id":"https:\/\/grupoican.com.br\/#\/schema\/logo\/image\/","url":"https:\/\/grupoican.com.br\/wp-content\/uploads\/2021\/09\/logo-icanbe.png","contentUrl":"https:\/\/grupoican.com.br\/wp-content\/uploads\/2021\/09\/logo-icanbe.png","width":1855,"height":1573,"caption":"GrupoIcan"},"image":{"@id":"https:\/\/grupoican.com.br\/#\/schema\/logo\/image\/"}}]}},"amp_enabled":false,"_links":{"self":[{"href":"https:\/\/grupoican.com.br\/en\/wp-json\/wp\/v2\/pages\/944","targetHints":{"allow":["GET"]}}],"collection":[{"href":"https:\/\/grupoican.com.br\/en\/wp-json\/wp\/v2\/pages"}],"about":[{"href":"https:\/\/grupoican.com.br\/en\/wp-json\/wp\/v2\/types\/page"}],"author":[{"embeddable":true,"href":"https:\/\/grupoican.com.br\/en\/wp-json\/wp\/v2\/users\/1"}],"replies":[{"embeddable":true,"href":"https:\/\/grupoican.com.br\/en\/wp-json\/wp\/v2\/comments?post=944"}],"version-history":[{"count":1,"href":"https:\/\/grupoican.com.br\/en\/wp-json\/wp\/v2\/pages\/944\/revisions"}],"predecessor-version":[{"id":14812,"href":"https:\/\/grupoican.com.br\/en\/wp-json\/wp\/v2\/pages\/944\/revisions\/14812"}],"wp:featuredmedia":[{"embeddable":true,"href":"https:\/\/grupoican.com.br\/en\/wp-json\/wp\/v2\/media\/14694"}],"wp:attachment":[{"href":"https:\/\/grupoican.com.br\/en\/wp-json\/wp\/v2\/media?parent=944"}],"curies":[{"name":"wp","href":"https:\/\/api.w.org\/{rel}","templated":true}]}}