{"id":956,"date":"2021-11-22T00:35:23","date_gmt":"2021-11-22T03:35:23","guid":{"rendered":"https:\/\/grupoican.com.br\/?page_id=956"},"modified":"2024-06-11T14:16:59","modified_gmt":"2024-06-11T17:16:59","slug":"como-se-cadastrar-como-fornecedor-da-petrobras","status":"publish","type":"page","link":"https:\/\/grupoican.com.br\/en\/como-se-cadastrar-como-fornecedor-da-petrobras\/","title":{"rendered":"How to register as a Petrobras supplier?"},"content":{"rendered":"<p id=\"block-3618b326-8ba7-4548-bc63-2a9f9c15ba9c\"><strong>Descubra Como Tornar-se um Fornecedor da Petrobras<\/strong><\/p>\n\n\n\n<p id=\"block-9edb6d90-19a7-43ea-98ee-f132c1a9481a\">Interessado em ser um fornecedor da Petrobras? Seja voc\u00ea uma micro, pequena ou grande empresa, h\u00e1 oportunidades para todos. Micro e pequenas empresas recebem tratamento diferenciado nos processos licitat\u00f3rios. <a href=\"https:\/\/grupoican.com.br\/en\/o-tratamento-diferenciado-das-micro-e-pequenas-empresas-me-e-empresas-de-pequeno-porte-epp-no-certame-licitatorio\/\">Saiba mais sobre isso aqui.<\/a><\/p>\n\n\n\n<p id=\"block-375e004b-f25b-4c7b-8085-ef2f6bb34bb1\"><strong>Como se Tornar um Fornecedor da Petrobras?<\/strong><\/p>\n\n\n\n<p id=\"block-966196d4-808d-4eab-89cb-219b53b55fda\">Para come\u00e7ar, al\u00e9m do cadastro na Petronet, \u00e9 essencial atender aos crit\u00e9rios legais, t\u00e9cnicos e econ\u00f4micos.<\/p>\n\n\n\n<p id=\"block-0d86c0b5-d6d8-45a2-bd19-a7eec9310786\"><strong>Crit\u00e9rios Legais:<\/strong><\/p>\n\n\n\n<p id=\"block-2406dff4-709e-4e8a-a782-84a91b4037b4\">Sua empresa precisa demonstrar uma gest\u00e3o \u00e9tica e \u00edntegra para se qualificar como fornecedora da Petrobras.<\/p>\n\n\n\n<p id=\"block-0bc078f9-310f-4f1c-a830-bb15fa4100b6\"><strong>Crit\u00e9rios Econ\u00f4micos:<\/strong><\/p>\n\n\n\n<p id=\"block-849992ba-563c-4e67-af7e-6ee81a579724\">Com o apoio de um contador experiente, ser\u00e1 necess\u00e1rio providenciar:<\/p>\n\n\n\n<ul class=\"wp-block-list\" id=\"block-35d43aaf-1122-4eb8-9bb6-a48782271a39\">\n<li>Documentation of the social contract.<\/li>\n\n\n\n<li>Social balance of the last 2 years.<\/li>\n<\/ul>\n\n\n\n<p id=\"block-fec60d08-915e-408f-a618-0456ffb546b2\"><strong>Como Obter o CRC da Petrobras?<\/strong><\/p>\n\n\n\n<p id=\"block-3ad7bffc-9d9c-4b02-aeda-641cf3d64084\">Ap\u00f3s completar o cadastro e enviar a documenta\u00e7\u00e3o necess\u00e1ria, a Petrobras avaliar\u00e1 suas informa\u00e7\u00f5es e dados.<\/p>\n\n\n\n<p id=\"block-f998ee85-5c1d-4c67-8d95-94209065abe1\">Est\u00e1 pronto para dar o pr\u00f3ximo passo? Agende uma reuni\u00e3o conosco para receber orienta\u00e7\u00f5es detalhadas sobre como se tornar um fornecedor da Petrobras e garantir sua participa\u00e7\u00e3o em futuros neg\u00f3cios. Estamos aqui<\/p>\n\n\n\n<p class=\"has-nv-site-bg-color has-text-color has-link-color wp-elements-fa8011368c176c2ae2f105816ffd40d5\">Como se cadastrar como fornecedor da Petrobras? Como se cadastrar como fornecedor da Petrobras?<\/p>","protected":false},"excerpt":{"rendered":"<p>Descubra Como Tornar-se um Fornecedor da Petrobras Interessado em ser um fornecedor da Petrobras? Seja voc\u00ea uma micro, pequena ou grande empresa, h\u00e1 oportunidades para todos. Micro e pequenas empresas recebem tratamento diferenciado nos processos licitat\u00f3rios. Saiba mais sobre isso aqui. Como se Tornar um Fornecedor da Petrobras? Para come\u00e7ar, al\u00e9m do cadastro na Petronet,&hellip;&nbsp;<a href=\"https:\/\/grupoican.com.br\/en\/como-se-cadastrar-como-fornecedor-da-petrobras\/\" rel=\"bookmark\">Read More \u00bb<span class=\"screen-reader-text\">How to register as a Petrobras supplier?<\/span><\/a><\/p>","protected":false},"author":1,"featured_media":2858,"parent":0,"menu_order":0,"comment_status":"closed","ping_status":"closed","template":"","meta":{"neve_meta_sidebar":"","neve_meta_container":"","neve_meta_enable_content_width":"","neve_meta_content_width":0,"neve_meta_title_alignment":"","neve_meta_author_avatar":"","neve_post_elements_order":"","neve_meta_disable_header":"","neve_meta_disable_footer":"","neve_meta_disable_title":"","neve_meta_reading_time":"","_joinchat":[],"footnotes":""},"class_list":["post-956","page","type-page","status-publish","has-post-thumbnail","hentry"],"yoast_head":"<!-- This site is optimized with the Yoast SEO Premium plugin v22.5 (Yoast SEO v24.5) - https:\/\/yoast.com\/wordpress\/plugins\/seo\/ -->\n<title>Como se cadastrar como fornecedor da Petrobras? \u3010Melhor Resposta\u3011<\/title>\n<meta name=\"description\" content=\"Como se cadastrar como fornecedor da Petrobras? Buscando essa informa\u00e7\u00e3o? | Respondemos suas d\u00favidas.\u3010CLIQUE AQUI\u3011\" \/>\n<meta name=\"robots\" content=\"index, follow, max-snippet:-1, max-image-preview:large, max-video-preview:-1\" \/>\n<link rel=\"canonical\" href=\"https:\/\/grupoican.com.br\/en\/como-se-cadastrar-como-fornecedor-da-petrobras\/\" \/>\n<meta property=\"og:locale\" content=\"en_US\" \/>\n<meta property=\"og:type\" content=\"article\" \/>\n<meta property=\"og:title\" content=\"Como se cadastrar como fornecedor da Petrobras?\" \/>\n<meta property=\"og:description\" content=\"Como se cadastrar como fornecedor da Petrobras? Buscando essa informa\u00e7\u00e3o? | Respondemos suas d\u00favidas.\u3010CLIQUE AQUI\u3011\" \/>\n<meta property=\"og:url\" content=\"https:\/\/grupoican.com.br\/en\/como-se-cadastrar-como-fornecedor-da-petrobras\/\" \/>\n<meta property=\"og:site_name\" content=\"GrupoIcan\" \/>\n<meta property=\"article:modified_time\" content=\"2024-06-11T17:16:59+00:00\" \/>\n<meta property=\"og:image\" content=\"https:\/\/grupoican.com.br\/wp-content\/uploads\/2023\/03\/IMG-20230209-WA0065.jpg\" \/>\n\t<meta property=\"og:image:width\" content=\"1280\" \/>\n\t<meta property=\"og:image:height\" content=\"723\" \/>\n\t<meta property=\"og:image:type\" content=\"image\/jpeg\" \/>\n<meta name=\"twitter:card\" content=\"summary_large_image\" \/>\n<meta name=\"twitter:label1\" content=\"Est. reading time\" \/>\n\t<meta name=\"twitter:data1\" content=\"2 minutes\" \/>\n<script type=\"application\/ld+json\" class=\"yoast-schema-graph\">{\"@context\":\"https:\/\/schema.org\",\"@graph\":[{\"@type\":\"WebPage\",\"@id\":\"https:\/\/grupoican.com.br\/como-se-cadastrar-como-fornecedor-da-petrobras\/\",\"url\":\"https:\/\/grupoican.com.br\/como-se-cadastrar-como-fornecedor-da-petrobras\/\",\"name\":\"Como se cadastrar como fornecedor da Petrobras? \u3010Melhor Resposta\u3011\",\"isPartOf\":{\"@id\":\"https:\/\/grupoican.com.br\/#website\"},\"primaryImageOfPage\":{\"@id\":\"https:\/\/grupoican.com.br\/como-se-cadastrar-como-fornecedor-da-petrobras\/#primaryimage\"},\"image\":{\"@id\":\"https:\/\/grupoican.com.br\/como-se-cadastrar-como-fornecedor-da-petrobras\/#primaryimage\"},\"thumbnailUrl\":\"https:\/\/grupoican.com.br\/wp-content\/uploads\/2023\/03\/IMG-20230209-WA0065.jpg\",\"datePublished\":\"2021-11-22T03:35:23+00:00\",\"dateModified\":\"2024-06-11T17:16:59+00:00\",\"description\":\"Como se cadastrar como fornecedor da Petrobras? Buscando essa informa\u00e7\u00e3o? | Respondemos suas d\u00favidas.\u3010CLIQUE AQUI\u3011\",\"breadcrumb\":{\"@id\":\"https:\/\/grupoican.com.br\/como-se-cadastrar-como-fornecedor-da-petrobras\/#breadcrumb\"},\"inLanguage\":\"en-US\",\"potentialAction\":[{\"@type\":\"ReadAction\",\"target\":[\"https:\/\/grupoican.com.br\/como-se-cadastrar-como-fornecedor-da-petrobras\/\"]}]},{\"@type\":\"ImageObject\",\"inLanguage\":\"en-US\",\"@id\":\"https:\/\/grupoican.com.br\/como-se-cadastrar-como-fornecedor-da-petrobras\/#primaryimage\",\"url\":\"https:\/\/grupoican.com.br\/wp-content\/uploads\/2023\/03\/IMG-20230209-WA0065.jpg\",\"contentUrl\":\"https:\/\/grupoican.com.br\/wp-content\/uploads\/2023\/03\/IMG-20230209-WA0065.jpg\",\"width\":1280,\"height\":723},{\"@type\":\"BreadcrumbList\",\"@id\":\"https:\/\/grupoican.com.br\/como-se-cadastrar-como-fornecedor-da-petrobras\/#breadcrumb\",\"itemListElement\":[{\"@type\":\"ListItem\",\"position\":1,\"name\":\"In\u00edcio\",\"item\":\"https:\/\/grupoican.com.br\/\"},{\"@type\":\"ListItem\",\"position\":2,\"name\":\"Como se cadastrar como fornecedor da Petrobras?\"}]},{\"@type\":\"WebSite\",\"@id\":\"https:\/\/grupoican.com.br\/#website\",\"url\":\"https:\/\/grupoican.com.br\/\",\"name\":\"GrupoIcan\",\"description\":\"Consultoria especializada em gest\u00e3o empresarial e \u00e1rea de petr\u00f3leo e g\u00e1s.\",\"publisher\":{\"@id\":\"https:\/\/grupoican.com.br\/#organization\"},\"potentialAction\":[{\"@type\":\"SearchAction\",\"target\":{\"@type\":\"EntryPoint\",\"urlTemplate\":\"https:\/\/grupoican.com.br\/?s={search_term_string}\"},\"query-input\":{\"@type\":\"PropertyValueSpecification\",\"valueRequired\":true,\"valueName\":\"search_term_string\"}}],\"inLanguage\":\"en-US\"},{\"@type\":\"Organization\",\"@id\":\"https:\/\/grupoican.com.br\/#organization\",\"name\":\"GrupoIcan\",\"url\":\"https:\/\/grupoican.com.br\/\",\"logo\":{\"@type\":\"ImageObject\",\"inLanguage\":\"en-US\",\"@id\":\"https:\/\/grupoican.com.br\/#\/schema\/logo\/image\/\",\"url\":\"https:\/\/grupoican.com.br\/wp-content\/uploads\/2021\/09\/logo-icanbe.png\",\"contentUrl\":\"https:\/\/grupoican.com.br\/wp-content\/uploads\/2021\/09\/logo-icanbe.png\",\"width\":1855,\"height\":1573,\"caption\":\"GrupoIcan\"},\"image\":{\"@id\":\"https:\/\/grupoican.com.br\/#\/schema\/logo\/image\/\"}}]}<\/script>\n<!-- \/ Yoast SEO Premium plugin. -->","yoast_head_json":{"title":"Como se cadastrar como fornecedor da Petrobras? \u3010Melhor Resposta\u3011","description":"Como se cadastrar como fornecedor da Petrobras? Buscando essa informa\u00e7\u00e3o? | Respondemos suas d\u00favidas.\u3010CLIQUE AQUI\u3011","robots":{"index":"index","follow":"follow","max-snippet":"max-snippet:-1","max-image-preview":"max-image-preview:large","max-video-preview":"max-video-preview:-1"},"canonical":"https:\/\/grupoican.com.br\/en\/como-se-cadastrar-como-fornecedor-da-petrobras\/","og_locale":"en_US","og_type":"article","og_title":"Como se cadastrar como fornecedor da Petrobras?","og_description":"Como se cadastrar como fornecedor da Petrobras? Buscando essa informa\u00e7\u00e3o? | Respondemos suas d\u00favidas.\u3010CLIQUE AQUI\u3011","og_url":"https:\/\/grupoican.com.br\/en\/como-se-cadastrar-como-fornecedor-da-petrobras\/","og_site_name":"GrupoIcan","article_modified_time":"2024-06-11T17:16:59+00:00","og_image":[{"width":1280,"height":723,"url":"https:\/\/grupoican.com.br\/wp-content\/uploads\/2023\/03\/IMG-20230209-WA0065.jpg","type":"image\/jpeg"}],"twitter_card":"summary_large_image","twitter_misc":{"Est. reading time":"2 minutes"},"schema":{"@context":"https:\/\/schema.org","@graph":[{"@type":"WebPage","@id":"https:\/\/grupoican.com.br\/como-se-cadastrar-como-fornecedor-da-petrobras\/","url":"https:\/\/grupoican.com.br\/como-se-cadastrar-como-fornecedor-da-petrobras\/","name":"Como se cadastrar como fornecedor da Petrobras? \u3010Melhor Resposta\u3011","isPartOf":{"@id":"https:\/\/grupoican.com.br\/#website"},"primaryImageOfPage":{"@id":"https:\/\/grupoican.com.br\/como-se-cadastrar-como-fornecedor-da-petrobras\/#primaryimage"},"image":{"@id":"https:\/\/grupoican.com.br\/como-se-cadastrar-como-fornecedor-da-petrobras\/#primaryimage"},"thumbnailUrl":"https:\/\/grupoican.com.br\/wp-content\/uploads\/2023\/03\/IMG-20230209-WA0065.jpg","datePublished":"2021-11-22T03:35:23+00:00","dateModified":"2024-06-11T17:16:59+00:00","description":"Como se cadastrar como fornecedor da Petrobras? Buscando essa informa\u00e7\u00e3o? | Respondemos suas d\u00favidas.\u3010CLIQUE AQUI\u3011","breadcrumb":{"@id":"https:\/\/grupoican.com.br\/como-se-cadastrar-como-fornecedor-da-petrobras\/#breadcrumb"},"inLanguage":"en-US","potentialAction":[{"@type":"ReadAction","target":["https:\/\/grupoican.com.br\/como-se-cadastrar-como-fornecedor-da-petrobras\/"]}]},{"@type":"ImageObject","inLanguage":"en-US","@id":"https:\/\/grupoican.com.br\/como-se-cadastrar-como-fornecedor-da-petrobras\/#primaryimage","url":"https:\/\/grupoican.com.br\/wp-content\/uploads\/2023\/03\/IMG-20230209-WA0065.jpg","contentUrl":"https:\/\/grupoican.com.br\/wp-content\/uploads\/2023\/03\/IMG-20230209-WA0065.jpg","width":1280,"height":723},{"@type":"BreadcrumbList","@id":"https:\/\/grupoican.com.br\/como-se-cadastrar-como-fornecedor-da-petrobras\/#breadcrumb","itemListElement":[{"@type":"ListItem","position":1,"name":"In\u00edcio","item":"https:\/\/grupoican.com.br\/"},{"@type":"ListItem","position":2,"name":"Como se cadastrar como fornecedor da Petrobras?"}]},{"@type":"WebSite","@id":"https:\/\/grupoican.com.br\/#website","url":"https:\/\/grupoican.com.br\/","name":"GrupoIcan","description":"Consultoria especializada em gest\u00e3o empresarial e \u00e1rea de petr\u00f3leo e g\u00e1s.","publisher":{"@id":"https:\/\/grupoican.com.br\/#organization"},"potentialAction":[{"@type":"SearchAction","target":{"@type":"EntryPoint","urlTemplate":"https:\/\/grupoican.com.br\/?s={search_term_string}"},"query-input":{"@type":"PropertyValueSpecification","valueRequired":true,"valueName":"search_term_string"}}],"inLanguage":"en-US"},{"@type":"Organization","@id":"https:\/\/grupoican.com.br\/#organization","name":"GrupoIcan","url":"https:\/\/grupoican.com.br\/","logo":{"@type":"ImageObject","inLanguage":"en-US","@id":"https:\/\/grupoican.com.br\/#\/schema\/logo\/image\/","url":"https:\/\/grupoican.com.br\/wp-content\/uploads\/2021\/09\/logo-icanbe.png","contentUrl":"https:\/\/grupoican.com.br\/wp-content\/uploads\/2021\/09\/logo-icanbe.png","width":1855,"height":1573,"caption":"GrupoIcan"},"image":{"@id":"https:\/\/grupoican.com.br\/#\/schema\/logo\/image\/"}}]}},"amp_enabled":true,"_links":{"self":[{"href":"https:\/\/grupoican.com.br\/en\/wp-json\/wp\/v2\/pages\/956","targetHints":{"allow":["GET"]}}],"collection":[{"href":"https:\/\/grupoican.com.br\/en\/wp-json\/wp\/v2\/pages"}],"about":[{"href":"https:\/\/grupoican.com.br\/en\/wp-json\/wp\/v2\/types\/page"}],"author":[{"embeddable":true,"href":"https:\/\/grupoican.com.br\/en\/wp-json\/wp\/v2\/users\/1"}],"replies":[{"embeddable":true,"href":"https:\/\/grupoican.com.br\/en\/wp-json\/wp\/v2\/comments?post=956"}],"version-history":[{"count":1,"href":"https:\/\/grupoican.com.br\/en\/wp-json\/wp\/v2\/pages\/956\/revisions"}],"predecessor-version":[{"id":14829,"href":"https:\/\/grupoican.com.br\/en\/wp-json\/wp\/v2\/pages\/956\/revisions\/14829"}],"wp:featuredmedia":[{"embeddable":true,"href":"https:\/\/grupoican.com.br\/en\/wp-json\/wp\/v2\/media\/2858"}],"wp:attachment":[{"href":"https:\/\/grupoican.com.br\/en\/wp-json\/wp\/v2\/media?parent=956"}],"curies":[{"name":"wp","href":"https:\/\/api.w.org\/{rel}","templated":true}]}}