{"id":224,"date":"2021-09-14T14:07:08","date_gmt":"2021-09-14T17:07:08","guid":{"rendered":"https:\/\/grupoican.com.br\/?page_id=224"},"modified":"2022-08-04T11:56:06","modified_gmt":"2022-08-04T14:56:06","slug":"politica-de-gestao-e-de-anticorrupcao","status":"publish","type":"page","link":"https:\/\/grupoican.com.br\/es\/politica-de-gestao-e-de-anticorrupcao\/","title":{"rendered":"Pol\u00edtica de Gesti\u00f3n y Anticorrupci\u00f3n"},"content":{"rendered":"<div data-elementor-type=\"wp-page\" data-elementor-id=\"224\" class=\"elementor elementor-224\" data-elementor-post-type=\"page\">\n\t\t\t\t\t\t<section class=\"elementor-section elementor-top-section elementor-element elementor-element-6cd3c01 elementor-section-boxed elementor-section-height-default elementor-section-height-default\" data-id=\"6cd3c01\" data-element_type=\"section\">\n\t\t\t\t\t\t<div class=\"elementor-container elementor-column-gap-default\">\n\t\t\t\t\t<div class=\"elementor-column elementor-col-100 elementor-top-column elementor-element elementor-element-0fc18fd\" data-id=\"0fc18fd\" data-element_type=\"column\">\n\t\t\t<div class=\"elementor-widget-wrap elementor-element-populated\">\n\t\t\t\t\t\t<div class=\"elementor-element elementor-element-5bfbb39 elementor-widget elementor-widget-spacer\" data-id=\"5bfbb39\" data-element_type=\"widget\" data-widget_type=\"spacer.default\">\n\t\t\t\t<div class=\"elementor-widget-container\">\n\t\t\t\t\t\t\t<div class=\"elementor-spacer\">\n\t\t\t<div class=\"elementor-spacer-inner\"><\/div>\n\t\t<\/div>\n\t\t\t\t\t\t<\/div>\n\t\t\t\t<\/div>\n\t\t\t\t\t<\/div>\n\t\t<\/div>\n\t\t\t\t\t<\/div>\n\t\t<\/section>\n\t\t\t\t<section class=\"elementor-section elementor-top-section elementor-element elementor-element-3ba320e elementor-section-boxed elementor-section-height-default elementor-section-height-default\" data-id=\"3ba320e\" data-element_type=\"section\" data-settings=\"{&quot;background_background&quot;:&quot;classic&quot;}\">\n\t\t\t\t\t\t<div class=\"elementor-container elementor-column-gap-default\">\n\t\t\t\t\t<div class=\"elementor-column elementor-col-100 elementor-top-column elementor-element elementor-element-eff47bb\" data-id=\"eff47bb\" data-element_type=\"column\">\n\t\t\t<div class=\"elementor-widget-wrap elementor-element-populated\">\n\t\t\t\t\t\t<div class=\"elementor-element elementor-element-8f59a0b elementor-invisible elementor-widget elementor-widget-heading\" data-id=\"8f59a0b\" data-element_type=\"widget\" data-settings=\"{&quot;_animation&quot;:&quot;slideInRight&quot;}\" data-widget_type=\"heading.default\">\n\t\t\t\t<div class=\"elementor-widget-container\">\n\t\t\t\t\t<h2 class=\"elementor-heading-title elementor-size-default\">Pol\u00edtica de Gesti\u00f3n y Anticorrupci\u00f3n<\/h2>\t\t\t\t<\/div>\n\t\t\t\t<\/div>\n\t\t\t\t<div class=\"elementor-element elementor-element-20a4350 elementor-invisible elementor-widget elementor-widget-heading\" data-id=\"20a4350\" data-element_type=\"widget\" data-settings=\"{&quot;_animation&quot;:&quot;slideInRight&quot;}\" data-widget_type=\"heading.default\">\n\t\t\t\t<div class=\"elementor-widget-container\">\n\t\t\t\t\t<h4 class=\"elementor-heading-title elementor-size-default\">Revisi\u00f3n del organigrama A, 26.08.2021<\/h4>\t\t\t\t<\/div>\n\t\t\t\t<\/div>\n\t\t\t\t\t<\/div>\n\t\t<\/div>\n\t\t\t\t\t<\/div>\n\t\t<\/section>\n\t\t\t\t<section class=\"elementor-section elementor-top-section elementor-element elementor-element-32844799 elementor-section-boxed elementor-section-height-default elementor-section-height-default\" data-id=\"32844799\" data-element_type=\"section\">\n\t\t\t\t\t\t<div class=\"elementor-container elementor-column-gap-default\">\n\t\t\t\t\t<div class=\"elementor-column elementor-col-100 elementor-top-column elementor-element elementor-element-6455ac9a\" data-id=\"6455ac9a\" data-element_type=\"column\">\n\t\t\t<div class=\"elementor-widget-wrap elementor-element-populated\">\n\t\t\t\t\t\t<div class=\"elementor-element elementor-element-44199e27 elementor-widget elementor-widget-text-editor\" data-id=\"44199e27\" data-element_type=\"widget\" data-widget_type=\"text-editor.default\">\n\t\t\t\t<div class=\"elementor-widget-container\">\n\t\t\t\t\t\t\t\t\t<p><\/p>\n<p>El Grupo I Can opera en Brasil en el reclutamiento y selecci\u00f3n de personas,<br>desarrollo de proyectos y consultor\u00eda empresarial, en la prestaci\u00f3n de estos servicios,<br>una Pol\u00edtica de Gesti\u00f3n (Calidad, Seguridad, Medio Ambiente, Salud, Responsabilidad<br>y Anticorrupci\u00f3n), con los siguientes enfoques:<\/p>\n<p><strong>Calidad:<\/strong><\/p>\n<p>\u2022 Nuestro equipo entiende que los clientes son nuestra raz\u00f3n de existir;<\/p>\n<p>\u2022 Estamos comprometidos a superar las expectativas del cliente, mucho m\u00e1s all\u00e1 de lo que ha sido<br>acordado en el contrato;<\/p>\n<p>\u2022 Practicamos precios por debajo del mercado;<\/p>\n<p>\u2022 Preservamos la seguridad de la informaci\u00f3n y los datos; \u2022 Cumplimos estrictamente con los plazos de entrega;<\/p>\n<p>\u2022 Trabajamos para mejorar los procesos, el sistema y la gesti\u00f3n y en la relaci\u00f3n con<br>partes interesadas;<\/p>\n<p>\u2022 Emitimos Certificado de Responsabilidad T\u00e9cnica por el trabajo realizado y<br>aplicamos las leyes pertinentes;<\/p>\n<p>\u2022 Garantizamos asistencia t\u00e9cnica de acuerdo con el contrato con el cliente;<\/p>\n<p>\u2022 Promovemos una mentalidad de riesgo, visando la implementaci\u00f3n de acciones de prevenci\u00f3n<br>de posibles anomal\u00edas y sus efectos.<\/p>\n<p><\/p>\n<p><b>Seguridad, Medio Ambiente y Salud:<\/b><\/p>\n<p>\u2022 Estamos comprometidos con la protecci\u00f3n del medio ambiente y la prevenci\u00f3n de la contaminaci\u00f3n,<br>valorando las pr\u00e1cticas positivas de sostenibilidad de los recursos y protecci\u00f3n de<br>biodiversidad y ecosistemas;<\/p>\n<p>\u2022 Sistematizamos iniciativas para controlar los posibles impactos ambientales de nuestras<br>actividades administrativas;<\/p>\n<p>\u2022 Cumplimos con las Pol\u00edticas de Gesti\u00f3n de Clientes y Proveedores cuando nuestro equipo<br>est\u00e1 operando en sus instalaciones;<\/p>\n<p>\u2022 Nos preocupamos por la prevenci\u00f3n de accidentes y la salud de las personas, ofreciendo<br>programas de sensibilizaci\u00f3n, formaci\u00f3n, dotaci\u00f3n de los recursos necesarios para la<br>salud y seguridad de los empleados;<\/p>\n<p>\u2022 Cumplimos con los requisitos legales y otros requisitos relacionados con aspectos<br>peligros para el medio ambiente y la salud y la seguridad.<\/p>\n<p><\/p>\n<p><b>Responsabilidad social:<\/b><\/p>\n<p>\u2022 Nos comprometemos a cumplir con las pol\u00edticas de los clientes y los t\u00e9rminos de responsabilidad y<br>proveedores y otros grupos de inter\u00e9s relacionados con la responsabilidad social;<\/p>\n<p>\u2022 Nos comprometemos a contribuir al cumplimiento de los 10 principios del Pacto<br>globales, a saber:<\/p>\n<p><\/p>\n<ol class=\"wp-block-list\">\n<li>Las empresas deben apoyar y respetar la protecci\u00f3n de los derechos humanos reconocidos<br>internacionalmente;<\/li>\n<li>Asegurar su no participaci\u00f3n en violaciones de estos derechos;<\/li>\n<li>Las empresas deben apoyar la libertad de asociaci\u00f3n y el reconocimiento efectivo de la<br>derecho a la negociaci\u00f3n colectiva;<\/li>\n<li>La eliminaci\u00f3n de todas las formas de trabajo forzoso u obligatorio;<\/li>\n<li>La abolici\u00f3n efectiva del trabajo infantil;<\/li>\n<li>Eliminar la discriminaci\u00f3n en el empleo;<\/li>\n<li>Las empresas deben apoyar un enfoque de precauci\u00f3n ante los desaf\u00edos ambientales;<\/li>\n<li>Desarrollar iniciativas para promover una mayor responsabilidad ambiental;<\/li>\n<li>Fomentar el desarrollo y difusi\u00f3n de tecnolog\u00edas amigables con el medio ambiente;<\/li>\n<li>Las empresas deben combatir la corrupci\u00f3n en todas sus formas, incluida la extorsi\u00f3n<br>y contragolpe.<\/li>\n<\/ol>\n<p><\/p>\n<p><strong>Anti corrupcion:<\/strong><\/p>\n<p><\/p>\n<p><b>Est\u00e1 prohibido:<\/b><\/p>\n<p>\u2022 Ofrecer, dar o recibir obsequios, obsequios, hospitalidad, ventaja indebida, cualquier tipo de pago,<br>beneficio o soborno a cualquier parte interesada (incluidas las autoridades gubernamentales o extranjeras), para<br>obtener o retener negocios o cualquier ventaja comercial;<\/p>\n<p>\u2022 Comprobado que financia, financia o patrocina o de cualquier forma subvenciona la pr\u00e1ctica de actos<br>actos il\u00edcitos, incluso en procedimientos de licitaci\u00f3n y contratos p\u00fablicos o utilizando un intermediario, un individuo o<br>legales para ocultar o disimular sus intereses reales o la identidad de los beneficiarios de los actos realizados;<\/p>\n<p>\u2022 Frustrar, defraudar, entorpecer, perturbar licitaciones o contratos p\u00fablicos;<\/p>\n<p>\u2022 Entorpecer la actividad de investigaci\u00f3n o inspecci\u00f3n de los organismos, entidades o agentes p\u00fablicos, o intervenir en su<br>actividades, incluso en el \u00e1mbito de los organismos reguladores y \u00f3rganos de supervisi\u00f3n del sistema financiero<br>nacional.<\/p>\n<p><\/p>\n<p><b>Es permitido:<\/b><\/p>\n<p>\u2022 Recibir cortes\u00edas de clientes, proveedores y otras partes interesadas, tales como: caf\u00e9, jugo, almuerzo,<br>cena, siempre que nunca sea de forma regular y permanente.<\/p>\n<p>\u2022 Hacer una donaci\u00f3n y\/o contribuci\u00f3n a organizaciones ben\u00e9ficas, programas sociales o partidos pol\u00edticos de<br>cuando sea aprobado por la alta direcci\u00f3n y de conformidad con la legislaci\u00f3n.<\/p>\n<p><\/p>\n<p><strong>Mantendremos:<\/strong><\/p>\n<p>\u2022 Canales de comunicaci\u00f3n que posibilitan el env\u00edo de denuncias \u2013 contato@grupoican.com.br y n\u00fameros de tel\u00e9fono en el sitio web<br>de la empresa www.grupoican.com.br;<\/p>\n<p>\u2022 Pol\u00edtica de Gesti\u00f3n de RRHH, C\u00f3digo \u00c9tico de Conducta y procedimientos disciplinarios y Pol\u00edtica de Seguridad de<br>Protecci\u00f3n de la Informaci\u00f3n y Datos aplicada a nuestros empleados y grupos de inter\u00e9s;<\/p>\n<p>\u2022 Seguimiento de procesos y debida diligencia con las partes interesadas.<\/p>\n<p><\/p>\n<p><strong>Aprobaci\u00f3n y divulgaci\u00f3n de la Pol\u00edtica: <\/strong><\/p>\n<p>\u2022 Esta pol\u00edtica fue aprobada en reuni\u00f3n extraordinaria de la alta direcci\u00f3n el d\u00eda<br>14.08.2021.<br>Divulgaci\u00f3n:<\/p>\n<p>\u2022 Sitio web de la empresa www.grupoican.com.br;<\/p>\n<p>\u2022 Para empleados reci\u00e9n contratados durante la Conferencia Atmosphere;<\/p>\n<p>\u2022 Para los interesados en la celebraci\u00f3n de reuniones, eventos.<\/p>\n<p><\/p>\n<p><b>Documentos de referencia o complementarios:<\/b><\/p>\n<p>\u2022 Ley N\u00b0 12.846\/2013 - Ley Anticorrupci\u00f3n<\/p>\n<p>\u2022 Decreto 8.420\/2015 \u2013 Decreto reglamenta la Ley Anticorrupci\u00f3n<\/p>\n<p>\u2022 Ley N\u00b0 13.709\/2018 - LGPD<\/p>\n<p>\u2022 Pol\u00edtica de RR. HH. del Grupo Puedo<\/p>\n<p>\u2022 Pol\u00edtica de Seguridad de la Informaci\u00f3n y Protecci\u00f3n de Datos<\/p>\n<p>\u2022 Grupo Puedo SGI Manual<\/p>\n<p>\u2022 Grupo I puedo Manual Financiero y Administrativo<\/p>\n<p>\u2022 Grupo puedo \u2013 PG 21 Control de productos no conformes, acci\u00f3n correctiva<\/p>\n<p>\u2022 Grupo Puedo - PG 22 - Auditorias<\/p>\n<p><\/p>\n<p><b>Juntos podemos hacer m\u00e1s!<\/b><\/p>\n<p><\/p>\n<p>Teresa Soares<br>CEO Grupo YO PUEDO<br>Conocimiento acumulado desde 1940.<br>Una empresa fundada en 2014.<\/p>\n<p><\/p>\t\t\t\t\t\t\t\t<\/div>\n\t\t\t\t<\/div>\n\t\t\t\t\t<\/div>\n\t\t<\/div>\n\t\t\t\t\t<\/div>\n\t\t<\/section>\n\t\t\t\t<\/div>","protected":false},"excerpt":{"rendered":"<p>Pol\u00edtica de Gest\u00e3o e de Anticorrup\u00e7\u00e3o Organograma revis\u00e3o A, 26.08.2021 O Grupo I Can atuando no Brasil no neg\u00f3cio de recrutamento e sele\u00e7\u00e3o de pessoas,desenvolvimento de projetos e consultoria empresarial, na presta\u00e7\u00e3o desses servi\u00e7os mant\u00e9muma Pol\u00edtica de Gest\u00e3o (Qualidade, Seguran\u00e7a, Meio Ambiente, Sa\u00fade, ResponsabilidadeSocial e Anticorrup\u00e7\u00e3o), com os seguintes focos: Qualidade: \u2022 Nossa equipe compreende&hellip;&nbsp;<a href=\"https:\/\/grupoican.com.br\/es\/politica-de-gestao-e-de-anticorrupcao\/\" rel=\"bookmark\">Read More &raquo;<span class=\"screen-reader-text\">Pol\u00edtica de Gesti\u00f3n y Anticorrupci\u00f3n<\/span><\/a><\/p>","protected":false},"author":1,"featured_media":0,"parent":0,"menu_order":0,"comment_status":"closed","ping_status":"open","template":"","meta":{"neve_meta_sidebar":"","neve_meta_container":"","neve_meta_enable_content_width":"","neve_meta_content_width":0,"neve_meta_title_alignment":"","neve_meta_author_avatar":"","neve_post_elements_order":"","neve_meta_disable_header":"","neve_meta_disable_footer":"","neve_meta_disable_title":"on","neve_meta_reading_time":"","_joinchat":[],"footnotes":""},"class_list":["post-224","page","type-page","status-publish","hentry"],"yoast_head":"<!-- This site is optimized with the Yoast SEO Premium plugin v22.5 (Yoast SEO v24.5) - https:\/\/yoast.com\/wordpress\/plugins\/seo\/ -->\n<title>Pol\u00edtica de Gest\u00e3o e de Anticorrup\u00e7\u00e3o - GrupoIcan<\/title>\n<meta name=\"robots\" content=\"index, follow, max-snippet:-1, max-image-preview:large, max-video-preview:-1\" \/>\n<link rel=\"canonical\" href=\"https:\/\/grupoican.com.br\/es\/politica-de-gestao-e-de-anticorrupcao\/\" \/>\n<meta property=\"og:locale\" content=\"es_ES\" \/>\n<meta property=\"og:type\" content=\"article\" \/>\n<meta property=\"og:title\" content=\"Pol\u00edtica de Gest\u00e3o e de Anticorrup\u00e7\u00e3o\" \/>\n<meta property=\"og:description\" content=\"Pol\u00edtica de Gest\u00e3o e de Anticorrup\u00e7\u00e3o Organograma revis\u00e3o A, 26.08.2021 O Grupo I Can atuando no Brasil no neg\u00f3cio de recrutamento e sele\u00e7\u00e3o de pessoas,desenvolvimento de projetos e consultoria empresarial, na presta\u00e7\u00e3o desses servi\u00e7os mant\u00e9muma Pol\u00edtica de Gest\u00e3o (Qualidade, Seguran\u00e7a, Meio Ambiente, Sa\u00fade, ResponsabilidadeSocial e Anticorrup\u00e7\u00e3o), com os seguintes focos: Qualidade: \u2022 Nossa equipe compreende&hellip;&nbsp;Read More &raquo;Pol\u00edtica de Gest\u00e3o e de Anticorrup\u00e7\u00e3o\" \/>\n<meta property=\"og:url\" content=\"https:\/\/grupoican.com.br\/es\/politica-de-gestao-e-de-anticorrupcao\/\" \/>\n<meta property=\"og:site_name\" content=\"GrupoIcan\" \/>\n<meta property=\"article:modified_time\" content=\"2022-08-04T14:56:06+00:00\" \/>\n<meta name=\"twitter:card\" content=\"summary_large_image\" \/>\n<meta name=\"twitter:label1\" content=\"Tiempo de lectura\" \/>\n\t<meta name=\"twitter:data1\" content=\"5 minutos\" \/>\n<script type=\"application\/ld+json\" class=\"yoast-schema-graph\">{\"@context\":\"https:\/\/schema.org\",\"@graph\":[{\"@type\":\"WebPage\",\"@id\":\"https:\/\/grupoican.com.br\/politica-de-gestao-e-de-anticorrupcao\/\",\"url\":\"https:\/\/grupoican.com.br\/politica-de-gestao-e-de-anticorrupcao\/\",\"name\":\"Pol\u00edtica de Gest\u00e3o e de Anticorrup\u00e7\u00e3o - GrupoIcan\",\"isPartOf\":{\"@id\":\"https:\/\/grupoican.com.br\/#website\"},\"datePublished\":\"2021-09-14T17:07:08+00:00\",\"dateModified\":\"2022-08-04T14:56:06+00:00\",\"breadcrumb\":{\"@id\":\"https:\/\/grupoican.com.br\/politica-de-gestao-e-de-anticorrupcao\/#breadcrumb\"},\"inLanguage\":\"es\",\"potentialAction\":[{\"@type\":\"ReadAction\",\"target\":[\"https:\/\/grupoican.com.br\/politica-de-gestao-e-de-anticorrupcao\/\"]}]},{\"@type\":\"BreadcrumbList\",\"@id\":\"https:\/\/grupoican.com.br\/politica-de-gestao-e-de-anticorrupcao\/#breadcrumb\",\"itemListElement\":[{\"@type\":\"ListItem\",\"position\":1,\"name\":\"In\u00edcio\",\"item\":\"https:\/\/grupoican.com.br\/\"},{\"@type\":\"ListItem\",\"position\":2,\"name\":\"Pol\u00edtica de Gest\u00e3o e de Anticorrup\u00e7\u00e3o\"}]},{\"@type\":\"WebSite\",\"@id\":\"https:\/\/grupoican.com.br\/#website\",\"url\":\"https:\/\/grupoican.com.br\/\",\"name\":\"GrupoIcan\",\"description\":\"Consultoria especializada em gest\u00e3o empresarial e \u00e1rea de petr\u00f3leo e g\u00e1s.\",\"publisher\":{\"@id\":\"https:\/\/grupoican.com.br\/#organization\"},\"potentialAction\":[{\"@type\":\"SearchAction\",\"target\":{\"@type\":\"EntryPoint\",\"urlTemplate\":\"https:\/\/grupoican.com.br\/?s={search_term_string}\"},\"query-input\":{\"@type\":\"PropertyValueSpecification\",\"valueRequired\":true,\"valueName\":\"search_term_string\"}}],\"inLanguage\":\"es\"},{\"@type\":\"Organization\",\"@id\":\"https:\/\/grupoican.com.br\/#organization\",\"name\":\"GrupoIcan\",\"url\":\"https:\/\/grupoican.com.br\/\",\"logo\":{\"@type\":\"ImageObject\",\"inLanguage\":\"es\",\"@id\":\"https:\/\/grupoican.com.br\/#\/schema\/logo\/image\/\",\"url\":\"https:\/\/grupoican.com.br\/wp-content\/uploads\/2021\/09\/logo-icanbe.png\",\"contentUrl\":\"https:\/\/grupoican.com.br\/wp-content\/uploads\/2021\/09\/logo-icanbe.png\",\"width\":1855,\"height\":1573,\"caption\":\"GrupoIcan\"},\"image\":{\"@id\":\"https:\/\/grupoican.com.br\/#\/schema\/logo\/image\/\"}}]}<\/script>\n<!-- \/ Yoast SEO Premium plugin. -->","yoast_head_json":{"title":"Pol\u00edtica de Gest\u00e3o e de Anticorrup\u00e7\u00e3o - GrupoIcan","robots":{"index":"index","follow":"follow","max-snippet":"max-snippet:-1","max-image-preview":"max-image-preview:large","max-video-preview":"max-video-preview:-1"},"canonical":"https:\/\/grupoican.com.br\/es\/politica-de-gestao-e-de-anticorrupcao\/","og_locale":"es_ES","og_type":"article","og_title":"Pol\u00edtica de Gest\u00e3o e de Anticorrup\u00e7\u00e3o","og_description":"Pol\u00edtica de Gest\u00e3o e de Anticorrup\u00e7\u00e3o Organograma revis\u00e3o A, 26.08.2021 O Grupo I Can atuando no Brasil no neg\u00f3cio de recrutamento e sele\u00e7\u00e3o de pessoas,desenvolvimento de projetos e consultoria empresarial, na presta\u00e7\u00e3o desses servi\u00e7os mant\u00e9muma Pol\u00edtica de Gest\u00e3o (Qualidade, Seguran\u00e7a, Meio Ambiente, Sa\u00fade, ResponsabilidadeSocial e Anticorrup\u00e7\u00e3o), com os seguintes focos: Qualidade: \u2022 Nossa equipe compreende&hellip;&nbsp;Read More &raquo;Pol\u00edtica de Gest\u00e3o e de Anticorrup\u00e7\u00e3o","og_url":"https:\/\/grupoican.com.br\/es\/politica-de-gestao-e-de-anticorrupcao\/","og_site_name":"GrupoIcan","article_modified_time":"2022-08-04T14:56:06+00:00","twitter_card":"summary_large_image","twitter_misc":{"Tiempo de lectura":"5 minutos"},"schema":{"@context":"https:\/\/schema.org","@graph":[{"@type":"WebPage","@id":"https:\/\/grupoican.com.br\/politica-de-gestao-e-de-anticorrupcao\/","url":"https:\/\/grupoican.com.br\/politica-de-gestao-e-de-anticorrupcao\/","name":"Pol\u00edtica de Gest\u00e3o e de Anticorrup\u00e7\u00e3o - GrupoIcan","isPartOf":{"@id":"https:\/\/grupoican.com.br\/#website"},"datePublished":"2021-09-14T17:07:08+00:00","dateModified":"2022-08-04T14:56:06+00:00","breadcrumb":{"@id":"https:\/\/grupoican.com.br\/politica-de-gestao-e-de-anticorrupcao\/#breadcrumb"},"inLanguage":"es","potentialAction":[{"@type":"ReadAction","target":["https:\/\/grupoican.com.br\/politica-de-gestao-e-de-anticorrupcao\/"]}]},{"@type":"BreadcrumbList","@id":"https:\/\/grupoican.com.br\/politica-de-gestao-e-de-anticorrupcao\/#breadcrumb","itemListElement":[{"@type":"ListItem","position":1,"name":"In\u00edcio","item":"https:\/\/grupoican.com.br\/"},{"@type":"ListItem","position":2,"name":"Pol\u00edtica de Gest\u00e3o e de Anticorrup\u00e7\u00e3o"}]},{"@type":"WebSite","@id":"https:\/\/grupoican.com.br\/#website","url":"https:\/\/grupoican.com.br\/","name":"GrupoIcan","description":"Consultoria especializada em gest\u00e3o empresarial e \u00e1rea de petr\u00f3leo e g\u00e1s.","publisher":{"@id":"https:\/\/grupoican.com.br\/#organization"},"potentialAction":[{"@type":"SearchAction","target":{"@type":"EntryPoint","urlTemplate":"https:\/\/grupoican.com.br\/?s={search_term_string}"},"query-input":{"@type":"PropertyValueSpecification","valueRequired":true,"valueName":"search_term_string"}}],"inLanguage":"es"},{"@type":"Organization","@id":"https:\/\/grupoican.com.br\/#organization","name":"GrupoIcan","url":"https:\/\/grupoican.com.br\/","logo":{"@type":"ImageObject","inLanguage":"es","@id":"https:\/\/grupoican.com.br\/#\/schema\/logo\/image\/","url":"https:\/\/grupoican.com.br\/wp-content\/uploads\/2021\/09\/logo-icanbe.png","contentUrl":"https:\/\/grupoican.com.br\/wp-content\/uploads\/2021\/09\/logo-icanbe.png","width":1855,"height":1573,"caption":"GrupoIcan"},"image":{"@id":"https:\/\/grupoican.com.br\/#\/schema\/logo\/image\/"}}]}},"amp_enabled":true,"_links":{"self":[{"href":"https:\/\/grupoican.com.br\/es\/wp-json\/wp\/v2\/pages\/224","targetHints":{"allow":["GET"]}}],"collection":[{"href":"https:\/\/grupoican.com.br\/es\/wp-json\/wp\/v2\/pages"}],"about":[{"href":"https:\/\/grupoican.com.br\/es\/wp-json\/wp\/v2\/types\/page"}],"author":[{"embeddable":true,"href":"https:\/\/grupoican.com.br\/es\/wp-json\/wp\/v2\/users\/1"}],"replies":[{"embeddable":true,"href":"https:\/\/grupoican.com.br\/es\/wp-json\/wp\/v2\/comments?post=224"}],"version-history":[{"count":0,"href":"https:\/\/grupoican.com.br\/es\/wp-json\/wp\/v2\/pages\/224\/revisions"}],"wp:attachment":[{"href":"https:\/\/grupoican.com.br\/es\/wp-json\/wp\/v2\/media?parent=224"}],"curies":[{"name":"wp","href":"https:\/\/api.w.org\/{rel}","templated":true}]}}