{"id":237,"date":"2021-09-14T14:25:52","date_gmt":"2021-09-14T17:25:52","guid":{"rendered":"https:\/\/grupoican.com.br\/?page_id=237"},"modified":"2022-08-03T08:48:58","modified_gmt":"2022-08-03T11:48:58","slug":"direcionadores-estrategicos","status":"publish","type":"page","link":"https:\/\/grupoican.com.br\/es\/direcionadores-estrategicos\/","title":{"rendered":"Conductores Estrat\u00e9gicos"},"content":{"rendered":"<div data-elementor-type=\"wp-page\" data-elementor-id=\"237\" class=\"elementor elementor-237\" data-elementor-post-type=\"page\">\n\t\t\t\t\t\t<section class=\"elementor-section elementor-top-section elementor-element elementor-element-0a11763 elementor-section-boxed elementor-section-height-default elementor-section-height-default\" data-id=\"0a11763\" data-element_type=\"section\">\n\t\t\t\t\t\t<div class=\"elementor-container elementor-column-gap-default\">\n\t\t\t\t\t<div class=\"elementor-column elementor-col-100 elementor-top-column elementor-element elementor-element-8e1d343\" data-id=\"8e1d343\" data-element_type=\"column\">\n\t\t\t<div class=\"elementor-widget-wrap elementor-element-populated\">\n\t\t\t\t\t\t<div class=\"elementor-element elementor-element-5c4d60c elementor-widget elementor-widget-spacer\" data-id=\"5c4d60c\" data-element_type=\"widget\" data-widget_type=\"spacer.default\">\n\t\t\t\t<div class=\"elementor-widget-container\">\n\t\t\t\t\t\t\t<div class=\"elementor-spacer\">\n\t\t\t<div class=\"elementor-spacer-inner\"><\/div>\n\t\t<\/div>\n\t\t\t\t\t\t<\/div>\n\t\t\t\t<\/div>\n\t\t\t\t\t<\/div>\n\t\t<\/div>\n\t\t\t\t\t<\/div>\n\t\t<\/section>\n\t\t\t\t<section class=\"elementor-section elementor-top-section elementor-element elementor-element-963e460 elementor-section-boxed elementor-section-height-default elementor-section-height-default\" data-id=\"963e460\" data-element_type=\"section\" data-settings=\"{&quot;background_background&quot;:&quot;classic&quot;}\">\n\t\t\t\t\t\t<div class=\"elementor-container elementor-column-gap-default\">\n\t\t\t\t\t<div class=\"elementor-column elementor-col-100 elementor-top-column elementor-element elementor-element-8d1f228\" data-id=\"8d1f228\" data-element_type=\"column\">\n\t\t\t<div class=\"elementor-widget-wrap elementor-element-populated\">\n\t\t\t\t\t\t<div class=\"elementor-element elementor-element-9abbc90 elementor-invisible elementor-widget elementor-widget-heading\" data-id=\"9abbc90\" data-element_type=\"widget\" data-settings=\"{&quot;_animation&quot;:&quot;slideInRight&quot;}\" data-widget_type=\"heading.default\">\n\t\t\t\t<div class=\"elementor-widget-container\">\n\t\t\t\t\t<h2 class=\"elementor-heading-title elementor-size-default\">Conductores Estrat\u00e9gicos<\/h2>\t\t\t\t<\/div>\n\t\t\t\t<\/div>\n\t\t\t\t\t<\/div>\n\t\t<\/div>\n\t\t\t\t\t<\/div>\n\t\t<\/section>\n\t\t\t\t<section class=\"elementor-section elementor-top-section elementor-element elementor-element-642c419a elementor-section-boxed elementor-section-height-default elementor-section-height-default\" data-id=\"642c419a\" data-element_type=\"section\">\n\t\t\t\t\t\t<div class=\"elementor-container elementor-column-gap-default\">\n\t\t\t\t\t<div class=\"elementor-column elementor-col-100 elementor-top-column elementor-element elementor-element-5f99375a\" data-id=\"5f99375a\" data-element_type=\"column\">\n\t\t\t<div class=\"elementor-widget-wrap elementor-element-populated\">\n\t\t\t\t\t\t<div class=\"elementor-element elementor-element-6a8ca3cb elementor-widget elementor-widget-text-editor\" data-id=\"6a8ca3cb\" data-element_type=\"widget\" data-widget_type=\"text-editor.default\">\n\t\t\t\t<div class=\"elementor-widget-container\">\n\t\t\t\t\t\t\t\t\t\n<p><strong>Visi\u00f3n<\/strong><\/p>\n<p>Ser el \u00edcono de confianza y calidad en soluciones y servicios, convirti\u00e9ndonos en la mejor opci\u00f3n para clientes, socios, proveedores y profesionales en los segmentos donde actuamos.<\/p>\n<p><strong>Misi\u00f3n<\/strong><\/p>\n<p>Aportar, desarrollar o innovar lo mejor que ya existe en nuestros clientes. Entender sus demandas y as\u00ed ofrecer la soluci\u00f3n m\u00e1s adecuada, siempre con la calidad que demanda el mercado y con una inversi\u00f3n a la altura de las expectativas de ambas partes.<\/p>\n\n<p><strong>Valores<br \/><\/strong><\/p>\n\n<p>\u2981 Transparencia, Sinceridad, Idoneidad<br \/>\u2981 Respeto por los dem\u00e1s y la diversidad<br \/>\u2981 Trabajo en equipo<br \/>\u2981 Sostenibilidad<\/p>\n\t\t\t\t\t\t\t\t<\/div>\n\t\t\t\t<\/div>\n\t\t\t\t\t<\/div>\n\t\t<\/div>\n\t\t\t\t\t<\/div>\n\t\t<\/section>\n\t\t\t\t<\/div>","protected":false},"excerpt":{"rendered":"<p>Direcionadores Estrat\u00e9gicos Vis\u00e3o Ser o\u00a0\u00edcone\u00a0de confian\u00e7a e de qualidade em solu\u00e7\u00f5es e servi\u00e7os,\u00a0tornando-se a melhor op\u00e7\u00e3o\u00a0para clientes, parceiros, fornecedores e profissionais dos segmentos onde atuamos. Miss\u00e3o Contribuir, desenvolvendo ou inovando\u00a0o melhor que j\u00e1 existe em nossos clientes. Entender suas demandas e assim oferecer a solu\u00e7\u00e3o mais adequada, sempre com a qualidade que o mercado exige&hellip;&nbsp;<a href=\"https:\/\/grupoican.com.br\/es\/direcionadores-estrategicos\/\" rel=\"bookmark\">Read More &raquo;<span class=\"screen-reader-text\">Conductores Estrat\u00e9gicos<\/span><\/a><\/p>","protected":false},"author":1,"featured_media":0,"parent":0,"menu_order":0,"comment_status":"closed","ping_status":"open","template":"","meta":{"neve_meta_sidebar":"","neve_meta_container":"","neve_meta_enable_content_width":"","neve_meta_content_width":0,"neve_meta_title_alignment":"","neve_meta_author_avatar":"","neve_post_elements_order":"","neve_meta_disable_header":"","neve_meta_disable_footer":"","neve_meta_disable_title":"on","neve_meta_reading_time":"","_joinchat":[],"footnotes":""},"class_list":["post-237","page","type-page","status-publish","hentry"],"yoast_head":"<!-- This site is optimized with the Yoast SEO Premium plugin v22.5 (Yoast SEO v24.5) - https:\/\/yoast.com\/wordpress\/plugins\/seo\/ -->\n<title>Direcionadores Estrat\u00e9gicos - GrupoIcan<\/title>\n<meta name=\"robots\" content=\"index, follow, max-snippet:-1, max-image-preview:large, max-video-preview:-1\" \/>\n<link rel=\"canonical\" href=\"https:\/\/grupoican.com.br\/es\/direcionadores-estrategicos\/\" \/>\n<meta property=\"og:locale\" content=\"es_ES\" \/>\n<meta property=\"og:type\" content=\"article\" \/>\n<meta property=\"og:title\" content=\"Direcionadores Estrat\u00e9gicos\" \/>\n<meta property=\"og:description\" content=\"Direcionadores Estrat\u00e9gicos Vis\u00e3o Ser o\u00a0\u00edcone\u00a0de confian\u00e7a e de qualidade em solu\u00e7\u00f5es e servi\u00e7os,\u00a0tornando-se a melhor op\u00e7\u00e3o\u00a0para clientes, parceiros, fornecedores e profissionais dos segmentos onde atuamos. Miss\u00e3o Contribuir, desenvolvendo ou inovando\u00a0o melhor que j\u00e1 existe em nossos clientes. Entender suas demandas e assim oferecer a solu\u00e7\u00e3o mais adequada, sempre com a qualidade que o mercado exige&hellip;&nbsp;Read More &raquo;Direcionadores Estrat\u00e9gicos\" \/>\n<meta property=\"og:url\" content=\"https:\/\/grupoican.com.br\/es\/direcionadores-estrategicos\/\" \/>\n<meta property=\"og:site_name\" content=\"GrupoIcan\" \/>\n<meta property=\"article:modified_time\" content=\"2022-08-03T11:48:58+00:00\" \/>\n<meta name=\"twitter:card\" content=\"summary_large_image\" \/>\n<meta name=\"twitter:label1\" content=\"Tiempo de lectura\" \/>\n\t<meta name=\"twitter:data1\" content=\"1 minuto\" \/>\n<script type=\"application\/ld+json\" class=\"yoast-schema-graph\">{\"@context\":\"https:\/\/schema.org\",\"@graph\":[{\"@type\":\"WebPage\",\"@id\":\"https:\/\/grupoican.com.br\/direcionadores-estrategicos\/\",\"url\":\"https:\/\/grupoican.com.br\/direcionadores-estrategicos\/\",\"name\":\"Direcionadores Estrat\u00e9gicos - GrupoIcan\",\"isPartOf\":{\"@id\":\"https:\/\/grupoican.com.br\/#website\"},\"datePublished\":\"2021-09-14T17:25:52+00:00\",\"dateModified\":\"2022-08-03T11:48:58+00:00\",\"breadcrumb\":{\"@id\":\"https:\/\/grupoican.com.br\/direcionadores-estrategicos\/#breadcrumb\"},\"inLanguage\":\"es\",\"potentialAction\":[{\"@type\":\"ReadAction\",\"target\":[\"https:\/\/grupoican.com.br\/direcionadores-estrategicos\/\"]}]},{\"@type\":\"BreadcrumbList\",\"@id\":\"https:\/\/grupoican.com.br\/direcionadores-estrategicos\/#breadcrumb\",\"itemListElement\":[{\"@type\":\"ListItem\",\"position\":1,\"name\":\"In\u00edcio\",\"item\":\"https:\/\/grupoican.com.br\/\"},{\"@type\":\"ListItem\",\"position\":2,\"name\":\"Direcionadores Estrat\u00e9gicos\"}]},{\"@type\":\"WebSite\",\"@id\":\"https:\/\/grupoican.com.br\/#website\",\"url\":\"https:\/\/grupoican.com.br\/\",\"name\":\"GrupoIcan\",\"description\":\"Consultoria especializada em gest\u00e3o empresarial e \u00e1rea de petr\u00f3leo e g\u00e1s.\",\"publisher\":{\"@id\":\"https:\/\/grupoican.com.br\/#organization\"},\"potentialAction\":[{\"@type\":\"SearchAction\",\"target\":{\"@type\":\"EntryPoint\",\"urlTemplate\":\"https:\/\/grupoican.com.br\/?s={search_term_string}\"},\"query-input\":{\"@type\":\"PropertyValueSpecification\",\"valueRequired\":true,\"valueName\":\"search_term_string\"}}],\"inLanguage\":\"es\"},{\"@type\":\"Organization\",\"@id\":\"https:\/\/grupoican.com.br\/#organization\",\"name\":\"GrupoIcan\",\"url\":\"https:\/\/grupoican.com.br\/\",\"logo\":{\"@type\":\"ImageObject\",\"inLanguage\":\"es\",\"@id\":\"https:\/\/grupoican.com.br\/#\/schema\/logo\/image\/\",\"url\":\"https:\/\/grupoican.com.br\/wp-content\/uploads\/2021\/09\/logo-icanbe.png\",\"contentUrl\":\"https:\/\/grupoican.com.br\/wp-content\/uploads\/2021\/09\/logo-icanbe.png\",\"width\":1855,\"height\":1573,\"caption\":\"GrupoIcan\"},\"image\":{\"@id\":\"https:\/\/grupoican.com.br\/#\/schema\/logo\/image\/\"}}]}<\/script>\n<!-- \/ Yoast SEO Premium plugin. -->","yoast_head_json":{"title":"Direcionadores Estrat\u00e9gicos - GrupoIcan","robots":{"index":"index","follow":"follow","max-snippet":"max-snippet:-1","max-image-preview":"max-image-preview:large","max-video-preview":"max-video-preview:-1"},"canonical":"https:\/\/grupoican.com.br\/es\/direcionadores-estrategicos\/","og_locale":"es_ES","og_type":"article","og_title":"Direcionadores Estrat\u00e9gicos","og_description":"Direcionadores Estrat\u00e9gicos Vis\u00e3o Ser o\u00a0\u00edcone\u00a0de confian\u00e7a e de qualidade em solu\u00e7\u00f5es e servi\u00e7os,\u00a0tornando-se a melhor op\u00e7\u00e3o\u00a0para clientes, parceiros, fornecedores e profissionais dos segmentos onde atuamos. Miss\u00e3o Contribuir, desenvolvendo ou inovando\u00a0o melhor que j\u00e1 existe em nossos clientes. Entender suas demandas e assim oferecer a solu\u00e7\u00e3o mais adequada, sempre com a qualidade que o mercado exige&hellip;&nbsp;Read More &raquo;Direcionadores Estrat\u00e9gicos","og_url":"https:\/\/grupoican.com.br\/es\/direcionadores-estrategicos\/","og_site_name":"GrupoIcan","article_modified_time":"2022-08-03T11:48:58+00:00","twitter_card":"summary_large_image","twitter_misc":{"Tiempo de lectura":"1 minuto"},"schema":{"@context":"https:\/\/schema.org","@graph":[{"@type":"WebPage","@id":"https:\/\/grupoican.com.br\/direcionadores-estrategicos\/","url":"https:\/\/grupoican.com.br\/direcionadores-estrategicos\/","name":"Direcionadores Estrat\u00e9gicos - GrupoIcan","isPartOf":{"@id":"https:\/\/grupoican.com.br\/#website"},"datePublished":"2021-09-14T17:25:52+00:00","dateModified":"2022-08-03T11:48:58+00:00","breadcrumb":{"@id":"https:\/\/grupoican.com.br\/direcionadores-estrategicos\/#breadcrumb"},"inLanguage":"es","potentialAction":[{"@type":"ReadAction","target":["https:\/\/grupoican.com.br\/direcionadores-estrategicos\/"]}]},{"@type":"BreadcrumbList","@id":"https:\/\/grupoican.com.br\/direcionadores-estrategicos\/#breadcrumb","itemListElement":[{"@type":"ListItem","position":1,"name":"In\u00edcio","item":"https:\/\/grupoican.com.br\/"},{"@type":"ListItem","position":2,"name":"Direcionadores Estrat\u00e9gicos"}]},{"@type":"WebSite","@id":"https:\/\/grupoican.com.br\/#website","url":"https:\/\/grupoican.com.br\/","name":"GrupoIcan","description":"Consultoria especializada em gest\u00e3o empresarial e \u00e1rea de petr\u00f3leo e g\u00e1s.","publisher":{"@id":"https:\/\/grupoican.com.br\/#organization"},"potentialAction":[{"@type":"SearchAction","target":{"@type":"EntryPoint","urlTemplate":"https:\/\/grupoican.com.br\/?s={search_term_string}"},"query-input":{"@type":"PropertyValueSpecification","valueRequired":true,"valueName":"search_term_string"}}],"inLanguage":"es"},{"@type":"Organization","@id":"https:\/\/grupoican.com.br\/#organization","name":"GrupoIcan","url":"https:\/\/grupoican.com.br\/","logo":{"@type":"ImageObject","inLanguage":"es","@id":"https:\/\/grupoican.com.br\/#\/schema\/logo\/image\/","url":"https:\/\/grupoican.com.br\/wp-content\/uploads\/2021\/09\/logo-icanbe.png","contentUrl":"https:\/\/grupoican.com.br\/wp-content\/uploads\/2021\/09\/logo-icanbe.png","width":1855,"height":1573,"caption":"GrupoIcan"},"image":{"@id":"https:\/\/grupoican.com.br\/#\/schema\/logo\/image\/"}}]}},"amp_enabled":true,"_links":{"self":[{"href":"https:\/\/grupoican.com.br\/es\/wp-json\/wp\/v2\/pages\/237","targetHints":{"allow":["GET"]}}],"collection":[{"href":"https:\/\/grupoican.com.br\/es\/wp-json\/wp\/v2\/pages"}],"about":[{"href":"https:\/\/grupoican.com.br\/es\/wp-json\/wp\/v2\/types\/page"}],"author":[{"embeddable":true,"href":"https:\/\/grupoican.com.br\/es\/wp-json\/wp\/v2\/users\/1"}],"replies":[{"embeddable":true,"href":"https:\/\/grupoican.com.br\/es\/wp-json\/wp\/v2\/comments?post=237"}],"version-history":[{"count":0,"href":"https:\/\/grupoican.com.br\/es\/wp-json\/wp\/v2\/pages\/237\/revisions"}],"wp:attachment":[{"href":"https:\/\/grupoican.com.br\/es\/wp-json\/wp\/v2\/media?parent=237"}],"curies":[{"name":"wp","href":"https:\/\/api.w.org\/{rel}","templated":true}]}}