{"id":3051,"date":"2023-05-25T00:19:43","date_gmt":"2023-05-25T03:19:43","guid":{"rendered":"https:\/\/grupoican.com.br\/?page_id=3051"},"modified":"2023-05-25T00:40:24","modified_gmt":"2023-05-25T03:40:24","slug":"cursos","status":"publish","type":"page","link":"https:\/\/grupoican.com.br\/es\/cursos\/","title":{"rendered":"Cursos"},"content":{"rendered":"<div data-elementor-type=\"wp-page\" data-elementor-id=\"3051\" class=\"elementor elementor-3051\" data-elementor-post-type=\"page\">\n\t\t\t\t\t\t<section class=\"elementor-section elementor-top-section elementor-element elementor-element-124c40c elementor-section-boxed elementor-section-height-default elementor-section-height-default\" data-id=\"124c40c\" data-element_type=\"section\">\n\t\t\t\t\t\t<div class=\"elementor-container elementor-column-gap-default\">\n\t\t\t\t\t<div class=\"elementor-column elementor-col-100 elementor-top-column elementor-element elementor-element-d0120ac\" data-id=\"d0120ac\" data-element_type=\"column\">\n\t\t\t<div class=\"elementor-widget-wrap elementor-element-populated\">\n\t\t\t\t\t\t<div class=\"elementor-element elementor-element-e805059 elementor-widget elementor-widget-spacer\" data-id=\"e805059\" data-element_type=\"widget\" data-widget_type=\"spacer.default\">\n\t\t\t\t<div class=\"elementor-widget-container\">\n\t\t\t\t\t\t\t<div class=\"elementor-spacer\">\n\t\t\t<div class=\"elementor-spacer-inner\"><\/div>\n\t\t<\/div>\n\t\t\t\t\t\t<\/div>\n\t\t\t\t<\/div>\n\t\t\t\t\t<\/div>\n\t\t<\/div>\n\t\t\t\t\t<\/div>\n\t\t<\/section>\n\t\t\t\t<section class=\"elementor-section elementor-top-section elementor-element elementor-element-f84ae6a elementor-section-boxed elementor-section-height-default elementor-section-height-default\" data-id=\"f84ae6a\" data-element_type=\"section\">\n\t\t\t\t\t\t<div class=\"elementor-container elementor-column-gap-default\">\n\t\t\t\t\t<div class=\"elementor-column elementor-col-100 elementor-top-column elementor-element elementor-element-e7b7bab\" data-id=\"e7b7bab\" data-element_type=\"column\">\n\t\t\t<div class=\"elementor-widget-wrap elementor-element-populated\">\n\t\t\t\t\t\t<div class=\"elementor-element elementor-element-924895f elementor-invisible elementor-widget elementor-widget-heading\" data-id=\"924895f\" data-element_type=\"widget\" data-settings=\"{&quot;_animation&quot;:&quot;bounceInRight&quot;}\" data-widget_type=\"heading.default\">\n\t\t\t\t<div class=\"elementor-widget-container\">\n\t\t\t\t\t<h2 class=\"elementor-heading-title elementor-size-default\">Cursos <\/h2>\t\t\t\t<\/div>\n\t\t\t\t<\/div>\n\t\t\t\t\t<\/div>\n\t\t<\/div>\n\t\t\t\t\t<\/div>\n\t\t<\/section>\n\t\t\t\t<section class=\"elementor-section elementor-top-section elementor-element elementor-element-7190385 elementor-section-boxed elementor-section-height-default elementor-section-height-default\" data-id=\"7190385\" data-element_type=\"section\">\n\t\t\t\t\t\t<div class=\"elementor-container elementor-column-gap-default\">\n\t\t\t\t\t<div class=\"elementor-column elementor-col-100 elementor-top-column elementor-element elementor-element-ce79af4\" data-id=\"ce79af4\" data-element_type=\"column\">\n\t\t\t<div class=\"elementor-widget-wrap elementor-element-populated\">\n\t\t\t\t\t\t<div class=\"elementor-element elementor-element-512ce9e elementor-widget elementor-widget-text-editor\" data-id=\"512ce9e\" data-element_type=\"widget\" data-widget_type=\"text-editor.default\">\n\t\t\t\t<div class=\"elementor-widget-container\">\n\t\t\t\t\t\t\t\t\t<p>El Grupo Yo Puedo tambi\u00e9n opera en Cursos de Liderazgo y Gesti\u00f3n. Ofrecemos una variedad de programas especializados para mejorar sus habilidades y conocimientos en estas \u00e1reas esenciales. Si est\u00e1 buscando un desarrollo profesional de alto nivel y desea sobresalir como l\u00edder, nuestra selecci\u00f3n de cursos cuidadosamente dise\u00f1ada es perfecta para usted.<\/p>\n<p><b>Liderazgo y gesti\u00f3n:<\/b><\/p>\n<ul>\n<li>Liderazgo y Gesti\u00f3n en la pr\u00e1ctica<\/li>\n<li>QHSE y Seguridad de Procesos: Seminario para L\u00edderes<\/li>\n<li>QHSE y seguridad de procesos en la pr\u00e1ctica<\/li>\n<li>La importancia de la estandarizaci\u00f3n<\/li>\n<li>Taller de Mapeo de Procesos<\/li>\n<li>Implantaci\u00f3n de Sistema Integrado de Gesti\u00f3n (ISO 9001, ISO 14001, ISS 45001, ISO 31000)<\/li>\n<li>Auditor Interno Sistema Integrado de Gesti\u00f3n (ISO 19011)<\/li>\n<li>Implementaci\u00f3n de la Gesti\u00f3n del Cambio<\/li>\n<li>Estructuraci\u00f3n e implementaci\u00f3n del Comit\u00e9 de Crisis<\/li>\n<\/ul>\n<p>Indicadores de desempe\u00f1o:<\/p>\n<p><b>Herramientas administrativas:<\/b><\/p>\n<ul>\n<li>An\u00e1lisis Preliminar de Riesgos en la pr\u00e1ctica<\/li>\n<li>C\u00f3mo implementar, monitorear y mejorar:\n<ul>\n<li>Comprobaci\u00f3n del ciclo del patr\u00f3n (PCV)<\/li>\n<li>Inspecciones SMS<\/li>\n<li>\u00cdndice de Leyes de Seguros (IAS)<\/li>\n<li>Auditor\u00eda de comportamiento<\/li>\n<\/ul>\n<\/li>\n<\/ul>\n<p><b style=\"font-family: var( --e-global-typography-text-font-family ), Sans-serif; background-color: var(--nv-site-bg); font-size: var(--bodyfontsize); letter-spacing: var(--bodyletterspacing); text-transform: var(--bodytexttransform);\"><br><\/b><\/p><p><b style=\"font-family: var( --e-global-typography-text-font-family ), Sans-serif; background-color: var(--nv-site-bg); font-size: var(--bodyfontsize); letter-spacing: var(--bodyletterspacing); text-transform: var(--bodytexttransform);\">Gesti\u00f3n de contratos:<\/b><br><\/p>\n<ul>\n<li>Gesti\u00f3n y supervisi\u00f3n de contratos<\/li>\n<li>Negociaci\u00f3n<\/li>\n<\/ul>\n<div><br><\/div>\n<p><b>Manejo de mantenimiento:<\/b><\/p>\n<ul>\n<li>Planificaci\u00f3n y Control de Mantenimiento<\/li>\n<li>Planificaci\u00f3n y Control de Mantenimiento para Supervisores<\/li>\n<li>Planificaci\u00f3n y Control de Mantenimiento para Gerentes e Ingenieros<\/li>\n<li>Gesti\u00f3n de activos ISO 55001 para l\u00edderes e ingenieros<\/li>\n<\/ul>\n<p><br><\/p>\n<p>Nuestros cursos cubren una amplia gama de temas relevantes para l\u00edderes y gerentes exitosos. Tendr\u00e1 la oportunidad de profundizar en pr\u00e1cticas comprobadas, herramientas de gesti\u00f3n efectivas y estrategias de liderazgo impactantes. No importa d\u00f3nde se encuentre en su carrera, tenemos opciones que se adaptan a sus necesidades espec\u00edficas.<\/p>\n<p>\u00bfQuieres fortalecer tus habilidades de liderazgo y gesti\u00f3n en la pr\u00e1ctica? Nuestros cursos abordan problemas del mundo real y brindan conocimientos pr\u00e1cticos y orientaci\u00f3n experta. Aprender\u00e1 a liderar equipos con confianza, tomar decisiones estrat\u00e9gicas, implementar procesos eficientes y lograr resultados excepcionales.<\/p>\n<p>Adem\u00e1s, reconocemos la importancia de temas como Calidad, Salud, Seguridad y Medio Ambiente (QHSE), estandarizaci\u00f3n, gesti\u00f3n del cambio y mucho m\u00e1s. Nuestros cursos cubren estas \u00e1reas cr\u00edticas para que pueda perfeccionar su experiencia y estar preparado para los desaf\u00edos actuales y futuros.<\/p>\n<p>Nuestro equipo de instructores altamente calificados son profesionales experimentados apasionados por compartir sus conocimientos y guiar su crecimiento profesional. Est\u00e1n listos para ayudarlo a adquirir las habilidades que necesita para enfrentar los desaf\u00edos del mundo empresarial en constante cambio.<\/p>\n<p>Ya sea un l\u00edder en ascenso, un gerente experimentado o un profesional en busca de conocimientos actualizados, nuestros cursos le dar\u00e1n el impulso que necesita para avanzar en su carrera. Invierta en usted mismo y convi\u00e9rtase en un l\u00edder excepcionalmente efectivo y un gerente sobresaliente.<\/p>\t\t\t\t\t\t\t\t<\/div>\n\t\t\t\t<\/div>\n\t\t\t\t\t<\/div>\n\t\t<\/div>\n\t\t\t\t\t<\/div>\n\t\t<\/section>\n\t\t\t\t<section class=\"elementor-section elementor-top-section elementor-element elementor-element-efd7831 elementor-section-boxed elementor-section-height-default elementor-section-height-default\" data-id=\"efd7831\" data-element_type=\"section\">\n\t\t\t\t\t\t<div class=\"elementor-container elementor-column-gap-default\">\n\t\t\t\t\t<div class=\"elementor-column elementor-col-100 elementor-top-column elementor-element elementor-element-a65fdde\" data-id=\"a65fdde\" data-element_type=\"column\">\n\t\t\t<div class=\"elementor-widget-wrap elementor-element-populated\">\n\t\t\t\t\t\t<div class=\"elementor-element elementor-element-94b6bc5 elementor-widget elementor-widget-text-editor\" data-id=\"94b6bc5\" data-element_type=\"widget\" data-widget_type=\"text-editor.default\">\n\t\t\t\t<div class=\"elementor-widget-container\">\n\t\t\t\t\t\t\t\t\t<p>\u00bfListo para llevar su liderazgo y gesti\u00f3n a un nuevo nivel? \u00a1Cont\u00e1ctenos ahora para programar una reuni\u00f3n y dar el primer paso hacia su \u00e9xito! Esperamos poder ayudarle a alcanzar sus metas. Contacta con nosotros a trav\u00e9s de nuestra web o v\u00eda WhatsApp.<\/p>\t\t\t\t\t\t\t\t<\/div>\n\t\t\t\t<\/div>\n\t\t\t\t\t<\/div>\n\t\t<\/div>\n\t\t\t\t\t<\/div>\n\t\t<\/section>\n\t\t\t\t<section class=\"elementor-section elementor-top-section elementor-element elementor-element-26459d1 elementor-section-boxed elementor-section-height-default elementor-section-height-default\" data-id=\"26459d1\" data-element_type=\"section\">\n\t\t\t\t\t\t<div class=\"elementor-container elementor-column-gap-default\">\n\t\t\t\t\t<div class=\"elementor-column elementor-col-100 elementor-top-column elementor-element elementor-element-f245512\" data-id=\"f245512\" data-element_type=\"column\">\n\t\t\t<div class=\"elementor-widget-wrap elementor-element-populated\">\n\t\t\t\t\t\t<div class=\"elementor-element elementor-element-0b6d518 elementor-align-center elementor-widget elementor-widget-button\" data-id=\"0b6d518\" data-element_type=\"widget\" data-widget_type=\"button.default\">\n\t\t\t\t<div class=\"elementor-widget-container\">\n\t\t\t\t\t\t\t\t\t<div class=\"elementor-button-wrapper\">\n\t\t\t\t\t<a class=\"elementor-button elementor-button-link elementor-size-sm\" href=\"https:\/\/grupoican.com.br\/es\/agendar-reuniao\/\">\n\t\t\t\t\t\t<span class=\"elementor-button-content-wrapper\">\n\t\t\t\t\t\t\t\t\t<span class=\"elementor-button-text\">Programar una reuni\u00f3n en l\u00ednea<\/span>\n\t\t\t\t\t<\/span>\n\t\t\t\t\t<\/a>\n\t\t\t\t<\/div>\n\t\t\t\t\t\t\t\t<\/div>\n\t\t\t\t<\/div>\n\t\t\t\t\t<\/div>\n\t\t<\/div>\n\t\t\t\t\t<\/div>\n\t\t<\/section>\n\t\t\t\t<section class=\"elementor-section elementor-top-section elementor-element elementor-element-078d16a elementor-section-boxed elementor-section-height-default elementor-section-height-default\" data-id=\"078d16a\" data-element_type=\"section\">\n\t\t\t\t\t\t<div class=\"elementor-container elementor-column-gap-default\">\n\t\t\t\t\t<div class=\"elementor-column elementor-col-100 elementor-top-column elementor-element elementor-element-820627d\" data-id=\"820627d\" data-element_type=\"column\">\n\t\t\t<div class=\"elementor-widget-wrap elementor-element-populated\">\n\t\t\t\t\t\t<div class=\"elementor-element elementor-element-95cad80 elementor-widget elementor-widget-spacer\" data-id=\"95cad80\" data-element_type=\"widget\" data-widget_type=\"spacer.default\">\n\t\t\t\t<div class=\"elementor-widget-container\">\n\t\t\t\t\t\t\t<div class=\"elementor-spacer\">\n\t\t\t<div class=\"elementor-spacer-inner\"><\/div>\n\t\t<\/div>\n\t\t\t\t\t\t<\/div>\n\t\t\t\t<\/div>\n\t\t\t\t\t<\/div>\n\t\t<\/div>\n\t\t\t\t\t<\/div>\n\t\t<\/section>\n\t\t\t\t<\/div>","protected":false},"excerpt":{"rendered":"<p>Cursos O Grupo I Can tamb\u00e9m atua em&nbsp; Cursos de Lideran\u00e7a e Gest\u00e3o. Oferecemos uma variedade de programas especializados para aprimorar suas habilidades e conhecimentos nessas \u00e1reas essenciais. Se voc\u00ea est\u00e1 em busca de um desenvolvimento profissional de alto n\u00edvel e deseja se destacar como l\u00edder, nossa sele\u00e7\u00e3o cuidadosamente elaborada de cursos \u00e9 perfeita para&hellip;&nbsp;<a href=\"https:\/\/grupoican.com.br\/es\/cursos\/\" rel=\"bookmark\">Read More &raquo;<span class=\"screen-reader-text\">Cursos<\/span><\/a><\/p>","protected":false},"author":1,"featured_media":0,"parent":0,"menu_order":0,"comment_status":"closed","ping_status":"closed","template":"page-templates\/template-pagebuilder-full-width.php","meta":{"neve_meta_sidebar":"","neve_meta_container":"","neve_meta_enable_content_width":"","neve_meta_content_width":0,"neve_meta_title_alignment":"","neve_meta_author_avatar":"","neve_post_elements_order":"","neve_meta_disable_header":"","neve_meta_disable_footer":"","neve_meta_disable_title":"","neve_meta_reading_time":"","_joinchat":[],"footnotes":""},"class_list":["post-3051","page","type-page","status-publish","hentry"],"yoast_head":"<!-- This site is optimized with the Yoast SEO Premium plugin v22.5 (Yoast SEO v24.5) - https:\/\/yoast.com\/wordpress\/plugins\/seo\/ -->\n<title>Cursos - GrupoIcan<\/title>\n<meta name=\"robots\" content=\"index, follow, max-snippet:-1, max-image-preview:large, max-video-preview:-1\" \/>\n<link rel=\"canonical\" href=\"https:\/\/grupoican.com.br\/es\/cursos\/\" \/>\n<meta property=\"og:locale\" content=\"es_ES\" \/>\n<meta property=\"og:type\" content=\"article\" \/>\n<meta property=\"og:title\" content=\"Cursos\" \/>\n<meta property=\"og:description\" content=\"Cursos O Grupo I Can tamb\u00e9m atua em&nbsp; Cursos de Lideran\u00e7a e Gest\u00e3o. Oferecemos uma variedade de programas especializados para aprimorar suas habilidades e conhecimentos nessas \u00e1reas essenciais. Se voc\u00ea est\u00e1 em busca de um desenvolvimento profissional de alto n\u00edvel e deseja se destacar como l\u00edder, nossa sele\u00e7\u00e3o cuidadosamente elaborada de cursos \u00e9 perfeita para&hellip;&nbsp;Read More &raquo;Cursos\" \/>\n<meta property=\"og:url\" content=\"https:\/\/grupoican.com.br\/es\/cursos\/\" \/>\n<meta property=\"og:site_name\" content=\"GrupoIcan\" \/>\n<meta property=\"article:modified_time\" content=\"2023-05-25T03:40:24+00:00\" \/>\n<meta name=\"twitter:card\" content=\"summary_large_image\" \/>\n<meta name=\"twitter:label1\" content=\"Tiempo de lectura\" \/>\n\t<meta name=\"twitter:data1\" content=\"3 minutos\" \/>\n<script type=\"application\/ld+json\" class=\"yoast-schema-graph\">{\"@context\":\"https:\/\/schema.org\",\"@graph\":[{\"@type\":\"WebPage\",\"@id\":\"https:\/\/grupoican.com.br\/cursos\/\",\"url\":\"https:\/\/grupoican.com.br\/cursos\/\",\"name\":\"Cursos - GrupoIcan\",\"isPartOf\":{\"@id\":\"https:\/\/grupoican.com.br\/#website\"},\"datePublished\":\"2023-05-25T03:19:43+00:00\",\"dateModified\":\"2023-05-25T03:40:24+00:00\",\"breadcrumb\":{\"@id\":\"https:\/\/grupoican.com.br\/cursos\/#breadcrumb\"},\"inLanguage\":\"es\",\"potentialAction\":[{\"@type\":\"ReadAction\",\"target\":[\"https:\/\/grupoican.com.br\/cursos\/\"]}]},{\"@type\":\"BreadcrumbList\",\"@id\":\"https:\/\/grupoican.com.br\/cursos\/#breadcrumb\",\"itemListElement\":[{\"@type\":\"ListItem\",\"position\":1,\"name\":\"In\u00edcio\",\"item\":\"https:\/\/grupoican.com.br\/\"},{\"@type\":\"ListItem\",\"position\":2,\"name\":\"Cursos\"}]},{\"@type\":\"WebSite\",\"@id\":\"https:\/\/grupoican.com.br\/#website\",\"url\":\"https:\/\/grupoican.com.br\/\",\"name\":\"GrupoIcan\",\"description\":\"Consultoria especializada em gest\u00e3o empresarial e \u00e1rea de petr\u00f3leo e g\u00e1s.\",\"publisher\":{\"@id\":\"https:\/\/grupoican.com.br\/#organization\"},\"potentialAction\":[{\"@type\":\"SearchAction\",\"target\":{\"@type\":\"EntryPoint\",\"urlTemplate\":\"https:\/\/grupoican.com.br\/?s={search_term_string}\"},\"query-input\":{\"@type\":\"PropertyValueSpecification\",\"valueRequired\":true,\"valueName\":\"search_term_string\"}}],\"inLanguage\":\"es\"},{\"@type\":\"Organization\",\"@id\":\"https:\/\/grupoican.com.br\/#organization\",\"name\":\"GrupoIcan\",\"url\":\"https:\/\/grupoican.com.br\/\",\"logo\":{\"@type\":\"ImageObject\",\"inLanguage\":\"es\",\"@id\":\"https:\/\/grupoican.com.br\/#\/schema\/logo\/image\/\",\"url\":\"https:\/\/grupoican.com.br\/wp-content\/uploads\/2021\/09\/logo-icanbe.png\",\"contentUrl\":\"https:\/\/grupoican.com.br\/wp-content\/uploads\/2021\/09\/logo-icanbe.png\",\"width\":1855,\"height\":1573,\"caption\":\"GrupoIcan\"},\"image\":{\"@id\":\"https:\/\/grupoican.com.br\/#\/schema\/logo\/image\/\"}}]}<\/script>\n<!-- \/ Yoast SEO Premium plugin. -->","yoast_head_json":{"title":"Cursos - GrupoIcan","robots":{"index":"index","follow":"follow","max-snippet":"max-snippet:-1","max-image-preview":"max-image-preview:large","max-video-preview":"max-video-preview:-1"},"canonical":"https:\/\/grupoican.com.br\/es\/cursos\/","og_locale":"es_ES","og_type":"article","og_title":"Cursos","og_description":"Cursos O Grupo I Can tamb\u00e9m atua em&nbsp; Cursos de Lideran\u00e7a e Gest\u00e3o. Oferecemos uma variedade de programas especializados para aprimorar suas habilidades e conhecimentos nessas \u00e1reas essenciais. Se voc\u00ea est\u00e1 em busca de um desenvolvimento profissional de alto n\u00edvel e deseja se destacar como l\u00edder, nossa sele\u00e7\u00e3o cuidadosamente elaborada de cursos \u00e9 perfeita para&hellip;&nbsp;Read More &raquo;Cursos","og_url":"https:\/\/grupoican.com.br\/es\/cursos\/","og_site_name":"GrupoIcan","article_modified_time":"2023-05-25T03:40:24+00:00","twitter_card":"summary_large_image","twitter_misc":{"Tiempo de lectura":"3 minutos"},"schema":{"@context":"https:\/\/schema.org","@graph":[{"@type":"WebPage","@id":"https:\/\/grupoican.com.br\/cursos\/","url":"https:\/\/grupoican.com.br\/cursos\/","name":"Cursos - GrupoIcan","isPartOf":{"@id":"https:\/\/grupoican.com.br\/#website"},"datePublished":"2023-05-25T03:19:43+00:00","dateModified":"2023-05-25T03:40:24+00:00","breadcrumb":{"@id":"https:\/\/grupoican.com.br\/cursos\/#breadcrumb"},"inLanguage":"es","potentialAction":[{"@type":"ReadAction","target":["https:\/\/grupoican.com.br\/cursos\/"]}]},{"@type":"BreadcrumbList","@id":"https:\/\/grupoican.com.br\/cursos\/#breadcrumb","itemListElement":[{"@type":"ListItem","position":1,"name":"In\u00edcio","item":"https:\/\/grupoican.com.br\/"},{"@type":"ListItem","position":2,"name":"Cursos"}]},{"@type":"WebSite","@id":"https:\/\/grupoican.com.br\/#website","url":"https:\/\/grupoican.com.br\/","name":"GrupoIcan","description":"Consultoria especializada em gest\u00e3o empresarial e \u00e1rea de petr\u00f3leo e g\u00e1s.","publisher":{"@id":"https:\/\/grupoican.com.br\/#organization"},"potentialAction":[{"@type":"SearchAction","target":{"@type":"EntryPoint","urlTemplate":"https:\/\/grupoican.com.br\/?s={search_term_string}"},"query-input":{"@type":"PropertyValueSpecification","valueRequired":true,"valueName":"search_term_string"}}],"inLanguage":"es"},{"@type":"Organization","@id":"https:\/\/grupoican.com.br\/#organization","name":"GrupoIcan","url":"https:\/\/grupoican.com.br\/","logo":{"@type":"ImageObject","inLanguage":"es","@id":"https:\/\/grupoican.com.br\/#\/schema\/logo\/image\/","url":"https:\/\/grupoican.com.br\/wp-content\/uploads\/2021\/09\/logo-icanbe.png","contentUrl":"https:\/\/grupoican.com.br\/wp-content\/uploads\/2021\/09\/logo-icanbe.png","width":1855,"height":1573,"caption":"GrupoIcan"},"image":{"@id":"https:\/\/grupoican.com.br\/#\/schema\/logo\/image\/"}}]}},"amp_enabled":true,"_links":{"self":[{"href":"https:\/\/grupoican.com.br\/es\/wp-json\/wp\/v2\/pages\/3051","targetHints":{"allow":["GET"]}}],"collection":[{"href":"https:\/\/grupoican.com.br\/es\/wp-json\/wp\/v2\/pages"}],"about":[{"href":"https:\/\/grupoican.com.br\/es\/wp-json\/wp\/v2\/types\/page"}],"author":[{"embeddable":true,"href":"https:\/\/grupoican.com.br\/es\/wp-json\/wp\/v2\/users\/1"}],"replies":[{"embeddable":true,"href":"https:\/\/grupoican.com.br\/es\/wp-json\/wp\/v2\/comments?post=3051"}],"version-history":[{"count":19,"href":"https:\/\/grupoican.com.br\/es\/wp-json\/wp\/v2\/pages\/3051\/revisions"}],"predecessor-version":[{"id":3072,"href":"https:\/\/grupoican.com.br\/es\/wp-json\/wp\/v2\/pages\/3051\/revisions\/3072"}],"wp:attachment":[{"href":"https:\/\/grupoican.com.br\/es\/wp-json\/wp\/v2\/media?parent=3051"}],"curies":[{"name":"wp","href":"https:\/\/api.w.org\/{rel}","templated":true}]}}