{"id":967,"date":"2021-11-30T10:19:10","date_gmt":"2021-11-30T13:19:10","guid":{"rendered":"https:\/\/grupoican.com.br\/?page_id=967"},"modified":"2022-03-21T20:37:11","modified_gmt":"2022-03-21T23:37:11","slug":"consultoria-em-ti-desenvolvimento-de-sistemas-e-sites","status":"publish","type":"page","link":"https:\/\/grupoican.com.br\/es\/consultoria-em-ti-desenvolvimento-de-sistemas-e-sites\/","title":{"rendered":"Consultoria em TI &#8211; Desenvolvimento de Sistemas e Sites"},"content":{"rendered":"<div data-elementor-type=\"wp-page\" data-elementor-id=\"967\" class=\"elementor elementor-967\" data-elementor-post-type=\"page\">\n\t\t\t\t\t\t<section class=\"elementor-section elementor-top-section elementor-element elementor-element-3870227 elementor-section-boxed elementor-section-height-default elementor-section-height-default\" data-id=\"3870227\" data-element_type=\"section\">\n\t\t\t\t\t\t<div class=\"elementor-container elementor-column-gap-default\">\n\t\t\t\t\t<div class=\"elementor-column elementor-col-100 elementor-top-column elementor-element elementor-element-eacbf45\" data-id=\"eacbf45\" data-element_type=\"column\">\n\t\t\t<div class=\"elementor-widget-wrap elementor-element-populated\">\n\t\t\t\t\t\t<div class=\"elementor-element elementor-element-0f11d94 elementor-widget elementor-widget-spacer\" data-id=\"0f11d94\" data-element_type=\"widget\" data-widget_type=\"spacer.default\">\n\t\t\t\t<div class=\"elementor-widget-container\">\n\t\t\t\t\t\t\t<div class=\"elementor-spacer\">\n\t\t\t<div class=\"elementor-spacer-inner\"><\/div>\n\t\t<\/div>\n\t\t\t\t\t\t<\/div>\n\t\t\t\t<\/div>\n\t\t\t\t\t<\/div>\n\t\t<\/div>\n\t\t\t\t\t<\/div>\n\t\t<\/section>\n\t\t\t\t<section class=\"elementor-section elementor-top-section elementor-element elementor-element-fb43755 elementor-section-boxed elementor-section-height-default elementor-section-height-default elementor-invisible\" data-id=\"fb43755\" data-element_type=\"section\" data-settings=\"{&quot;animation&quot;:&quot;slideInRight&quot;}\">\n\t\t\t\t\t\t<div class=\"elementor-container elementor-column-gap-default\">\n\t\t\t\t\t<div class=\"elementor-column elementor-col-100 elementor-top-column elementor-element elementor-element-8b4329d\" data-id=\"8b4329d\" data-element_type=\"column\">\n\t\t\t<div class=\"elementor-widget-wrap elementor-element-populated\">\n\t\t\t\t\t\t<div class=\"elementor-element elementor-element-d061a74 elementor-invisible elementor-widget elementor-widget-heading\" data-id=\"d061a74\" data-element_type=\"widget\" data-settings=\"{&quot;_animation&quot;:&quot;slideInRight&quot;}\" data-widget_type=\"heading.default\">\n\t\t\t\t<div class=\"elementor-widget-container\">\n\t\t\t\t\t<h2 class=\"elementor-heading-title elementor-size-default\">Consultor\u00eda TI - Desarrollo de Sistemas y Sitios Web <\/h2>\t\t\t\t<\/div>\n\t\t\t\t<\/div>\n\t\t\t\t\t<\/div>\n\t\t<\/div>\n\t\t\t\t\t<\/div>\n\t\t<\/section>\n\t\t\t\t<section class=\"elementor-section elementor-top-section elementor-element elementor-element-3c24789b elementor-section-boxed elementor-section-height-default elementor-section-height-default\" data-id=\"3c24789b\" data-element_type=\"section\">\n\t\t\t\t\t\t<div class=\"elementor-container elementor-column-gap-default\">\n\t\t\t\t\t<div class=\"elementor-column elementor-col-100 elementor-top-column elementor-element elementor-element-5fff4b59\" data-id=\"5fff4b59\" data-element_type=\"column\">\n\t\t\t<div class=\"elementor-widget-wrap elementor-element-populated\">\n\t\t\t\t\t\t<div class=\"elementor-element elementor-element-567e0830 elementor-invisible elementor-widget elementor-widget-text-editor\" data-id=\"567e0830\" data-element_type=\"widget\" data-settings=\"{&quot;_animation&quot;:&quot;fadeIn&quot;}\" data-widget_type=\"text-editor.default\">\n\t\t\t\t<div class=\"elementor-widget-container\">\n\t\t\t\t\t\t\t\t\t<p><strong>consultor\u00eda de TI<\/strong><\/p>\n<p>Cuente con un conjunto de servicios t\u00e9cnicos de alto nivel enfocados en soluciones de TI, ofrecidos por un equipo de consultor\u00eda con amplia experiencia.<\/p>\n<p><strong>Software personalizado<\/strong><\/p>\n<p>Contamos con un equipo capaz de mapear los procesos de cualquier \u00e1rea de negocio, desarrollando as\u00ed software a la medida con mayor precisi\u00f3n y objetividad, aumentando el nivel de excelencia de la empresa.<\/p>\n<p><strong>Aplicaciones web<\/strong><\/p>\n<p>Las Aplicaciones Web permiten la automatizaci\u00f3n de diferentes procesos de negocio y la centralizaci\u00f3n de toda la informaci\u00f3n, a la que se puede acceder de forma segura y privada desde cualquier ordenador o smartphone conectado a Internet.<\/p>\n<p><strong>Marketing digital<\/strong><\/p>\n<p>Somos especialistas en Marketing Digital, utilizamos planes y estrategias a trav\u00e9s del medio digital para incrementar la presencia de tu marca en Internet, aumentando as\u00ed la venta de tus productos o servicios.<\/p>\n<p><strong>Creaci\u00f3n de sitios web<\/strong><\/p>\n<p>Creaci\u00f3n de sitios web personalizados y responsivos que se adaptan autom\u00e1ticamente a diferentes tipos de pantallas. Contamos con varios tipos de paquetes que se ajustan al perfil de su empresa.<\/p>\t\t\t\t\t\t\t\t<\/div>\n\t\t\t\t<\/div>\n\t\t\t\t\t<\/div>\n\t\t<\/div>\n\t\t\t\t\t<\/div>\n\t\t<\/section>\n\t\t\t\t<\/div>","protected":false},"excerpt":{"rendered":"<p>Consultoria em TI \u2013 Desenvolvimento de Sistemas e Sites Consultoria em TI Conte com um conjunto de servi\u00e7os de alto n\u00edvel t\u00e9cnico focado em solu\u00e7\u00f5es de TI, oferecidos por uma equipe de consultoria com larga experi\u00eancia. Softwares sob Medida Temos uma equipe capaz de mapear os processos de qualquer \u00e1rea de neg\u00f3cio, desenvolvendo assim um&hellip;&nbsp;<a href=\"https:\/\/grupoican.com.br\/es\/consultoria-em-ti-desenvolvimento-de-sistemas-e-sites\/\" rel=\"bookmark\">Read More &raquo;<span class=\"screen-reader-text\">Consultoria em TI &#8211; Desenvolvimento de Sistemas e Sites<\/span><\/a><\/p>","protected":false},"author":1,"featured_media":0,"parent":0,"menu_order":0,"comment_status":"closed","ping_status":"closed","template":"","meta":{"neve_meta_sidebar":"","neve_meta_container":"","neve_meta_enable_content_width":"","neve_meta_content_width":0,"neve_meta_title_alignment":"","neve_meta_author_avatar":"","neve_post_elements_order":"","neve_meta_disable_header":"","neve_meta_disable_footer":"","neve_meta_disable_title":"on","neve_meta_reading_time":"","_joinchat":[],"footnotes":""},"class_list":["post-967","page","type-page","status-publish","hentry"],"yoast_head":"<!-- This site is optimized with the Yoast SEO Premium plugin v22.5 (Yoast SEO v24.5) - https:\/\/yoast.com\/wordpress\/plugins\/seo\/ -->\n<title>Consultoria em TI - Desenvolvimento de Sistemas e Sites - GrupoIcan<\/title>\n<meta name=\"robots\" content=\"index, follow, max-snippet:-1, max-image-preview:large, max-video-preview:-1\" \/>\n<link rel=\"canonical\" href=\"https:\/\/grupoican.com.br\/es\/consultoria-em-ti-desenvolvimento-de-sistemas-e-sites\/\" \/>\n<meta property=\"og:locale\" content=\"es_ES\" \/>\n<meta property=\"og:type\" content=\"article\" \/>\n<meta property=\"og:title\" content=\"Consultoria em TI - Desenvolvimento de Sistemas e Sites\" \/>\n<meta property=\"og:description\" content=\"Consultoria em TI \u2013 Desenvolvimento de Sistemas e Sites Consultoria em TI Conte com um conjunto de servi\u00e7os de alto n\u00edvel t\u00e9cnico focado em solu\u00e7\u00f5es de TI, oferecidos por uma equipe de consultoria com larga experi\u00eancia. Softwares sob Medida Temos uma equipe capaz de mapear os processos de qualquer \u00e1rea de neg\u00f3cio, desenvolvendo assim um&hellip;&nbsp;Read More &raquo;Consultoria em TI &#8211; Desenvolvimento de Sistemas e Sites\" \/>\n<meta property=\"og:url\" content=\"https:\/\/grupoican.com.br\/es\/consultoria-em-ti-desenvolvimento-de-sistemas-e-sites\/\" \/>\n<meta property=\"og:site_name\" content=\"GrupoIcan\" \/>\n<meta property=\"article:modified_time\" content=\"2022-03-21T23:37:11+00:00\" \/>\n<meta name=\"twitter:card\" content=\"summary_large_image\" \/>\n<meta name=\"twitter:label1\" content=\"Tiempo de lectura\" \/>\n\t<meta name=\"twitter:data1\" content=\"1 minuto\" \/>\n<script type=\"application\/ld+json\" class=\"yoast-schema-graph\">{\"@context\":\"https:\/\/schema.org\",\"@graph\":[{\"@type\":\"WebPage\",\"@id\":\"https:\/\/grupoican.com.br\/consultoria-em-ti-desenvolvimento-de-sistemas-e-sites\/\",\"url\":\"https:\/\/grupoican.com.br\/consultoria-em-ti-desenvolvimento-de-sistemas-e-sites\/\",\"name\":\"Consultoria em TI - Desenvolvimento de Sistemas e Sites - GrupoIcan\",\"isPartOf\":{\"@id\":\"https:\/\/grupoican.com.br\/#website\"},\"datePublished\":\"2021-11-30T13:19:10+00:00\",\"dateModified\":\"2022-03-21T23:37:11+00:00\",\"breadcrumb\":{\"@id\":\"https:\/\/grupoican.com.br\/consultoria-em-ti-desenvolvimento-de-sistemas-e-sites\/#breadcrumb\"},\"inLanguage\":\"es\",\"potentialAction\":[{\"@type\":\"ReadAction\",\"target\":[\"https:\/\/grupoican.com.br\/consultoria-em-ti-desenvolvimento-de-sistemas-e-sites\/\"]}]},{\"@type\":\"BreadcrumbList\",\"@id\":\"https:\/\/grupoican.com.br\/consultoria-em-ti-desenvolvimento-de-sistemas-e-sites\/#breadcrumb\",\"itemListElement\":[{\"@type\":\"ListItem\",\"position\":1,\"name\":\"In\u00edcio\",\"item\":\"https:\/\/grupoican.com.br\/\"},{\"@type\":\"ListItem\",\"position\":2,\"name\":\"Consultoria em TI &#8211; Desenvolvimento de Sistemas e Sites\"}]},{\"@type\":\"WebSite\",\"@id\":\"https:\/\/grupoican.com.br\/#website\",\"url\":\"https:\/\/grupoican.com.br\/\",\"name\":\"GrupoIcan\",\"description\":\"Consultoria especializada em gest\u00e3o empresarial e \u00e1rea de petr\u00f3leo e g\u00e1s.\",\"publisher\":{\"@id\":\"https:\/\/grupoican.com.br\/#organization\"},\"potentialAction\":[{\"@type\":\"SearchAction\",\"target\":{\"@type\":\"EntryPoint\",\"urlTemplate\":\"https:\/\/grupoican.com.br\/?s={search_term_string}\"},\"query-input\":{\"@type\":\"PropertyValueSpecification\",\"valueRequired\":true,\"valueName\":\"search_term_string\"}}],\"inLanguage\":\"es\"},{\"@type\":\"Organization\",\"@id\":\"https:\/\/grupoican.com.br\/#organization\",\"name\":\"GrupoIcan\",\"url\":\"https:\/\/grupoican.com.br\/\",\"logo\":{\"@type\":\"ImageObject\",\"inLanguage\":\"es\",\"@id\":\"https:\/\/grupoican.com.br\/#\/schema\/logo\/image\/\",\"url\":\"https:\/\/grupoican.com.br\/wp-content\/uploads\/2021\/09\/logo-icanbe.png\",\"contentUrl\":\"https:\/\/grupoican.com.br\/wp-content\/uploads\/2021\/09\/logo-icanbe.png\",\"width\":1855,\"height\":1573,\"caption\":\"GrupoIcan\"},\"image\":{\"@id\":\"https:\/\/grupoican.com.br\/#\/schema\/logo\/image\/\"}}]}<\/script>\n<!-- \/ Yoast SEO Premium plugin. -->","yoast_head_json":{"title":"Consultoria em TI - Desenvolvimento de Sistemas e Sites - GrupoIcan","robots":{"index":"index","follow":"follow","max-snippet":"max-snippet:-1","max-image-preview":"max-image-preview:large","max-video-preview":"max-video-preview:-1"},"canonical":"https:\/\/grupoican.com.br\/es\/consultoria-em-ti-desenvolvimento-de-sistemas-e-sites\/","og_locale":"es_ES","og_type":"article","og_title":"Consultoria em TI - Desenvolvimento de Sistemas e Sites","og_description":"Consultoria em TI \u2013 Desenvolvimento de Sistemas e Sites Consultoria em TI Conte com um conjunto de servi\u00e7os de alto n\u00edvel t\u00e9cnico focado em solu\u00e7\u00f5es de TI, oferecidos por uma equipe de consultoria com larga experi\u00eancia. Softwares sob Medida Temos uma equipe capaz de mapear os processos de qualquer \u00e1rea de neg\u00f3cio, desenvolvendo assim um&hellip;&nbsp;Read More &raquo;Consultoria em TI &#8211; Desenvolvimento de Sistemas e Sites","og_url":"https:\/\/grupoican.com.br\/es\/consultoria-em-ti-desenvolvimento-de-sistemas-e-sites\/","og_site_name":"GrupoIcan","article_modified_time":"2022-03-21T23:37:11+00:00","twitter_card":"summary_large_image","twitter_misc":{"Tiempo de lectura":"1 minuto"},"schema":{"@context":"https:\/\/schema.org","@graph":[{"@type":"WebPage","@id":"https:\/\/grupoican.com.br\/consultoria-em-ti-desenvolvimento-de-sistemas-e-sites\/","url":"https:\/\/grupoican.com.br\/consultoria-em-ti-desenvolvimento-de-sistemas-e-sites\/","name":"Consultoria em TI - Desenvolvimento de Sistemas e Sites - GrupoIcan","isPartOf":{"@id":"https:\/\/grupoican.com.br\/#website"},"datePublished":"2021-11-30T13:19:10+00:00","dateModified":"2022-03-21T23:37:11+00:00","breadcrumb":{"@id":"https:\/\/grupoican.com.br\/consultoria-em-ti-desenvolvimento-de-sistemas-e-sites\/#breadcrumb"},"inLanguage":"es","potentialAction":[{"@type":"ReadAction","target":["https:\/\/grupoican.com.br\/consultoria-em-ti-desenvolvimento-de-sistemas-e-sites\/"]}]},{"@type":"BreadcrumbList","@id":"https:\/\/grupoican.com.br\/consultoria-em-ti-desenvolvimento-de-sistemas-e-sites\/#breadcrumb","itemListElement":[{"@type":"ListItem","position":1,"name":"In\u00edcio","item":"https:\/\/grupoican.com.br\/"},{"@type":"ListItem","position":2,"name":"Consultoria em TI &#8211; Desenvolvimento de Sistemas e Sites"}]},{"@type":"WebSite","@id":"https:\/\/grupoican.com.br\/#website","url":"https:\/\/grupoican.com.br\/","name":"GrupoIcan","description":"Consultoria especializada em gest\u00e3o empresarial e \u00e1rea de petr\u00f3leo e g\u00e1s.","publisher":{"@id":"https:\/\/grupoican.com.br\/#organization"},"potentialAction":[{"@type":"SearchAction","target":{"@type":"EntryPoint","urlTemplate":"https:\/\/grupoican.com.br\/?s={search_term_string}"},"query-input":{"@type":"PropertyValueSpecification","valueRequired":true,"valueName":"search_term_string"}}],"inLanguage":"es"},{"@type":"Organization","@id":"https:\/\/grupoican.com.br\/#organization","name":"GrupoIcan","url":"https:\/\/grupoican.com.br\/","logo":{"@type":"ImageObject","inLanguage":"es","@id":"https:\/\/grupoican.com.br\/#\/schema\/logo\/image\/","url":"https:\/\/grupoican.com.br\/wp-content\/uploads\/2021\/09\/logo-icanbe.png","contentUrl":"https:\/\/grupoican.com.br\/wp-content\/uploads\/2021\/09\/logo-icanbe.png","width":1855,"height":1573,"caption":"GrupoIcan"},"image":{"@id":"https:\/\/grupoican.com.br\/#\/schema\/logo\/image\/"}}]}},"amp_enabled":true,"_links":{"self":[{"href":"https:\/\/grupoican.com.br\/es\/wp-json\/wp\/v2\/pages\/967","targetHints":{"allow":["GET"]}}],"collection":[{"href":"https:\/\/grupoican.com.br\/es\/wp-json\/wp\/v2\/pages"}],"about":[{"href":"https:\/\/grupoican.com.br\/es\/wp-json\/wp\/v2\/types\/page"}],"author":[{"embeddable":true,"href":"https:\/\/grupoican.com.br\/es\/wp-json\/wp\/v2\/users\/1"}],"replies":[{"embeddable":true,"href":"https:\/\/grupoican.com.br\/es\/wp-json\/wp\/v2\/comments?post=967"}],"version-history":[{"count":0,"href":"https:\/\/grupoican.com.br\/es\/wp-json\/wp\/v2\/pages\/967\/revisions"}],"wp:attachment":[{"href":"https:\/\/grupoican.com.br\/es\/wp-json\/wp\/v2\/media?parent=967"}],"curies":[{"name":"wp","href":"https:\/\/api.w.org\/{rel}","templated":true}]}}