{"id":2168,"date":"2022-08-06T11:11:38","date_gmt":"2022-08-06T14:11:38","guid":{"rendered":"https:\/\/grupoican.com.br\/?page_id=2168"},"modified":"2022-08-06T11:13:54","modified_gmt":"2022-08-06T14:13:54","slug":"qual-e-a-norma-iso-9001","status":"publish","type":"page","link":"https:\/\/grupoican.com.br\/fr\/qual-e-a-norma-iso-9001\/","title":{"rendered":"Qu&#039;est-ce que la norme ISO 9001 ?"},"content":{"rendered":"<div data-elementor-type=\"wp-page\" data-elementor-id=\"2168\" class=\"elementor elementor-2168\" data-elementor-post-type=\"page\">\n\t\t\t\t\t\t<section class=\"elementor-section elementor-top-section elementor-element elementor-element-6c8e80a0 elementor-section-boxed elementor-section-height-default elementor-section-height-default\" data-id=\"6c8e80a0\" data-element_type=\"section\">\n\t\t\t\t\t\t<div class=\"elementor-container elementor-column-gap-default\">\n\t\t\t\t\t<div class=\"elementor-column elementor-col-100 elementor-top-column elementor-element elementor-element-4a6e62ed\" data-id=\"4a6e62ed\" data-element_type=\"column\">\n\t\t\t<div class=\"elementor-widget-wrap elementor-element-populated\">\n\t\t\t\t\t\t<div class=\"elementor-element elementor-element-426f3ada elementor-widget elementor-widget-text-editor\" data-id=\"426f3ada\" data-element_type=\"widget\" data-widget_type=\"text-editor.default\">\n\t\t\t\t<div class=\"elementor-widget-container\">\n\t\t\t\t\t\t\t\t\t\n<p>ISO 9001 est un syst\u00e8me de gestion visant \u00e0 assurer l&#039;optimisation des processus, une plus grande agilit\u00e9 dans le d\u00e9veloppement des produits et une production plus agile afin de satisfaire les clients et d&#039;atteindre un succ\u00e8s durable.<\/p>\n\n\n\n<p>Le syst\u00e8me de gestion de la qualit\u00e9 (SMQ) fonctionne comme un instrument pour aider le responsable \u00e0 trouver et \u00e0 corriger les processus inefficaces au sein de l&#039;organisation. De plus, c&#039;est une fa\u00e7on de documenter la culture de l&#039;organisation, permettant \u00e0 l&#039;entreprise de se d\u00e9velopper tout en maintenant la qualit\u00e9 des biens et services fournis.<\/p>\n\n\n\n<p>&quot;ISO 9001 est un syst\u00e8me de management de la qualit\u00e9 con\u00e7u pour que les entreprises am\u00e9liorent leurs performances.&quot;<\/p>\n\n\n\n<p>Parce qu&#039;il s&#039;agit d&#039;un syst\u00e8me international cr\u00e9\u00e9 par l&#039;ISO (Organisation internationale de normalisation), qui est une organisation fond\u00e9e en 1946 et dont le si\u00e8ge est \u00e0 Gen\u00e8ve, en Suisse, dans le but de d\u00e9velopper et de promouvoir des normes pouvant \u00eatre utilis\u00e9es par tous les pays du monde, il est un outil qui peut \u00eatre adopt\u00e9 par n&#039;importe quelle entreprise, quelle que soit sa taille, et c&#039;est pourquoi il s&#039;agit de la norme la plus connue adopt\u00e9e dans le monde par des entreprises prosp\u00e8res.<\/p>\n\n\n\n<p>Qu&#039;est-ce que la norme ISO 9001<\/p>\n\t\t\t\t\t\t\t\t<\/div>\n\t\t\t\t<\/div>\n\t\t\t\t\t<\/div>\n\t\t<\/div>\n\t\t\t\t\t<\/div>\n\t\t<\/section>\n\t\t\t\t<\/div>","protected":false},"excerpt":{"rendered":"<p>A ISO 9001 \u00e9 um sistema de gest\u00e3o com o intuito de garantir a otimiza\u00e7\u00e3o de processos, maior agilidade no desenvolvimento de produtos e produ\u00e7\u00e3o mais \u00e1gil a fim de satisfazer os clientes e alcan\u00e7ar o sucesso sustentado. O Sistema de Gest\u00e3o da Qualidade (SGQ) funciona como um instrumento para ajudar o gestor a encontrar&hellip;&nbsp;<a href=\"https:\/\/grupoican.com.br\/fr\/qual-e-a-norma-iso-9001\/\" rel=\"bookmark\">Read More &raquo;<span class=\"screen-reader-text\">Qu&#039;est-ce que la norme ISO 9001 ?<\/span><\/a><\/p>","protected":false},"author":1,"featured_media":0,"parent":0,"menu_order":0,"comment_status":"closed","ping_status":"closed","template":"","meta":{"neve_meta_sidebar":"","neve_meta_container":"","neve_meta_enable_content_width":"","neve_meta_content_width":0,"neve_meta_title_alignment":"","neve_meta_author_avatar":"","neve_post_elements_order":"","neve_meta_disable_header":"","neve_meta_disable_footer":"","neve_meta_disable_title":"","neve_meta_reading_time":"","_joinchat":[],"footnotes":""},"class_list":["post-2168","page","type-page","status-publish","hentry"],"yoast_head":"<!-- This site is optimized with the Yoast SEO Premium plugin v22.5 (Yoast SEO v24.5) - https:\/\/yoast.com\/wordpress\/plugins\/seo\/ -->\n<title>Qual \u00e9 a norma ISO 9001? \u3010Melhor Resposta\u3011<\/title>\n<meta name=\"description\" content=\"Qual \u00e9 a norma ISO 9001? O que a sua empresa ganha com isso? Saiba tudo sobre a norma ISO 9001. \u3010CLIQUE AQUI\u3011\" \/>\n<meta name=\"robots\" content=\"index, follow, max-snippet:-1, max-image-preview:large, max-video-preview:-1\" \/>\n<link rel=\"canonical\" href=\"https:\/\/grupoican.com.br\/fr\/qual-e-a-norma-iso-9001\/\" \/>\n<meta property=\"og:locale\" content=\"fr_FR\" \/>\n<meta property=\"og:type\" content=\"article\" \/>\n<meta property=\"og:title\" content=\"Qual \u00e9 a norma ISO 9001?\" \/>\n<meta property=\"og:description\" content=\"Qual \u00e9 a norma ISO 9001? O que a sua empresa ganha com isso? Saiba tudo sobre a norma ISO 9001. \u3010CLIQUE AQUI\u3011\" \/>\n<meta property=\"og:url\" content=\"https:\/\/grupoican.com.br\/fr\/qual-e-a-norma-iso-9001\/\" \/>\n<meta property=\"og:site_name\" content=\"GrupoIcan\" \/>\n<meta property=\"article:modified_time\" content=\"2022-08-06T14:13:54+00:00\" \/>\n<meta name=\"twitter:card\" content=\"summary_large_image\" \/>\n<meta name=\"twitter:label1\" content=\"Dur\u00e9e de lecture estim\u00e9e\" \/>\n\t<meta name=\"twitter:data1\" content=\"2 minutes\" \/>\n<script type=\"application\/ld+json\" class=\"yoast-schema-graph\">{\"@context\":\"https:\/\/schema.org\",\"@graph\":[{\"@type\":\"WebPage\",\"@id\":\"https:\/\/grupoican.com.br\/qual-e-a-norma-iso-9001\/\",\"url\":\"https:\/\/grupoican.com.br\/qual-e-a-norma-iso-9001\/\",\"name\":\"Qual \u00e9 a norma ISO 9001? \u3010Melhor Resposta\u3011\",\"isPartOf\":{\"@id\":\"https:\/\/grupoican.com.br\/#website\"},\"datePublished\":\"2022-08-06T14:11:38+00:00\",\"dateModified\":\"2022-08-06T14:13:54+00:00\",\"description\":\"Qual \u00e9 a norma ISO 9001? O que a sua empresa ganha com isso? Saiba tudo sobre a norma ISO 9001. \u3010CLIQUE AQUI\u3011\",\"breadcrumb\":{\"@id\":\"https:\/\/grupoican.com.br\/qual-e-a-norma-iso-9001\/#breadcrumb\"},\"inLanguage\":\"fr-FR\",\"potentialAction\":[{\"@type\":\"ReadAction\",\"target\":[\"https:\/\/grupoican.com.br\/qual-e-a-norma-iso-9001\/\"]}]},{\"@type\":\"BreadcrumbList\",\"@id\":\"https:\/\/grupoican.com.br\/qual-e-a-norma-iso-9001\/#breadcrumb\",\"itemListElement\":[{\"@type\":\"ListItem\",\"position\":1,\"name\":\"In\u00edcio\",\"item\":\"https:\/\/grupoican.com.br\/\"},{\"@type\":\"ListItem\",\"position\":2,\"name\":\"Qual \u00e9 a norma ISO 9001?\"}]},{\"@type\":\"WebSite\",\"@id\":\"https:\/\/grupoican.com.br\/#website\",\"url\":\"https:\/\/grupoican.com.br\/\",\"name\":\"GrupoIcan\",\"description\":\"Consultoria especializada em gest\u00e3o empresarial e \u00e1rea de petr\u00f3leo e g\u00e1s.\",\"publisher\":{\"@id\":\"https:\/\/grupoican.com.br\/#organization\"},\"potentialAction\":[{\"@type\":\"SearchAction\",\"target\":{\"@type\":\"EntryPoint\",\"urlTemplate\":\"https:\/\/grupoican.com.br\/?s={search_term_string}\"},\"query-input\":{\"@type\":\"PropertyValueSpecification\",\"valueRequired\":true,\"valueName\":\"search_term_string\"}}],\"inLanguage\":\"fr-FR\"},{\"@type\":\"Organization\",\"@id\":\"https:\/\/grupoican.com.br\/#organization\",\"name\":\"GrupoIcan\",\"url\":\"https:\/\/grupoican.com.br\/\",\"logo\":{\"@type\":\"ImageObject\",\"inLanguage\":\"fr-FR\",\"@id\":\"https:\/\/grupoican.com.br\/#\/schema\/logo\/image\/\",\"url\":\"https:\/\/grupoican.com.br\/wp-content\/uploads\/2021\/09\/logo-icanbe.png\",\"contentUrl\":\"https:\/\/grupoican.com.br\/wp-content\/uploads\/2021\/09\/logo-icanbe.png\",\"width\":1855,\"height\":1573,\"caption\":\"GrupoIcan\"},\"image\":{\"@id\":\"https:\/\/grupoican.com.br\/#\/schema\/logo\/image\/\"}}]}<\/script>\n<!-- \/ Yoast SEO Premium plugin. -->","yoast_head_json":{"title":"Qual \u00e9 a norma ISO 9001? \u3010Melhor Resposta\u3011","description":"Qual \u00e9 a norma ISO 9001? O que a sua empresa ganha com isso? Saiba tudo sobre a norma ISO 9001. \u3010CLIQUE AQUI\u3011","robots":{"index":"index","follow":"follow","max-snippet":"max-snippet:-1","max-image-preview":"max-image-preview:large","max-video-preview":"max-video-preview:-1"},"canonical":"https:\/\/grupoican.com.br\/fr\/qual-e-a-norma-iso-9001\/","og_locale":"fr_FR","og_type":"article","og_title":"Qual \u00e9 a norma ISO 9001?","og_description":"Qual \u00e9 a norma ISO 9001? O que a sua empresa ganha com isso? Saiba tudo sobre a norma ISO 9001. \u3010CLIQUE AQUI\u3011","og_url":"https:\/\/grupoican.com.br\/fr\/qual-e-a-norma-iso-9001\/","og_site_name":"GrupoIcan","article_modified_time":"2022-08-06T14:13:54+00:00","twitter_card":"summary_large_image","twitter_misc":{"Dur\u00e9e de lecture estim\u00e9e":"2 minutes"},"schema":{"@context":"https:\/\/schema.org","@graph":[{"@type":"WebPage","@id":"https:\/\/grupoican.com.br\/qual-e-a-norma-iso-9001\/","url":"https:\/\/grupoican.com.br\/qual-e-a-norma-iso-9001\/","name":"Qual \u00e9 a norma ISO 9001? \u3010Melhor Resposta\u3011","isPartOf":{"@id":"https:\/\/grupoican.com.br\/#website"},"datePublished":"2022-08-06T14:11:38+00:00","dateModified":"2022-08-06T14:13:54+00:00","description":"Qual \u00e9 a norma ISO 9001? O que a sua empresa ganha com isso? Saiba tudo sobre a norma ISO 9001. \u3010CLIQUE AQUI\u3011","breadcrumb":{"@id":"https:\/\/grupoican.com.br\/qual-e-a-norma-iso-9001\/#breadcrumb"},"inLanguage":"fr-FR","potentialAction":[{"@type":"ReadAction","target":["https:\/\/grupoican.com.br\/qual-e-a-norma-iso-9001\/"]}]},{"@type":"BreadcrumbList","@id":"https:\/\/grupoican.com.br\/qual-e-a-norma-iso-9001\/#breadcrumb","itemListElement":[{"@type":"ListItem","position":1,"name":"In\u00edcio","item":"https:\/\/grupoican.com.br\/"},{"@type":"ListItem","position":2,"name":"Qual \u00e9 a norma ISO 9001?"}]},{"@type":"WebSite","@id":"https:\/\/grupoican.com.br\/#website","url":"https:\/\/grupoican.com.br\/","name":"GrupoIcan","description":"Consultoria especializada em gest\u00e3o empresarial e \u00e1rea de petr\u00f3leo e g\u00e1s.","publisher":{"@id":"https:\/\/grupoican.com.br\/#organization"},"potentialAction":[{"@type":"SearchAction","target":{"@type":"EntryPoint","urlTemplate":"https:\/\/grupoican.com.br\/?s={search_term_string}"},"query-input":{"@type":"PropertyValueSpecification","valueRequired":true,"valueName":"search_term_string"}}],"inLanguage":"fr-FR"},{"@type":"Organization","@id":"https:\/\/grupoican.com.br\/#organization","name":"GrupoIcan","url":"https:\/\/grupoican.com.br\/","logo":{"@type":"ImageObject","inLanguage":"fr-FR","@id":"https:\/\/grupoican.com.br\/#\/schema\/logo\/image\/","url":"https:\/\/grupoican.com.br\/wp-content\/uploads\/2021\/09\/logo-icanbe.png","contentUrl":"https:\/\/grupoican.com.br\/wp-content\/uploads\/2021\/09\/logo-icanbe.png","width":1855,"height":1573,"caption":"GrupoIcan"},"image":{"@id":"https:\/\/grupoican.com.br\/#\/schema\/logo\/image\/"}}]}},"amp_enabled":true,"_links":{"self":[{"href":"https:\/\/grupoican.com.br\/fr\/wp-json\/wp\/v2\/pages\/2168","targetHints":{"allow":["GET"]}}],"collection":[{"href":"https:\/\/grupoican.com.br\/fr\/wp-json\/wp\/v2\/pages"}],"about":[{"href":"https:\/\/grupoican.com.br\/fr\/wp-json\/wp\/v2\/types\/page"}],"author":[{"embeddable":true,"href":"https:\/\/grupoican.com.br\/fr\/wp-json\/wp\/v2\/users\/1"}],"replies":[{"embeddable":true,"href":"https:\/\/grupoican.com.br\/fr\/wp-json\/wp\/v2\/comments?post=2168"}],"version-history":[{"count":0,"href":"https:\/\/grupoican.com.br\/fr\/wp-json\/wp\/v2\/pages\/2168\/revisions"}],"wp:attachment":[{"href":"https:\/\/grupoican.com.br\/fr\/wp-json\/wp\/v2\/media?parent=2168"}],"curies":[{"name":"wp","href":"https:\/\/api.w.org\/{rel}","templated":true}]}}