{"id":224,"date":"2021-09-14T14:07:08","date_gmt":"2021-09-14T17:07:08","guid":{"rendered":"https:\/\/grupoican.com.br\/?page_id=224"},"modified":"2022-08-04T11:56:06","modified_gmt":"2022-08-04T14:56:06","slug":"politica-de-gestao-e-de-anticorrupcao","status":"publish","type":"page","link":"https:\/\/grupoican.com.br\/fr\/politica-de-gestao-e-de-anticorrupcao\/","title":{"rendered":"Politique de gestion et de lutte contre la corruption"},"content":{"rendered":"<div data-elementor-type=\"wp-page\" data-elementor-id=\"224\" class=\"elementor elementor-224\" data-elementor-post-type=\"page\">\n\t\t\t\t\t\t<section class=\"elementor-section elementor-top-section elementor-element elementor-element-6cd3c01 elementor-section-boxed elementor-section-height-default elementor-section-height-default\" data-id=\"6cd3c01\" data-element_type=\"section\">\n\t\t\t\t\t\t<div class=\"elementor-container elementor-column-gap-default\">\n\t\t\t\t\t<div class=\"elementor-column elementor-col-100 elementor-top-column elementor-element elementor-element-0fc18fd\" data-id=\"0fc18fd\" data-element_type=\"column\">\n\t\t\t<div class=\"elementor-widget-wrap elementor-element-populated\">\n\t\t\t\t\t\t<div class=\"elementor-element elementor-element-5bfbb39 elementor-widget elementor-widget-spacer\" data-id=\"5bfbb39\" data-element_type=\"widget\" data-widget_type=\"spacer.default\">\n\t\t\t\t<div class=\"elementor-widget-container\">\n\t\t\t\t\t\t\t<div class=\"elementor-spacer\">\n\t\t\t<div class=\"elementor-spacer-inner\"><\/div>\n\t\t<\/div>\n\t\t\t\t\t\t<\/div>\n\t\t\t\t<\/div>\n\t\t\t\t\t<\/div>\n\t\t<\/div>\n\t\t\t\t\t<\/div>\n\t\t<\/section>\n\t\t\t\t<section class=\"elementor-section elementor-top-section elementor-element elementor-element-3ba320e elementor-section-boxed elementor-section-height-default elementor-section-height-default\" data-id=\"3ba320e\" data-element_type=\"section\" data-settings=\"{&quot;background_background&quot;:&quot;classic&quot;}\">\n\t\t\t\t\t\t<div class=\"elementor-container elementor-column-gap-default\">\n\t\t\t\t\t<div class=\"elementor-column elementor-col-100 elementor-top-column elementor-element elementor-element-eff47bb\" data-id=\"eff47bb\" data-element_type=\"column\">\n\t\t\t<div class=\"elementor-widget-wrap elementor-element-populated\">\n\t\t\t\t\t\t<div class=\"elementor-element elementor-element-8f59a0b elementor-invisible elementor-widget elementor-widget-heading\" data-id=\"8f59a0b\" data-element_type=\"widget\" data-settings=\"{&quot;_animation&quot;:&quot;slideInRight&quot;}\" data-widget_type=\"heading.default\">\n\t\t\t\t<div class=\"elementor-widget-container\">\n\t\t\t\t\t<h2 class=\"elementor-heading-title elementor-size-default\">Politique de gestion et de lutte contre la corruption<\/h2>\t\t\t\t<\/div>\n\t\t\t\t<\/div>\n\t\t\t\t<div class=\"elementor-element elementor-element-20a4350 elementor-invisible elementor-widget elementor-widget-heading\" data-id=\"20a4350\" data-element_type=\"widget\" data-settings=\"{&quot;_animation&quot;:&quot;slideInRight&quot;}\" data-widget_type=\"heading.default\">\n\t\t\t\t<div class=\"elementor-widget-container\">\n\t\t\t\t\t<h4 class=\"elementor-heading-title elementor-size-default\">Organigramme revue A, 26.08.2021<\/h4>\t\t\t\t<\/div>\n\t\t\t\t<\/div>\n\t\t\t\t\t<\/div>\n\t\t<\/div>\n\t\t\t\t\t<\/div>\n\t\t<\/section>\n\t\t\t\t<section class=\"elementor-section elementor-top-section elementor-element elementor-element-32844799 elementor-section-boxed elementor-section-height-default elementor-section-height-default\" data-id=\"32844799\" data-element_type=\"section\">\n\t\t\t\t\t\t<div class=\"elementor-container elementor-column-gap-default\">\n\t\t\t\t\t<div class=\"elementor-column elementor-col-100 elementor-top-column elementor-element elementor-element-6455ac9a\" data-id=\"6455ac9a\" data-element_type=\"column\">\n\t\t\t<div class=\"elementor-widget-wrap elementor-element-populated\">\n\t\t\t\t\t\t<div class=\"elementor-element elementor-element-44199e27 elementor-widget elementor-widget-text-editor\" data-id=\"44199e27\" data-element_type=\"widget\" data-widget_type=\"text-editor.default\">\n\t\t\t\t<div class=\"elementor-widget-container\">\n\t\t\t\t\t\t\t\t\t<p><\/p>\n<p>Le groupe I Can op\u00e9rant au Br\u00e9sil dans le recrutement et la s\u00e9lection de personnes,<br>d\u00e9veloppement de projets et conseil aux entreprises, dans la fourniture de ces services,<br>une Politique de Management (Qualit\u00e9, S\u00e9curit\u00e9, Environnement, Sant\u00e9, Responsabilit\u00e9<br>et Anti-Corruption), avec les axes suivants :<\/p>\n<p><strong>Qualit\u00e9:<\/strong><\/p>\n<p>\u2022 Notre \u00e9quipe comprend que les clients sont notre raison d&#039;\u00eatre ;<\/p>\n<p>\u2022 Nous nous engageons \u00e0 d\u00e9passer les attentes des clients, bien au-del\u00e0 de ce qui a \u00e9t\u00e9<br>convenu dans le contrat\u00a0;<\/p>\n<p>\u2022 Nous pratiquons des prix inf\u00e9rieurs au march\u00e9 ;<\/p>\n<p>\u2022 Nous pr\u00e9servons la s\u00e9curit\u00e9 des informations et des donn\u00e9es ; \u2022 Nous respectons strictement les d\u00e9lais de livraison ;<\/p>\n<p>\u2022 Nous travaillons pour am\u00e9liorer les processus, le syst\u00e8me et la gestion et dans la relation avec<br>parties int\u00e9ress\u00e9es\u00a0;<\/p>\n<p>\u2022 Nous d\u00e9livrons un Certificat de Responsabilit\u00e9 Technique pour les travaux effectu\u00e9s et<br>nous appliquons les lois pertinentes\u00a0;<\/p>\n<p>\u2022 Nous garantissons l&#039;assistance technique conform\u00e9ment au contrat avec le client ;<\/p>\n<p>\u2022 Nous promouvons une mentalit\u00e9 de risque, visant la mise en place d&#039;actions de pr\u00e9vention<br>des anomalies potentielles et de leurs effets.<\/p>\n<p><\/p>\n<p><b>S\u00e9curit\u00e9, Environnement et Sant\u00e9 :<\/b><\/p>\n<p>\u2022 Nous nous engageons \u00e0 prot\u00e9ger l&#039;environnement et \u00e0 pr\u00e9venir la pollution,<br>valoriser les pratiques positives de durabilit\u00e9 des ressources et de protection des<br>biodiversit\u00e9 et \u00e9cosyst\u00e8mes;<\/p>\n<p>\u2022 Nous syst\u00e9matisons les initiatives pour ma\u00eetriser les \u00e9ventuels impacts environnementaux de nos<br>activit\u00e9s administratives;<\/p>\n<p>\u2022 Nous nous conformons aux politiques de gestion des clients et des fournisseurs lorsque notre \u00e9quipe<br>op\u00e8re dans ses installations\u00a0;<\/p>\n<p>\u2022 Nous nous soucions de la pr\u00e9vention des accidents et de la sant\u00e9 des personnes, offrant<br>programmes de sensibilisation, formation, mise \u00e0 disposition des ressources n\u00e9cessaires \u00e0 la<br>sant\u00e9 et s\u00e9curit\u00e9 des employ\u00e9s;<\/p>\n<p>\u2022 Nous respectons les exigences l\u00e9gales et autres exigences li\u00e9es aux aspects<br>risques pour l&#039;environnement, la sant\u00e9 et la s\u00e9curit\u00e9.<\/p>\n<p><\/p>\n<p><b>Responsabilit\u00e9 sociale :<\/b><\/p>\n<p>\u2022 Nous nous engageons \u00e0 respecter les politiques des clients et les conditions de responsabilit\u00e9 et<br>fournisseurs et autres parties prenantes li\u00e9es \u00e0 la responsabilit\u00e9 sociale\u00a0;<\/p>\n<p>\u2022 Nous nous engageons \u00e0 contribuer \u00e0 la r\u00e9alisation des 10 principes du Pacte<br>mondial, \u00e0 savoir\u00a0:<\/p>\n<p><\/p>\n<ol class=\"wp-block-list\">\n<li>Les entreprises doivent soutenir et respecter la protection des droits humains reconnus<br>internationalement;<\/li>\n<li>S&#039;assurer de votre non-participation aux violations de ces droits ;<\/li>\n<li>Les entreprises doivent soutenir la libert\u00e9 d&#039;association et la reconnaissance effective de la<br>droit de n\u00e9gociation collective;<\/li>\n<li>L&#039;\u00e9limination de toutes les formes de travail forc\u00e9 ou obligatoire;<\/li>\n<li>L&#039;abolition effective du travail des enfants;<\/li>\n<li>\u00c9liminer la discrimination dans l&#039;emploi;<\/li>\n<li>Les entreprises doivent soutenir une approche de pr\u00e9caution face aux d\u00e9fis environnementaux ;<\/li>\n<li>D\u00e9velopper des initiatives pour promouvoir une plus grande responsabilit\u00e9 environnementale;<\/li>\n<li>Encourager le d\u00e9veloppement et la diffusion de technologies respectueuses de l&#039;environnement\u00a0;<\/li>\n<li>Les entreprises doivent lutter contre la corruption sous toutes ses formes, y compris l&#039;extorsion<br>et rebond.<\/li>\n<\/ol>\n<p><\/p>\n<p><strong>Anti-corruption\u00a0:<\/strong><\/p>\n<p><\/p>\n<p><b>C&#039;est interdit:<\/b><\/p>\n<p>\u2022 Offrir, donner ou recevoir des cadeaux, cadeaux, marques d&#039;hospitalit\u00e9, avantage indu, tout type de paiement,<br>avantage ou pot-de-vin \u00e0 toute partie int\u00e9ress\u00e9e (y compris une autorit\u00e9 gouvernementale ou \u00e9trang\u00e8re), pour<br>obtenir ou conserver des affaires ou tout avantage commercial\u00a0;<\/p>\n<p>\u2022 Il a \u00e9t\u00e9 prouv\u00e9 qu&#039;il finance, finance ou parraine ou subventionne de quelque mani\u00e8re que ce soit la pratique d&#039;actes<br>actes illicites, y compris dans le cadre d&#039;appels d&#039;offres publics et de contrats ou en utilisant un interm\u00e9diaire, un particulier ou<br>l\u00e9gitimes pour cacher ou d\u00e9guiser leurs int\u00e9r\u00eats r\u00e9els ou l&#039;identit\u00e9 des b\u00e9n\u00e9ficiaires des actes accomplis\u00a0;<\/p>\n<p>\u2022 Emp\u00eacher, frauder, entraver, perturber le processus d&#039;appel d&#039;offres public ou le contrat\u00a0;<\/p>\n<p>\u2022 Pour entraver l&#039;activit\u00e9 d&#039;enqu\u00eate ou d&#039;inspection d&#039;organismes, d&#039;entit\u00e9s ou d&#039;agents publics, ou pour intervenir dans leur<br>activit\u00e9s, y compris dans le cadre des agences de r\u00e9gulation et des organes de surveillance du syst\u00e8me financier<br>nationale.<\/p>\n<p><\/p>\n<p><b>C&#039;est permis:<\/b><\/p>\n<p>\u2022 Recevoir la courtoisie des clients, fournisseurs et autres parties int\u00e9ress\u00e9es, telles que : caf\u00e9, jus, d\u00e9jeuner,<br>d\u00eener, \u00e0 condition qu&#039;il ne soit jamais r\u00e9gulier et permanent.<\/p>\n<p>\u2022 Faire un don et\/ou une contribution \u00e0 des \u0153uvres caritatives, des programmes sociaux ou des partis politiques de<br>lorsqu&#039;ils sont approuv\u00e9s par la haute direction et conform\u00e9ment \u00e0 la l\u00e9gislation.<\/p>\n<p><\/p>\n<p><strong>Nous allons garder:<\/strong><\/p>\n<p>\u2022 Canaux de communication permettant d&#039;envoyer des r\u00e9clamations \u2013 contato@grupoican.com.br et num\u00e9ros de t\u00e9l\u00e9phone sur le site Web<br>de la soci\u00e9t\u00e9 www.grupoican.com.br\u00a0;<\/p>\n<p>\u2022 Politique de gestion des ressources humaines, code de conduite \u00e9thique et proc\u00e9dures disciplinaires et politique de s\u00e9curit\u00e9 de<br>Information et protection des donn\u00e9es appliqu\u00e9es \u00e0 nos employ\u00e9s et parties prenantes\u00a0;<\/p>\n<p>\u2022 Suivi des processus et due diligence appropri\u00e9e avec les parties int\u00e9ress\u00e9es.<\/p>\n<p><\/p>\n<p><strong>Approbation et divulgation de la Politique\u00a0: <\/strong><\/p>\n<p>\u2022 Cette politique a \u00e9t\u00e9 approuv\u00e9e lors d&#039;une r\u00e9union extraordinaire de la direction g\u00e9n\u00e9rale le jour<br>14.08.2021.<br>Divulgation:<\/p>\n<p>\u2022 Site Web de la soci\u00e9t\u00e9 www.grupoican.com.br\u00a0;<\/p>\n<p>\u2022 Pour les employ\u00e9s nouvellement embauch\u00e9s lors de la Conf\u00e9rence Atmosph\u00e8re;<\/p>\n<p>\u2022 Pour les parties int\u00e9ress\u00e9es lors de la tenue de r\u00e9unions, \u00e9v\u00e9nements.<\/p>\n<p><\/p>\n<p><b>Documents de r\u00e9f\u00e9rence ou compl\u00e9mentaires :<\/b><\/p>\n<p>\u2022 Loi n\u00b0 12\u00a0846\/2013 - Loi anti-corruption<\/p>\n<p>\u2022 D\u00e9cret 8 420\/2015 - D\u00e9cret r\u00e9glementant la loi anti-corruption<\/p>\n<p>\u2022 Loi n\u00b0 13\u00a0709\/2018 - LGPD<\/p>\n<p>\u2022 Groupe I can Politique RH<\/p>\n<p>\u2022 Politique de s\u00e9curit\u00e9 de l&#039;information et de protection des donn\u00e9es<\/p>\n<p>\u2022 Groupe I can SGI Manual<\/p>\n<p>\u2022 Manuel financier et administratif du groupe I can<\/p>\n<p>\u2022 Groupe I can \u2013 PG 21 Contr\u00f4le des produits non conformes, action corrective<\/p>\n<p>\u2022 Groupe I can - PG 22 - Audits<\/p>\n<p><\/p>\n<p><b>Ensemble, nous pouvons faire plus!<\/b><\/p>\n<p><\/p>\n<p>Tereza Soares<br>PDG Groupe I CAN<br>Connaissances accumul\u00e9es depuis 1940.<br>Entreprise cr\u00e9\u00e9e en 2014.<\/p>\n<p><\/p>\t\t\t\t\t\t\t\t<\/div>\n\t\t\t\t<\/div>\n\t\t\t\t\t<\/div>\n\t\t<\/div>\n\t\t\t\t\t<\/div>\n\t\t<\/section>\n\t\t\t\t<\/div>","protected":false},"excerpt":{"rendered":"<p>Pol\u00edtica de Gest\u00e3o e de Anticorrup\u00e7\u00e3o Organograma revis\u00e3o A, 26.08.2021 O Grupo I Can atuando no Brasil no neg\u00f3cio de recrutamento e sele\u00e7\u00e3o de pessoas,desenvolvimento de projetos e consultoria empresarial, na presta\u00e7\u00e3o desses servi\u00e7os mant\u00e9muma Pol\u00edtica de Gest\u00e3o (Qualidade, Seguran\u00e7a, Meio Ambiente, Sa\u00fade, ResponsabilidadeSocial e Anticorrup\u00e7\u00e3o), com os seguintes focos: Qualidade: \u2022 Nossa equipe compreende&hellip;&nbsp;<a href=\"https:\/\/grupoican.com.br\/fr\/politica-de-gestao-e-de-anticorrupcao\/\" rel=\"bookmark\">Read More &raquo;<span class=\"screen-reader-text\">Politique de gestion et de lutte contre la corruption<\/span><\/a><\/p>","protected":false},"author":1,"featured_media":0,"parent":0,"menu_order":0,"comment_status":"closed","ping_status":"open","template":"","meta":{"neve_meta_sidebar":"","neve_meta_container":"","neve_meta_enable_content_width":"","neve_meta_content_width":0,"neve_meta_title_alignment":"","neve_meta_author_avatar":"","neve_post_elements_order":"","neve_meta_disable_header":"","neve_meta_disable_footer":"","neve_meta_disable_title":"on","neve_meta_reading_time":"","_joinchat":[],"footnotes":""},"class_list":["post-224","page","type-page","status-publish","hentry"],"yoast_head":"<!-- This site is optimized with the Yoast SEO Premium plugin v22.5 (Yoast SEO v24.5) - https:\/\/yoast.com\/wordpress\/plugins\/seo\/ -->\n<title>Pol\u00edtica de Gest\u00e3o e de Anticorrup\u00e7\u00e3o - GrupoIcan<\/title>\n<meta name=\"robots\" content=\"index, follow, max-snippet:-1, max-image-preview:large, max-video-preview:-1\" \/>\n<link rel=\"canonical\" href=\"https:\/\/grupoican.com.br\/fr\/politica-de-gestao-e-de-anticorrupcao\/\" \/>\n<meta property=\"og:locale\" content=\"fr_FR\" \/>\n<meta property=\"og:type\" content=\"article\" \/>\n<meta property=\"og:title\" content=\"Pol\u00edtica de Gest\u00e3o e de Anticorrup\u00e7\u00e3o\" \/>\n<meta property=\"og:description\" content=\"Pol\u00edtica de Gest\u00e3o e de Anticorrup\u00e7\u00e3o Organograma revis\u00e3o A, 26.08.2021 O Grupo I Can atuando no Brasil no neg\u00f3cio de recrutamento e sele\u00e7\u00e3o de pessoas,desenvolvimento de projetos e consultoria empresarial, na presta\u00e7\u00e3o desses servi\u00e7os mant\u00e9muma Pol\u00edtica de Gest\u00e3o (Qualidade, Seguran\u00e7a, Meio Ambiente, Sa\u00fade, ResponsabilidadeSocial e Anticorrup\u00e7\u00e3o), com os seguintes focos: Qualidade: \u2022 Nossa equipe compreende&hellip;&nbsp;Read More &raquo;Pol\u00edtica de Gest\u00e3o e de Anticorrup\u00e7\u00e3o\" \/>\n<meta property=\"og:url\" content=\"https:\/\/grupoican.com.br\/fr\/politica-de-gestao-e-de-anticorrupcao\/\" \/>\n<meta property=\"og:site_name\" content=\"GrupoIcan\" \/>\n<meta property=\"article:modified_time\" content=\"2022-08-04T14:56:06+00:00\" \/>\n<meta name=\"twitter:card\" content=\"summary_large_image\" \/>\n<meta name=\"twitter:label1\" content=\"Dur\u00e9e de lecture estim\u00e9e\" \/>\n\t<meta name=\"twitter:data1\" content=\"5 minutes\" \/>\n<script type=\"application\/ld+json\" class=\"yoast-schema-graph\">{\"@context\":\"https:\/\/schema.org\",\"@graph\":[{\"@type\":\"WebPage\",\"@id\":\"https:\/\/grupoican.com.br\/politica-de-gestao-e-de-anticorrupcao\/\",\"url\":\"https:\/\/grupoican.com.br\/politica-de-gestao-e-de-anticorrupcao\/\",\"name\":\"Pol\u00edtica de Gest\u00e3o e de Anticorrup\u00e7\u00e3o - GrupoIcan\",\"isPartOf\":{\"@id\":\"https:\/\/grupoican.com.br\/#website\"},\"datePublished\":\"2021-09-14T17:07:08+00:00\",\"dateModified\":\"2022-08-04T14:56:06+00:00\",\"breadcrumb\":{\"@id\":\"https:\/\/grupoican.com.br\/politica-de-gestao-e-de-anticorrupcao\/#breadcrumb\"},\"inLanguage\":\"fr-FR\",\"potentialAction\":[{\"@type\":\"ReadAction\",\"target\":[\"https:\/\/grupoican.com.br\/politica-de-gestao-e-de-anticorrupcao\/\"]}]},{\"@type\":\"BreadcrumbList\",\"@id\":\"https:\/\/grupoican.com.br\/politica-de-gestao-e-de-anticorrupcao\/#breadcrumb\",\"itemListElement\":[{\"@type\":\"ListItem\",\"position\":1,\"name\":\"In\u00edcio\",\"item\":\"https:\/\/grupoican.com.br\/\"},{\"@type\":\"ListItem\",\"position\":2,\"name\":\"Pol\u00edtica de Gest\u00e3o e de Anticorrup\u00e7\u00e3o\"}]},{\"@type\":\"WebSite\",\"@id\":\"https:\/\/grupoican.com.br\/#website\",\"url\":\"https:\/\/grupoican.com.br\/\",\"name\":\"GrupoIcan\",\"description\":\"Consultoria especializada em gest\u00e3o empresarial e \u00e1rea de petr\u00f3leo e g\u00e1s.\",\"publisher\":{\"@id\":\"https:\/\/grupoican.com.br\/#organization\"},\"potentialAction\":[{\"@type\":\"SearchAction\",\"target\":{\"@type\":\"EntryPoint\",\"urlTemplate\":\"https:\/\/grupoican.com.br\/?s={search_term_string}\"},\"query-input\":{\"@type\":\"PropertyValueSpecification\",\"valueRequired\":true,\"valueName\":\"search_term_string\"}}],\"inLanguage\":\"fr-FR\"},{\"@type\":\"Organization\",\"@id\":\"https:\/\/grupoican.com.br\/#organization\",\"name\":\"GrupoIcan\",\"url\":\"https:\/\/grupoican.com.br\/\",\"logo\":{\"@type\":\"ImageObject\",\"inLanguage\":\"fr-FR\",\"@id\":\"https:\/\/grupoican.com.br\/#\/schema\/logo\/image\/\",\"url\":\"https:\/\/grupoican.com.br\/wp-content\/uploads\/2021\/09\/logo-icanbe.png\",\"contentUrl\":\"https:\/\/grupoican.com.br\/wp-content\/uploads\/2021\/09\/logo-icanbe.png\",\"width\":1855,\"height\":1573,\"caption\":\"GrupoIcan\"},\"image\":{\"@id\":\"https:\/\/grupoican.com.br\/#\/schema\/logo\/image\/\"}}]}<\/script>\n<!-- \/ Yoast SEO Premium plugin. -->","yoast_head_json":{"title":"Pol\u00edtica de Gest\u00e3o e de Anticorrup\u00e7\u00e3o - GrupoIcan","robots":{"index":"index","follow":"follow","max-snippet":"max-snippet:-1","max-image-preview":"max-image-preview:large","max-video-preview":"max-video-preview:-1"},"canonical":"https:\/\/grupoican.com.br\/fr\/politica-de-gestao-e-de-anticorrupcao\/","og_locale":"fr_FR","og_type":"article","og_title":"Pol\u00edtica de Gest\u00e3o e de Anticorrup\u00e7\u00e3o","og_description":"Pol\u00edtica de Gest\u00e3o e de Anticorrup\u00e7\u00e3o Organograma revis\u00e3o A, 26.08.2021 O Grupo I Can atuando no Brasil no neg\u00f3cio de recrutamento e sele\u00e7\u00e3o de pessoas,desenvolvimento de projetos e consultoria empresarial, na presta\u00e7\u00e3o desses servi\u00e7os mant\u00e9muma Pol\u00edtica de Gest\u00e3o (Qualidade, Seguran\u00e7a, Meio Ambiente, Sa\u00fade, ResponsabilidadeSocial e Anticorrup\u00e7\u00e3o), com os seguintes focos: Qualidade: \u2022 Nossa equipe compreende&hellip;&nbsp;Read More &raquo;Pol\u00edtica de Gest\u00e3o e de Anticorrup\u00e7\u00e3o","og_url":"https:\/\/grupoican.com.br\/fr\/politica-de-gestao-e-de-anticorrupcao\/","og_site_name":"GrupoIcan","article_modified_time":"2022-08-04T14:56:06+00:00","twitter_card":"summary_large_image","twitter_misc":{"Dur\u00e9e de lecture estim\u00e9e":"5 minutes"},"schema":{"@context":"https:\/\/schema.org","@graph":[{"@type":"WebPage","@id":"https:\/\/grupoican.com.br\/politica-de-gestao-e-de-anticorrupcao\/","url":"https:\/\/grupoican.com.br\/politica-de-gestao-e-de-anticorrupcao\/","name":"Pol\u00edtica de Gest\u00e3o e de Anticorrup\u00e7\u00e3o - GrupoIcan","isPartOf":{"@id":"https:\/\/grupoican.com.br\/#website"},"datePublished":"2021-09-14T17:07:08+00:00","dateModified":"2022-08-04T14:56:06+00:00","breadcrumb":{"@id":"https:\/\/grupoican.com.br\/politica-de-gestao-e-de-anticorrupcao\/#breadcrumb"},"inLanguage":"fr-FR","potentialAction":[{"@type":"ReadAction","target":["https:\/\/grupoican.com.br\/politica-de-gestao-e-de-anticorrupcao\/"]}]},{"@type":"BreadcrumbList","@id":"https:\/\/grupoican.com.br\/politica-de-gestao-e-de-anticorrupcao\/#breadcrumb","itemListElement":[{"@type":"ListItem","position":1,"name":"In\u00edcio","item":"https:\/\/grupoican.com.br\/"},{"@type":"ListItem","position":2,"name":"Pol\u00edtica de Gest\u00e3o e de Anticorrup\u00e7\u00e3o"}]},{"@type":"WebSite","@id":"https:\/\/grupoican.com.br\/#website","url":"https:\/\/grupoican.com.br\/","name":"GrupoIcan","description":"Consultoria especializada em gest\u00e3o empresarial e \u00e1rea de petr\u00f3leo e g\u00e1s.","publisher":{"@id":"https:\/\/grupoican.com.br\/#organization"},"potentialAction":[{"@type":"SearchAction","target":{"@type":"EntryPoint","urlTemplate":"https:\/\/grupoican.com.br\/?s={search_term_string}"},"query-input":{"@type":"PropertyValueSpecification","valueRequired":true,"valueName":"search_term_string"}}],"inLanguage":"fr-FR"},{"@type":"Organization","@id":"https:\/\/grupoican.com.br\/#organization","name":"GrupoIcan","url":"https:\/\/grupoican.com.br\/","logo":{"@type":"ImageObject","inLanguage":"fr-FR","@id":"https:\/\/grupoican.com.br\/#\/schema\/logo\/image\/","url":"https:\/\/grupoican.com.br\/wp-content\/uploads\/2021\/09\/logo-icanbe.png","contentUrl":"https:\/\/grupoican.com.br\/wp-content\/uploads\/2021\/09\/logo-icanbe.png","width":1855,"height":1573,"caption":"GrupoIcan"},"image":{"@id":"https:\/\/grupoican.com.br\/#\/schema\/logo\/image\/"}}]}},"amp_enabled":true,"_links":{"self":[{"href":"https:\/\/grupoican.com.br\/fr\/wp-json\/wp\/v2\/pages\/224","targetHints":{"allow":["GET"]}}],"collection":[{"href":"https:\/\/grupoican.com.br\/fr\/wp-json\/wp\/v2\/pages"}],"about":[{"href":"https:\/\/grupoican.com.br\/fr\/wp-json\/wp\/v2\/types\/page"}],"author":[{"embeddable":true,"href":"https:\/\/grupoican.com.br\/fr\/wp-json\/wp\/v2\/users\/1"}],"replies":[{"embeddable":true,"href":"https:\/\/grupoican.com.br\/fr\/wp-json\/wp\/v2\/comments?post=224"}],"version-history":[{"count":0,"href":"https:\/\/grupoican.com.br\/fr\/wp-json\/wp\/v2\/pages\/224\/revisions"}],"wp:attachment":[{"href":"https:\/\/grupoican.com.br\/fr\/wp-json\/wp\/v2\/media?parent=224"}],"curies":[{"name":"wp","href":"https:\/\/api.w.org\/{rel}","templated":true}]}}