{"id":228,"date":"2021-09-14T14:20:43","date_gmt":"2021-09-14T17:20:43","guid":{"rendered":"https:\/\/grupoican.com.br\/?page_id=228"},"modified":"2022-08-04T12:02:50","modified_gmt":"2022-08-04T15:02:50","slug":"programa-de-integridade","status":"publish","type":"page","link":"https:\/\/grupoican.com.br\/fr\/programa-de-integridade\/","title":{"rendered":"Programme d&#039;int\u00e9grit\u00e9"},"content":{"rendered":"<div data-elementor-type=\"wp-page\" data-elementor-id=\"228\" class=\"elementor elementor-228\" data-elementor-post-type=\"page\">\n\t\t\t\t\t\t<section class=\"elementor-section elementor-top-section elementor-element elementor-element-6544346 elementor-section-boxed elementor-section-height-default elementor-section-height-default\" data-id=\"6544346\" data-element_type=\"section\">\n\t\t\t\t\t\t<div class=\"elementor-container elementor-column-gap-default\">\n\t\t\t\t\t<div class=\"elementor-column elementor-col-100 elementor-top-column elementor-element elementor-element-493e3de\" data-id=\"493e3de\" data-element_type=\"column\">\n\t\t\t<div class=\"elementor-widget-wrap elementor-element-populated\">\n\t\t\t\t\t\t<div class=\"elementor-element elementor-element-4732fba elementor-widget elementor-widget-spacer\" data-id=\"4732fba\" data-element_type=\"widget\" data-widget_type=\"spacer.default\">\n\t\t\t\t<div class=\"elementor-widget-container\">\n\t\t\t\t\t\t\t<div class=\"elementor-spacer\">\n\t\t\t<div class=\"elementor-spacer-inner\"><\/div>\n\t\t<\/div>\n\t\t\t\t\t\t<\/div>\n\t\t\t\t<\/div>\n\t\t\t\t\t<\/div>\n\t\t<\/div>\n\t\t\t\t\t<\/div>\n\t\t<\/section>\n\t\t\t\t<section class=\"elementor-section elementor-top-section elementor-element elementor-element-893985c elementor-section-boxed elementor-section-height-default elementor-section-height-default\" data-id=\"893985c\" data-element_type=\"section\" data-settings=\"{&quot;background_background&quot;:&quot;classic&quot;}\">\n\t\t\t\t\t\t<div class=\"elementor-container elementor-column-gap-default\">\n\t\t\t\t\t<div class=\"elementor-column elementor-col-100 elementor-top-column elementor-element elementor-element-8f47b27\" data-id=\"8f47b27\" data-element_type=\"column\">\n\t\t\t<div class=\"elementor-widget-wrap elementor-element-populated\">\n\t\t\t\t\t\t<div class=\"elementor-element elementor-element-d99e23b elementor-invisible elementor-widget elementor-widget-heading\" data-id=\"d99e23b\" data-element_type=\"widget\" data-settings=\"{&quot;_animation&quot;:&quot;slideInRight&quot;}\" data-widget_type=\"heading.default\">\n\t\t\t\t<div class=\"elementor-widget-container\">\n\t\t\t\t\t<h2 class=\"elementor-heading-title elementor-size-default\">Programme d&#039;int\u00e9grit\u00e9<\/h2>\t\t\t\t<\/div>\n\t\t\t\t<\/div>\n\t\t\t\t\t<\/div>\n\t\t<\/div>\n\t\t\t\t\t<\/div>\n\t\t<\/section>\n\t\t\t\t<section class=\"elementor-section elementor-top-section elementor-element elementor-element-21006c65 elementor-section-boxed elementor-section-height-default elementor-section-height-default\" data-id=\"21006c65\" data-element_type=\"section\">\n\t\t\t\t\t\t<div class=\"elementor-container elementor-column-gap-default\">\n\t\t\t\t\t<div class=\"elementor-column elementor-col-100 elementor-top-column elementor-element elementor-element-2e919a2f\" data-id=\"2e919a2f\" data-element_type=\"column\">\n\t\t\t<div class=\"elementor-widget-wrap elementor-element-populated\">\n\t\t\t\t\t\t<div class=\"elementor-element elementor-element-78828ce9 elementor-widget elementor-widget-text-editor\" data-id=\"78828ce9\" data-element_type=\"widget\" data-widget_type=\"text-editor.default\">\n\t\t\t\t<div class=\"elementor-widget-container\">\n\t\t\t\t\t\t\t\t\t\n<figure class=\"wp-block-image size-large\"><img fetchpriority=\"high\" decoding=\"async\" width=\"1024\" height=\"768\" src=\"https:\/\/grupoican.com.br\/wp-content\/uploads\/2021\/09\/Programa-de-Integridade-do-Grupo-I-can-1-1-1024x768.jpg\" alt=\"\" class=\"wp-image-230\" srcset=\"https:\/\/grupoican.com.br\/wp-content\/uploads\/2021\/09\/Programa-de-Integridade-do-Grupo-I-can-1-1-1024x768.jpg 1024w, https:\/\/grupoican.com.br\/wp-content\/uploads\/2021\/09\/Programa-de-Integridade-do-Grupo-I-can-1-1-300x225.jpg 300w, https:\/\/grupoican.com.br\/wp-content\/uploads\/2021\/09\/Programa-de-Integridade-do-Grupo-I-can-1-1-768x576.jpg 768w, https:\/\/grupoican.com.br\/wp-content\/uploads\/2021\/09\/Programa-de-Integridade-do-Grupo-I-can-1-1-1536x1152.jpg 1536w, https:\/\/grupoican.com.br\/wp-content\/uploads\/2021\/09\/Programa-de-Integridade-do-Grupo-I-can-1-1-533x400.jpg 533w, https:\/\/grupoican.com.br\/wp-content\/uploads\/2021\/09\/Programa-de-Integridade-do-Grupo-I-can-1-1-400x300.jpg 400w, https:\/\/grupoican.com.br\/wp-content\/uploads\/2021\/09\/Programa-de-Integridade-do-Grupo-I-can-1-1.jpg 2000w\" sizes=\"(max-width: 1024px) 100vw, 1024px\" \/><\/figure>\n\n\n\n<figure class=\"wp-block-image size-large\"><img decoding=\"async\" width=\"1024\" height=\"768\" src=\"https:\/\/grupoican.com.br\/wp-content\/uploads\/2021\/09\/Programa-de-Integridade-do-Grupo-I-can-1-2-1024x768.jpg\" alt=\"\" class=\"wp-image-231\" srcset=\"https:\/\/grupoican.com.br\/wp-content\/uploads\/2021\/09\/Programa-de-Integridade-do-Grupo-I-can-1-2-1024x768.jpg 1024w, https:\/\/grupoican.com.br\/wp-content\/uploads\/2021\/09\/Programa-de-Integridade-do-Grupo-I-can-1-2-300x225.jpg 300w, https:\/\/grupoican.com.br\/wp-content\/uploads\/2021\/09\/Programa-de-Integridade-do-Grupo-I-can-1-2-768x576.jpg 768w, https:\/\/grupoican.com.br\/wp-content\/uploads\/2021\/09\/Programa-de-Integridade-do-Grupo-I-can-1-2-1536x1152.jpg 1536w, https:\/\/grupoican.com.br\/wp-content\/uploads\/2021\/09\/Programa-de-Integridade-do-Grupo-I-can-1-2-533x400.jpg 533w, https:\/\/grupoican.com.br\/wp-content\/uploads\/2021\/09\/Programa-de-Integridade-do-Grupo-I-can-1-2-400x300.jpg 400w, https:\/\/grupoican.com.br\/wp-content\/uploads\/2021\/09\/Programa-de-Integridade-do-Grupo-I-can-1-2.jpg 2000w\" sizes=\"(max-width: 1024px) 100vw, 1024px\" \/><\/figure>\n\n\n\n<figure class=\"wp-block-image size-large\"><img decoding=\"async\" width=\"1024\" height=\"768\" src=\"http:\/\/grupoican.com.br\/wp-content\/uploads\/2021\/09\/Programa-de-Integridade-do-Grupo-I-can-1-3-1024x768.jpg\" alt=\"\" class=\"wp-image-232\" srcset=\"https:\/\/grupoican.com.br\/wp-content\/uploads\/2021\/09\/Programa-de-Integridade-do-Grupo-I-can-1-3-1024x768.jpg 1024w, https:\/\/grupoican.com.br\/wp-content\/uploads\/2021\/09\/Programa-de-Integridade-do-Grupo-I-can-1-3-300x225.jpg 300w, https:\/\/grupoican.com.br\/wp-content\/uploads\/2021\/09\/Programa-de-Integridade-do-Grupo-I-can-1-3-768x576.jpg 768w, https:\/\/grupoican.com.br\/wp-content\/uploads\/2021\/09\/Programa-de-Integridade-do-Grupo-I-can-1-3-1536x1152.jpg 1536w, https:\/\/grupoican.com.br\/wp-content\/uploads\/2021\/09\/Programa-de-Integridade-do-Grupo-I-can-1-3-533x400.jpg 533w, https:\/\/grupoican.com.br\/wp-content\/uploads\/2021\/09\/Programa-de-Integridade-do-Grupo-I-can-1-3-400x300.jpg 400w, https:\/\/grupoican.com.br\/wp-content\/uploads\/2021\/09\/Programa-de-Integridade-do-Grupo-I-can-1-3.jpg 2000w\" sizes=\"(max-width: 1024px) 100vw, 1024px\" \/><\/figure>\n\n\n\n<figure class=\"wp-block-image size-large\"><img loading=\"lazy\" decoding=\"async\" width=\"1024\" height=\"768\" src=\"http:\/\/grupoican.com.br\/wp-content\/uploads\/2021\/09\/Programa-de-Integridade-do-Grupo-I-can-1-4-1024x768.jpg\" alt=\"\" class=\"wp-image-233\" srcset=\"https:\/\/grupoican.com.br\/wp-content\/uploads\/2021\/09\/Programa-de-Integridade-do-Grupo-I-can-1-4-1024x768.jpg 1024w, https:\/\/grupoican.com.br\/wp-content\/uploads\/2021\/09\/Programa-de-Integridade-do-Grupo-I-can-1-4-300x225.jpg 300w, https:\/\/grupoican.com.br\/wp-content\/uploads\/2021\/09\/Programa-de-Integridade-do-Grupo-I-can-1-4-768x576.jpg 768w, https:\/\/grupoican.com.br\/wp-content\/uploads\/2021\/09\/Programa-de-Integridade-do-Grupo-I-can-1-4-1536x1152.jpg 1536w, https:\/\/grupoican.com.br\/wp-content\/uploads\/2021\/09\/Programa-de-Integridade-do-Grupo-I-can-1-4-533x400.jpg 533w, https:\/\/grupoican.com.br\/wp-content\/uploads\/2021\/09\/Programa-de-Integridade-do-Grupo-I-can-1-4-400x300.jpg 400w, https:\/\/grupoican.com.br\/wp-content\/uploads\/2021\/09\/Programa-de-Integridade-do-Grupo-I-can-1-4.jpg 2000w\" sizes=\"(max-width: 1024px) 100vw, 1024px\" \/><\/figure>\n\n\n\n<figure class=\"wp-block-gallery columns-1 is-cropped wp-block-gallery-2 is-layout-flex wp-block-gallery-is-layout-flex\"><ul class=\"blocks-gallery-grid\"><li class=\"blocks-gallery-item\"><figure><img loading=\"lazy\" decoding=\"async\" width=\"1024\" height=\"236\" src=\"http:\/\/grupoican.com.br\/wp-content\/uploads\/2021\/09\/Programa-de-Integridade-do-Grupo-I-can-1-6-e1631807686707-1024x236.jpg\" alt=\"\" data-id=\"235\" data-full-url=\"http:\/\/grupoican.com.br\/wp-content\/uploads\/2021\/09\/Programa-de-Integridade-do-Grupo-I-can-1-6-e1631807686707.jpg\" data-link=\"https:\/\/grupoican.com.br\/programa-de-integridade\/programa-de-integridade-do-grupo-i-can-1-6\/\" class=\"wp-image-235\" srcset=\"https:\/\/grupoican.com.br\/wp-content\/uploads\/2021\/09\/Programa-de-Integridade-do-Grupo-I-can-1-6-e1631807686707-1024x236.jpg 1024w, https:\/\/grupoican.com.br\/wp-content\/uploads\/2021\/09\/Programa-de-Integridade-do-Grupo-I-can-1-6-e1631807686707-300x69.jpg 300w, https:\/\/grupoican.com.br\/wp-content\/uploads\/2021\/09\/Programa-de-Integridade-do-Grupo-I-can-1-6-e1631807686707-768x177.jpg 768w, https:\/\/grupoican.com.br\/wp-content\/uploads\/2021\/09\/Programa-de-Integridade-do-Grupo-I-can-1-6-e1631807686707-1536x353.jpg 1536w, https:\/\/grupoican.com.br\/wp-content\/uploads\/2021\/09\/Programa-de-Integridade-do-Grupo-I-can-1-6-e1631807686707.jpg 2000w\" sizes=\"(max-width: 1024px) 100vw, 1024px\" \/><\/figure><\/li><\/ul><\/figure>\n\t\t\t\t\t\t\t\t<\/div>\n\t\t\t\t<\/div>\n\t\t\t\t\t<\/div>\n\t\t<\/div>\n\t\t\t\t\t<\/div>\n\t\t<\/section>\n\t\t\t\t<\/div>","protected":false},"excerpt":{"rendered":"<p>Programme d&#039;int\u00e9grit\u00e9<\/p>","protected":false},"author":1,"featured_media":0,"parent":0,"menu_order":0,"comment_status":"closed","ping_status":"open","template":"","meta":{"neve_meta_sidebar":"","neve_meta_container":"","neve_meta_enable_content_width":"","neve_meta_content_width":0,"neve_meta_title_alignment":"","neve_meta_author_avatar":"","neve_post_elements_order":"","neve_meta_disable_header":"","neve_meta_disable_footer":"","neve_meta_disable_title":"on","neve_meta_reading_time":"","_joinchat":[],"footnotes":""},"class_list":["post-228","page","type-page","status-publish","hentry"],"yoast_head":"<!-- This site is optimized with the Yoast SEO Premium plugin v22.5 (Yoast SEO v24.5) - https:\/\/yoast.com\/wordpress\/plugins\/seo\/ -->\n<title>Programa de Integridade - GrupoIcan<\/title>\n<meta name=\"robots\" content=\"index, follow, max-snippet:-1, max-image-preview:large, max-video-preview:-1\" \/>\n<link rel=\"canonical\" href=\"https:\/\/grupoican.com.br\/fr\/programa-de-integridade\/\" \/>\n<meta property=\"og:locale\" content=\"fr_FR\" \/>\n<meta property=\"og:type\" content=\"article\" \/>\n<meta property=\"og:title\" content=\"Programa de Integridade\" \/>\n<meta property=\"og:description\" content=\"Programa de Integridade\" \/>\n<meta property=\"og:url\" content=\"https:\/\/grupoican.com.br\/fr\/programa-de-integridade\/\" \/>\n<meta property=\"og:site_name\" content=\"GrupoIcan\" \/>\n<meta property=\"article:modified_time\" content=\"2022-08-04T15:02:50+00:00\" \/>\n<meta property=\"og:image\" content=\"https:\/\/grupoican.com.br\/wp-content\/uploads\/2021\/09\/Programa-de-Integridade-do-Grupo-I-can-1-1-1024x768.jpg\" \/>\n<meta name=\"twitter:card\" content=\"summary_large_image\" \/>\n<meta name=\"twitter:label1\" content=\"Dur\u00e9e de lecture estim\u00e9e\" \/>\n\t<meta name=\"twitter:data1\" content=\"2 minutes\" \/>\n<script type=\"application\/ld+json\" class=\"yoast-schema-graph\">{\"@context\":\"https:\/\/schema.org\",\"@graph\":[{\"@type\":\"WebPage\",\"@id\":\"https:\/\/grupoican.com.br\/programa-de-integridade\/\",\"url\":\"https:\/\/grupoican.com.br\/programa-de-integridade\/\",\"name\":\"Programa de Integridade - GrupoIcan\",\"isPartOf\":{\"@id\":\"https:\/\/grupoican.com.br\/#website\"},\"primaryImageOfPage\":{\"@id\":\"https:\/\/grupoican.com.br\/programa-de-integridade\/#primaryimage\"},\"image\":{\"@id\":\"https:\/\/grupoican.com.br\/programa-de-integridade\/#primaryimage\"},\"thumbnailUrl\":\"https:\/\/grupoican.com.br\/wp-content\/uploads\/2021\/09\/Programa-de-Integridade-do-Grupo-I-can-1-1-1024x768.jpg\",\"datePublished\":\"2021-09-14T17:20:43+00:00\",\"dateModified\":\"2022-08-04T15:02:50+00:00\",\"breadcrumb\":{\"@id\":\"https:\/\/grupoican.com.br\/programa-de-integridade\/#breadcrumb\"},\"inLanguage\":\"fr-FR\",\"potentialAction\":[{\"@type\":\"ReadAction\",\"target\":[\"https:\/\/grupoican.com.br\/programa-de-integridade\/\"]}]},{\"@type\":\"ImageObject\",\"inLanguage\":\"fr-FR\",\"@id\":\"https:\/\/grupoican.com.br\/programa-de-integridade\/#primaryimage\",\"url\":\"https:\/\/grupoican.com.br\/wp-content\/uploads\/2021\/09\/Programa-de-Integridade-do-Grupo-I-can-1-1-1024x768.jpg\",\"contentUrl\":\"https:\/\/grupoican.com.br\/wp-content\/uploads\/2021\/09\/Programa-de-Integridade-do-Grupo-I-can-1-1-1024x768.jpg\"},{\"@type\":\"BreadcrumbList\",\"@id\":\"https:\/\/grupoican.com.br\/programa-de-integridade\/#breadcrumb\",\"itemListElement\":[{\"@type\":\"ListItem\",\"position\":1,\"name\":\"In\u00edcio\",\"item\":\"https:\/\/grupoican.com.br\/\"},{\"@type\":\"ListItem\",\"position\":2,\"name\":\"Programa de Integridade\"}]},{\"@type\":\"WebSite\",\"@id\":\"https:\/\/grupoican.com.br\/#website\",\"url\":\"https:\/\/grupoican.com.br\/\",\"name\":\"GrupoIcan\",\"description\":\"Consultoria especializada em gest\u00e3o empresarial e \u00e1rea de petr\u00f3leo e g\u00e1s.\",\"publisher\":{\"@id\":\"https:\/\/grupoican.com.br\/#organization\"},\"potentialAction\":[{\"@type\":\"SearchAction\",\"target\":{\"@type\":\"EntryPoint\",\"urlTemplate\":\"https:\/\/grupoican.com.br\/?s={search_term_string}\"},\"query-input\":{\"@type\":\"PropertyValueSpecification\",\"valueRequired\":true,\"valueName\":\"search_term_string\"}}],\"inLanguage\":\"fr-FR\"},{\"@type\":\"Organization\",\"@id\":\"https:\/\/grupoican.com.br\/#organization\",\"name\":\"GrupoIcan\",\"url\":\"https:\/\/grupoican.com.br\/\",\"logo\":{\"@type\":\"ImageObject\",\"inLanguage\":\"fr-FR\",\"@id\":\"https:\/\/grupoican.com.br\/#\/schema\/logo\/image\/\",\"url\":\"https:\/\/grupoican.com.br\/wp-content\/uploads\/2021\/09\/logo-icanbe.png\",\"contentUrl\":\"https:\/\/grupoican.com.br\/wp-content\/uploads\/2021\/09\/logo-icanbe.png\",\"width\":1855,\"height\":1573,\"caption\":\"GrupoIcan\"},\"image\":{\"@id\":\"https:\/\/grupoican.com.br\/#\/schema\/logo\/image\/\"}}]}<\/script>\n<!-- \/ Yoast SEO Premium plugin. -->","yoast_head_json":{"title":"Programa de Integridade - GrupoIcan","robots":{"index":"index","follow":"follow","max-snippet":"max-snippet:-1","max-image-preview":"max-image-preview:large","max-video-preview":"max-video-preview:-1"},"canonical":"https:\/\/grupoican.com.br\/fr\/programa-de-integridade\/","og_locale":"fr_FR","og_type":"article","og_title":"Programa de Integridade","og_description":"Programa de Integridade","og_url":"https:\/\/grupoican.com.br\/fr\/programa-de-integridade\/","og_site_name":"GrupoIcan","article_modified_time":"2022-08-04T15:02:50+00:00","og_image":[{"url":"https:\/\/grupoican.com.br\/wp-content\/uploads\/2021\/09\/Programa-de-Integridade-do-Grupo-I-can-1-1-1024x768.jpg","type":"","width":"","height":""}],"twitter_card":"summary_large_image","twitter_misc":{"Dur\u00e9e de lecture estim\u00e9e":"2 minutes"},"schema":{"@context":"https:\/\/schema.org","@graph":[{"@type":"WebPage","@id":"https:\/\/grupoican.com.br\/programa-de-integridade\/","url":"https:\/\/grupoican.com.br\/programa-de-integridade\/","name":"Programa de Integridade - GrupoIcan","isPartOf":{"@id":"https:\/\/grupoican.com.br\/#website"},"primaryImageOfPage":{"@id":"https:\/\/grupoican.com.br\/programa-de-integridade\/#primaryimage"},"image":{"@id":"https:\/\/grupoican.com.br\/programa-de-integridade\/#primaryimage"},"thumbnailUrl":"https:\/\/grupoican.com.br\/wp-content\/uploads\/2021\/09\/Programa-de-Integridade-do-Grupo-I-can-1-1-1024x768.jpg","datePublished":"2021-09-14T17:20:43+00:00","dateModified":"2022-08-04T15:02:50+00:00","breadcrumb":{"@id":"https:\/\/grupoican.com.br\/programa-de-integridade\/#breadcrumb"},"inLanguage":"fr-FR","potentialAction":[{"@type":"ReadAction","target":["https:\/\/grupoican.com.br\/programa-de-integridade\/"]}]},{"@type":"ImageObject","inLanguage":"fr-FR","@id":"https:\/\/grupoican.com.br\/programa-de-integridade\/#primaryimage","url":"https:\/\/grupoican.com.br\/wp-content\/uploads\/2021\/09\/Programa-de-Integridade-do-Grupo-I-can-1-1-1024x768.jpg","contentUrl":"https:\/\/grupoican.com.br\/wp-content\/uploads\/2021\/09\/Programa-de-Integridade-do-Grupo-I-can-1-1-1024x768.jpg"},{"@type":"BreadcrumbList","@id":"https:\/\/grupoican.com.br\/programa-de-integridade\/#breadcrumb","itemListElement":[{"@type":"ListItem","position":1,"name":"In\u00edcio","item":"https:\/\/grupoican.com.br\/"},{"@type":"ListItem","position":2,"name":"Programa de Integridade"}]},{"@type":"WebSite","@id":"https:\/\/grupoican.com.br\/#website","url":"https:\/\/grupoican.com.br\/","name":"GrupoIcan","description":"Consultoria especializada em gest\u00e3o empresarial e \u00e1rea de petr\u00f3leo e g\u00e1s.","publisher":{"@id":"https:\/\/grupoican.com.br\/#organization"},"potentialAction":[{"@type":"SearchAction","target":{"@type":"EntryPoint","urlTemplate":"https:\/\/grupoican.com.br\/?s={search_term_string}"},"query-input":{"@type":"PropertyValueSpecification","valueRequired":true,"valueName":"search_term_string"}}],"inLanguage":"fr-FR"},{"@type":"Organization","@id":"https:\/\/grupoican.com.br\/#organization","name":"GrupoIcan","url":"https:\/\/grupoican.com.br\/","logo":{"@type":"ImageObject","inLanguage":"fr-FR","@id":"https:\/\/grupoican.com.br\/#\/schema\/logo\/image\/","url":"https:\/\/grupoican.com.br\/wp-content\/uploads\/2021\/09\/logo-icanbe.png","contentUrl":"https:\/\/grupoican.com.br\/wp-content\/uploads\/2021\/09\/logo-icanbe.png","width":1855,"height":1573,"caption":"GrupoIcan"},"image":{"@id":"https:\/\/grupoican.com.br\/#\/schema\/logo\/image\/"}}]}},"amp_enabled":true,"_links":{"self":[{"href":"https:\/\/grupoican.com.br\/fr\/wp-json\/wp\/v2\/pages\/228","targetHints":{"allow":["GET"]}}],"collection":[{"href":"https:\/\/grupoican.com.br\/fr\/wp-json\/wp\/v2\/pages"}],"about":[{"href":"https:\/\/grupoican.com.br\/fr\/wp-json\/wp\/v2\/types\/page"}],"author":[{"embeddable":true,"href":"https:\/\/grupoican.com.br\/fr\/wp-json\/wp\/v2\/users\/1"}],"replies":[{"embeddable":true,"href":"https:\/\/grupoican.com.br\/fr\/wp-json\/wp\/v2\/comments?post=228"}],"version-history":[{"count":0,"href":"https:\/\/grupoican.com.br\/fr\/wp-json\/wp\/v2\/pages\/228\/revisions"}],"wp:attachment":[{"href":"https:\/\/grupoican.com.br\/fr\/wp-json\/wp\/v2\/media?parent=228"}],"curies":[{"name":"wp","href":"https:\/\/api.w.org\/{rel}","templated":true}]}}