{"id":239,"date":"2021-09-14T14:24:11","date_gmt":"2021-09-14T17:24:11","guid":{"rendered":"https:\/\/grupoican.com.br\/?page_id=239"},"modified":"2022-08-03T11:09:23","modified_gmt":"2022-08-03T14:09:23","slug":"quem-somos-2","status":"publish","type":"page","link":"https:\/\/grupoican.com.br\/fr\/quem-somos-2\/","title":{"rendered":"Qui nous sommes"},"content":{"rendered":"<div data-elementor-type=\"wp-page\" data-elementor-id=\"239\" class=\"elementor elementor-239\" data-elementor-post-type=\"page\">\n\t\t\t\t\t\t<section class=\"elementor-section elementor-top-section elementor-element elementor-element-a110a6a elementor-section-boxed elementor-section-height-default elementor-section-height-default\" data-id=\"a110a6a\" data-element_type=\"section\">\n\t\t\t\t\t\t<div class=\"elementor-container elementor-column-gap-default\">\n\t\t\t\t\t<div class=\"elementor-column elementor-col-100 elementor-top-column elementor-element elementor-element-4aeb3e6\" data-id=\"4aeb3e6\" data-element_type=\"column\">\n\t\t\t<div class=\"elementor-widget-wrap elementor-element-populated\">\n\t\t\t\t\t\t<div class=\"elementor-element elementor-element-b037163 elementor-widget elementor-widget-spacer\" data-id=\"b037163\" data-element_type=\"widget\" data-widget_type=\"spacer.default\">\n\t\t\t\t<div class=\"elementor-widget-container\">\n\t\t\t\t\t\t\t<div class=\"elementor-spacer\">\n\t\t\t<div class=\"elementor-spacer-inner\"><\/div>\n\t\t<\/div>\n\t\t\t\t\t\t<\/div>\n\t\t\t\t<\/div>\n\t\t\t\t\t<\/div>\n\t\t<\/div>\n\t\t\t\t\t<\/div>\n\t\t<\/section>\n\t\t\t\t<section class=\"elementor-section elementor-top-section elementor-element elementor-element-e6129d5 elementor-section-boxed elementor-section-height-default elementor-section-height-default\" data-id=\"e6129d5\" data-element_type=\"section\" data-settings=\"{&quot;background_background&quot;:&quot;classic&quot;}\">\n\t\t\t\t\t\t<div class=\"elementor-container elementor-column-gap-default\">\n\t\t\t\t\t<div class=\"elementor-column elementor-col-100 elementor-top-column elementor-element elementor-element-2cad50c\" data-id=\"2cad50c\" data-element_type=\"column\">\n\t\t\t<div class=\"elementor-widget-wrap elementor-element-populated\">\n\t\t\t\t\t\t<div class=\"elementor-element elementor-element-de3ed82 elementor-invisible elementor-widget elementor-widget-heading\" data-id=\"de3ed82\" data-element_type=\"widget\" data-settings=\"{&quot;_animation&quot;:&quot;slideInRight&quot;}\" data-widget_type=\"heading.default\">\n\t\t\t\t<div class=\"elementor-widget-container\">\n\t\t\t\t\t<h2 class=\"elementor-heading-title elementor-size-default\">Qui nous sommes<\/h2>\t\t\t\t<\/div>\n\t\t\t\t<\/div>\n\t\t\t\t\t<\/div>\n\t\t<\/div>\n\t\t\t\t\t<\/div>\n\t\t<\/section>\n\t\t\t\t<section class=\"elementor-section elementor-top-section elementor-element elementor-element-66470b21 elementor-section-boxed elementor-section-height-default elementor-section-height-default\" data-id=\"66470b21\" data-element_type=\"section\">\n\t\t\t\t\t\t<div class=\"elementor-container elementor-column-gap-default\">\n\t\t\t\t\t<div class=\"elementor-column elementor-col-100 elementor-top-column elementor-element elementor-element-1f0bd5fd\" data-id=\"1f0bd5fd\" data-element_type=\"column\">\n\t\t\t<div class=\"elementor-widget-wrap elementor-element-populated\">\n\t\t\t\t\t\t<div class=\"elementor-element elementor-element-7d227c2a elementor-widget elementor-widget-text-editor\" data-id=\"7d227c2a\" data-element_type=\"widget\" data-widget_type=\"text-editor.default\">\n\t\t\t\t<div class=\"elementor-widget-container\">\n\t\t\t\t\t\t\t\t\t<p><\/p>\n<p>Passionn\u00e9s par les personnes, les processus et les affaires durables, nous sommes un groupe de professionnels avec une formation multidisciplinaire \u00e0 diff\u00e9rentes \u00e9tapes de leur carri\u00e8re qui ont adopt\u00e9 la mise en \u0153uvre et la gestion de Grupo I Can.<\/p>\n<p><\/p>\n<p>Nous voulons offrir des Solutions et des Services de qualit\u00e9 aux clients, en valorisant toujours la sinc\u00e9rit\u00e9 et la transparence, en agissant en faveur de la diversit\u00e9.<\/p>\n<p><\/p>\n<p>Nous sommes convaincus que l&#039;innovation et l&#039;utilisation de technologies de pointe sont des outils de gestion indispensables dans un march\u00e9 de plus en plus globalis\u00e9 et dans le monde num\u00e9rique.<\/p>\n<p><\/p>\n<p>Avec nos solutions et services, c&#039;est possible !<\/p>\n<p><\/p>\n<p>\u2022 Am\u00e9liorer les indicateurs de performance (OKR, KPI, KRI) ;<br \/>\u2022 Am\u00e9liorer les processus ;<br \/>\u2022 Optimiser les ressources et automatiser les processus ;<br \/>\u2022 Innover ;<br \/>\u2022 Diriger votre entreprise vers l&#039;excellence en gestion ;<br \/>\u2022 G\u00e9rer les risques ;<br \/>\u2022 R\u00e9pondre aux exigences ESG (Environnement, Social et Gouvernance d&#039;Entreprise) ;<br \/>\u2022 G\u00e9rer les urgences et les crises ;<\/p>\n<p><\/p>\n<p>\u2022 Accueillir, engager et transformer les talents ;<br \/>\u2022 Planifiez de plus en plus autoritairement.<br \/>\u2022 Faites plaisir \u00e0 vos clients !<br \/>\u2022 Conduisez votre entreprise vers la durabilit\u00e9\u00a0!<\/p>\n<p><\/p>\t\t\t\t\t\t\t\t<\/div>\n\t\t\t\t<\/div>\n\t\t\t\t\t<\/div>\n\t\t<\/div>\n\t\t\t\t\t<\/div>\n\t\t<\/section>\n\t\t\t\t<\/div>","protected":false},"excerpt":{"rendered":"<p>Quem somos Apaixonados por Pessoas, Processos e Neg\u00f3cios Sustent\u00e1veis, somos um grupo de profissionais de forma\u00e7\u00e3o multidisciplinar em diferentes fases da carreira que abra\u00e7ou a implanta\u00e7\u00e3o e a gest\u00e3o do Grupo I Can. Queremos oferecer\u00a0Solu\u00e7\u00f5es e Servi\u00e7os\u00a0de qualidade aos clientes, sempre prezando pela sinceridade e transpar\u00eancia, atuando em prol da diversidade. Temos por convic\u00e7\u00e3o que&hellip;&nbsp;<a href=\"https:\/\/grupoican.com.br\/fr\/quem-somos-2\/\" rel=\"bookmark\">Read More &raquo;<span class=\"screen-reader-text\">Qui nous sommes<\/span><\/a><\/p>","protected":false},"author":1,"featured_media":0,"parent":0,"menu_order":0,"comment_status":"closed","ping_status":"open","template":"","meta":{"neve_meta_sidebar":"","neve_meta_container":"","neve_meta_enable_content_width":"","neve_meta_content_width":0,"neve_meta_title_alignment":"","neve_meta_author_avatar":"","neve_post_elements_order":"","neve_meta_disable_header":"","neve_meta_disable_footer":"","neve_meta_disable_title":"on","neve_meta_reading_time":"","_joinchat":[],"footnotes":""},"class_list":["post-239","page","type-page","status-publish","hentry"],"yoast_head":"<!-- This site is optimized with the Yoast SEO Premium plugin v22.5 (Yoast SEO v24.5) - https:\/\/yoast.com\/wordpress\/plugins\/seo\/ -->\n<title>Quem somos - GrupoIcan<\/title>\n<meta name=\"robots\" content=\"index, follow, max-snippet:-1, max-image-preview:large, max-video-preview:-1\" \/>\n<link rel=\"canonical\" href=\"https:\/\/grupoican.com.br\/fr\/quem-somos-2\/\" \/>\n<meta property=\"og:locale\" content=\"fr_FR\" \/>\n<meta property=\"og:type\" content=\"article\" \/>\n<meta property=\"og:title\" content=\"Quem somos\" \/>\n<meta property=\"og:description\" content=\"Quem somos Apaixonados por Pessoas, Processos e Neg\u00f3cios Sustent\u00e1veis, somos um grupo de profissionais de forma\u00e7\u00e3o multidisciplinar em diferentes fases da carreira que abra\u00e7ou a implanta\u00e7\u00e3o e a gest\u00e3o do Grupo I Can. Queremos oferecer\u00a0Solu\u00e7\u00f5es e Servi\u00e7os\u00a0de qualidade aos clientes, sempre prezando pela sinceridade e transpar\u00eancia, atuando em prol da diversidade. Temos por convic\u00e7\u00e3o que&hellip;&nbsp;Read More &raquo;Quem somos\" \/>\n<meta property=\"og:url\" content=\"https:\/\/grupoican.com.br\/fr\/quem-somos-2\/\" \/>\n<meta property=\"og:site_name\" content=\"GrupoIcan\" \/>\n<meta property=\"article:modified_time\" content=\"2022-08-03T14:09:23+00:00\" \/>\n<meta name=\"twitter:card\" content=\"summary_large_image\" \/>\n<meta name=\"twitter:label1\" content=\"Dur\u00e9e de lecture estim\u00e9e\" \/>\n\t<meta name=\"twitter:data1\" content=\"1 minute\" \/>\n<script type=\"application\/ld+json\" class=\"yoast-schema-graph\">{\"@context\":\"https:\/\/schema.org\",\"@graph\":[{\"@type\":\"WebPage\",\"@id\":\"https:\/\/grupoican.com.br\/quem-somos-2\/\",\"url\":\"https:\/\/grupoican.com.br\/quem-somos-2\/\",\"name\":\"Quem somos - GrupoIcan\",\"isPartOf\":{\"@id\":\"https:\/\/grupoican.com.br\/#website\"},\"datePublished\":\"2021-09-14T17:24:11+00:00\",\"dateModified\":\"2022-08-03T14:09:23+00:00\",\"breadcrumb\":{\"@id\":\"https:\/\/grupoican.com.br\/quem-somos-2\/#breadcrumb\"},\"inLanguage\":\"fr-FR\",\"potentialAction\":[{\"@type\":\"ReadAction\",\"target\":[\"https:\/\/grupoican.com.br\/quem-somos-2\/\"]}]},{\"@type\":\"BreadcrumbList\",\"@id\":\"https:\/\/grupoican.com.br\/quem-somos-2\/#breadcrumb\",\"itemListElement\":[{\"@type\":\"ListItem\",\"position\":1,\"name\":\"In\u00edcio\",\"item\":\"https:\/\/grupoican.com.br\/\"},{\"@type\":\"ListItem\",\"position\":2,\"name\":\"Quem somos\"}]},{\"@type\":\"WebSite\",\"@id\":\"https:\/\/grupoican.com.br\/#website\",\"url\":\"https:\/\/grupoican.com.br\/\",\"name\":\"GrupoIcan\",\"description\":\"Consultoria especializada em gest\u00e3o empresarial e \u00e1rea de petr\u00f3leo e g\u00e1s.\",\"publisher\":{\"@id\":\"https:\/\/grupoican.com.br\/#organization\"},\"potentialAction\":[{\"@type\":\"SearchAction\",\"target\":{\"@type\":\"EntryPoint\",\"urlTemplate\":\"https:\/\/grupoican.com.br\/?s={search_term_string}\"},\"query-input\":{\"@type\":\"PropertyValueSpecification\",\"valueRequired\":true,\"valueName\":\"search_term_string\"}}],\"inLanguage\":\"fr-FR\"},{\"@type\":\"Organization\",\"@id\":\"https:\/\/grupoican.com.br\/#organization\",\"name\":\"GrupoIcan\",\"url\":\"https:\/\/grupoican.com.br\/\",\"logo\":{\"@type\":\"ImageObject\",\"inLanguage\":\"fr-FR\",\"@id\":\"https:\/\/grupoican.com.br\/#\/schema\/logo\/image\/\",\"url\":\"https:\/\/grupoican.com.br\/wp-content\/uploads\/2021\/09\/logo-icanbe.png\",\"contentUrl\":\"https:\/\/grupoican.com.br\/wp-content\/uploads\/2021\/09\/logo-icanbe.png\",\"width\":1855,\"height\":1573,\"caption\":\"GrupoIcan\"},\"image\":{\"@id\":\"https:\/\/grupoican.com.br\/#\/schema\/logo\/image\/\"}}]}<\/script>\n<!-- \/ Yoast SEO Premium plugin. -->","yoast_head_json":{"title":"Quem somos - GrupoIcan","robots":{"index":"index","follow":"follow","max-snippet":"max-snippet:-1","max-image-preview":"max-image-preview:large","max-video-preview":"max-video-preview:-1"},"canonical":"https:\/\/grupoican.com.br\/fr\/quem-somos-2\/","og_locale":"fr_FR","og_type":"article","og_title":"Quem somos","og_description":"Quem somos Apaixonados por Pessoas, Processos e Neg\u00f3cios Sustent\u00e1veis, somos um grupo de profissionais de forma\u00e7\u00e3o multidisciplinar em diferentes fases da carreira que abra\u00e7ou a implanta\u00e7\u00e3o e a gest\u00e3o do Grupo I Can. Queremos oferecer\u00a0Solu\u00e7\u00f5es e Servi\u00e7os\u00a0de qualidade aos clientes, sempre prezando pela sinceridade e transpar\u00eancia, atuando em prol da diversidade. Temos por convic\u00e7\u00e3o que&hellip;&nbsp;Read More &raquo;Quem somos","og_url":"https:\/\/grupoican.com.br\/fr\/quem-somos-2\/","og_site_name":"GrupoIcan","article_modified_time":"2022-08-03T14:09:23+00:00","twitter_card":"summary_large_image","twitter_misc":{"Dur\u00e9e de lecture estim\u00e9e":"1 minute"},"schema":{"@context":"https:\/\/schema.org","@graph":[{"@type":"WebPage","@id":"https:\/\/grupoican.com.br\/quem-somos-2\/","url":"https:\/\/grupoican.com.br\/quem-somos-2\/","name":"Quem somos - GrupoIcan","isPartOf":{"@id":"https:\/\/grupoican.com.br\/#website"},"datePublished":"2021-09-14T17:24:11+00:00","dateModified":"2022-08-03T14:09:23+00:00","breadcrumb":{"@id":"https:\/\/grupoican.com.br\/quem-somos-2\/#breadcrumb"},"inLanguage":"fr-FR","potentialAction":[{"@type":"ReadAction","target":["https:\/\/grupoican.com.br\/quem-somos-2\/"]}]},{"@type":"BreadcrumbList","@id":"https:\/\/grupoican.com.br\/quem-somos-2\/#breadcrumb","itemListElement":[{"@type":"ListItem","position":1,"name":"In\u00edcio","item":"https:\/\/grupoican.com.br\/"},{"@type":"ListItem","position":2,"name":"Quem somos"}]},{"@type":"WebSite","@id":"https:\/\/grupoican.com.br\/#website","url":"https:\/\/grupoican.com.br\/","name":"GrupoIcan","description":"Consultoria especializada em gest\u00e3o empresarial e \u00e1rea de petr\u00f3leo e g\u00e1s.","publisher":{"@id":"https:\/\/grupoican.com.br\/#organization"},"potentialAction":[{"@type":"SearchAction","target":{"@type":"EntryPoint","urlTemplate":"https:\/\/grupoican.com.br\/?s={search_term_string}"},"query-input":{"@type":"PropertyValueSpecification","valueRequired":true,"valueName":"search_term_string"}}],"inLanguage":"fr-FR"},{"@type":"Organization","@id":"https:\/\/grupoican.com.br\/#organization","name":"GrupoIcan","url":"https:\/\/grupoican.com.br\/","logo":{"@type":"ImageObject","inLanguage":"fr-FR","@id":"https:\/\/grupoican.com.br\/#\/schema\/logo\/image\/","url":"https:\/\/grupoican.com.br\/wp-content\/uploads\/2021\/09\/logo-icanbe.png","contentUrl":"https:\/\/grupoican.com.br\/wp-content\/uploads\/2021\/09\/logo-icanbe.png","width":1855,"height":1573,"caption":"GrupoIcan"},"image":{"@id":"https:\/\/grupoican.com.br\/#\/schema\/logo\/image\/"}}]}},"amp_enabled":true,"_links":{"self":[{"href":"https:\/\/grupoican.com.br\/fr\/wp-json\/wp\/v2\/pages\/239","targetHints":{"allow":["GET"]}}],"collection":[{"href":"https:\/\/grupoican.com.br\/fr\/wp-json\/wp\/v2\/pages"}],"about":[{"href":"https:\/\/grupoican.com.br\/fr\/wp-json\/wp\/v2\/types\/page"}],"author":[{"embeddable":true,"href":"https:\/\/grupoican.com.br\/fr\/wp-json\/wp\/v2\/users\/1"}],"replies":[{"embeddable":true,"href":"https:\/\/grupoican.com.br\/fr\/wp-json\/wp\/v2\/comments?post=239"}],"version-history":[{"count":0,"href":"https:\/\/grupoican.com.br\/fr\/wp-json\/wp\/v2\/pages\/239\/revisions"}],"wp:attachment":[{"href":"https:\/\/grupoican.com.br\/fr\/wp-json\/wp\/v2\/media?parent=239"}],"curies":[{"name":"wp","href":"https:\/\/api.w.org\/{rel}","templated":true}]}}