{"id":3051,"date":"2023-05-25T00:19:43","date_gmt":"2023-05-25T03:19:43","guid":{"rendered":"https:\/\/grupoican.com.br\/?page_id=3051"},"modified":"2023-05-25T00:40:24","modified_gmt":"2023-05-25T03:40:24","slug":"cursos","status":"publish","type":"page","link":"https:\/\/grupoican.com.br\/fr\/cursos\/","title":{"rendered":"Cours"},"content":{"rendered":"<div data-elementor-type=\"wp-page\" data-elementor-id=\"3051\" class=\"elementor elementor-3051\" data-elementor-post-type=\"page\">\n\t\t\t\t\t\t<section class=\"elementor-section elementor-top-section elementor-element elementor-element-124c40c elementor-section-boxed elementor-section-height-default elementor-section-height-default\" data-id=\"124c40c\" data-element_type=\"section\">\n\t\t\t\t\t\t<div class=\"elementor-container elementor-column-gap-default\">\n\t\t\t\t\t<div class=\"elementor-column elementor-col-100 elementor-top-column elementor-element elementor-element-d0120ac\" data-id=\"d0120ac\" data-element_type=\"column\">\n\t\t\t<div class=\"elementor-widget-wrap elementor-element-populated\">\n\t\t\t\t\t\t<div class=\"elementor-element elementor-element-e805059 elementor-widget elementor-widget-spacer\" data-id=\"e805059\" data-element_type=\"widget\" data-widget_type=\"spacer.default\">\n\t\t\t\t<div class=\"elementor-widget-container\">\n\t\t\t\t\t\t\t<div class=\"elementor-spacer\">\n\t\t\t<div class=\"elementor-spacer-inner\"><\/div>\n\t\t<\/div>\n\t\t\t\t\t\t<\/div>\n\t\t\t\t<\/div>\n\t\t\t\t\t<\/div>\n\t\t<\/div>\n\t\t\t\t\t<\/div>\n\t\t<\/section>\n\t\t\t\t<section class=\"elementor-section elementor-top-section elementor-element elementor-element-f84ae6a elementor-section-boxed elementor-section-height-default elementor-section-height-default\" data-id=\"f84ae6a\" data-element_type=\"section\">\n\t\t\t\t\t\t<div class=\"elementor-container elementor-column-gap-default\">\n\t\t\t\t\t<div class=\"elementor-column elementor-col-100 elementor-top-column elementor-element elementor-element-e7b7bab\" data-id=\"e7b7bab\" data-element_type=\"column\">\n\t\t\t<div class=\"elementor-widget-wrap elementor-element-populated\">\n\t\t\t\t\t\t<div class=\"elementor-element elementor-element-924895f elementor-invisible elementor-widget elementor-widget-heading\" data-id=\"924895f\" data-element_type=\"widget\" data-settings=\"{&quot;_animation&quot;:&quot;bounceInRight&quot;}\" data-widget_type=\"heading.default\">\n\t\t\t\t<div class=\"elementor-widget-container\">\n\t\t\t\t\t<h2 class=\"elementor-heading-title elementor-size-default\">Cours <\/h2>\t\t\t\t<\/div>\n\t\t\t\t<\/div>\n\t\t\t\t\t<\/div>\n\t\t<\/div>\n\t\t\t\t\t<\/div>\n\t\t<\/section>\n\t\t\t\t<section class=\"elementor-section elementor-top-section elementor-element elementor-element-7190385 elementor-section-boxed elementor-section-height-default elementor-section-height-default\" data-id=\"7190385\" data-element_type=\"section\">\n\t\t\t\t\t\t<div class=\"elementor-container elementor-column-gap-default\">\n\t\t\t\t\t<div class=\"elementor-column elementor-col-100 elementor-top-column elementor-element elementor-element-ce79af4\" data-id=\"ce79af4\" data-element_type=\"column\">\n\t\t\t<div class=\"elementor-widget-wrap elementor-element-populated\">\n\t\t\t\t\t\t<div class=\"elementor-element elementor-element-512ce9e elementor-widget elementor-widget-text-editor\" data-id=\"512ce9e\" data-element_type=\"widget\" data-widget_type=\"text-editor.default\">\n\t\t\t\t<div class=\"elementor-widget-container\">\n\t\t\t\t\t\t\t\t\t<p>Le groupe I Can op\u00e8re \u00e9galement dans les cours de leadership et de gestion. Nous offrons une vari\u00e9t\u00e9 de programmes sp\u00e9cialis\u00e9s pour am\u00e9liorer vos comp\u00e9tences et vos connaissances dans ces domaines essentiels. Si vous recherchez un d\u00e9veloppement professionnel de haut niveau et souhaitez exceller en tant que leader, notre s\u00e9lection de cours soigneusement con\u00e7ue est parfaite pour vous.<\/p>\n<p><b>Direction et gestion\u00a0:<\/b><\/p>\n<ul>\n<li>Leadership et management en pratique<\/li>\n<li>QHSE et s\u00e9curit\u00e9 des proc\u00e9d\u00e9s : S\u00e9minaire pour les dirigeants<\/li>\n<li>QHSE et s\u00e9curit\u00e9 des processus dans la pratique<\/li>\n<li>L&#039;importance de la standardisation<\/li>\n<li>Atelier de cartographie des processus<\/li>\n<li>Mise en place du Syst\u00e8me de Management Int\u00e9gr\u00e9 (ISO 9001, ISO 14001, ISS 45001, ISO 31000)<\/li>\n<li>Auditeur Interne du Syst\u00e8me de Management Int\u00e9gr\u00e9 (ISO 19011)<\/li>\n<li>Mise en \u0153uvre de la gestion du changement<\/li>\n<li>Structuration et mise en place du comit\u00e9 de crise<\/li>\n<\/ul>\n<p>Des indicateurs de performance:<\/p>\n<p><b>Outils de gestion:<\/b><\/p>\n<ul>\n<li>L&#039;analyse pr\u00e9liminaire des risques dans la pratique<\/li>\n<li>Comment d\u00e9ployer, surveiller et am\u00e9liorer\u00a0:\n<ul>\n<li>V\u00e9rification du cycle de motif (PCV)<\/li>\n<li>Inspections SGS<\/li>\n<li>Index des lois sur les assurances (IAS)<\/li>\n<li>Audit comportemental<\/li>\n<\/ul>\n<\/li>\n<\/ul>\n<p><b style=\"font-family: var( --e-global-typography-text-font-family ), Sans-serif; background-color: var(--nv-site-bg); font-size: var(--bodyfontsize); letter-spacing: var(--bodyletterspacing); text-transform: var(--bodytexttransform);\"><br><\/b><\/p><p><b style=\"font-family: var( --e-global-typography-text-font-family ), Sans-serif; background-color: var(--nv-site-bg); font-size: var(--bodyfontsize); letter-spacing: var(--bodyletterspacing); text-transform: var(--bodytexttransform);\">La gestion des contrats:<\/b><br><\/p>\n<ul>\n<li>Gestion et suivi des contrats<\/li>\n<li>N\u00e9gociation<\/li>\n<\/ul>\n<div><br><\/div>\n<p><b>Gestion de l&#039;entretien\u00a0:<\/b><\/p>\n<ul>\n<li>Planification et contr\u00f4le de la maintenance<\/li>\n<li>Planification et contr\u00f4le de la maintenance pour les superviseurs<\/li>\n<li>Planification et contr\u00f4le de la maintenance pour les gestionnaires et les ing\u00e9nieurs<\/li>\n<li>Gestion des actifs ISO 55001 pour les dirigeants et les ing\u00e9nieurs<\/li>\n<\/ul>\n<p><br><\/p>\n<p>Nos cours couvrent un large \u00e9ventail de sujets pertinents pour les leaders et les gestionnaires qui r\u00e9ussissent. Vous aurez l&#039;occasion de vous plonger dans des pratiques \u00e9prouv\u00e9es, des outils de gestion efficaces et des strat\u00e9gies de leadership percutantes. Peu importe o\u00f9 vous en \u00eates dans votre carri\u00e8re, nous avons des options pour r\u00e9pondre \u00e0 vos besoins sp\u00e9cifiques.<\/p>\n<p>Voulez-vous renforcer vos comp\u00e9tences en leadership et en gestion dans la pratique? Nos cours abordent des probl\u00e8mes du monde r\u00e9el, fournissant des informations pratiques et des conseils d&#039;experts. Vous apprendrez \u00e0 diriger des \u00e9quipes en toute confiance, \u00e0 prendre des d\u00e9cisions strat\u00e9giques, \u00e0 mettre en \u0153uvre des processus efficaces et \u00e0 obtenir des r\u00e9sultats exceptionnels.<\/p>\n<p>De plus, nous reconnaissons l&#039;importance de sujets tels que la qualit\u00e9, la sant\u00e9, la s\u00e9curit\u00e9 et l&#039;environnement (QHSE), la normalisation, la gestion du changement et bien plus encore. Nos cours couvrent ces domaines critiques afin que vous puissiez perfectionner votre expertise et vous pr\u00e9parer aux d\u00e9fis actuels et futurs.<\/p>\n<p>Notre \u00e9quipe d&#039;instructeurs hautement qualifi\u00e9s est compos\u00e9e de professionnels exp\u00e9riment\u00e9s passionn\u00e9s par le partage de leurs connaissances et l&#039;accompagnement de votre croissance professionnelle. Ils sont pr\u00eats \u00e0 vous aider \u00e0 acqu\u00e9rir les comp\u00e9tences dont vous avez besoin pour relever les d\u00e9fis du monde des affaires en constante \u00e9volution.<\/p>\n<p>Que vous soyez un leader en devenir, un gestionnaire chevronn\u00e9 ou un professionnel \u00e0 la recherche de connaissances \u00e0 jour, nos cours vous donneront le coup de pouce dont vous avez besoin pour faire avancer votre carri\u00e8re. Investissez en vous-m\u00eame et devenez un leader exceptionnellement efficace et un gestionnaire exceptionnel.<\/p>\t\t\t\t\t\t\t\t<\/div>\n\t\t\t\t<\/div>\n\t\t\t\t\t<\/div>\n\t\t<\/div>\n\t\t\t\t\t<\/div>\n\t\t<\/section>\n\t\t\t\t<section class=\"elementor-section elementor-top-section elementor-element elementor-element-efd7831 elementor-section-boxed elementor-section-height-default elementor-section-height-default\" data-id=\"efd7831\" data-element_type=\"section\">\n\t\t\t\t\t\t<div class=\"elementor-container elementor-column-gap-default\">\n\t\t\t\t\t<div class=\"elementor-column elementor-col-100 elementor-top-column elementor-element elementor-element-a65fdde\" data-id=\"a65fdde\" data-element_type=\"column\">\n\t\t\t<div class=\"elementor-widget-wrap elementor-element-populated\">\n\t\t\t\t\t\t<div class=\"elementor-element elementor-element-94b6bc5 elementor-widget elementor-widget-text-editor\" data-id=\"94b6bc5\" data-element_type=\"widget\" data-widget_type=\"text-editor.default\">\n\t\t\t\t<div class=\"elementor-widget-container\">\n\t\t\t\t\t\t\t\t\t<p>Pr\u00eat \u00e0 faire passer votre leadership et votre gestion \u00e0 un nouveau niveau\u00a0? Contactez-nous d\u00e8s maintenant pour planifier une rencontre et faire le premier pas vers votre succ\u00e8s! Nous sommes impatients de vous aider \u00e0 atteindre vos objectifs. Contactez-nous via notre site web ou via WhatsApp.<\/p>\t\t\t\t\t\t\t\t<\/div>\n\t\t\t\t<\/div>\n\t\t\t\t\t<\/div>\n\t\t<\/div>\n\t\t\t\t\t<\/div>\n\t\t<\/section>\n\t\t\t\t<section class=\"elementor-section elementor-top-section elementor-element elementor-element-26459d1 elementor-section-boxed elementor-section-height-default elementor-section-height-default\" data-id=\"26459d1\" data-element_type=\"section\">\n\t\t\t\t\t\t<div class=\"elementor-container elementor-column-gap-default\">\n\t\t\t\t\t<div class=\"elementor-column elementor-col-100 elementor-top-column elementor-element elementor-element-f245512\" data-id=\"f245512\" data-element_type=\"column\">\n\t\t\t<div class=\"elementor-widget-wrap elementor-element-populated\">\n\t\t\t\t\t\t<div class=\"elementor-element elementor-element-0b6d518 elementor-align-center elementor-widget elementor-widget-button\" data-id=\"0b6d518\" data-element_type=\"widget\" data-widget_type=\"button.default\">\n\t\t\t\t<div class=\"elementor-widget-container\">\n\t\t\t\t\t\t\t\t\t<div class=\"elementor-button-wrapper\">\n\t\t\t\t\t<a class=\"elementor-button elementor-button-link elementor-size-sm\" href=\"https:\/\/grupoican.com.br\/fr\/agendar-reuniao\/\">\n\t\t\t\t\t\t<span class=\"elementor-button-content-wrapper\">\n\t\t\t\t\t\t\t\t\t<span class=\"elementor-button-text\">Planifier une r\u00e9union en ligne<\/span>\n\t\t\t\t\t<\/span>\n\t\t\t\t\t<\/a>\n\t\t\t\t<\/div>\n\t\t\t\t\t\t\t\t<\/div>\n\t\t\t\t<\/div>\n\t\t\t\t\t<\/div>\n\t\t<\/div>\n\t\t\t\t\t<\/div>\n\t\t<\/section>\n\t\t\t\t<section class=\"elementor-section elementor-top-section elementor-element elementor-element-078d16a elementor-section-boxed elementor-section-height-default elementor-section-height-default\" data-id=\"078d16a\" data-element_type=\"section\">\n\t\t\t\t\t\t<div class=\"elementor-container elementor-column-gap-default\">\n\t\t\t\t\t<div class=\"elementor-column elementor-col-100 elementor-top-column elementor-element elementor-element-820627d\" data-id=\"820627d\" data-element_type=\"column\">\n\t\t\t<div class=\"elementor-widget-wrap elementor-element-populated\">\n\t\t\t\t\t\t<div class=\"elementor-element elementor-element-95cad80 elementor-widget elementor-widget-spacer\" data-id=\"95cad80\" data-element_type=\"widget\" data-widget_type=\"spacer.default\">\n\t\t\t\t<div class=\"elementor-widget-container\">\n\t\t\t\t\t\t\t<div class=\"elementor-spacer\">\n\t\t\t<div class=\"elementor-spacer-inner\"><\/div>\n\t\t<\/div>\n\t\t\t\t\t\t<\/div>\n\t\t\t\t<\/div>\n\t\t\t\t\t<\/div>\n\t\t<\/div>\n\t\t\t\t\t<\/div>\n\t\t<\/section>\n\t\t\t\t<\/div>","protected":false},"excerpt":{"rendered":"<p>Cursos O Grupo I Can tamb\u00e9m atua em&nbsp; Cursos de Lideran\u00e7a e Gest\u00e3o. Oferecemos uma variedade de programas especializados para aprimorar suas habilidades e conhecimentos nessas \u00e1reas essenciais. Se voc\u00ea est\u00e1 em busca de um desenvolvimento profissional de alto n\u00edvel e deseja se destacar como l\u00edder, nossa sele\u00e7\u00e3o cuidadosamente elaborada de cursos \u00e9 perfeita para&hellip;&nbsp;<a href=\"https:\/\/grupoican.com.br\/fr\/cursos\/\" rel=\"bookmark\">Read More &raquo;<span class=\"screen-reader-text\">Cours<\/span><\/a><\/p>","protected":false},"author":1,"featured_media":0,"parent":0,"menu_order":0,"comment_status":"closed","ping_status":"closed","template":"page-templates\/template-pagebuilder-full-width.php","meta":{"neve_meta_sidebar":"","neve_meta_container":"","neve_meta_enable_content_width":"","neve_meta_content_width":0,"neve_meta_title_alignment":"","neve_meta_author_avatar":"","neve_post_elements_order":"","neve_meta_disable_header":"","neve_meta_disable_footer":"","neve_meta_disable_title":"","neve_meta_reading_time":"","_joinchat":[],"footnotes":""},"class_list":["post-3051","page","type-page","status-publish","hentry"],"yoast_head":"<!-- This site is optimized with the Yoast SEO Premium plugin v22.5 (Yoast SEO v24.5) - https:\/\/yoast.com\/wordpress\/plugins\/seo\/ -->\n<title>Cursos - GrupoIcan<\/title>\n<meta name=\"robots\" content=\"index, follow, max-snippet:-1, max-image-preview:large, max-video-preview:-1\" \/>\n<link rel=\"canonical\" href=\"https:\/\/grupoican.com.br\/fr\/cursos\/\" \/>\n<meta property=\"og:locale\" content=\"fr_FR\" \/>\n<meta property=\"og:type\" content=\"article\" \/>\n<meta property=\"og:title\" content=\"Cursos\" \/>\n<meta property=\"og:description\" content=\"Cursos O Grupo I Can tamb\u00e9m atua em&nbsp; Cursos de Lideran\u00e7a e Gest\u00e3o. Oferecemos uma variedade de programas especializados para aprimorar suas habilidades e conhecimentos nessas \u00e1reas essenciais. Se voc\u00ea est\u00e1 em busca de um desenvolvimento profissional de alto n\u00edvel e deseja se destacar como l\u00edder, nossa sele\u00e7\u00e3o cuidadosamente elaborada de cursos \u00e9 perfeita para&hellip;&nbsp;Read More &raquo;Cursos\" \/>\n<meta property=\"og:url\" content=\"https:\/\/grupoican.com.br\/fr\/cursos\/\" \/>\n<meta property=\"og:site_name\" content=\"GrupoIcan\" \/>\n<meta property=\"article:modified_time\" content=\"2023-05-25T03:40:24+00:00\" \/>\n<meta name=\"twitter:card\" content=\"summary_large_image\" \/>\n<meta name=\"twitter:label1\" content=\"Dur\u00e9e de lecture estim\u00e9e\" \/>\n\t<meta name=\"twitter:data1\" content=\"3 minutes\" \/>\n<script type=\"application\/ld+json\" class=\"yoast-schema-graph\">{\"@context\":\"https:\/\/schema.org\",\"@graph\":[{\"@type\":\"WebPage\",\"@id\":\"https:\/\/grupoican.com.br\/cursos\/\",\"url\":\"https:\/\/grupoican.com.br\/cursos\/\",\"name\":\"Cursos - GrupoIcan\",\"isPartOf\":{\"@id\":\"https:\/\/grupoican.com.br\/#website\"},\"datePublished\":\"2023-05-25T03:19:43+00:00\",\"dateModified\":\"2023-05-25T03:40:24+00:00\",\"breadcrumb\":{\"@id\":\"https:\/\/grupoican.com.br\/cursos\/#breadcrumb\"},\"inLanguage\":\"fr-FR\",\"potentialAction\":[{\"@type\":\"ReadAction\",\"target\":[\"https:\/\/grupoican.com.br\/cursos\/\"]}]},{\"@type\":\"BreadcrumbList\",\"@id\":\"https:\/\/grupoican.com.br\/cursos\/#breadcrumb\",\"itemListElement\":[{\"@type\":\"ListItem\",\"position\":1,\"name\":\"In\u00edcio\",\"item\":\"https:\/\/grupoican.com.br\/\"},{\"@type\":\"ListItem\",\"position\":2,\"name\":\"Cursos\"}]},{\"@type\":\"WebSite\",\"@id\":\"https:\/\/grupoican.com.br\/#website\",\"url\":\"https:\/\/grupoican.com.br\/\",\"name\":\"GrupoIcan\",\"description\":\"Consultoria especializada em gest\u00e3o empresarial e \u00e1rea de petr\u00f3leo e g\u00e1s.\",\"publisher\":{\"@id\":\"https:\/\/grupoican.com.br\/#organization\"},\"potentialAction\":[{\"@type\":\"SearchAction\",\"target\":{\"@type\":\"EntryPoint\",\"urlTemplate\":\"https:\/\/grupoican.com.br\/?s={search_term_string}\"},\"query-input\":{\"@type\":\"PropertyValueSpecification\",\"valueRequired\":true,\"valueName\":\"search_term_string\"}}],\"inLanguage\":\"fr-FR\"},{\"@type\":\"Organization\",\"@id\":\"https:\/\/grupoican.com.br\/#organization\",\"name\":\"GrupoIcan\",\"url\":\"https:\/\/grupoican.com.br\/\",\"logo\":{\"@type\":\"ImageObject\",\"inLanguage\":\"fr-FR\",\"@id\":\"https:\/\/grupoican.com.br\/#\/schema\/logo\/image\/\",\"url\":\"https:\/\/grupoican.com.br\/wp-content\/uploads\/2021\/09\/logo-icanbe.png\",\"contentUrl\":\"https:\/\/grupoican.com.br\/wp-content\/uploads\/2021\/09\/logo-icanbe.png\",\"width\":1855,\"height\":1573,\"caption\":\"GrupoIcan\"},\"image\":{\"@id\":\"https:\/\/grupoican.com.br\/#\/schema\/logo\/image\/\"}}]}<\/script>\n<!-- \/ Yoast SEO Premium plugin. -->","yoast_head_json":{"title":"Cursos - GrupoIcan","robots":{"index":"index","follow":"follow","max-snippet":"max-snippet:-1","max-image-preview":"max-image-preview:large","max-video-preview":"max-video-preview:-1"},"canonical":"https:\/\/grupoican.com.br\/fr\/cursos\/","og_locale":"fr_FR","og_type":"article","og_title":"Cursos","og_description":"Cursos O Grupo I Can tamb\u00e9m atua em&nbsp; Cursos de Lideran\u00e7a e Gest\u00e3o. Oferecemos uma variedade de programas especializados para aprimorar suas habilidades e conhecimentos nessas \u00e1reas essenciais. Se voc\u00ea est\u00e1 em busca de um desenvolvimento profissional de alto n\u00edvel e deseja se destacar como l\u00edder, nossa sele\u00e7\u00e3o cuidadosamente elaborada de cursos \u00e9 perfeita para&hellip;&nbsp;Read More &raquo;Cursos","og_url":"https:\/\/grupoican.com.br\/fr\/cursos\/","og_site_name":"GrupoIcan","article_modified_time":"2023-05-25T03:40:24+00:00","twitter_card":"summary_large_image","twitter_misc":{"Dur\u00e9e de lecture estim\u00e9e":"3 minutes"},"schema":{"@context":"https:\/\/schema.org","@graph":[{"@type":"WebPage","@id":"https:\/\/grupoican.com.br\/cursos\/","url":"https:\/\/grupoican.com.br\/cursos\/","name":"Cursos - GrupoIcan","isPartOf":{"@id":"https:\/\/grupoican.com.br\/#website"},"datePublished":"2023-05-25T03:19:43+00:00","dateModified":"2023-05-25T03:40:24+00:00","breadcrumb":{"@id":"https:\/\/grupoican.com.br\/cursos\/#breadcrumb"},"inLanguage":"fr-FR","potentialAction":[{"@type":"ReadAction","target":["https:\/\/grupoican.com.br\/cursos\/"]}]},{"@type":"BreadcrumbList","@id":"https:\/\/grupoican.com.br\/cursos\/#breadcrumb","itemListElement":[{"@type":"ListItem","position":1,"name":"In\u00edcio","item":"https:\/\/grupoican.com.br\/"},{"@type":"ListItem","position":2,"name":"Cursos"}]},{"@type":"WebSite","@id":"https:\/\/grupoican.com.br\/#website","url":"https:\/\/grupoican.com.br\/","name":"GrupoIcan","description":"Consultoria especializada em gest\u00e3o empresarial e \u00e1rea de petr\u00f3leo e g\u00e1s.","publisher":{"@id":"https:\/\/grupoican.com.br\/#organization"},"potentialAction":[{"@type":"SearchAction","target":{"@type":"EntryPoint","urlTemplate":"https:\/\/grupoican.com.br\/?s={search_term_string}"},"query-input":{"@type":"PropertyValueSpecification","valueRequired":true,"valueName":"search_term_string"}}],"inLanguage":"fr-FR"},{"@type":"Organization","@id":"https:\/\/grupoican.com.br\/#organization","name":"GrupoIcan","url":"https:\/\/grupoican.com.br\/","logo":{"@type":"ImageObject","inLanguage":"fr-FR","@id":"https:\/\/grupoican.com.br\/#\/schema\/logo\/image\/","url":"https:\/\/grupoican.com.br\/wp-content\/uploads\/2021\/09\/logo-icanbe.png","contentUrl":"https:\/\/grupoican.com.br\/wp-content\/uploads\/2021\/09\/logo-icanbe.png","width":1855,"height":1573,"caption":"GrupoIcan"},"image":{"@id":"https:\/\/grupoican.com.br\/#\/schema\/logo\/image\/"}}]}},"amp_enabled":true,"_links":{"self":[{"href":"https:\/\/grupoican.com.br\/fr\/wp-json\/wp\/v2\/pages\/3051","targetHints":{"allow":["GET"]}}],"collection":[{"href":"https:\/\/grupoican.com.br\/fr\/wp-json\/wp\/v2\/pages"}],"about":[{"href":"https:\/\/grupoican.com.br\/fr\/wp-json\/wp\/v2\/types\/page"}],"author":[{"embeddable":true,"href":"https:\/\/grupoican.com.br\/fr\/wp-json\/wp\/v2\/users\/1"}],"replies":[{"embeddable":true,"href":"https:\/\/grupoican.com.br\/fr\/wp-json\/wp\/v2\/comments?post=3051"}],"version-history":[{"count":19,"href":"https:\/\/grupoican.com.br\/fr\/wp-json\/wp\/v2\/pages\/3051\/revisions"}],"predecessor-version":[{"id":3072,"href":"https:\/\/grupoican.com.br\/fr\/wp-json\/wp\/v2\/pages\/3051\/revisions\/3072"}],"wp:attachment":[{"href":"https:\/\/grupoican.com.br\/fr\/wp-json\/wp\/v2\/media?parent=3051"}],"curies":[{"name":"wp","href":"https:\/\/api.w.org\/{rel}","templated":true}]}}